{"id":1751,"date":"2025-04-03T13:54:30","date_gmt":"2025-04-03T05:54:30","guid":{"rendered":"https:\/\/www.cosmepak.com\/?post_type=product&#038;p=1751"},"modified":"2026-01-04T13:06:21","modified_gmt":"2026-01-04T05:06:21","slug":"chai-thuy-tinh-hinh-vuong-80ml-cho-bao-bi-my-pham-jaunce","status":"publish","type":"product","link":"https:\/\/www.cosmepak.com\/vi\/product\/80ml-square-shape-glass-bottle-for-cosmetic-packaging-jaunce\/","title":{"rendered":"Chai th\u1ee7y tinh h\u00ecnh vu\u00f4ng 80ml cho bao b\u00ec m\u1ef9 ph\u1ea9m \/ Jaunce"},"content":{"rendered":"<table style=\"border-collapse: collapse; width: 100%; height: 192px;\">\n<tbody>\n<tr style=\"height: 24px;\">\n<td style=\"width: 40.6929%; height: 192px;\" rowspan=\"8\"><img fetchpriority=\"high\" decoding=\"async\" class=\"alignnone size-full wp-image-3866\" src=\"https:\/\/www.cosmepak.com\/wp-content\/uploads\/2025\/04\/4-12.jpg\" alt=\"\" width=\"1000\" height=\"1000\" srcset=\"https:\/\/www.cosmepak.com\/wp-content\/uploads\/2025\/04\/4-12.jpg 1000w, https:\/\/www.cosmepak.com\/wp-content\/uploads\/2025\/04\/4-12-300x300.jpg 300w, https:\/\/www.cosmepak.com\/wp-content\/uploads\/2025\/04\/4-12-150x150.jpg 150w, https:\/\/www.cosmepak.com\/wp-content\/uploads\/2025\/04\/4-12-768x768.jpg 768w, https:\/\/www.cosmepak.com\/wp-content\/uploads\/2025\/04\/4-12-12x12.jpg 12w, https:\/\/www.cosmepak.com\/wp-content\/uploads\/2025\/04\/4-12-600x600.jpg 600w, https:\/\/www.cosmepak.com\/wp-content\/uploads\/2025\/04\/4-12-100x100.jpg 100w\" sizes=\"(max-width: 1000px) 100vw, 1000px\" \/><\/td>\n<td style=\"width: 23.5109%; height: 24px; text-align: center;\">Th\u01b0\u01a1ng hi\u1ec7u<\/td>\n<td style=\"width: 35.7961%; height: 24px; text-align: center;\">\u00a0Jaunce<\/td>\n<\/tr>\n<tr style=\"height: 24px;\">\n<td style=\"width: 23.5109%; height: 24px; text-align: center;\">Dung t\u00edch<\/td>\n<td style=\"width: 35.7961%; height: 24px; text-align: center;\">15ml \/ 30ml \/ 80ml \/ 100ml \/ 30g \/ 50g<\/td>\n<\/tr>\n<tr style=\"height: 24px;\">\n<td style=\"width: 23.5109%; height: 24px; text-align: center;\">H\u00ecnh d\u1ea1ng<\/td>\n<td style=\"width: 35.7961%; height: 24px; text-align: center;\">Qu\u1ea3ng tr\u01b0\u1eddng<\/td>\n<\/tr>\n<tr style=\"height: 24px;\">\n<td style=\"width: 23.5109%; height: 24px; text-align: center;\">V\u1eadt li\u1ec7u<\/td>\n<td style=\"width: 35.7961%; height: 24px; text-align: center;\">Th\u1ee7y tinh<\/td>\n<\/tr>\n<tr style=\"height: 24px;\">\n<td style=\"width: 23.5109%; height: 24px; text-align: center;\">Ng\u01b0\u1eddi m\u1eabu<\/td>\n<td style=\"width: 35.7961%; height: 24px; text-align: center;\">JH-AM80<\/td>\n<\/tr>\n<tr style=\"height: 24px;\">\n<td style=\"width: 23.5109%; height: 24px; text-align: center;\">S\u1ea3n ph\u1ea9m OEM \/ ODM<\/td>\n<td style=\"width: 35.7961%; height: 24px; text-align: center;\">Ch\u1ea5p nh\u1eadn<\/td>\n<\/tr>\n<tr style=\"height: 24px;\">\n<td style=\"width: 23.5109%; height: 24px; text-align: center;\">M\u00e0u s\u1eafc<\/td>\n<td style=\"width: 35.7961%; height: 24px; text-align: center;\">Matt Black, Matt White, b\u1ea5t k\u1ef3 m\u00e0u parton n\u00e0o t\u00f9y ch\u1ec9nh<\/td>\n<\/tr>\n<tr style=\"height: 24px;\">\n<td style=\"width: 23.5109%; height: 24px; text-align: center;\">MOQ<\/td>\n<td style=\"width: 35.7961%; height: 24px; text-align: center;\">3000pcs;<\/td>\n<\/tr>\n<\/tbody>\n<\/table>\n<table style=\"border-collapse: collapse; width: 100%; height: 192px;\">\n<tbody>\n<tr style=\"height: 24px;\">\n<td style=\"width: 12.7434%; text-align: center; height: 24px;\"><strong>M\u1ee5c<\/strong><\/td>\n<td style=\"width: 12.5142%; text-align: center; height: 24px;\"><strong>T\u1ed5ng chi\u1ec1u cao<\/strong><\/td>\n<td style=\"width: 12.5002%; text-align: center; height: 24px;\"><strong>\u0110\u01b0\u1eddng k\u00ednh d\u01b0\u1edbi c\u00f9ng<\/strong><\/td>\n<td style=\"width: 13.4092%; text-align: center; height: 24px;\"><strong>Chi\u1ec1u d\u00e0i c\u00f3 th\u1ec3 in<\/strong><\/td>\n<td style=\"width: 13.1192%; text-align: center; height: 24px;\"><strong>Chi\u1ec1u cao c\u00f3 th\u1ec3 in<\/strong><\/td>\n<td style=\"width: 10.7138%; text-align: center; height: 24px;\"><strong>C\u00e2n n\u1eb7ng<\/strong><\/td>\n<\/tr>\n<tr style=\"height: 24px;\">\n<td style=\"width: 12.7434%; text-align: center; height: 24px;\">15ml<\/td>\n<td style=\"width: 12.5142%; text-align: center; height: 24px;\">91.5mm<\/td>\n<td style=\"width: 12.5002%; text-align: center; height: 24px;\">30.5mm<\/td>\n<td style=\"width: 13.4092%; text-align: center; height: 24px;\">26mm<\/td>\n<td style=\"width: 13.1192%; text-align: center; height: 24px;\">22mm<\/td>\n<td style=\"width: 10.7138%; text-align: center; height: 24px;\">72.8g<\/td>\n<\/tr>\n<tr style=\"height: 24px;\">\n<td style=\"width: 12.7434%; text-align: center; height: 24px;\">30ml<\/td>\n<td style=\"width: 12.5142%; text-align: center; height: 24px;\">120mm<\/td>\n<td style=\"width: 12.5002%; text-align: center; height: 24px;\">30.5mm<\/td>\n<td style=\"width: 13.4092%; text-align: center; height: 24px;\">26mm<\/td>\n<td style=\"width: 13.1192%; text-align: center; height: 24px;\">46mm<\/td>\n<td style=\"width: 10.7138%; text-align: center; height: 24px;\">98.1g<\/td>\n<\/tr>\n<tr style=\"height: 24px;\">\n<td style=\"width: 12.7434%; text-align: center; height: 24px;\">80ml<\/td>\n<td style=\"width: 12.5142%; text-align: center; height: 24px;\">160mm<\/td>\n<td style=\"width: 12.5002%; text-align: center; height: 24px;\">38mm<\/td>\n<td style=\"width: 13.4092%; text-align: center; height: 24px;\">34mm<\/td>\n<td style=\"width: 13.1192%; text-align: center; height: 24px;\">85mm<\/td>\n<td style=\"width: 10.7138%; text-align: center; height: 24px;\">198g<\/td>\n<\/tr>\n<tr style=\"height: 24px;\">\n<td style=\"width: 12.7434%; text-align: center; height: 24px;\">100ml<\/td>\n<td style=\"width: 12.5142%; text-align: center; height: 24px;\">178.5mm<\/td>\n<td style=\"width: 12.5002%; text-align: center; height: 24px;\">38mm<\/td>\n<td style=\"width: 13.4092%; text-align: center; height: 24px;\">34mm<\/td>\n<td style=\"width: 13.1192%; text-align: center; height: 24px;\">105mm<\/td>\n<td style=\"width: 10.7138%; text-align: center; height: 24px;\">210.5g<\/td>\n<\/tr>\n<tr style=\"height: 24px;\">\n<td style=\"width: 12.7434%; text-align: center; height: 24px;\"><strong>M\u1ee5c<\/strong><\/td>\n<td style=\"width: 12.5142%; text-align: center; height: 24px;\"><strong>T\u1ed5ng chi\u1ec1u cao<\/strong><\/td>\n<td style=\"width: 12.5002%; text-align: center; height: 24px;\"><strong>\u0110\u01b0\u1eddng k\u00ednh d\u01b0\u1edbi c\u00f9ng<\/strong><\/td>\n<td style=\"width: 13.4092%; text-align: center; height: 24px;\"><strong>Chi\u1ec1u d\u00e0i c\u00f3 th\u1ec3 in<\/strong><\/td>\n<td style=\"width: 13.1192%; text-align: center; height: 24px;\"><strong>Chi\u1ec1u cao c\u00f3 th\u1ec3 in<\/strong><\/td>\n<td style=\"width: 10.7138%; text-align: center; height: 24px;\"><strong>C\u00e2n n\u1eb7ng<\/strong><\/td>\n<\/tr>\n<tr style=\"height: 24px;\">\n<td style=\"width: 12.7434%; text-align: center; height: 24px;\">30g<\/td>\n<td style=\"width: 12.5142%; text-align: center; height: 24px;\">54mm<\/td>\n<td style=\"width: 12.5002%; text-align: center; height: 24px;\">71.5mm<\/td>\n<td style=\"width: 13.4092%; text-align: center; height: 24px;\">65mm<\/td>\n<td style=\"width: 13.1192%; text-align: center; height: 24px;\">24mm<\/td>\n<td style=\"width: 10.7138%; text-align: center; height: 24px;\">261.6g<\/td>\n<\/tr>\n<tr style=\"height: 24px;\">\n<td style=\"width: 12.7434%; text-align: center; height: 24px;\">50g<\/td>\n<td style=\"width: 12.5142%; text-align: center; height: 24px;\">54mm<\/td>\n<td style=\"width: 12.5002%; text-align: center; height: 24px;\">71.5mm<\/td>\n<td style=\"width: 13.4092%; text-align: center; height: 24px;\">65mm<\/td>\n<td style=\"width: 13.1192%; text-align: center; height: 24px;\">24mm<\/td>\n<td style=\"width: 10.7138%; text-align: center; height: 24px;\">262.1g<\/td>\n<\/tr>\n<\/tbody>\n<\/table>\n<p class=\"ai-center-markdown-p\" data-spm-anchor-id=\"a2747.product_manager.0.i34.b13471d25n1Drz\">B\u1ed9 chai d\u01b0\u1edbi vu\u00f4ng n\u00e0y r\u1ea5t \u0111\u01b0\u1ee3c \u01b0a th\u00edch v\u00ec k\u1ef9 thu\u1eadt th\u1ee7 c\u00f4ng cao c\u1ea5p v\u00e0 c\u00e1c t\u00f9y ch\u1ecdn ph\u1ee5 ki\u1ec7n \u0111a d\u1ea1ng. D\u01b0\u1edbi \u0111\u00e2y l\u00e0 m\u1ed9t gi\u1edbi thi\u1ec7u chi ti\u1ebft v\u1ec1 b\u1ed9 n\u00e0y:<\/p>\n<p class=\"ai-center-markdown-p\">Chai \u0111\u01b0\u1ee3c l\u00e0m b\u1eb1ng tay ngh\u1ec1 \u0111\u00f3ng b\u0103ng, cung c\u1ea5p m\u1ed9t k\u1ebft c\u1ea5u cao c\u1ea5p v\u00e0 c\u1ea3m \u1ee9ng m\u01b0\u1ee3t m\u00e0. n\u00f3 c\u00f3 c\u00f4ng su\u1ea5t 15ml \/ 30ml \/ 80ml v\u00e0 100ml cho chai b\u01a1m v\u00e0 30g \/ 50g cho l\u1ecd kem. N\u00f3 c\u00f3 hai t\u00f9y ch\u1ecdn ph\u1ee5 ki\u1ec7n m\u00e0u tr\u1eafng v\u00e0 \u0111en \u0111\u1ec3 b\u1ea1n ch\u1ecdn.<\/p>\n<p class=\"ai-center-markdown-p\">Chai th\u1ee7y tinh v\u00e0 l\u1ecd l\u00e0 th\u00e2n thi\u1ec7n v\u1edbi m\u00f4i tr\u01b0\u1eddng v\u00e0 c\u00f3 th\u1ec3 t\u00e1i ch\u1ebf, ph\u00f9 h\u1ee3p v\u1edbi c\u00e1c nguy\u00ean t\u1eafc xanh. C\u1ed5 v\u00edt \u0111\u01b0\u1ee3c thi\u1ebft k\u1ebf \u0111\u1ec3 d\u1ec5 d\u00e0ng \u0111i\u1ec1n v\u00e0 ni\u00eam phong m\u1ea1nh m\u1ebd, ng\u0103n ch\u1eb7n r\u00f2 r\u1ec9 hi\u1ec7u qu\u1ea3. Ph\u1ea7n d\u01b0\u1edbi \u0111\u01b0\u1ee3c l\u00e0m d\u00e0y v\u00e0 t\u0103ng c\u01b0\u1eddng \u0111\u1ec3 t\u0103ng c\u01b0\u1eddng kh\u1ea3 n\u0103ng ch\u1ed1ng r\u01a1i v\u00e0 ng\u0103n ch\u1eb7n v\u1ee1.<\/p>\n<p>K\u1ebft c\u1ea5u m\u1edd im l\u1eb7ng, b\u1ec1 m\u1eb7t chai kh\u00f4ng d\u1ec5 \u0111\u1ec3 l\u1ea1i d\u1ea5u v\u00e2n tay. M\u00e0u s\u1eafc trong su\u1ed1t cho ph\u00e9p b\u1ea1n nh\u00ecn r\u00f5 c\u00e1c th\u00e0nh ph\u1ea7n v\u00e0 c\u00f4ng su\u1ea5t c\u00f2n l\u1ea1i sau khi s\u1eed d\u1ee5ng. L\u1ecd kem vu\u00f4ng v\u1edbi m\u1ed9t ch\u1ee9a b\u00ean trong m\u00e0u s\u1eafc ph\u00f9 h\u1ee3p tr\u00ean n\u1eafp, m\u00e0u s\u1eafc l\u00e0 \u0111\u1ed3ng nh\u1ea5t, \u0111\u01a1n gi\u1ea3n nh\u01b0ng thanh l\u1ecbch. B\u1ed9 k\u00e9o tay c\u00f3 th\u1ec3 b\u1ea3o v\u1ec7 v\u1eadt li\u1ec7u t\u1ed1t h\u01a1n.<\/p>\n<p class=\"ai-center-markdown-p\" data-spm-anchor-id=\"a2747.product_manager.0.i32.b13471d25n1Drz\">B\u1ed9 chai d\u01b0\u1edbi vu\u00f4ng n\u00e0y kh\u00f4ng ch\u1ec9 tinh t\u1ebf v\u00e0 \u0111\u1eb9p v\u1ec1 ngo\u1ea1i h\u00ecnh m\u00e0 c\u00f2n xu\u1ea5t s\u1eafc v\u1ec1 t\u00ednh th\u1ef1c t\u1ebf v\u00e0 b\u1ec1n v\u1eefng m\u00f4i tr\u01b0\u1eddng, l\u00e0m cho n\u00f3 tr\u1edf th\u00e0nh m\u1ed9t l\u1ef1a ch\u1ecdn l\u00fd t\u01b0\u1edfng cho bao b\u00ec ch\u0103m s\u00f3c da.<\/p>\n<table style=\"border-collapse: collapse; width: 100%;\">\n<tbody>\n<tr>\n<td style=\"width: 33.3333%;\"><img decoding=\"async\" class=\"alignnone size-full wp-image-3867\" src=\"https:\/\/www.cosmepak.com\/wp-content\/uploads\/2025\/04\/12-1.jpg\" alt=\"\" width=\"1000\" height=\"1000\" srcset=\"https:\/\/www.cosmepak.com\/wp-content\/uploads\/2025\/04\/12-1.jpg 1000w, https:\/\/www.cosmepak.com\/wp-content\/uploads\/2025\/04\/12-1-300x300.jpg 300w, https:\/\/www.cosmepak.com\/wp-content\/uploads\/2025\/04\/12-1-150x150.jpg 150w, https:\/\/www.cosmepak.com\/wp-content\/uploads\/2025\/04\/12-1-768x768.jpg 768w, https:\/\/www.cosmepak.com\/wp-content\/uploads\/2025\/04\/12-1-12x12.jpg 12w, https:\/\/www.cosmepak.com\/wp-content\/uploads\/2025\/04\/12-1-600x600.jpg 600w, https:\/\/www.cosmepak.com\/wp-content\/uploads\/2025\/04\/12-1-100x100.jpg 100w\" sizes=\"(max-width: 1000px) 100vw, 1000px\" \/><\/td>\n<td style=\"width: 33.3333%;\"><img decoding=\"async\" class=\"alignnone size-full wp-image-3868\" src=\"https:\/\/www.cosmepak.com\/wp-content\/uploads\/2025\/04\/7-6.jpg\" alt=\"\" width=\"1000\" height=\"1000\" srcset=\"https:\/\/www.cosmepak.com\/wp-content\/uploads\/2025\/04\/7-6.jpg 1000w, https:\/\/www.cosmepak.com\/wp-content\/uploads\/2025\/04\/7-6-300x300.jpg 300w, https:\/\/www.cosmepak.com\/wp-content\/uploads\/2025\/04\/7-6-150x150.jpg 150w, https:\/\/www.cosmepak.com\/wp-content\/uploads\/2025\/04\/7-6-768x768.jpg 768w, https:\/\/www.cosmepak.com\/wp-content\/uploads\/2025\/04\/7-6-12x12.jpg 12w, https:\/\/www.cosmepak.com\/wp-content\/uploads\/2025\/04\/7-6-600x600.jpg 600w, https:\/\/www.cosmepak.com\/wp-content\/uploads\/2025\/04\/7-6-100x100.jpg 100w\" sizes=\"(max-width: 1000px) 100vw, 1000px\" \/><\/td>\n<td style=\"width: 33.3333%;\"><img loading=\"lazy\" decoding=\"async\" class=\"alignnone size-full wp-image-3869\" src=\"https:\/\/www.cosmepak.com\/wp-content\/uploads\/2025\/04\/10-5.jpg\" alt=\"\" width=\"1000\" height=\"1000\" srcset=\"https:\/\/www.cosmepak.com\/wp-content\/uploads\/2025\/04\/10-5.jpg 1000w, https:\/\/www.cosmepak.com\/wp-content\/uploads\/2025\/04\/10-5-300x300.jpg 300w, https:\/\/www.cosmepak.com\/wp-content\/uploads\/2025\/04\/10-5-150x150.jpg 150w, https:\/\/www.cosmepak.com\/wp-content\/uploads\/2025\/04\/10-5-768x768.jpg 768w, https:\/\/www.cosmepak.com\/wp-content\/uploads\/2025\/04\/10-5-12x12.jpg 12w, https:\/\/www.cosmepak.com\/wp-content\/uploads\/2025\/04\/10-5-600x600.jpg 600w, https:\/\/www.cosmepak.com\/wp-content\/uploads\/2025\/04\/10-5-100x100.jpg 100w\" sizes=\"(max-width: 1000px) 100vw, 1000px\" \/><\/td>\n<\/tr>\n<\/tbody>\n<\/table>\n<table style=\"border-collapse: collapse; width: 100%;\">\n<tbody>\n<tr>\n<td style=\"width: 33.3333%;\"><img loading=\"lazy\" decoding=\"async\" class=\"alignnone size-full wp-image-3870\" src=\"https:\/\/www.cosmepak.com\/wp-content\/uploads\/2025\/04\/8-6.jpg\" alt=\"\" width=\"1000\" height=\"1000\" srcset=\"https:\/\/www.cosmepak.com\/wp-content\/uploads\/2025\/04\/8-6.jpg 1000w, https:\/\/www.cosmepak.com\/wp-content\/uploads\/2025\/04\/8-6-300x300.jpg 300w, https:\/\/www.cosmepak.com\/wp-content\/uploads\/2025\/04\/8-6-150x150.jpg 150w, https:\/\/www.cosmepak.com\/wp-content\/uploads\/2025\/04\/8-6-768x768.jpg 768w, https:\/\/www.cosmepak.com\/wp-content\/uploads\/2025\/04\/8-6-12x12.jpg 12w, https:\/\/www.cosmepak.com\/wp-content\/uploads\/2025\/04\/8-6-600x600.jpg 600w, https:\/\/www.cosmepak.com\/wp-content\/uploads\/2025\/04\/8-6-100x100.jpg 100w\" sizes=\"(max-width: 1000px) 100vw, 1000px\" \/><\/td>\n<td style=\"width: 33.3333%;\"><img loading=\"lazy\" decoding=\"async\" class=\"alignnone size-full wp-image-3871\" src=\"https:\/\/www.cosmepak.com\/wp-content\/uploads\/2025\/04\/1-17.jpg\" alt=\"\" width=\"1000\" height=\"1000\" srcset=\"https:\/\/www.cosmepak.com\/wp-content\/uploads\/2025\/04\/1-17.jpg 1000w, https:\/\/www.cosmepak.com\/wp-content\/uploads\/2025\/04\/1-17-300x300.jpg 300w, https:\/\/www.cosmepak.com\/wp-content\/uploads\/2025\/04\/1-17-150x150.jpg 150w, https:\/\/www.cosmepak.com\/wp-content\/uploads\/2025\/04\/1-17-768x768.jpg 768w, https:\/\/www.cosmepak.com\/wp-content\/uploads\/2025\/04\/1-17-12x12.jpg 12w, https:\/\/www.cosmepak.com\/wp-content\/uploads\/2025\/04\/1-17-600x600.jpg 600w, https:\/\/www.cosmepak.com\/wp-content\/uploads\/2025\/04\/1-17-100x100.jpg 100w\" sizes=\"(max-width: 1000px) 100vw, 1000px\" \/><\/td>\n<td style=\"width: 33.3333%;\"><img loading=\"lazy\" decoding=\"async\" class=\"alignnone size-full wp-image-3872\" src=\"https:\/\/www.cosmepak.com\/wp-content\/uploads\/2025\/04\/9-5.jpg\" alt=\"\" width=\"1000\" height=\"1000\" srcset=\"https:\/\/www.cosmepak.com\/wp-content\/uploads\/2025\/04\/9-5.jpg 1000w, https:\/\/www.cosmepak.com\/wp-content\/uploads\/2025\/04\/9-5-300x300.jpg 300w, https:\/\/www.cosmepak.com\/wp-content\/uploads\/2025\/04\/9-5-150x150.jpg 150w, https:\/\/www.cosmepak.com\/wp-content\/uploads\/2025\/04\/9-5-768x768.jpg 768w, https:\/\/www.cosmepak.com\/wp-content\/uploads\/2025\/04\/9-5-12x12.jpg 12w, https:\/\/www.cosmepak.com\/wp-content\/uploads\/2025\/04\/9-5-600x600.jpg 600w, https:\/\/www.cosmepak.com\/wp-content\/uploads\/2025\/04\/9-5-100x100.jpg 100w\" sizes=\"(max-width: 1000px) 100vw, 1000px\" \/><\/td>\n<\/tr>\n<\/tbody>\n<\/table>\n<p>&nbsp;<\/p>\n<p>&nbsp;<\/p>\n<p class=\"ai-center-markdown-p\">","protected":false},"excerpt":{"rendered":"<p>V\u1eadt li\u1ec7u: th\u1ee7y tinh<\/p>\n<p>C\u00f4ng su\u1ea5t: 80ml<\/p>\n<p>M\u00e0u s\u1eafc: Ch\u1ea5p nh\u1eadn t\u00f9y ch\u1ec9nh (b\u1ea5t k\u1ef3 m\u00e0u pantone n\u00e0o c\u00f3 s\u1eb5n)<\/p>\n<p>Ho\u00e0n thi\u1ec7n b\u1ec1 m\u1eb7t: in m\u00e0n h\u00ecnh, d\u1eadp n\u00f3ng, gradient phun, k\u1ebft th\u00fac m\u1edd, v.v.<\/p>\n<p>MOQ: 3000pcs<\/p>\n<p>M\u1eabu: c\u00f3 s\u1eb5n m\u1eabu mi\u1ec5n ph\u00ed<\/p>\n<p>&nbsp;<\/p>\n<p>&nbsp;<\/p>","protected":false},"featured_media":1753,"comment_status":"closed","ping_status":"closed","template":"","meta":{"_acf_changed":false},"product_brand":[],"product_cat":[19,46],"product_tag":[61],"class_list":{"0":"post-1751","1":"product","2":"type-product","3":"status-publish","4":"has-post-thumbnail","6":"product_cat-skincare-glass-bottle","7":"product_cat-skincare-product-set-package","8":"product_tag-skincare-product-set","10":"first","11":"outofstock","12":"shipping-taxable","13":"product-type-simple"},"acf":[],"_links":{"self":[{"href":"https:\/\/www.cosmepak.com\/vi\/wp-json\/wp\/v2\/product\/1751","targetHints":{"allow":["GET"]}}],"collection":[{"href":"https:\/\/www.cosmepak.com\/vi\/wp-json\/wp\/v2\/product"}],"about":[{"href":"https:\/\/www.cosmepak.com\/vi\/wp-json\/wp\/v2\/types\/product"}],"replies":[{"embeddable":true,"href":"https:\/\/www.cosmepak.com\/vi\/wp-json\/wp\/v2\/comments?post=1751"}],"wp:featuredmedia":[{"embeddable":true,"href":"https:\/\/www.cosmepak.com\/vi\/wp-json\/wp\/v2\/media\/1753"}],"wp:attachment":[{"href":"https:\/\/www.cosmepak.com\/vi\/wp-json\/wp\/v2\/media?parent=1751"}],"wp:term":[{"taxonomy":"product_brand","embeddable":true,"href":"https:\/\/www.cosmepak.com\/vi\/wp-json\/wp\/v2\/product_brand?post=1751"},{"taxonomy":"product_cat","embeddable":true,"href":"https:\/\/www.cosmepak.com\/vi\/wp-json\/wp\/v2\/product_cat?post=1751"},{"taxonomy":"product_tag","embeddable":true,"href":"https:\/\/www.cosmepak.com\/vi\/wp-json\/wp\/v2\/product_tag?post=1751"}],"curies":[{"name":"WP","href":"https:\/\/api.w.org\/{rel}","templated":true}]}}