{"id":1810,"date":"2025-04-11T08:51:09","date_gmt":"2025-04-11T00:51:09","guid":{"rendered":"https:\/\/www.cosmepak.com\/?post_type=product&#038;p=1810"},"modified":"2025-12-30T16:36:17","modified_gmt":"2025-12-30T08:36:17","slug":"cham-soc-da-thiet-lap-chai-tu-tinh-chat-binh-vang","status":"publish","type":"product","link":"https:\/\/www.cosmepak.com\/vi\/product\/skincare-set-bottle-quartet-essence-jar-jaunce\/","title":{"rendered":"B\u1ed9 ch\u0103m s\u00f3c da Chai Quartet Essence Jar \/ Jaunce"},"content":{"rendered":"<table style=\"border-collapse: collapse; width: 100%; height: 216px;\">\n<tbody>\n<tr style=\"height: 24px;\">\n<td style=\"width: 40.6929%; height: 216px;\" rowspan=\"9\"><img fetchpriority=\"high\" decoding=\"async\" class=\"alignnone size-full wp-image-1775\" src=\"https:\/\/www.cosmepak.com\/wp-content\/uploads\/2025\/04\/2-5.jpg\" alt=\"chai ch\u0103m s\u00f3c da\" width=\"1000\" height=\"1000\" srcset=\"https:\/\/www.cosmepak.com\/wp-content\/uploads\/2025\/04\/2-5.jpg 1000w, https:\/\/www.cosmepak.com\/wp-content\/uploads\/2025\/04\/2-5-300x300.jpg 300w, https:\/\/www.cosmepak.com\/wp-content\/uploads\/2025\/04\/2-5-150x150.jpg 150w, https:\/\/www.cosmepak.com\/wp-content\/uploads\/2025\/04\/2-5-768x768.jpg 768w, https:\/\/www.cosmepak.com\/wp-content\/uploads\/2025\/04\/2-5-600x600.jpg 600w, https:\/\/www.cosmepak.com\/wp-content\/uploads\/2025\/04\/2-5-100x100.jpg 100w\" sizes=\"(max-width: 1000px) 100vw, 1000px\" \/><\/td>\n<td style=\"width: 23.5109%; height: 24px; text-align: center;\">Th\u01b0\u01a1ng hi\u1ec7u<\/td>\n<td style=\"width: 35.7961%; height: 24px; text-align: center;\">\u00a0Jaunce<\/td>\n<\/tr>\n<tr style=\"height: 24px;\">\n<td style=\"width: 23.5109%; height: 24px; text-align: center;\">Dung t\u00edch<\/td>\n<td style=\"width: 35.7961%; height: 24px; text-align: center;\">30ml \/ 50ml \/ 100ml \/ 120ml \/ 50g<\/td>\n<\/tr>\n<tr style=\"height: 24px;\">\n<td style=\"width: 23.5109%; height: 24px; text-align: center;\">H\u00ecnh d\u1ea1ng<\/td>\n<td style=\"width: 35.7961%; height: 24px; text-align: center;\">Qu\u1ea3ng tr\u01b0\u1eddng<\/td>\n<\/tr>\n<tr style=\"height: 24px;\">\n<td style=\"width: 23.5109%; height: 24px; text-align: center;\">V\u1eadt li\u1ec7u<\/td>\n<td style=\"width: 35.7961%; height: 24px; text-align: center;\">Th\u1ee7y tinh<\/td>\n<\/tr>\n<tr style=\"height: 24px;\">\n<td style=\"width: 23.5109%; height: 24px; text-align: center;\">Ng\u01b0\u1eddi m\u1eabu<\/td>\n<td style=\"width: 35.7961%; height: 24px; text-align: center;\">JH-AM50<\/td>\n<\/tr>\n<tr style=\"height: 24px;\">\n<td style=\"width: 23.5109%; height: 24px; text-align: center;\">S\u1ea3n ph\u1ea9m OEM \/ ODM<\/td>\n<td style=\"width: 35.7961%; height: 24px; text-align: center;\">Ch\u1ea5p nh\u1eadn<\/td>\n<\/tr>\n<tr style=\"height: 24px;\">\n<td style=\"width: 23.5109%; height: 24px; text-align: center;\">M\u00e0u s\u1eafc<\/td>\n<td style=\"width: 35.7961%; height: 24px; text-align: center;\">B\u1ea5t k\u1ef3 m\u00e0u parton n\u00e0o t\u00f9y ch\u1ec9nh<\/td>\n<\/tr>\n<tr style=\"height: 24px;\">\n<td style=\"width: 23.5109%; height: 24px; text-align: center;\">C\u00e1ch s\u1eed d\u1ee5ng<\/td>\n<td style=\"width: 35.7961%; height: 24px; text-align: center;\">Lotion \/ Foundation \/ kem v.v.<\/td>\n<\/tr>\n<tr style=\"height: 24px;\">\n<td style=\"width: 23.5109%; height: 24px; text-align: center;\">MOQ<\/td>\n<td style=\"width: 35.7961%; height: 24px; text-align: center;\">1000pcs;<\/td>\n<\/tr>\n<\/tbody>\n<\/table>\n<table style=\"border-collapse: collapse; width: 100%; height: 192px;\">\n<tbody>\n<tr style=\"height: 24px;\">\n<td style=\"width: 12.7434%; text-align: center; height: 24px;\"><strong>Dung t\u00edch<\/strong><\/td>\n<td style=\"width: 12.5142%; text-align: center; height: 24px;\"><strong>T\u1ed5ng chi\u1ec1u cao<\/strong><\/td>\n<td style=\"width: 12.5002%; text-align: center; height: 24px;\"><strong>\u0110\u01b0\u1eddng k\u00ednh d\u01b0\u1edbi c\u00f9ng<\/strong><\/td>\n<td style=\"width: 13.1192%; text-align: center; height: 24px;\"><strong>Chi\u1ec1u cao c\u00f3 th\u1ec3 in<\/strong><\/td>\n<\/tr>\n<tr style=\"height: 24px;\">\n<td style=\"width: 12.7434%; text-align: center; height: 24px;\">50g<\/td>\n<td style=\"width: 12.5142%; text-align: center; height: 24px;\">51mm<\/td>\n<td style=\"width: 12.5002%; text-align: center; height: 24px;\">63mm<\/td>\n<td style=\"width: 13.1192%; text-align: center; height: 24px;\">22mm<\/td>\n<\/tr>\n<tr style=\"height: 24px;\">\n<td style=\"width: 12.7434%; text-align: center; height: 24px;\">30ml<\/td>\n<td style=\"width: 12.5142%; text-align: center; height: 24px;\">81mm<\/td>\n<td style=\"width: 12.5002%; text-align: center; height: 24px;\">46mm<\/td>\n<td style=\"width: 13.1192%; text-align: center; height: 24px;\">28mm<\/td>\n<\/tr>\n<tr style=\"height: 24px;\">\n<td style=\"width: 12.7434%; text-align: center; height: 24px;\">50ml<\/td>\n<td style=\"width: 12.5142%; text-align: center; height: 24px;\">100mm<\/td>\n<td style=\"width: 12.5002%; text-align: center; height: 24px;\">46mm<\/td>\n<td style=\"width: 13.1192%; text-align: center; height: 24px;\">47mm<\/td>\n<\/tr>\n<tr style=\"height: 24px;\">\n<td style=\"width: 12.7434%; text-align: center; height: 24px;\">100ml<\/td>\n<td style=\"width: 12.5142%; text-align: center; height: 24px;\">146mm<\/td>\n<td style=\"width: 12.5002%; text-align: center; height: 24px;\">47mm<\/td>\n<td style=\"width: 13.1192%; text-align: center; height: 24px;\">94mm<\/td>\n<\/tr>\n<tr style=\"height: 24px;\">\n<td style=\"width: 12.7434%; text-align: center; height: 24px;\">120ml<\/td>\n<td style=\"width: 12.5142%; text-align: center; height: 24px;\">155mm<\/td>\n<td style=\"width: 12.5002%; text-align: center; height: 24px;\">47mm<\/td>\n<td style=\"width: 13.1192%; text-align: center; height: 24px;\">102mm<\/td>\n<\/tr>\n<\/tbody>\n<\/table>\n<p>\u0110\u00e2y l\u00e0 m\u1ed9t b\u1ed9 chai m\u1ef9 ph\u1ea9m g\u00f3c vu\u00f4ng, \u0111\u01b0\u1ee3c thi\u1ebft k\u1ebf \u0111\u1eb7c bi\u1ec7t cho bao b\u00ec ch\u0103m s\u00f3c da v\u00e0 trang \u0111i\u1ec3m. Th\u00e2n chai th\u1ee7y tinh c\u00f3 m\u00e0u v\u00e0ng thanh l\u1ecbch, \u0111\u01b0\u1ee3c b\u1ed5 sung b\u1edfi ph\u1ee5 ki\u1ec7n tr\u1eafng v\u00e0 v\u00e0ng (\u0111\u1ea7u n\u1eafp \/ \u0111\u1ea7u b\u01a1m), t\u1ea1o ra hi\u1ec7u \u1ee9ng th\u1ecb gi\u00e1c cao c\u1ea5p v\u00e0 hi\u1ec7n \u0111\u1ea1i.<\/p>\n<p>B\u1ed9 chai vu\u00f4ng v\u00e0 tr\u00f2n c\u00f3 s\u1eb5n trong c\u00e1c k\u00edch th\u01b0\u1edbc kh\u00e1c nhau, bao g\u1ed3m l\u1ecd kem 50g, chai kem 30ml, 50ml, 100ml v\u00e0 120ml. Chai \u0111\u01b0\u1ee3c thi\u1ebft k\u1ebf v\u1edbi h\u00ecnh d\u1ea1ng ph\u1eb3ng v\u00e0 tr\u00f2n, v\u00e0 \u0111\u01b0\u1ee3c s\u01a1n m\u00e0u v\u00e0ng gradient. In m\u00e0n h\u00ecnh t\u00f9y ch\u1ec9nh, d\u1eadp v\u00e0ng v\u00e0 c\u00e1c quy tr\u00ecnh kh\u00e1c c\u0169ng c\u00f3 th\u1ec3 \u0111\u01b0\u1ee3c \u00e1p d\u1ee5ng cho th\u00e2n chai.<\/p>\n<p>B\u01a1m CD b\u00ean trong v\u00e0ng \u0111\u01b0\u1ee3c gh\u00e9p v\u1edbi v\u1ecf b\u1ecdc \u0111i\u1ec7n nh\u00f4m v\u00e0ng. M\u00e0u s\u1eafc s\u00e1ng v\u00e0 h\u00e0i h\u00f2a h\u01a1n v\u1edbi s\u01a1 \u0111\u1ed3 m\u00e0u v\u00e0ng c\u1ee7a chai. Mi\u1ec7ng chai r\u00e8n l\u00e0m cho qu\u00e1 tr\u00ecnh l\u00e0m \u0111\u1ea7y thu\u1eadn ti\u1ec7n h\u01a1n. \u0110\u1ea7u b\u01a1m c\u00f3 th\u1ec3 r\u00fat ch\u00ednh x\u00e1c ch\u1ea5t l\u1ecfng. B\u1ea1n c\u00f3 th\u1ec3 l\u1ea5y ch\u00ednh x\u00e1c s\u1ed1 l\u01b0\u1ee3ng b\u1ea1n c\u1ea7n, m\u00e0 kh\u00f4ng g\u00e2y \u00f4 nhi\u1ec5m.<\/p>\n<p class=\"ai-center-markdown-p\">Lo\u1ea1i b\u1ed9 ch\u0103m s\u00f3c da serise n\u00e0y, c\u00f3 chai th\u1ee7y tinh g\u00f3c tr\u00f2n vu\u00f4ng phong c\u00e1ch t\u1eeb 30ml \u0111\u1ebfn 120ml, b\u00ecnh 50g. Nh\u1eefng chai n\u00e0y \u0111\u01b0\u1ee3c thi\u1ebft k\u1ebf v\u1edbi m\u1ed9t c\u01a1 s\u1edf d\u00e0y \u0111\u1ec3 t\u0103ng c\u01b0\u1eddng \u0111\u1ed9 b\u1ec1n v\u00e0 th\u1ea9m m\u1ef9 hi\u1ec7n \u0111\u1ea1i. Th\u00e2n chai tr\u01b0ng b\u00e0y m\u1ed9t m\u00e0u v\u00e0ng gradient, th\u00eam m\u1ed9t ch\u00fat thanh l\u1ecbch cho c\u00e1c s\u1ea3n ph\u1ea9m ch\u0103m s\u00f3c da c\u1ee7a b\u1ea1n.  . Ph\u1ee5 ki\u1ec7n c\u00f3 s\u1eb5n trong c\u00e1c l\u1ef1a ch\u1ecdn tr\u1eafng v\u00e0 v\u00e0ng, ho\u00e0n h\u1ea3o cho kem kem, n\u1ec1n t\u1ea3ng l\u1ecfng v\u00e0 kem. B\u1ed9 n\u00e0y cung c\u1ea5p \u1ee9ng d\u1ee5ng linh ho\u1ea1t cho nhu c\u1ea7u ch\u0103m s\u00f3c da c\u1ee7a b\u1ea1n.<\/p>\n<p class=\"ai-center-markdown-p\" data-spm-anchor-id=\"a2747.product_manager.0.i25.b13471d25n1Drz\">Ch\u00fang t\u00f4i c\u0169ng cung c\u1ea5p c\u00e1c t\u00f9y ch\u1ecdn t\u00f9y ch\u1ec9nh kh\u00e1c nhau: in m\u00e0n h\u00ecnh l\u1ee5a, d\u1eadp n\u00f3ng, \u0111\u00f3ng b\u0103ng, phun v\u00e0 m\u1ea1 \u0111i\u1ec7n. C\u00e1c ki\u1ec3u s\u1ea3n ph\u1ea9m t\u01b0\u01a1ng t\u1ef1 c\u00f3 s\u1eb5n trong kho, ho\u00e0n h\u1ea3o cho kem kem, n\u1ec1n t\u1ea3ng l\u1ecfng v\u00e0 kem. B\u1ed9 n\u00e0y cung c\u1ea5p \u1ee9ng d\u1ee5ng linh ho\u1ea1t cho nhu c\u1ea7u ch\u0103m s\u00f3c da c\u1ee7a b\u1ea1n.<\/p>\n<table style=\"border-collapse: collapse; width: 100%;\">\n<tbody>\n<tr>\n<td style=\"width: 33.3333%;\"><img decoding=\"async\" class=\"alignnone size-full wp-image-3854\" src=\"https:\/\/www.cosmepak.com\/wp-content\/uploads\/2025\/04\/9-4.jpg\" alt=\"\" width=\"1000\" height=\"1000\" srcset=\"https:\/\/www.cosmepak.com\/wp-content\/uploads\/2025\/04\/9-4.jpg 1000w, https:\/\/www.cosmepak.com\/wp-content\/uploads\/2025\/04\/9-4-300x300.jpg 300w, https:\/\/www.cosmepak.com\/wp-content\/uploads\/2025\/04\/9-4-150x150.jpg 150w, https:\/\/www.cosmepak.com\/wp-content\/uploads\/2025\/04\/9-4-768x768.jpg 768w, https:\/\/www.cosmepak.com\/wp-content\/uploads\/2025\/04\/9-4-12x12.jpg 12w, https:\/\/www.cosmepak.com\/wp-content\/uploads\/2025\/04\/9-4-600x600.jpg 600w, https:\/\/www.cosmepak.com\/wp-content\/uploads\/2025\/04\/9-4-100x100.jpg 100w\" sizes=\"(max-width: 1000px) 100vw, 1000px\" \/><\/td>\n<td style=\"width: 33.3333%;\"><img decoding=\"async\" class=\"alignnone size-full wp-image-3855\" src=\"https:\/\/www.cosmepak.com\/wp-content\/uploads\/2025\/04\/8-5.jpg\" alt=\"\" width=\"800\" height=\"800\" srcset=\"https:\/\/www.cosmepak.com\/wp-content\/uploads\/2025\/04\/8-5.jpg 800w, https:\/\/www.cosmepak.com\/wp-content\/uploads\/2025\/04\/8-5-300x300.jpg 300w, https:\/\/www.cosmepak.com\/wp-content\/uploads\/2025\/04\/8-5-150x150.jpg 150w, https:\/\/www.cosmepak.com\/wp-content\/uploads\/2025\/04\/8-5-768x768.jpg 768w, https:\/\/www.cosmepak.com\/wp-content\/uploads\/2025\/04\/8-5-12x12.jpg 12w, https:\/\/www.cosmepak.com\/wp-content\/uploads\/2025\/04\/8-5-600x600.jpg 600w, https:\/\/www.cosmepak.com\/wp-content\/uploads\/2025\/04\/8-5-100x100.jpg 100w\" sizes=\"(max-width: 800px) 100vw, 800px\" \/><\/td>\n<td style=\"width: 33.3333%;\"><img loading=\"lazy\" decoding=\"async\" class=\"alignnone size-full wp-image-3856\" src=\"https:\/\/www.cosmepak.com\/wp-content\/uploads\/2025\/04\/10-4.jpg\" alt=\"\" width=\"800\" height=\"800\" srcset=\"https:\/\/www.cosmepak.com\/wp-content\/uploads\/2025\/04\/10-4.jpg 800w, https:\/\/www.cosmepak.com\/wp-content\/uploads\/2025\/04\/10-4-300x300.jpg 300w, https:\/\/www.cosmepak.com\/wp-content\/uploads\/2025\/04\/10-4-150x150.jpg 150w, https:\/\/www.cosmepak.com\/wp-content\/uploads\/2025\/04\/10-4-768x768.jpg 768w, https:\/\/www.cosmepak.com\/wp-content\/uploads\/2025\/04\/10-4-12x12.jpg 12w, https:\/\/www.cosmepak.com\/wp-content\/uploads\/2025\/04\/10-4-600x600.jpg 600w, https:\/\/www.cosmepak.com\/wp-content\/uploads\/2025\/04\/10-4-100x100.jpg 100w\" sizes=\"(max-width: 800px) 100vw, 800px\" \/><\/td>\n<\/tr>\n<\/tbody>\n<\/table>\n<table style=\"border-collapse: collapse; width: 100%;\">\n<tbody>\n<tr>\n<td style=\"width: 50%;\"><img loading=\"lazy\" decoding=\"async\" class=\"alignnone size-full wp-image-3857\" src=\"https:\/\/www.cosmepak.com\/wp-content\/uploads\/2025\/04\/3-11.jpg\" alt=\"\" width=\"614\" height=\"613\" srcset=\"https:\/\/www.cosmepak.com\/wp-content\/uploads\/2025\/04\/3-11.jpg 614w, https:\/\/www.cosmepak.com\/wp-content\/uploads\/2025\/04\/3-11-300x300.jpg 300w, https:\/\/www.cosmepak.com\/wp-content\/uploads\/2025\/04\/3-11-150x150.jpg 150w, https:\/\/www.cosmepak.com\/wp-content\/uploads\/2025\/04\/3-11-12x12.jpg 12w, https:\/\/www.cosmepak.com\/wp-content\/uploads\/2025\/04\/3-11-600x599.jpg 600w, https:\/\/www.cosmepak.com\/wp-content\/uploads\/2025\/04\/3-11-100x100.jpg 100w\" sizes=\"(max-width: 614px) 100vw, 614px\" \/><\/td>\n<td style=\"width: 50%;\"><img loading=\"lazy\" decoding=\"async\" class=\"alignnone size-full wp-image-3858\" src=\"https:\/\/www.cosmepak.com\/wp-content\/uploads\/2025\/04\/6-8.jpg\" alt=\"\" width=\"1000\" height=\"1000\" srcset=\"https:\/\/www.cosmepak.com\/wp-content\/uploads\/2025\/04\/6-8.jpg 1000w, https:\/\/www.cosmepak.com\/wp-content\/uploads\/2025\/04\/6-8-300x300.jpg 300w, https:\/\/www.cosmepak.com\/wp-content\/uploads\/2025\/04\/6-8-150x150.jpg 150w, https:\/\/www.cosmepak.com\/wp-content\/uploads\/2025\/04\/6-8-768x768.jpg 768w, https:\/\/www.cosmepak.com\/wp-content\/uploads\/2025\/04\/6-8-12x12.jpg 12w, https:\/\/www.cosmepak.com\/wp-content\/uploads\/2025\/04\/6-8-600x600.jpg 600w, https:\/\/www.cosmepak.com\/wp-content\/uploads\/2025\/04\/6-8-100x100.jpg 100w\" sizes=\"(max-width: 1000px) 100vw, 1000px\" \/><\/td>\n<\/tr>\n<\/tbody>\n<\/table>","protected":false},"excerpt":{"rendered":"<p>V\u1eadt li\u1ec7u: th\u1ee7y tinh<\/p>\n<p>C\u00f4ng su\u1ea5t: 30ml \/ 50ml \/ 100ml \/ 120ml \/ 50g<\/p>\n<p>M\u00e0u s\u1eafc: Ch\u1ea5p nh\u1eadn t\u00f9y ch\u1ec9nh (b\u1ea5t k\u1ef3 m\u00e0u pantone n\u00e0o c\u00f3 s\u1eb5n)<\/p>\n<p>Ho\u00e0n thi\u1ec7n b\u1ec1 m\u1eb7t: in m\u00e0n h\u00ecnh, d\u1eadp n\u00f3ng, gradient phun, k\u1ebft th\u00fac m\u1edd, v.v.<\/p>\n<p>MOQ: 1000pcs \/ t\u00f9y ch\u1ec9nh 10000pcs<\/p>\n<p>M\u1eabu: c\u00f3 s\u1eb5n m\u1eabu mi\u1ec5n ph\u00ed<\/p>\n<p>&nbsp;<\/p>\n<p>&nbsp;<\/p>","protected":false},"featured_media":1782,"comment_status":"closed","ping_status":"closed","template":"","meta":{"_acf_changed":false},"product_brand":[],"product_cat":[19,46],"product_tag":[61],"class_list":{"0":"post-1810","1":"product","2":"type-product","3":"status-publish","4":"has-post-thumbnail","6":"product_cat-skincare-glass-bottle","7":"product_cat-skincare-product-set-package","8":"product_tag-skincare-product-set","10":"first","11":"instock","12":"shipping-taxable","13":"product-type-simple"},"acf":[],"_links":{"self":[{"href":"https:\/\/www.cosmepak.com\/vi\/wp-json\/wp\/v2\/product\/1810","targetHints":{"allow":["GET"]}}],"collection":[{"href":"https:\/\/www.cosmepak.com\/vi\/wp-json\/wp\/v2\/product"}],"about":[{"href":"https:\/\/www.cosmepak.com\/vi\/wp-json\/wp\/v2\/types\/product"}],"replies":[{"embeddable":true,"href":"https:\/\/www.cosmepak.com\/vi\/wp-json\/wp\/v2\/comments?post=1810"}],"wp:featuredmedia":[{"embeddable":true,"href":"https:\/\/www.cosmepak.com\/vi\/wp-json\/wp\/v2\/media\/1782"}],"wp:attachment":[{"href":"https:\/\/www.cosmepak.com\/vi\/wp-json\/wp\/v2\/media?parent=1810"}],"wp:term":[{"taxonomy":"product_brand","embeddable":true,"href":"https:\/\/www.cosmepak.com\/vi\/wp-json\/wp\/v2\/product_brand?post=1810"},{"taxonomy":"product_cat","embeddable":true,"href":"https:\/\/www.cosmepak.com\/vi\/wp-json\/wp\/v2\/product_cat?post=1810"},{"taxonomy":"product_tag","embeddable":true,"href":"https:\/\/www.cosmepak.com\/vi\/wp-json\/wp\/v2\/product_tag?post=1810"}],"curies":[{"name":"WP","href":"https:\/\/api.w.org\/{rel}","templated":true}]}}