{"id":1831,"date":"2025-04-14T13:28:09","date_gmt":"2025-04-14T05:28:09","guid":{"rendered":"https:\/\/www.cosmepak.com\/?post_type=product&#038;p=1831"},"modified":"2026-01-04T10:18:13","modified_gmt":"2026-01-04T02:18:13","slug":"my-pham-serum-khong-khi-chai-vang","status":"publish","type":"product","link":"https:\/\/www.cosmepak.com\/vi\/product\/cosmetic-serum-airless-bottle-jaunce\/","title":{"rendered":"M\u1ef9 ph\u1ea9m Serum Airless Chai \/ Jaunce"},"content":{"rendered":"<table style=\"border-collapse: collapse; width: 100%; height: 216px;\">\n<tbody>\n<tr style=\"height: 24px;\">\n<td style=\"width: 40.6929%; height: 216px;\" rowspan=\"8\"><img fetchpriority=\"high\" decoding=\"async\" class=\"alignnone size-full wp-image-1832\" src=\"https:\/\/www.cosmepak.com\/wp-content\/uploads\/2025\/04\/22063505202_624076099.jpg\" alt=\"Chai kh\u00f4ng kh\u00ed\u00a0\" width=\"1000\" height=\"1000\" srcset=\"https:\/\/www.cosmepak.com\/wp-content\/uploads\/2025\/04\/22063505202_624076099.jpg 1000w, https:\/\/www.cosmepak.com\/wp-content\/uploads\/2025\/04\/22063505202_624076099-300x300.jpg 300w, https:\/\/www.cosmepak.com\/wp-content\/uploads\/2025\/04\/22063505202_624076099-150x150.jpg 150w, https:\/\/www.cosmepak.com\/wp-content\/uploads\/2025\/04\/22063505202_624076099-768x768.jpg 768w, https:\/\/www.cosmepak.com\/wp-content\/uploads\/2025\/04\/22063505202_624076099-12x12.jpg 12w, https:\/\/www.cosmepak.com\/wp-content\/uploads\/2025\/04\/22063505202_624076099-600x600.jpg 600w, https:\/\/www.cosmepak.com\/wp-content\/uploads\/2025\/04\/22063505202_624076099-100x100.jpg 100w\" sizes=\"(max-width: 1000px) 100vw, 1000px\" \/><\/td>\n<td style=\"width: 23.5109%; height: 24px; text-align: center;\">Th\u01b0\u01a1ng hi\u1ec7u<\/td>\n<td style=\"width: 35.7961%; height: 24px; text-align: center;\">\u00a0Jaunce<\/td>\n<\/tr>\n<tr style=\"height: 24px;\">\n<td style=\"width: 23.5109%; height: 24px; text-align: center;\">Dung t\u00edch<\/td>\n<td style=\"width: 35.7961%; height: 24px; text-align: center;\">5ml \/ 10ml \/ 15ml<\/td>\n<\/tr>\n<tr style=\"height: 24px;\">\n<td style=\"width: 23.5109%; height: 24px; text-align: center;\">H\u00ecnh d\u1ea1ng<\/td>\n<td style=\"width: 35.7961%; height: 24px; text-align: center;\">Tr\u00f2n<\/td>\n<\/tr>\n<tr style=\"height: 24px;\">\n<td style=\"width: 23.5109%; height: 24px; text-align: center;\">V\u1eadt li\u1ec7u<\/td>\n<td style=\"width: 35.7961%; height: 24px; text-align: center;\">Pp<\/td>\n<\/tr>\n<tr style=\"height: 24px;\">\n<td style=\"width: 23.5109%; height: 24px; text-align: center;\">Ng\u01b0\u1eddi m\u1eabu<\/td>\n<td style=\"width: 35.7961%; height: 24px; text-align: center;\">JH-LWA08<\/td>\n<\/tr>\n<tr style=\"height: 24px;\">\n<td style=\"width: 23.5109%; height: 24px; text-align: center;\">S\u1ea3n ph\u1ea9m OEM \/ ODM<\/td>\n<td style=\"width: 35.7961%; height: 24px; text-align: center;\">Ch\u1ea5p nh\u1eadn<\/td>\n<\/tr>\n<tr style=\"height: 24px;\">\n<td style=\"width: 23.5109%; height: 24px; text-align: center;\">C\u00e1ch s\u1eed d\u1ee5ng<\/td>\n<td style=\"width: 35.7961%; height: 24px; text-align: center;\">Lotion \/ Foundation \/ kem v.v.<\/td>\n<\/tr>\n<tr style=\"height: 24px;\">\n<td style=\"width: 23.5109%; height: 24px; text-align: center;\">MOQ<\/td>\n<td style=\"width: 35.7961%; height: 24px; text-align: center;\">10000pcs<\/td>\n<\/tr>\n<\/tbody>\n<\/table>\n<p>&nbsp;<\/p>\n<table style=\"border-collapse: collapse; width: 100%; height: 192px;\">\n<tbody>\n<tr style=\"height: 24px;\">\n<td style=\"width: 7.10195%; text-align: center; height: 24px;\"><strong>Dung t\u00edch<\/strong><\/td>\n<td style=\"width: 5.48385%; text-align: center; height: 24px;\"><strong>T\u1ed5ng chi\u1ec1u cao<\/strong><\/td>\n<td style=\"width: 5.34076%; text-align: center;\"><strong>Chai chi\u1ec1u cao<\/strong><\/td>\n<td style=\"width: 4.99004%; text-align: center; height: 24px;\"><strong>\u0110\u01b0\u1eddng k\u00ednh d\u01b0\u1edbi c\u00f9ng<\/strong><\/td>\n<td style=\"width: 7.4206%; text-align: center;\"><strong>Chi\u1ec1u cao c\u00f3 th\u1ec3 in<\/strong><\/td>\n<td style=\"width: 7.4206%; text-align: center;\"><strong>Tr\u1ecdng l\u01b0\u1ee3ng chai<\/strong><\/td>\n<\/tr>\n<tr style=\"height: 24px;\">\n<td style=\"width: 7.10195%; text-align: center; height: 24px;\">5ml<\/td>\n<td style=\"width: 5.48385%; text-align: center; height: 24px;\">65mm<\/td>\n<td style=\"width: 5.34076%; text-align: center;\">38mm<\/td>\n<td style=\"width: 4.99004%; text-align: center; height: 24px;\">24.6mm<\/td>\n<td style=\"width: 7.4206%; text-align: center;\">27mm<\/td>\n<td style=\"width: 7.4206%; text-align: center;\">4.5g<\/td>\n<\/tr>\n<tr style=\"height: 24px;\">\n<td style=\"width: 7.10195%; text-align: center; height: 24px;\">10ml<\/td>\n<td style=\"width: 5.48385%; text-align: center; height: 24px;\">77mm<\/td>\n<td style=\"width: 5.34076%; text-align: center;\">50mm<\/td>\n<td style=\"width: 4.99004%; text-align: center; height: 24px;\">24.6mm<\/td>\n<td style=\"width: 7.4206%; text-align: center;\">38mm<\/td>\n<td style=\"width: 7.4206%; text-align: center;\">6g<\/td>\n<\/tr>\n<tr style=\"height: 24px;\">\n<td style=\"width: 7.10195%; text-align: center; height: 24px;\">15ml<\/td>\n<td style=\"width: 5.48385%; text-align: center; height: 24px;\">92mm<\/td>\n<td style=\"width: 5.34076%; text-align: center;\">65mm<\/td>\n<td style=\"width: 4.99004%; text-align: center; height: 24px;\">24.6mm<\/td>\n<td style=\"width: 7.4206%; text-align: center;\">52mm<\/td>\n<td style=\"width: 7.4206%; text-align: center;\">7g<\/td>\n<\/tr>\n<\/tbody>\n<\/table>\n<p>Chai tinh ch\u1ea5t v\u1ebb \u0111\u1eb9p kh\u00f4ng kh\u00ed n\u00e0y (m\u00f4 h\u00ecnh: JH-LWA08) l\u00e0 m\u1ed9t gi\u1ea3i ph\u00e1p \u0111\u00f3ng g\u00f3i chuy\u00ean nghi\u1ec7p \u0111\u01b0\u1ee3c thi\u1ebft k\u1ebf \u0111\u1eb7c bi\u1ec7t cho ch\u1ea5t l\u1ecfng tinh ch\u1ea5t gi\u00e1 tr\u1ecb cao. Chai \u0111\u01b0\u1ee3c l\u00e0m b\u1eb1ng v\u1eadt li\u1ec7u PP (polypropylene) ch\u1ea5t l\u01b0\u1ee3ng cao, c\u00f3 t\u00ednh \u1ed5n \u0111\u1ecbnh h\u00f3a h\u1ecdc v\u00e0 \u0111\u1ed9 b\u1ec1n tuy\u1ec7t v\u1eddi &#8211; n\u00f3 c\u00f3 th\u1ec3 ch\u1ed1ng \u0103n m\u00f2n c\u1ee7a c\u00e1c c\u00f4ng th\u1ee9c ch\u1ea5t l\u1ecfng tinh th\u1ea7n, kh\u00f4ng \u0111\u1ed9c h\u1ea1i v\u00e0 kh\u00f4ng c\u00f3 BPA &#8211; cung c\u1ea5p m\u1ed9t ch\u1ee9a an to\u00e0n v\u00e0 \u0111\u00e1ng tin c\u1eady cho c\u00e1c s\u1ea3n ph\u1ea9m ch\u0103m s\u00f3c da.<\/p>\n<p>Chai n\u00e0y cung c\u1ea5p ba kh\u1ea3 n\u0103ng th\u1ef1c t\u1ebf \u0111\u1ec3 l\u1ef1a ch\u1ecdn &#8211; 5ml, 10ml v\u00e0 15ml, \u0111\u1ec3 \u0111\u00e1p \u1ee9ng c\u00e1c y\u00eau c\u1ea7u s\u1eed d\u1ee5ng kh\u00e1c nhau. C\u00f4ng su\u1ea5t 5ml ph\u00f9 h\u1ee3p cho c\u00e1c m\u1eabu huy\u1ebft thanh, b\u1ed9 d\u1ee5ng c\u1ee5 th\u1eed nghi\u1ec7m ho\u1eb7c cho vi\u1ec7c ch\u1ea1m v\u00e0o khi di chuy\u1ec3n; trong khi c\u00f4ng su\u1ea5t 10ml v\u00e0 15ml ph\u00f9 h\u1ee3p cho s\u1eed d\u1ee5ng h\u00e0ng ng\u00e0y, \u0111\u1ea3m b\u1ea3o c\u00f4ng su\u1ea5t \u0111\u1ee7 trong khi duy tr\u00ec k\u00edch th\u01b0\u1edbc nh\u1ecf g\u1ecdn, \u0111\u1ea1t \u0111\u01b0\u1ee3c s\u1ef1 c\u00e2n b\u1eb1ng t\u1ed1t nh\u1ea5t gi\u1eefa c\u00f4ng su\u1ea5t v\u00e0 \u0111\u1ed9 nh\u1ecf g\u1ecdn. C\u00e1i chai&#8217; k\u00edch th\u01b0\u1edbc c\u1ed5 l\u00e0 30ml, t\u01b0\u01a1ng th\u00edch v\u1edbi c\u00e1c th\u00e0nh ph\u1ea7n b\u01a1m kh\u00f4ng kh\u00ed ti\u00eau chu\u1ea9n.<\/p>\n<p>\u0110i\u1ec3m n\u1ed5i b\u1eadt c\u1ed1t l\u00f5i c\u1ee7a s\u1ea3n ph\u1ea9m n\u00e0y n\u1eb1m trong thi\u1ebft k\u1ebf b\u01a1m kh\u00f4ng kh\u00ed c\u1ee7a n\u00f3: n\u00f3 t\u1ea1o ra m\u1ed9t m\u00f4i tr\u01b0\u1eddng b\u00ean trong ni\u00eam phong gi\u1ea3m thi\u1ec3u ti\u1ebfp x\u00fac gi\u1eefa huy\u1ebft thanh v\u00e0 kh\u00f4ng kh\u00ed, ng\u0103n ch\u1eb7n hi\u1ec7u qu\u1ea3 oxy h\u00f3a, \u00f4 nhi\u1ec5m v\u00e0 ph\u00e2n h\u1ee7y c\u00e1c ho\u1ea1t ch\u1ea5t nh\u01b0 vitamin, peptide v\u00e0 axit hyaluronic. Ngo\u00e0i ra, c\u00e1c m\u1eabu mi\u1ec5n ph\u00ed c\u00f3 s\u1eb5n cho kh\u00e1ch h\u00e0ng mu\u1ed1n \u0111\u00e1nh gi\u00e1 t\u00ednh t\u01b0\u01a1ng th\u00edch v\u1ec1 ch\u1ee9c n\u0103ng ch\u1ea5t l\u01b0\u1ee3ng v\u1edbi c\u00e1c c\u00f4ng th\u1ee9c huy\u1ebft thanh c\u1ee7a h\u1ecd tr\u01b0\u1edbc khi \u0111\u1eb7t h\u00e0ng l\u1edbn. D\u1ecbch v\u1ee5 n\u00e0y cho ph\u00e9p c\u00e1c th\u01b0\u01a1ng hi\u1ec7u \u0111\u01b0a ra quy\u1ebft \u0111\u1ecbnh th\u00f4ng minh trong khi \u0111\u1ea3m b\u1ea3o r\u1eb1ng bao b\u00ec c\u1ee7a h\u1ecd ph\u00f9 h\u1ee3p li\u1ec1n m\u1ea1ch v\u1edbi v\u1ecb tr\u00ed s\u1ea3n ph\u1ea9m c\u1ee7a h\u1ecd.<\/p>\n<table style=\"border-collapse: collapse; width: 100%;\">\n<tbody>\n<tr>\n<td style=\"width: 50%;\"><img decoding=\"async\" class=\"alignnone wp-image-3511\" src=\"https:\/\/www.cosmepak.com\/wp-content\/uploads\/2025\/04\/22063511779_624076099-2.jpg\" alt=\"\" width=\"800\" height=\"800\" srcset=\"https:\/\/www.cosmepak.com\/wp-content\/uploads\/2025\/04\/22063511779_624076099-2.jpg 711w, https:\/\/www.cosmepak.com\/wp-content\/uploads\/2025\/04\/22063511779_624076099-2-300x300.jpg 300w, https:\/\/www.cosmepak.com\/wp-content\/uploads\/2025\/04\/22063511779_624076099-2-150x150.jpg 150w, https:\/\/www.cosmepak.com\/wp-content\/uploads\/2025\/04\/22063511779_624076099-2-12x12.jpg 12w, https:\/\/www.cosmepak.com\/wp-content\/uploads\/2025\/04\/22063511779_624076099-2-600x600.jpg 600w, https:\/\/www.cosmepak.com\/wp-content\/uploads\/2025\/04\/22063511779_624076099-2-100x100.jpg 100w\" sizes=\"(max-width: 800px) 100vw, 800px\" \/><\/td>\n<td style=\"width: 50%;\"><img decoding=\"async\" class=\"alignnone wp-image-3512\" src=\"https:\/\/www.cosmepak.com\/wp-content\/uploads\/2025\/04\/21974737200_624076099.jpg\" alt=\"\" width=\"800\" height=\"800\" srcset=\"https:\/\/www.cosmepak.com\/wp-content\/uploads\/2025\/04\/21974737200_624076099.jpg 790w, https:\/\/www.cosmepak.com\/wp-content\/uploads\/2025\/04\/21974737200_624076099-300x300.jpg 300w, https:\/\/www.cosmepak.com\/wp-content\/uploads\/2025\/04\/21974737200_624076099-150x150.jpg 150w, https:\/\/www.cosmepak.com\/wp-content\/uploads\/2025\/04\/21974737200_624076099-768x768.jpg 768w, https:\/\/www.cosmepak.com\/wp-content\/uploads\/2025\/04\/21974737200_624076099-12x12.jpg 12w, https:\/\/www.cosmepak.com\/wp-content\/uploads\/2025\/04\/21974737200_624076099-600x600.jpg 600w, https:\/\/www.cosmepak.com\/wp-content\/uploads\/2025\/04\/21974737200_624076099-100x100.jpg 100w\" sizes=\"(max-width: 800px) 100vw, 800px\" \/><\/td>\n<\/tr>\n<tr>\n<td style=\"width: 50%;\"><img loading=\"lazy\" decoding=\"async\" class=\"alignnone wp-image-3514\" src=\"https:\/\/www.cosmepak.com\/wp-content\/uploads\/2025\/04\/21974743119_624076099-1.jpg\" alt=\"\" width=\"800\" height=\"801\" srcset=\"https:\/\/www.cosmepak.com\/wp-content\/uploads\/2025\/04\/21974743119_624076099-1.jpg 685w, https:\/\/www.cosmepak.com\/wp-content\/uploads\/2025\/04\/21974743119_624076099-1-300x300.jpg 300w, https:\/\/www.cosmepak.com\/wp-content\/uploads\/2025\/04\/21974743119_624076099-1-150x150.jpg 150w, https:\/\/www.cosmepak.com\/wp-content\/uploads\/2025\/04\/21974743119_624076099-1-12x12.jpg 12w, https:\/\/www.cosmepak.com\/wp-content\/uploads\/2025\/04\/21974743119_624076099-1-600x601.jpg 600w, https:\/\/www.cosmepak.com\/wp-content\/uploads\/2025\/04\/21974743119_624076099-1-100x100.jpg 100w\" sizes=\"(max-width: 800px) 100vw, 800px\" \/><\/td>\n<td style=\"width: 50%;\"><img loading=\"lazy\" decoding=\"async\" class=\"alignnone wp-image-3513\" src=\"https:\/\/www.cosmepak.com\/wp-content\/uploads\/2025\/04\/21895812487_624076099-1.jpg\" alt=\"\" width=\"800\" height=\"800\" srcset=\"https:\/\/www.cosmepak.com\/wp-content\/uploads\/2025\/04\/21895812487_624076099-1.jpg 700w, https:\/\/www.cosmepak.com\/wp-content\/uploads\/2025\/04\/21895812487_624076099-1-300x300.jpg 300w, https:\/\/www.cosmepak.com\/wp-content\/uploads\/2025\/04\/21895812487_624076099-1-150x150.jpg 150w, https:\/\/www.cosmepak.com\/wp-content\/uploads\/2025\/04\/21895812487_624076099-1-12x12.jpg 12w, https:\/\/www.cosmepak.com\/wp-content\/uploads\/2025\/04\/21895812487_624076099-1-600x600.jpg 600w, https:\/\/www.cosmepak.com\/wp-content\/uploads\/2025\/04\/21895812487_624076099-1-100x100.jpg 100w\" sizes=\"(max-width: 800px) 100vw, 800px\" \/><\/td>\n<\/tr>\n<\/tbody>\n<\/table>\n<p>&nbsp;<\/p>\n<p>&nbsp;<\/p>","protected":false},"excerpt":{"rendered":"<p>Chai kh\u00f4ng kh\u00ed kh\u00f4ng c\u00f3 kh\u00f4ng kh\u00ed<\/p>\n<p>M\u00f4 h\u00ecnh: JH-LWA08<\/p>\n<p>V\u1eadt li\u1ec7u s\u1ea3n ph\u1ea9m: PP<\/p>\n<p>C\u00f4ng su\u1ea5t: 5ml \/ 10ml \/ 15ml \u0111\u1ec3 ch\u1ecdn<\/p>\n<p>K\u00edch th\u01b0\u1edbc c\u1ed5: 30 mm<\/p>\n<p>Bottle Single Weight: 12.1g\/13.5g\/14.7g<\/p>\n<p>M\u00e0u s\u1eafc: M\u00e0u s\u1eafc r\u00f5 r\u00e0ng trong su\u1ed1t;<\/p>\n<p>Ch\u1ea5p nh\u1eadn t\u00f9y ch\u1ec9nh (b\u1ea5t k\u1ef3 m\u00e0u pantone c\u00f3 s\u1eb5n)<\/p>\n<p>Ho\u00e0n thi\u1ec7n b\u1ec1 m\u1eb7t: in m\u00e0n h\u00ecnh, d\u1eadp n\u00f3ng, gradient phun, k\u1ebft th\u00fac m\u1edd, v.v.<\/p>\n<p>MOQ: 10000pcs<\/p>\n<p>M\u1eabu: c\u00f3 s\u1eb5n m\u1eabu mi\u1ec5n ph\u00ed<\/p>\n<p>&nbsp;<\/p>\n<p>&nbsp;<\/p>","protected":false},"featured_media":1842,"comment_status":"closed","ping_status":"closed","template":"","meta":{"_acf_changed":false},"product_brand":[],"product_cat":[35],"product_tag":[40],"class_list":{"0":"post-1831","1":"product","2":"type-product","3":"status-publish","4":"has-post-thumbnail","6":"product_cat-airless-bottle","7":"product_tag-essential-oil-bottle","9":"first","10":"instock","11":"shipping-taxable","12":"product-type-simple"},"acf":[],"_links":{"self":[{"href":"https:\/\/www.cosmepak.com\/vi\/wp-json\/wp\/v2\/product\/1831","targetHints":{"allow":["GET"]}}],"collection":[{"href":"https:\/\/www.cosmepak.com\/vi\/wp-json\/wp\/v2\/product"}],"about":[{"href":"https:\/\/www.cosmepak.com\/vi\/wp-json\/wp\/v2\/types\/product"}],"replies":[{"embeddable":true,"href":"https:\/\/www.cosmepak.com\/vi\/wp-json\/wp\/v2\/comments?post=1831"}],"wp:featuredmedia":[{"embeddable":true,"href":"https:\/\/www.cosmepak.com\/vi\/wp-json\/wp\/v2\/media\/1842"}],"wp:attachment":[{"href":"https:\/\/www.cosmepak.com\/vi\/wp-json\/wp\/v2\/media?parent=1831"}],"wp:term":[{"taxonomy":"product_brand","embeddable":true,"href":"https:\/\/www.cosmepak.com\/vi\/wp-json\/wp\/v2\/product_brand?post=1831"},{"taxonomy":"product_cat","embeddable":true,"href":"https:\/\/www.cosmepak.com\/vi\/wp-json\/wp\/v2\/product_cat?post=1831"},{"taxonomy":"product_tag","embeddable":true,"href":"https:\/\/www.cosmepak.com\/vi\/wp-json\/wp\/v2\/product_tag?post=1831"}],"curies":[{"name":"WP","href":"https:\/\/api.w.org\/{rel}","templated":true}]}}