{"id":1858,"date":"2025-04-14T16:21:11","date_gmt":"2025-04-14T08:21:11","guid":{"rendered":"https:\/\/www.cosmepak.com\/?post_type=product&#038;p=1858"},"modified":"2025-12-19T14:17:27","modified_gmt":"2025-12-19T06:17:27","slug":"30ml-va-50ml-pp-tron-day-chai-khong-khi-vang","status":"publish","type":"product","link":"https:\/\/www.cosmepak.com\/vi\/product\/30ml-and-50ml-pp-round-bottom-airless-bottle-jaunce\/","title":{"rendered":"30ml v\u00e0 50ml PP Tr\u00f2n Bottom Airless Chai \/ Jaunce"},"content":{"rendered":"<table style=\"border-collapse: collapse; width: 100%; height: 192px;\">\n<tbody>\n<tr style=\"height: 24px;\">\n<td style=\"width: 40.6929%; height: 192px;\" rowspan=\"8\"><img fetchpriority=\"high\" decoding=\"async\" class=\"alignnone size-full wp-image-1860\" src=\"https:\/\/www.cosmepak.com\/wp-content\/uploads\/2025\/04\/O1CN01BC2BX91nx2W6Hk7Xe_1777995155-0-cib.jpg\" alt=\"Chai kh\u00f4ng kh\u00ed\u00a0\" width=\"1000\" height=\"1000\" srcset=\"https:\/\/www.cosmepak.com\/wp-content\/uploads\/2025\/04\/O1CN01BC2BX91nx2W6Hk7Xe_1777995155-0-cib.jpg 1000w, https:\/\/www.cosmepak.com\/wp-content\/uploads\/2025\/04\/O1CN01BC2BX91nx2W6Hk7Xe_1777995155-0-cib-300x300.jpg 300w, https:\/\/www.cosmepak.com\/wp-content\/uploads\/2025\/04\/O1CN01BC2BX91nx2W6Hk7Xe_1777995155-0-cib-150x150.jpg 150w, https:\/\/www.cosmepak.com\/wp-content\/uploads\/2025\/04\/O1CN01BC2BX91nx2W6Hk7Xe_1777995155-0-cib-768x768.jpg 768w, https:\/\/www.cosmepak.com\/wp-content\/uploads\/2025\/04\/O1CN01BC2BX91nx2W6Hk7Xe_1777995155-0-cib-12x12.jpg 12w, https:\/\/www.cosmepak.com\/wp-content\/uploads\/2025\/04\/O1CN01BC2BX91nx2W6Hk7Xe_1777995155-0-cib-600x600.jpg 600w, https:\/\/www.cosmepak.com\/wp-content\/uploads\/2025\/04\/O1CN01BC2BX91nx2W6Hk7Xe_1777995155-0-cib-100x100.jpg 100w\" sizes=\"(max-width: 1000px) 100vw, 1000px\" \/><\/td>\n<td style=\"width: 23.5109%; height: 24px; text-align: center;\">Th\u01b0\u01a1ng hi\u1ec7u<\/td>\n<td style=\"width: 35.7961%; height: 24px; text-align: center;\">\u00a0Jaunce<\/td>\n<\/tr>\n<tr style=\"height: 24px;\">\n<td style=\"width: 23.5109%; height: 24px; text-align: center;\">Dung t\u00edch<\/td>\n<td style=\"width: 35.7961%; height: 24px; text-align: center;\">30ml \/ 50ml<\/td>\n<\/tr>\n<tr style=\"height: 24px;\">\n<td style=\"width: 23.5109%; height: 24px; text-align: center;\">H\u00ecnh d\u1ea1ng<\/td>\n<td style=\"width: 35.7961%; height: 24px; text-align: center;\">Tr\u00f2n<\/td>\n<\/tr>\n<tr style=\"height: 24px;\">\n<td style=\"width: 23.5109%; height: 24px; text-align: center;\">V\u1eadt li\u1ec7u<\/td>\n<td style=\"width: 35.7961%; height: 24px; text-align: center;\">Pp<\/td>\n<\/tr>\n<tr style=\"height: 24px;\">\n<td style=\"width: 23.5109%; height: 24px; text-align: center;\">Ng\u01b0\u1eddi m\u1eabu<\/td>\n<td style=\"width: 35.7961%; height: 24px; text-align: center;\">JH-LW1145<\/td>\n<\/tr>\n<tr style=\"height: 24px;\">\n<td style=\"width: 23.5109%; height: 24px; text-align: center;\">S\u1ea3n ph\u1ea9m OEM \/ ODM<\/td>\n<td style=\"width: 35.7961%; height: 24px; text-align: center;\">Ch\u1ea5p nh\u1eadn<\/td>\n<\/tr>\n<tr style=\"height: 24px;\">\n<td style=\"width: 23.5109%; height: 24px; text-align: center;\">C\u00e1ch s\u1eed d\u1ee5ng<\/td>\n<td style=\"width: 35.7961%; height: 24px; text-align: center;\">Lotion \/ Foundation \/ kem v.v.<\/td>\n<\/tr>\n<tr style=\"height: 24px;\">\n<td style=\"width: 23.5109%; height: 24px; text-align: center;\">MOQ<\/td>\n<td style=\"width: 35.7961%; height: 24px; text-align: center;\">10000pcs<\/td>\n<\/tr>\n<\/tbody>\n<\/table>\n<p>&nbsp;<\/p>\n<table style=\"border-collapse: collapse; width: 100%; height: 120px;\">\n<tbody>\n<tr style=\"height: 24px;\">\n<td style=\"width: 16.6667%; text-align: center; height: 24px;\"><strong>Dung t\u00edch<\/strong><\/td>\n<td style=\"width: 16.6667%; text-align: center; height: 24px;\"><strong>T\u1ed5ng chi\u1ec1u cao<\/strong><\/td>\n<td style=\"width: 16.6667%; text-align: center; height: 24px;\"><strong>Chai chi\u1ec1u cao<\/strong><\/td>\n<td style=\"width: 16.6667%; text-align: center; height: 24px;\"><strong>Chi\u1ec1u cao c\u00f3 th\u1ec3 in<\/strong><\/td>\n<td style=\"width: 16.6667%; text-align: center; height: 24px;\"><strong>D\u01b0\u01a1ng d\u01b0\u1edbi<\/strong><\/td>\n<td style=\"width: 16.6667%; text-align: center; height: 24px;\"><strong>C\u00e2n n\u1eb7ng<\/strong><\/td>\n<\/tr>\n<tr style=\"height: 24px;\">\n<td style=\"width: 16.6667%; text-align: center; height: 24px;\">30ml<\/td>\n<td style=\"width: 16.6667%; text-align: center; height: 24px;\">93mm<\/td>\n<td style=\"width: 16.6667%; text-align: center; height: 24px;\">55mm<\/td>\n<td style=\"width: 16.6667%; text-align: center; height: 24px;\">35mm<\/td>\n<td style=\"width: 16.6667%; text-align: center; height: 24px;\">49mm<\/td>\n<td style=\"width: 16.6667%; text-align: center; height: 24px;\">47.6g<\/td>\n<\/tr>\n<tr style=\"height: 24px;\">\n<td style=\"width: 16.6667%; text-align: center; height: 24px;\">50ml<\/td>\n<td style=\"width: 16.6667%; text-align: center; height: 24px;\">108mm<\/td>\n<td style=\"width: 16.6667%; text-align: center; height: 24px;\">70mm<\/td>\n<td style=\"width: 16.6667%; text-align: center; height: 24px;\">50mm<\/td>\n<td style=\"width: 16.6667%; text-align: center; height: 24px;\">49mm<\/td>\n<td style=\"width: 16.6667%; text-align: center; height: 24px;\">52.2g<\/td>\n<\/tr>\n<\/tbody>\n<\/table>\n<p>Ch\u00fang t\u00f4i cung c\u1ea5p hai k\u00edch th\u01b0\u1edbc: 30ml v\u00e0 50ml. \u0110\u01b0\u1ee3c ch\u1ebf t\u1ea1o t\u1eeb v\u1eadt li\u1ec7u kh\u00f4ng BPA, n\u00f3 \u0111\u1ea3m b\u1ea3o an to\u00e0n v\u00e0 v\u1ec7 sinh t\u1ed1i \u0111a. C\u1ea3 chai v\u00e0 m\u00e1y b\u01a1m kh\u00f4ng kh\u00ed \u0111\u1ec1u \u0111\u01b0\u1ee3c l\u00e0m b\u1eb1ng v\u1eadt li\u1ec7u polypropylene (PP) ch\u1ea5t l\u01b0\u1ee3ng cao. H\u1ec7 th\u1ed1ng ph\u00e2n ph\u1ed1i ch\u00e2n kh\u00f4ng ng\u0103n ch\u1eb7n kh\u00f4ng kh\u00ed v\u00e0o th\u00f9ng ch\u1ee9a trong khi s\u1eed d\u1ee5ng, gi\u1ea3m thi\u1ec3u oxy h\u00f3a, \u00f4 nhi\u1ec5m v\u00e0 ph\u00e2n h\u1ee7y c\u00e1c th\u00e0nh ph\u1ea7n nh\u1ea1y c\u1ea3m - do \u0111\u00f3 duy tr\u00ec s\u1ef1 \u1ed5n \u0111\u1ecbnh v\u00e0 hi\u1ec7u qu\u1ea3 c\u1ee7a c\u00e1c th\u00e0nh ph\u1ea7n ho\u1ea1t \u0111\u1ed9ng.<br \/>\nCh\u00fang t\u00f4i c\u0169ng cung c\u1ea5p c\u00e1c d\u1ecbch v\u1ee5 t\u00f9y ch\u1ec9nh nh\u01b0 \u1ee9ng d\u1ee5ng nh\u00e3n, in m\u00e0n h\u00ecnh ho\u1eb7c d\u1eadp n\u00f3ng, cung c\u1ea5p c\u00e1c t\u00f9y ch\u1ecdn tr\u00ecnh b\u00e0y linh ho\u1ea1t v\u00e0 \u0111a d\u1ea1ng cho th\u01b0\u01a1ng hi\u1ec7u c\u1ee7a b\u1ea1n.<\/p>\n<p>Chai kh\u00f4ng kh\u00ed n\u00e0y \u0111\u01b0\u1ee3c s\u1eed d\u1ee5ng r\u1ed9ng r\u00e3i trong bao b\u00ec c\u00e1c s\u1ea3n ph\u1ea9m l\u00e0m \u0111\u1eb9p v\u00e0 ch\u0103m s\u00f3c c\u00e1 nh\u00e2n kh\u00e1c nhau, bao g\u1ed3m serum m\u1eb7t, kem \u1ea9m, kem m\u1eaft, d\u1ea7u m\u1eb7t v\u00e0 \u0111i\u1ec1u tr\u1ecb \u0111i\u1ec3m. N\u00f3 ph\u00f9 h\u1ee3p v\u1edbi c\u00e1c k\u1ecbch b\u1ea3n s\u1eed d\u1ee5ng \u0111a d\u1ea1ng, bao g\u1ed3m ch\u0103m s\u00f3c nh\u00e0 h\u00e0ng ng\u00e0y, du l\u1ecbch, chuy\u1ebfn \u0111i l\u00e0m vi\u1ec7c v\u00e0 m\u00f4i tr\u01b0\u1eddng salon chuy\u00ean nghi\u1ec7p.<\/p>\n<table style=\"border-collapse: collapse; width: 100%;\">\n<tbody>\n<tr>\n<td style=\"width: 50%;\"><img decoding=\"async\" class=\"alignnone wp-image-3465\" src=\"https:\/\/www.cosmepak.com\/wp-content\/uploads\/2025\/04\/O1CN01LkJfDl1nx2W6AVvoC_1777995155-0-cib-e1763445377421.jpg\" alt=\"\" width=\"800\" height=\"800\" srcset=\"https:\/\/www.cosmepak.com\/wp-content\/uploads\/2025\/04\/O1CN01LkJfDl1nx2W6AVvoC_1777995155-0-cib-e1763445377421.jpg 686w, https:\/\/www.cosmepak.com\/wp-content\/uploads\/2025\/04\/O1CN01LkJfDl1nx2W6AVvoC_1777995155-0-cib-e1763445377421-300x300.jpg 300w, https:\/\/www.cosmepak.com\/wp-content\/uploads\/2025\/04\/O1CN01LkJfDl1nx2W6AVvoC_1777995155-0-cib-e1763445377421-150x150.jpg 150w, https:\/\/www.cosmepak.com\/wp-content\/uploads\/2025\/04\/O1CN01LkJfDl1nx2W6AVvoC_1777995155-0-cib-e1763445377421-12x12.jpg 12w, https:\/\/www.cosmepak.com\/wp-content\/uploads\/2025\/04\/O1CN01LkJfDl1nx2W6AVvoC_1777995155-0-cib-e1763445377421-600x600.jpg 600w, https:\/\/www.cosmepak.com\/wp-content\/uploads\/2025\/04\/O1CN01LkJfDl1nx2W6AVvoC_1777995155-0-cib-e1763445377421-100x100.jpg 100w\" sizes=\"(max-width: 800px) 100vw, 800px\" \/><\/td>\n<td style=\"width: 50%;\"><img decoding=\"async\" class=\"alignnone wp-image-3466\" src=\"https:\/\/www.cosmepak.com\/wp-content\/uploads\/2025\/04\/O1CN01t2VgpQ1nx2WCu2NTP_1777995155-0-cib-e1763445504342.jpg\" alt=\"\" width=\"800\" height=\"800\" srcset=\"https:\/\/www.cosmepak.com\/wp-content\/uploads\/2025\/04\/O1CN01t2VgpQ1nx2WCu2NTP_1777995155-0-cib-e1763445504342.jpg 693w, https:\/\/www.cosmepak.com\/wp-content\/uploads\/2025\/04\/O1CN01t2VgpQ1nx2WCu2NTP_1777995155-0-cib-e1763445504342-300x300.jpg 300w, https:\/\/www.cosmepak.com\/wp-content\/uploads\/2025\/04\/O1CN01t2VgpQ1nx2WCu2NTP_1777995155-0-cib-e1763445504342-150x150.jpg 150w, https:\/\/www.cosmepak.com\/wp-content\/uploads\/2025\/04\/O1CN01t2VgpQ1nx2WCu2NTP_1777995155-0-cib-e1763445504342-12x12.jpg 12w, https:\/\/www.cosmepak.com\/wp-content\/uploads\/2025\/04\/O1CN01t2VgpQ1nx2WCu2NTP_1777995155-0-cib-e1763445504342-600x600.jpg 600w, https:\/\/www.cosmepak.com\/wp-content\/uploads\/2025\/04\/O1CN01t2VgpQ1nx2WCu2NTP_1777995155-0-cib-e1763445504342-100x100.jpg 100w\" sizes=\"(max-width: 800px) 100vw, 800px\" \/><\/td>\n<\/tr>\n<tr>\n<td style=\"width: 50%;\"><img loading=\"lazy\" decoding=\"async\" class=\"alignnone wp-image-3467\" src=\"https:\/\/www.cosmepak.com\/wp-content\/uploads\/2025\/04\/O1CN01uWi4TW1nx2WCu3FVx_1777995155-0-cib-1.jpg\" alt=\"\" width=\"800\" height=\"800\" srcset=\"https:\/\/www.cosmepak.com\/wp-content\/uploads\/2025\/04\/O1CN01uWi4TW1nx2WCu3FVx_1777995155-0-cib-1.jpg 586w, https:\/\/www.cosmepak.com\/wp-content\/uploads\/2025\/04\/O1CN01uWi4TW1nx2WCu3FVx_1777995155-0-cib-1-300x300.jpg 300w, https:\/\/www.cosmepak.com\/wp-content\/uploads\/2025\/04\/O1CN01uWi4TW1nx2WCu3FVx_1777995155-0-cib-1-150x150.jpg 150w, https:\/\/www.cosmepak.com\/wp-content\/uploads\/2025\/04\/O1CN01uWi4TW1nx2WCu3FVx_1777995155-0-cib-1-12x12.jpg 12w, https:\/\/www.cosmepak.com\/wp-content\/uploads\/2025\/04\/O1CN01uWi4TW1nx2WCu3FVx_1777995155-0-cib-1-100x100.jpg 100w\" sizes=\"(max-width: 800px) 100vw, 800px\" \/><\/td>\n<td style=\"width: 50%;\"><img loading=\"lazy\" decoding=\"async\" class=\"alignnone wp-image-3468\" src=\"https:\/\/www.cosmepak.com\/wp-content\/uploads\/2025\/04\/O1CN01ZQI0os1nx2WAM9ZFO_1777995155-0-cib-1.jpg\" alt=\"\" width=\"800\" height=\"800\" srcset=\"https:\/\/www.cosmepak.com\/wp-content\/uploads\/2025\/04\/O1CN01ZQI0os1nx2WAM9ZFO_1777995155-0-cib-1.jpg 790w, https:\/\/www.cosmepak.com\/wp-content\/uploads\/2025\/04\/O1CN01ZQI0os1nx2WAM9ZFO_1777995155-0-cib-1-300x300.jpg 300w, https:\/\/www.cosmepak.com\/wp-content\/uploads\/2025\/04\/O1CN01ZQI0os1nx2WAM9ZFO_1777995155-0-cib-1-150x150.jpg 150w, https:\/\/www.cosmepak.com\/wp-content\/uploads\/2025\/04\/O1CN01ZQI0os1nx2WAM9ZFO_1777995155-0-cib-1-768x768.jpg 768w, https:\/\/www.cosmepak.com\/wp-content\/uploads\/2025\/04\/O1CN01ZQI0os1nx2WAM9ZFO_1777995155-0-cib-1-12x12.jpg 12w, https:\/\/www.cosmepak.com\/wp-content\/uploads\/2025\/04\/O1CN01ZQI0os1nx2WAM9ZFO_1777995155-0-cib-1-600x600.jpg 600w, https:\/\/www.cosmepak.com\/wp-content\/uploads\/2025\/04\/O1CN01ZQI0os1nx2WAM9ZFO_1777995155-0-cib-1-100x100.jpg 100w\" sizes=\"(max-width: 800px) 100vw, 800px\" \/><\/td>\n<\/tr>\n<\/tbody>\n<\/table>\n<p>&nbsp;<\/p>\n<p>&nbsp;<\/p>\n<div><\/div>","protected":false},"excerpt":{"rendered":"<p>Chai kh\u00f4ng kh\u00ed kh\u00f4ng c\u00f3 kh\u00f4ng kh\u00ed<\/p>\n<p>M\u00f4 h\u00ecnh: JH-LW1145<\/p>\n<p>V\u1eadt li\u1ec7u s\u1ea3n ph\u1ea9m: PP<\/p>\n<p>C\u00f4ng su\u1ea5t: 30ml \/ 50ml \u0111\u1ec3 ch\u1ecdn<\/p>\n<p>Bottle Single Weight: 47.6g\/52.2g<\/p>\n<p>M\u00e0u s\u1eafc: M\u00e0u s\u1eafc r\u00f5 r\u00e0ng trong su\u1ed1t;<\/p>\n<p>Ch\u1ea5p nh\u1eadn t\u00f9y ch\u1ec9nh (b\u1ea5t k\u1ef3 m\u00e0u pantone c\u00f3 s\u1eb5n)<\/p>\n<p>Ho\u00e0n thi\u1ec7n b\u1ec1 m\u1eb7t: in m\u00e0n h\u00ecnh, d\u1eadp n\u00f3ng, gradient phun, k\u1ebft th\u00fac m\u1edd, v.v.<\/p>\n<p>MOQ: 10000pc t\u00f9y ch\u1ec9nh<\/p>\n<p>M\u1eabu: c\u00f3 s\u1eb5n m\u1eabu mi\u1ec5n ph\u00ed<\/p>\n<p>&nbsp;<\/p>\n<p>&nbsp;<\/p>","protected":false},"featured_media":1864,"comment_status":"closed","ping_status":"closed","template":"","meta":{"_acf_changed":false},"product_brand":[],"product_cat":[35],"product_tag":[40],"class_list":{"0":"post-1858","1":"product","2":"type-product","3":"status-publish","4":"has-post-thumbnail","6":"product_cat-airless-bottle","7":"product_tag-essential-oil-bottle","9":"first","10":"instock","11":"shipping-taxable","12":"product-type-simple"},"acf":[],"_links":{"self":[{"href":"https:\/\/www.cosmepak.com\/vi\/wp-json\/wp\/v2\/product\/1858","targetHints":{"allow":["GET"]}}],"collection":[{"href":"https:\/\/www.cosmepak.com\/vi\/wp-json\/wp\/v2\/product"}],"about":[{"href":"https:\/\/www.cosmepak.com\/vi\/wp-json\/wp\/v2\/types\/product"}],"replies":[{"embeddable":true,"href":"https:\/\/www.cosmepak.com\/vi\/wp-json\/wp\/v2\/comments?post=1858"}],"wp:featuredmedia":[{"embeddable":true,"href":"https:\/\/www.cosmepak.com\/vi\/wp-json\/wp\/v2\/media\/1864"}],"wp:attachment":[{"href":"https:\/\/www.cosmepak.com\/vi\/wp-json\/wp\/v2\/media?parent=1858"}],"wp:term":[{"taxonomy":"product_brand","embeddable":true,"href":"https:\/\/www.cosmepak.com\/vi\/wp-json\/wp\/v2\/product_brand?post=1858"},{"taxonomy":"product_cat","embeddable":true,"href":"https:\/\/www.cosmepak.com\/vi\/wp-json\/wp\/v2\/product_cat?post=1858"},{"taxonomy":"product_tag","embeddable":true,"href":"https:\/\/www.cosmepak.com\/vi\/wp-json\/wp\/v2\/product_tag?post=1858"}],"curies":[{"name":"WP","href":"https:\/\/api.w.org\/{rel}","templated":true}]}}