{"id":2036,"date":"2025-05-30T13:28:07","date_gmt":"2025-05-30T05:28:07","guid":{"rendered":"https:\/\/www.cosmepak.com\/?post_type=product&#038;p=2036"},"modified":"2025-12-30T13:33:22","modified_gmt":"2025-12-30T05:33:22","slug":"new-design-spherical-glass-bottle-with-dropper-jaunce","status":"publish","type":"product","link":"https:\/\/www.cosmepak.com\/vi\/product\/new-design-spherical-glass-bottle-with-dropper-jaunce\/","title":{"rendered":"Thi\u1ebft k\u1ebf m\u1edbi Chai th\u1ee7y tinh h\u00ecnh c\u1ea7u v\u1edbi Dropper \/ Jaunce"},"content":{"rendered":"<table style=\"border-collapse: collapse; width: 100%; height: 216px;\">\n<tbody>\n<tr style=\"height: 24px;\">\n<td style=\"width: 40.6929%; height: 216px;\" rowspan=\"9\"><img fetchpriority=\"high\" decoding=\"async\" class=\"alignnone size-full wp-image-2039\" src=\"https:\/\/www.cosmepak.com\/wp-content\/uploads\/2025\/05\/258.jpg\" alt=\"\" width=\"800\" height=\"800\" srcset=\"https:\/\/www.cosmepak.com\/wp-content\/uploads\/2025\/05\/258.jpg 800w, https:\/\/www.cosmepak.com\/wp-content\/uploads\/2025\/05\/258-300x300.jpg 300w, https:\/\/www.cosmepak.com\/wp-content\/uploads\/2025\/05\/258-150x150.jpg 150w, https:\/\/www.cosmepak.com\/wp-content\/uploads\/2025\/05\/258-768x768.jpg 768w, https:\/\/www.cosmepak.com\/wp-content\/uploads\/2025\/05\/258-12x12.jpg 12w, https:\/\/www.cosmepak.com\/wp-content\/uploads\/2025\/05\/258-600x600.jpg 600w, https:\/\/www.cosmepak.com\/wp-content\/uploads\/2025\/05\/258-100x100.jpg 100w\" sizes=\"(max-width: 800px) 100vw, 800px\" \/><\/td>\n<td style=\"width: 23.5109%; height: 24px; text-align: center;\">Th\u01b0\u01a1ng hi\u1ec7u<\/td>\n<td style=\"width: 35.7961%; height: 24px; text-align: center;\">\u00a0Jaunce<\/td>\n<\/tr>\n<tr style=\"height: 24px;\">\n<td style=\"width: 23.5109%; height: 24px; text-align: center;\">Dung t\u00edch<\/td>\n<td style=\"width: 35.7961%; height: 24px; text-align: center;\">30ml \/ 50ml<\/td>\n<\/tr>\n<tr style=\"height: 24px;\">\n<td style=\"width: 23.5109%; height: 24px; text-align: center;\">H\u00ecnh d\u1ea1ng<\/td>\n<td style=\"width: 35.7961%; height: 24px; text-align: center;\">h\u00ecnh c\u1ea7u<\/td>\n<\/tr>\n<tr style=\"height: 24px;\">\n<td style=\"width: 23.5109%; height: 24px; text-align: center;\">V\u1eadt li\u1ec7u<\/td>\n<td style=\"width: 35.7961%; height: 24px; text-align: center;\">Th\u1ee7y tinh<\/td>\n<\/tr>\n<tr style=\"height: 24px;\">\n<td style=\"width: 23.5109%; height: 24px; text-align: center;\">Ng\u01b0\u1eddi m\u1eabu<\/td>\n<td style=\"width: 35.7961%; height: 24px; text-align: center;\">JH-Anym30<\/td>\n<\/tr>\n<tr style=\"height: 24px;\">\n<td style=\"width: 23.5109%; height: 24px; text-align: center;\">S\u1ea3n ph\u1ea9m OEM \/ ODM<\/td>\n<td style=\"width: 35.7961%; height: 24px; text-align: center;\">Ch\u1ea5p nh\u1eadn<\/td>\n<\/tr>\n<tr style=\"height: 24px;\">\n<td style=\"width: 23.5109%; height: 24px; text-align: center;\">M\u00e0u s\u1eafc<\/td>\n<td style=\"width: 35.7961%; height: 24px; text-align: center;\">B\u1ea5t k\u1ef3 m\u00e0u parton n\u00e0o t\u00f9y ch\u1ec9nh<\/td>\n<\/tr>\n<tr style=\"height: 24px;\">\n<td style=\"width: 23.5109%; height: 24px; text-align: center;\">C\u00e1ch s\u1eed d\u1ee5ng<\/td>\n<td style=\"width: 35.7961%; height: 24px; text-align: center;\">Lotion \/ Foundation \/ kem v.v.<\/td>\n<\/tr>\n<tr style=\"height: 24px;\">\n<td style=\"width: 23.5109%; height: 24px; text-align: center;\">MOQ<\/td>\n<td style=\"width: 35.7961%; height: 24px; text-align: center;\">10000pcs<\/td>\n<\/tr>\n<\/tbody>\n<\/table>\n<table style=\"border-collapse: collapse; width: 100%; height: 192px;\">\n<tbody>\n<tr style=\"height: 24px;\">\n<td style=\"width: 12.7434%; text-align: center; height: 24px;\"><strong>Dung t\u00edch<\/strong><\/td>\n<td style=\"width: 12.5142%; text-align: center; height: 24px;\"><strong>T\u1ed5ng chi\u1ec1u cao<\/strong><\/td>\n<td style=\"width: 12.5002%; text-align: center; height: 24px;\"><strong>\u0110\u01b0\u1eddng k\u00ednh d\u01b0\u1edbi c\u00f9ng<\/strong><\/td>\n<td style=\"width: 13.1192%; text-align: center; height: 24px;\"><b>C\u00e2n n\u1eb7ng<\/b><\/td>\n<\/tr>\n<tr style=\"height: 24px;\">\n<td style=\"width: 12.7434%; text-align: center; height: 24px;\">30ml<\/td>\n<td style=\"width: 12.5142%; text-align: center; height: 24px;\">91.5mm<\/td>\n<td style=\"width: 12.5002%; text-align: center; height: 24px;\">56mm<\/td>\n<td style=\"width: 13.1192%; text-align: center; height: 24px;\">123g<\/td>\n<\/tr>\n<tr style=\"height: 24px;\">\n<td style=\"width: 12.7434%; text-align: center; height: 24px;\">50ml<\/td>\n<td style=\"width: 12.5142%; text-align: center; height: 24px;\">94mm<\/td>\n<td style=\"width: 12.5002%; text-align: center; height: 24px;\">57mm<\/td>\n<td style=\"width: 13.1192%; text-align: center; height: 24px;\">126.4g<\/td>\n<\/tr>\n<\/tbody>\n<\/table>\n<p>Ch\u00fang t\u00f4i r\u1ea5t vui m\u1eebng gi\u1edbi thi\u1ec7u cho b\u1ea1n hai th\u00f9ng ch\u1ee9a k\u00edch th\u01b0\u1edbc du l\u1ecbch ch\u1ea5t l\u01b0\u1ee3ng cao: m\u1ed9t chai gi\u1ecdt nh\u1ecf h\u00ecnh c\u1ea7u m\u00e0u \u0111\u1ecf 30 milil\u00edt v\u00e0 m\u1ed9t chai th\u1ee7y tinh l\u1ecfng tinh ch\u1ea5t sang tr\u1ecdng 50 milil\u00edt. Nh\u1eefng th\u00f9ng ch\u1ee9a n\u00e0y \u0111\u01b0\u1ee3c thi\u1ebft k\u1ebf \u0111\u1eb7c bi\u1ec7t \u0111\u1ec3 b\u1ea3o v\u1ec7 c\u00e1c s\u1ea3n ph\u1ea9m ch\u0103m s\u00f3c da qu\u00fd gi\u00e1 v\u00e0 tinh d\u1ea7u c\u1ee7a b\u1ea1n trong chuy\u1ebfn \u0111i c\u1ee7a b\u1ea1n, \u0111\u1ed3ng th\u1eddi duy tr\u00ec s\u1ef1 h\u1ea5p d\u1eabn th\u1ea9m m\u1ef9 c\u1ee7a ch\u00fang.<\/p>\n<p>H\u00ecnh d\u1ea1ng h\u00ecnh c\u1ea7u v\u00e0 m\u00e0u \u0111\u1ecf t\u01b0\u01a1i s\u00e1ng t\u1ecfa ra s\u1ef1 sang tr\u1ecdng v\u00e0 thanh l\u1ecbch. C\u00f4ng su\u1ea5t nh\u1ecf 30ml l\u00e0 ho\u00e0n h\u1ea3o cho du l\u1ecbch, ph\u00f9 h\u1ee3p d\u1ec5 d\u00e0ng v\u1edbi t\u00fai x\u00e1ch ho\u1eb7c h\u00e0nh l\u00fd c\u1ee7a b\u1ea1n. N\u00f3 \u0111\u01b0\u1ee3c l\u00e0m t\u1eeb k\u00ednh b\u1ec1n b\u1ea3o v\u1ec7 n\u1ed9i dung kh\u1ecfi \u00e1nh s\u00e1ng UV, \u0111\u1ea3m b\u1ea3o tu\u1ed5i th\u1ecd c\u1ee7a s\u1ea3n ph\u1ea9m c\u1ee7a b\u1ea1n. v\u00e0 kh\u1ed1i l\u01b0\u1ee3ng 50ml l\u00fd t\u01b0\u1edfng cho vi\u1ec7c mang serum ho\u1eb7c s\u1ea3n ph\u1ea9m ch\u0103m s\u00f3c da y\u00eau th\u00edch c\u1ee7a b\u1ea1n.<\/p>\n<p>n\u1ebfu s\u1eed d\u1ee5ng chai dropper 30ml cho tinh d\u1ea7u y\u00eau th\u00edch c\u1ee7a b\u1ea1n. M\u00e1y gi\u1ecdt ch\u00ednh x\u00e1c \u0111\u1ea3m b\u1ea3o b\u1ea1n s\u1eed d\u1ee5ng \u0111\u00fang l\u01b0\u1ee3ng. nh\u01b0ng chai 50ml l\u00e0 ho\u00e0n h\u1ea3o \u0111\u1ec3 l\u01b0u tr\u1eef v\u00e0 ph\u00e2n ph\u1ed1i huy\u1ebft thanh ch\u0103m s\u00f3c da c\u1ee7a b\u1ea1n, gi\u1eef ch\u00fang t\u01b0\u01a1i v\u00e0 hi\u1ec7u qu\u1ea3.<\/p>\n<p>K\u1ebft th\u00fac m\u00e0u \u0111\u1ecf m\u1edd cho n\u00f3 m\u1ed9t v\u1ebb ngo\u00e0i r\u1ea5t l\u1ec5 h\u1ed9i. T\u1eeb xa, n\u00f3 tr\u00f4ng gi\u1ed1ng nh\u01b0 m\u1ed9t \u0111\u00e8n l\u1ed3ng \u0111\u1ecf, v\u00e0 khi \u0111\u01b0\u1ee3c \u0111\u1eb7t tr\u00ean b\u00e0n \u0103n m\u1eb7c c\u1ee7a b\u1ea1n, n\u00f3 ngay l\u1eadp t\u1ee9c n\u1ed5i b\u1eadt v\u1edbi s\u1ef1 quy\u1ebfn r\u0169 \u0111\u1ed9c \u0111\u00e1o c\u1ee7a n\u00f3.<br \/>\nCh\u00fang t\u00f4i c\u0169ng cung c\u1ea5p m\u1ed9t lo\u1ea1t c\u00e1c lo\u1ea1i \u1ed1ng th\u1ea3 kh\u00e1c nhau \u0111\u1ec3 b\u1ea1n l\u1ef1a ch\u1ecdn \u0111\u1ec3 ph\u00f9 h\u1ee3p v\u1edbi s\u1ea3n ph\u1ea9m n\u00e0y.<\/p>\n<p>T\u1ea5t nhi\u00ean, d\u1ecbch v\u1ee5 t\u00f9y ch\u1ec9nh l\u00e0 cung c\u1ea5p c\u1ed1t l\u00f5i c\u1ee7a ch\u00fang t\u00f4i. Ch\u00fang t\u00f4i c\u00f3 th\u1ec3 t\u00f9y ch\u1ec9nh m\u00e0u s\u1eafc v\u00e0 th\u1ee7 c\u00f4ng c\u1ee7a chai th\u1ee7y tinh n\u00e0y \u0111\u1ec3 ph\u00f9 h\u1ee3p v\u1edbi th\u01b0\u01a1ng hi\u1ec7u c\u1ee7a b\u1ea1n ch\u00ednh x\u00e1c.<\/p>\n<table style=\"border-collapse: collapse; width: 100%;\">\n<tbody>\n<tr>\n<td style=\"width: 33.3333%;\"><img decoding=\"async\" class=\"alignnone size-full wp-image-3824\" src=\"https:\/\/www.cosmepak.com\/wp-content\/uploads\/2025\/05\/11.jpg\" alt=\"\" width=\"1000\" height=\"1000\" srcset=\"https:\/\/www.cosmepak.com\/wp-content\/uploads\/2025\/05\/11.jpg 1000w, https:\/\/www.cosmepak.com\/wp-content\/uploads\/2025\/05\/11-300x300.jpg 300w, https:\/\/www.cosmepak.com\/wp-content\/uploads\/2025\/05\/11-150x150.jpg 150w, https:\/\/www.cosmepak.com\/wp-content\/uploads\/2025\/05\/11-768x768.jpg 768w, https:\/\/www.cosmepak.com\/wp-content\/uploads\/2025\/05\/11-12x12.jpg 12w, https:\/\/www.cosmepak.com\/wp-content\/uploads\/2025\/05\/11-600x600.jpg 600w, https:\/\/www.cosmepak.com\/wp-content\/uploads\/2025\/05\/11-100x100.jpg 100w\" sizes=\"(max-width: 1000px) 100vw, 1000px\" \/><\/td>\n<td style=\"width: 33.3333%;\"><img decoding=\"async\" class=\"alignnone size-full wp-image-3825\" src=\"https:\/\/www.cosmepak.com\/wp-content\/uploads\/2025\/05\/21.jpg\" alt=\"\" width=\"1000\" height=\"1000\" srcset=\"https:\/\/www.cosmepak.com\/wp-content\/uploads\/2025\/05\/21.jpg 1000w, https:\/\/www.cosmepak.com\/wp-content\/uploads\/2025\/05\/21-300x300.jpg 300w, https:\/\/www.cosmepak.com\/wp-content\/uploads\/2025\/05\/21-150x150.jpg 150w, https:\/\/www.cosmepak.com\/wp-content\/uploads\/2025\/05\/21-768x768.jpg 768w, https:\/\/www.cosmepak.com\/wp-content\/uploads\/2025\/05\/21-12x12.jpg 12w, https:\/\/www.cosmepak.com\/wp-content\/uploads\/2025\/05\/21-600x600.jpg 600w, https:\/\/www.cosmepak.com\/wp-content\/uploads\/2025\/05\/21-100x100.jpg 100w\" sizes=\"(max-width: 1000px) 100vw, 1000px\" \/><\/td>\n<td style=\"width: 33.3333%;\"><img loading=\"lazy\" decoding=\"async\" class=\"alignnone size-full wp-image-3826\" src=\"https:\/\/www.cosmepak.com\/wp-content\/uploads\/2025\/05\/31.jpg\" alt=\"\" width=\"1000\" height=\"1000\" srcset=\"https:\/\/www.cosmepak.com\/wp-content\/uploads\/2025\/05\/31.jpg 1000w, https:\/\/www.cosmepak.com\/wp-content\/uploads\/2025\/05\/31-300x300.jpg 300w, https:\/\/www.cosmepak.com\/wp-content\/uploads\/2025\/05\/31-150x150.jpg 150w, https:\/\/www.cosmepak.com\/wp-content\/uploads\/2025\/05\/31-768x768.jpg 768w, https:\/\/www.cosmepak.com\/wp-content\/uploads\/2025\/05\/31-12x12.jpg 12w, https:\/\/www.cosmepak.com\/wp-content\/uploads\/2025\/05\/31-600x600.jpg 600w, https:\/\/www.cosmepak.com\/wp-content\/uploads\/2025\/05\/31-100x100.jpg 100w\" sizes=\"(max-width: 1000px) 100vw, 1000px\" \/><\/td>\n<\/tr>\n<\/tbody>\n<\/table>\n<table style=\"border-collapse: collapse; width: 100%;\">\n<tbody>\n<tr>\n<td style=\"width: 50%;\"><img loading=\"lazy\" decoding=\"async\" class=\"alignnone size-full wp-image-3827\" src=\"https:\/\/www.cosmepak.com\/wp-content\/uploads\/2025\/05\/51.jpg\" alt=\"\" width=\"1000\" height=\"1000\" srcset=\"https:\/\/www.cosmepak.com\/wp-content\/uploads\/2025\/05\/51.jpg 1000w, https:\/\/www.cosmepak.com\/wp-content\/uploads\/2025\/05\/51-300x300.jpg 300w, https:\/\/www.cosmepak.com\/wp-content\/uploads\/2025\/05\/51-150x150.jpg 150w, https:\/\/www.cosmepak.com\/wp-content\/uploads\/2025\/05\/51-768x768.jpg 768w, https:\/\/www.cosmepak.com\/wp-content\/uploads\/2025\/05\/51-12x12.jpg 12w, https:\/\/www.cosmepak.com\/wp-content\/uploads\/2025\/05\/51-600x600.jpg 600w, https:\/\/www.cosmepak.com\/wp-content\/uploads\/2025\/05\/51-100x100.jpg 100w\" sizes=\"(max-width: 1000px) 100vw, 1000px\" \/><\/td>\n<td style=\"width: 50%;\"><img loading=\"lazy\" decoding=\"async\" class=\"alignnone size-full wp-image-3828\" src=\"https:\/\/www.cosmepak.com\/wp-content\/uploads\/2025\/05\/101.jpg\" alt=\"\" width=\"1000\" height=\"1000\" srcset=\"https:\/\/www.cosmepak.com\/wp-content\/uploads\/2025\/05\/101.jpg 1000w, https:\/\/www.cosmepak.com\/wp-content\/uploads\/2025\/05\/101-300x300.jpg 300w, https:\/\/www.cosmepak.com\/wp-content\/uploads\/2025\/05\/101-150x150.jpg 150w, https:\/\/www.cosmepak.com\/wp-content\/uploads\/2025\/05\/101-768x768.jpg 768w, https:\/\/www.cosmepak.com\/wp-content\/uploads\/2025\/05\/101-12x12.jpg 12w, https:\/\/www.cosmepak.com\/wp-content\/uploads\/2025\/05\/101-600x600.jpg 600w, https:\/\/www.cosmepak.com\/wp-content\/uploads\/2025\/05\/101-100x100.jpg 100w\" sizes=\"(max-width: 1000px) 100vw, 1000px\" \/><\/td>\n<\/tr>\n<\/tbody>\n<\/table>\n<p>&nbsp;<\/p>\n<p>&nbsp;<\/p>","protected":false},"excerpt":{"rendered":"<p>V\u1eadt li\u1ec7u: th\u1ee7y tinh<\/p>\n<p>C\u00f4ng su\u1ea5t: 30ml \/ 50ml<\/p>\n<p>M\u00e0u s\u1eafc: Ch\u1ea5p nh\u1eadn t\u00f9y ch\u1ec9nh (b\u1ea5t k\u1ef3 m\u00e0u pantone n\u00e0o c\u00f3 s\u1eb5n)<\/p>\n<p>Ho\u00e0n thi\u1ec7n b\u1ec1 m\u1eb7t: in m\u00e0n h\u00ecnh, d\u1eadp n\u00f3ng, gradient phun, k\u1ebft th\u00fac m\u1edd, v.v.<\/p>\n<p>MOQ: 1000pcs \/ t\u00f9y ch\u1ec9nh 10000pcs<\/p>\n<p>M\u1eabu: c\u00f3 s\u1eb5n m\u1eabu mi\u1ec5n ph\u00ed<\/p>\n<p>&nbsp;<\/p>\n<p>&nbsp;<\/p>","protected":false},"featured_media":3829,"comment_status":"closed","ping_status":"closed","template":"","meta":{"_acf_changed":false},"product_brand":[],"product_cat":[45,19],"product_tag":[40],"class_list":{"0":"post-2036","1":"product","2":"type-product","3":"status-publish","4":"has-post-thumbnail","6":"product_cat-serum-pump-bottle","7":"product_cat-skincare-glass-bottle","8":"product_tag-essential-oil-bottle","10":"first","11":"instock","12":"shipping-taxable","13":"product-type-simple"},"acf":[],"_links":{"self":[{"href":"https:\/\/www.cosmepak.com\/vi\/wp-json\/wp\/v2\/product\/2036","targetHints":{"allow":["GET"]}}],"collection":[{"href":"https:\/\/www.cosmepak.com\/vi\/wp-json\/wp\/v2\/product"}],"about":[{"href":"https:\/\/www.cosmepak.com\/vi\/wp-json\/wp\/v2\/types\/product"}],"replies":[{"embeddable":true,"href":"https:\/\/www.cosmepak.com\/vi\/wp-json\/wp\/v2\/comments?post=2036"}],"wp:featuredmedia":[{"embeddable":true,"href":"https:\/\/www.cosmepak.com\/vi\/wp-json\/wp\/v2\/media\/3829"}],"wp:attachment":[{"href":"https:\/\/www.cosmepak.com\/vi\/wp-json\/wp\/v2\/media?parent=2036"}],"wp:term":[{"taxonomy":"product_brand","embeddable":true,"href":"https:\/\/www.cosmepak.com\/vi\/wp-json\/wp\/v2\/product_brand?post=2036"},{"taxonomy":"product_cat","embeddable":true,"href":"https:\/\/www.cosmepak.com\/vi\/wp-json\/wp\/v2\/product_cat?post=2036"},{"taxonomy":"product_tag","embeddable":true,"href":"https:\/\/www.cosmepak.com\/vi\/wp-json\/wp\/v2\/product_tag?post=2036"}],"curies":[{"name":"WP","href":"https:\/\/api.w.org\/{rel}","templated":true}]}}