{"id":2040,"date":"2025-05-30T16:16:12","date_gmt":"2025-05-30T08:16:12","guid":{"rendered":"https:\/\/www.cosmepak.com\/?post_type=product&#038;p=2040"},"modified":"2026-01-30T13:54:41","modified_gmt":"2026-01-30T05:54:41","slug":"custom-logo-30ml-round-shoulder-glass-bottle-dropper-for-skin-care-serum-jaunce","status":"publish","type":"product","link":"https:\/\/www.cosmepak.com\/vi\/product\/custom-logo-30ml-round-shoulder-glass-bottle-dropper-for-skin-care-serum-jaunce\/","title":{"rendered":"Logo t\u00f9y ch\u1ec9nh 30ml vai tr\u00f2n chai th\u1ee7y tinh Dropper cho ch\u0103m s\u00f3c da Serum \/ Jaunce"},"content":{"rendered":"<table style=\"border-collapse: collapse; width: 100%; height: 144px;\">\n<tbody>\n<tr style=\"height: 24px;\">\n<td style=\"width: 33.3333%; height: 144px;\" rowspan=\"5\"><img fetchpriority=\"high\" decoding=\"async\" class=\"alignnone size-full wp-image-3938\" src=\"https:\/\/www.cosmepak.com\/wp-content\/uploads\/2025\/05\/91-1.jpg\" alt=\"\" width=\"1000\" height=\"1000\" srcset=\"https:\/\/www.cosmepak.com\/wp-content\/uploads\/2025\/05\/91-1.jpg 1000w, https:\/\/www.cosmepak.com\/wp-content\/uploads\/2025\/05\/91-1-300x300.jpg 300w, https:\/\/www.cosmepak.com\/wp-content\/uploads\/2025\/05\/91-1-150x150.jpg 150w, https:\/\/www.cosmepak.com\/wp-content\/uploads\/2025\/05\/91-1-768x768.jpg 768w, https:\/\/www.cosmepak.com\/wp-content\/uploads\/2025\/05\/91-1-12x12.jpg 12w, https:\/\/www.cosmepak.com\/wp-content\/uploads\/2025\/05\/91-1-600x600.jpg 600w, https:\/\/www.cosmepak.com\/wp-content\/uploads\/2025\/05\/91-1-100x100.jpg 100w\" sizes=\"(max-width: 1000px) 100vw, 1000px\" \/><\/td>\n<td style=\"width: 33.122%; height: 24px; text-align: center;\">Th\u01b0\u01a1ng hi\u1ec7u<\/td>\n<td style=\"width: 33.5446%; height: 24px; text-align: center;\">Jaunce<\/td>\n<\/tr>\n<tr style=\"height: 24px;\">\n<td style=\"width: 33.122%; height: 24px; text-align: center;\">Ng\u01b0\u1eddi m\u1eabu<\/td>\n<td style=\"width: 33.5446%; height: 24px; text-align: center;\">JH-phpc3684<\/td>\n<\/tr>\n<tr style=\"height: 24px;\">\n<td style=\"width: 33.122%; height: 24px; text-align: center;\">Kh\u1ea3 n\u0103ng<\/td>\n<td style=\"width: 33.5446%; height: 24px; text-align: center;\">30ml<\/td>\n<\/tr>\n<tr style=\"height: 24px;\">\n<td style=\"width: 33.122%; height: 24px; text-align: center;\">m\u0169<\/td>\n<td style=\"width: 33.5446%; height: 24px; text-align: center;\">dropper<\/td>\n<\/tr>\n<tr style=\"height: 24px;\">\n<td style=\"width: 33.122%; height: 24px; text-align: center;\">V\u1eadt li\u1ec7u<\/td>\n<td style=\"width: 33.5446%; height: 24px; text-align: center;\">Th\u1ee7y tinh<\/td>\n<\/tr>\n<\/tbody>\n<\/table>\n<table style=\"border-collapse: collapse; width: 100%; height: 144px;\">\n<tbody>\n<tr style=\"height: 24px;\">\n<td style=\"width: 20%; text-align: center; height: 24px;\"><strong>Dung t\u00edch<\/strong><\/td>\n<td style=\"width: 20%; text-align: center; height: 24px;\"><strong>T\u1ed5ng chi\u1ec1u cao<\/strong><\/td>\n<td style=\"width: 20%; text-align: center; height: 24px;\"><strong>Chi\u1ec1u cao vai<\/strong><\/td>\n<td style=\"width: 20%; text-align: center; height: 24px;\"><strong>Dia<\/strong><\/td>\n<\/tr>\n<tr style=\"height: 24px;\">\n<td style=\"width: 20%; text-align: center; height: 24px;\">30ml<\/td>\n<td style=\"width: 20%; text-align: center; height: 24px;\">99mm<\/td>\n<td style=\"width: 20%; text-align: center; height: 24px;\">61mm<\/td>\n<td style=\"width: 20%; text-align: center; height: 24px;\">39mm<\/td>\n<\/tr>\n<\/tbody>\n<\/table>\n<p>\u0110\u00e2y l\u00e0 chai huy\u1ebft thanh c\u1ea7n thi\u1ebft v\u00f2ng vai 30ml c\u1ee7a ch\u00fang t\u00f4i, n\u00f3 \u0111\u01b0\u1ee3c ch\u1ebf t\u1ea1o tinh t\u1ebf t\u1eeb k\u00ednh b\u00f3ng trong su\u1ed1t ch\u1ea5t l\u01b0\u1ee3ng cao, c\u00f3 h\u00ecnh b\u00f3ng thanh l\u1ecbch v\u00e0 thanh l\u1ecbch b\u1ed5 sung ho\u00e0n h\u1ea3o cho c\u00e1c c\u00f4ng th\u1ee9c ch\u0103m s\u00f3c da.<\/p>\n<p>C\u1ed5 v\u00edt d\u1ec5 d\u00e0ng \u0111\u1ec3 l\u1ea5p \u0111\u1ea7y v\u00e0 thi\u1ebft k\u1ebf d\u00e0y l\u00e0 \u1ed5n \u0111\u1ecbnh h\u01a1n.<\/p>\n<p>Ch\u00fang t\u00f4i cung c\u1ea5p t\u00f9y ch\u1ec9nh m\u00e0u s\u1eafc linh ho\u1ea1t \u0111\u1ec3 ph\u00f9 h\u1ee3p v\u1edbi nhu c\u1ea7u th\u01b0\u01a1ng hi\u1ec7u c\u1ee7a b\u1ea1n: b\u1ea1n c\u00f3 th\u1ec3 ch\u1ecdn m\u00e0u s\u1eafc trong su\u1ed1t nh\u01b0 h\u1ed5 th\u1ea1ch trong su\u1ed1t (l\u00fd t\u01b0\u1edfng \u0111\u1ec3 b\u1ea3o v\u1ec7 c\u00e1c th\u00e0nh ph\u1ea7n nh\u1ea1y c\u1ea3m v\u1edbi \u00e1nh s\u00e1ng) v\u00e0 m\u00e0u x\u00e1m trong su\u1ed1t, ho\u1eb7c ch\u1ecdn m\u00e0u r\u1eafn. B\u1ea5t k\u1ef3 m\u00e0u Pantone n\u00e0o s\u1ebd ch\u1ea5p nh\u1eadn. Nh\u1eefng m\u00e0u s\u1eafc r\u1eafn n\u00e0y kh\u00f4ng ch\u1ec9 th\u00eam m\u1ed9t phong c\u00e1ch th\u1ecb gi\u00e1c \u0111\u1ed9c \u0111\u00e1o m\u00e0 c\u00f2n cung c\u1ea5p hi\u1ec7u su\u1ea5t ch\u1eb7n \u00e1nh s\u00e1ng t\u1ed1t h\u01a1n, b\u1ea3o t\u1ed3n hi\u1ec7u qu\u1ea3 ho\u1ea1t \u0111\u1ed9ng c\u1ee7a c\u00e1c th\u00e0nh ph\u1ea7n ho\u1ea1t \u0111\u1ed9ng trong huy\u1ebft thanh c\u1ee7a b\u1ea1n. Ch\u00fang t\u00f4i c\u0169ng h\u1ed7 tr\u1ee3 d\u1ecbch v\u1ee5 d\u00e1n nh\u00e3n, d\u1ecbch v\u1ee5 in v\u00edt l\u1ee5a, d\u1eadp n\u00f3ng vv thi\u1ebft k\u1ebf quy tr\u00ecnh \u0111\u1eb7c bi\u1ec7t.<\/p>\n<p>Chai n\u00e0y ph\u00f9 h\u1ee3p ho\u00e0n h\u1ea3o v\u1edbi c\u1ed5 \u00e1o th\u1ea3 nh\u1ef1a to\u00e0n m\u00e0u \u0111en ho\u1eb7c to\u00e0n m\u00e0u tr\u1eafng. Nh\u1eefng m\u00e1y gi\u1ecdt n\u00e0y c\u00e2n b\u1eb1ng s\u1ef1 h\u1ea5p d\u1eabn th\u1ea9m m\u1ef9 v\u00e0 t\u00ednh th\u1ef1c t\u1ebf, cho ph\u00e9p ph\u00e2n ph\u1ed1i huy\u1ebft thanh ch\u00ednh x\u00e1c, kh\u00f4ng h\u1ed7n lo\u1ea1n. Thi\u1ebft k\u1ebf dropper d\u1ec5 s\u1eed d\u1ee5ng v\u00e0 v\u1ec7 sinh. \u0110\u1ea7u silicone r\u1ea5t d\u1ec5 \u00e9p. \u0110\u1ed1i v\u1edbi c\u00e1c th\u01b0\u01a1ng hi\u1ec7u cao c\u1ea5p theo \u0111u\u1ed5i tr\u1ea3i nghi\u1ec7m \u0111\u00f3ng g\u00f3i sang tr\u1ecdng h\u01a1n, ch\u00fang t\u00f4i c\u0169ng cung c\u1ea5p c\u00e1c m\u00e1y th\u1ea3 nh\u00f4m m\u1ea1 \u0111i\u1ec7n t\u00f9y ch\u1ec9nh (m\u00e0u v\u00e0ng nh\u00f4m, m\u00e0u b\u1ea1c nh\u00f4m, m\u00e0u v\u00e0ng h\u1ed3ng nh\u00f4m) - nh\u1eefng th\u1ee9 n\u00e0y n\u00e2ng cao t\u00e2m tr\u1ea1ng cao c\u1ea5p t\u1ed5ng th\u1ec3 c\u1ee7a s\u1ea3n ph\u1ea9m c\u1ee7a b\u1ea1n.<\/p>\n<p>Chai n\u00e0y kh\u00f4ng ch\u1ec9 c\u00f3 th\u1ec3 s\u1eeda ch\u1eefa v\u1edbi droppers, ch\u00fang t\u00f4i c\u0169ng c\u00f3 th\u1ec3 h\u1ed7 tr\u1ee3 c\u00e1c chai v\u1edbi n\u1eafp v\u00edt, b\u01a1m lotion vv. M\u1ed9t lo\u1ea1t c\u00e1c ph\u1ee5 ki\u1ec7n c\u00f3 s\u1eb5n \u0111\u1ec3 l\u1ef1a ch\u1ecdn, v\u00e0 lu\u00f4n c\u00f3 m\u1ed9t ph\u00f9 h\u1ee3p v\u1edbi thi\u1ebft k\u1ebf th\u01b0\u01a1ng hi\u1ec7u c\u1ee7a b\u1ea1n.<\/p>\n<p>\u0110\u1ec3 s\u1eafp x\u1ebfp chai v\u1edbi b\u1ea3n s\u1eafc th\u01b0\u01a1ng hi\u1ec7u c\u1ee7a b\u1ea1n, ch\u00fang t\u00f4i c\u0169ng cung c\u1ea5p d\u1eadp v\u00e0ng, d\u1eadp b\u1ea1c, k\u1ebft th\u00fac b\u0103ng, in m\u00e0n l\u1ee5a v\u00e0 m\u1ea1 \u0111i\u1ec7n. M\u1ed7i k\u1ef9 thu\u1eadt c\u00f3 th\u1ec3 \u0111\u01b0\u1ee3c \u0111i\u1ec1u ch\u1ec9nh \u0111\u1ec3 hi\u1ec3n th\u1ecb logo th\u01b0\u01a1ng hi\u1ec7u, th\u00f4ng tin s\u1ea3n ph\u1ea9m ho\u1eb7c c\u00e1c y\u1ebfu t\u1ed1 thi\u1ebft k\u1ebf \u0111\u1ed9c \u0111\u00e1o c\u1ee7a b\u1ea1n. Ngo\u00e0i ra, ch\u00fang t\u00f4i cung c\u1ea5p d\u1ecbch v\u1ee5 d\u00e1n nh\u00e3n chuy\u00ean nghi\u1ec7p \u0111\u1ec3 gi\u00fap b\u1ea1n \u0111\u1ea1t \u0111\u01b0\u1ee3c m\u1ed9t c\u00e1i nh\u00ecn \u0111\u00f3ng g\u00f3i \u0111\u00e1nh b\u00f3ng, g\u1eafn k\u1ebft.<\/p>\n<p>Ch\u00fang t\u00f4i c\u0169ng cung c\u1ea5p m\u1ed9t lo\u1ea1t c\u00e1c k\u00edch th\u01b0\u1edbc chai \/ s\u1ed1 l\u01b0\u1ee3ng cho b\u1ea1n l\u1ef1a ch\u1ecdn. Ch\u00fang t\u00f4i c\u0169ng c\u00f3 th\u1ec3 cung c\u1ea5p d\u1ecbch v\u1ee5 m\u1ed9t c\u1eeda \u0111\u1ec3 ti\u1ebft ki\u1ec7m th\u1eddi gian c\u1ee7a b\u1ea1n. Ch\u1ecdn Jaunce, tin t\u01b0\u1edfng Jaunce. H\u00e3y&#8217; l\u00e0m vi\u1ec7c c\u00f9ng nhau \u0111\u1ec3 th\u00e0nh c\u00f4ng l\u1eabn nhau.<\/p>\n<table style=\"border-collapse: collapse; width: 100%;\">\n<tbody>\n<tr>\n<td style=\"width: 33.3333%;\"><img decoding=\"async\" class=\"alignnone size-full wp-image-3939\" src=\"https:\/\/www.cosmepak.com\/wp-content\/uploads\/2025\/05\/71-1.jpg\" alt=\"\" width=\"1000\" height=\"1000\" srcset=\"https:\/\/www.cosmepak.com\/wp-content\/uploads\/2025\/05\/71-1.jpg 1000w, https:\/\/www.cosmepak.com\/wp-content\/uploads\/2025\/05\/71-1-300x300.jpg 300w, https:\/\/www.cosmepak.com\/wp-content\/uploads\/2025\/05\/71-1-150x150.jpg 150w, https:\/\/www.cosmepak.com\/wp-content\/uploads\/2025\/05\/71-1-768x768.jpg 768w, https:\/\/www.cosmepak.com\/wp-content\/uploads\/2025\/05\/71-1-12x12.jpg 12w, https:\/\/www.cosmepak.com\/wp-content\/uploads\/2025\/05\/71-1-600x600.jpg 600w, https:\/\/www.cosmepak.com\/wp-content\/uploads\/2025\/05\/71-1-100x100.jpg 100w\" sizes=\"(max-width: 1000px) 100vw, 1000px\" \/><\/td>\n<td style=\"width: 33.3333%;\"><img decoding=\"async\" class=\"alignnone size-full wp-image-3940\" src=\"https:\/\/www.cosmepak.com\/wp-content\/uploads\/2025\/05\/61-1.jpg\" alt=\"\" width=\"1000\" height=\"1000\" srcset=\"https:\/\/www.cosmepak.com\/wp-content\/uploads\/2025\/05\/61-1.jpg 1000w, https:\/\/www.cosmepak.com\/wp-content\/uploads\/2025\/05\/61-1-300x300.jpg 300w, https:\/\/www.cosmepak.com\/wp-content\/uploads\/2025\/05\/61-1-150x150.jpg 150w, https:\/\/www.cosmepak.com\/wp-content\/uploads\/2025\/05\/61-1-768x768.jpg 768w, https:\/\/www.cosmepak.com\/wp-content\/uploads\/2025\/05\/61-1-12x12.jpg 12w, https:\/\/www.cosmepak.com\/wp-content\/uploads\/2025\/05\/61-1-600x600.jpg 600w, https:\/\/www.cosmepak.com\/wp-content\/uploads\/2025\/05\/61-1-100x100.jpg 100w\" sizes=\"(max-width: 1000px) 100vw, 1000px\" \/><\/td>\n<td style=\"width: 33.3333%;\"><img loading=\"lazy\" decoding=\"async\" class=\"alignnone size-full wp-image-3941\" src=\"https:\/\/www.cosmepak.com\/wp-content\/uploads\/2025\/05\/51-1.jpg\" alt=\"\" width=\"1000\" height=\"1000\" srcset=\"https:\/\/www.cosmepak.com\/wp-content\/uploads\/2025\/05\/51-1.jpg 1000w, https:\/\/www.cosmepak.com\/wp-content\/uploads\/2025\/05\/51-1-300x300.jpg 300w, https:\/\/www.cosmepak.com\/wp-content\/uploads\/2025\/05\/51-1-150x150.jpg 150w, https:\/\/www.cosmepak.com\/wp-content\/uploads\/2025\/05\/51-1-768x768.jpg 768w, https:\/\/www.cosmepak.com\/wp-content\/uploads\/2025\/05\/51-1-12x12.jpg 12w, https:\/\/www.cosmepak.com\/wp-content\/uploads\/2025\/05\/51-1-600x600.jpg 600w, https:\/\/www.cosmepak.com\/wp-content\/uploads\/2025\/05\/51-1-100x100.jpg 100w\" sizes=\"(max-width: 1000px) 100vw, 1000px\" \/><\/td>\n<\/tr>\n<\/tbody>\n<\/table>\n<table style=\"border-collapse: collapse; width: 100%;\">\n<tbody>\n<tr>\n<td style=\"width: 50%;\"><img loading=\"lazy\" decoding=\"async\" class=\"alignnone size-full wp-image-3942\" src=\"https:\/\/www.cosmepak.com\/wp-content\/uploads\/2025\/05\/41-1.jpg\" alt=\"\" width=\"1000\" height=\"1000\" srcset=\"https:\/\/www.cosmepak.com\/wp-content\/uploads\/2025\/05\/41-1.jpg 1000w, https:\/\/www.cosmepak.com\/wp-content\/uploads\/2025\/05\/41-1-300x300.jpg 300w, https:\/\/www.cosmepak.com\/wp-content\/uploads\/2025\/05\/41-1-150x150.jpg 150w, https:\/\/www.cosmepak.com\/wp-content\/uploads\/2025\/05\/41-1-768x768.jpg 768w, https:\/\/www.cosmepak.com\/wp-content\/uploads\/2025\/05\/41-1-12x12.jpg 12w, https:\/\/www.cosmepak.com\/wp-content\/uploads\/2025\/05\/41-1-600x600.jpg 600w, https:\/\/www.cosmepak.com\/wp-content\/uploads\/2025\/05\/41-1-100x100.jpg 100w\" sizes=\"(max-width: 1000px) 100vw, 1000px\" \/><\/td>\n<td style=\"width: 50%;\"><img loading=\"lazy\" decoding=\"async\" class=\"alignnone size-full wp-image-3943\" src=\"https:\/\/www.cosmepak.com\/wp-content\/uploads\/2025\/05\/31-1.jpg\" alt=\"\" width=\"1000\" height=\"1000\" srcset=\"https:\/\/www.cosmepak.com\/wp-content\/uploads\/2025\/05\/31-1.jpg 1000w, https:\/\/www.cosmepak.com\/wp-content\/uploads\/2025\/05\/31-1-300x300.jpg 300w, https:\/\/www.cosmepak.com\/wp-content\/uploads\/2025\/05\/31-1-150x150.jpg 150w, https:\/\/www.cosmepak.com\/wp-content\/uploads\/2025\/05\/31-1-768x768.jpg 768w, https:\/\/www.cosmepak.com\/wp-content\/uploads\/2025\/05\/31-1-12x12.jpg 12w, https:\/\/www.cosmepak.com\/wp-content\/uploads\/2025\/05\/31-1-600x600.jpg 600w, https:\/\/www.cosmepak.com\/wp-content\/uploads\/2025\/05\/31-1-100x100.jpg 100w\" sizes=\"(max-width: 1000px) 100vw, 1000px\" \/><\/td>\n<\/tr>\n<\/tbody>\n<\/table>","protected":false},"excerpt":{"rendered":"<p>V\u1eadt li\u1ec7u chai: th\u1ee7y tinh<\/p>\n<p>V\u1eadt li\u1ec7u gi\u1edbi h\u1ea1n: PP<\/p>\n<p>C\u00f4ng su\u1ea5t: 1ml \/ 2ml \/ 3ml \/ 4ml \/ 5ml<\/p>\n<p>M\u00e0u s\u1eafc: T\u00f9y ch\u1ec9nh (b\u1ea5t k\u1ef3 m\u00e0u pantone n\u00e0o c\u00f3 s\u1eb5n)<\/p>\n<p>B\u1ec1 m\u1eb7t ho\u00e0n thi\u1ec7n: In m\u00e0n h\u00ecnh, s\u01b0\u01a1ng gi\u00e1, d\u1eadp n\u00f3ng, gradient phun, k\u1ebft th\u00fac m\u1edd, v.v.<\/p>\n<p>MOQ: 5000pcs;<\/p>\n<p>&nbsp;<\/p>","protected":false},"featured_media":3944,"comment_status":"open","ping_status":"closed","template":"","meta":{"_acf_changed":false},"product_brand":[],"product_cat":[15,58,45],"product_tag":[],"class_list":{"0":"post-2040","1":"product","2":"type-product","3":"status-publish","4":"has-post-thumbnail","6":"product_cat-essential-oil-bottle","7":"product_cat-glass-essential-oil-bottle","8":"product_cat-serum-pump-bottle","10":"first","11":"instock","12":"shipping-taxable","13":"product-type-simple"},"acf":[],"_links":{"self":[{"href":"https:\/\/www.cosmepak.com\/vi\/wp-json\/wp\/v2\/product\/2040","targetHints":{"allow":["GET"]}}],"collection":[{"href":"https:\/\/www.cosmepak.com\/vi\/wp-json\/wp\/v2\/product"}],"about":[{"href":"https:\/\/www.cosmepak.com\/vi\/wp-json\/wp\/v2\/types\/product"}],"replies":[{"embeddable":true,"href":"https:\/\/www.cosmepak.com\/vi\/wp-json\/wp\/v2\/comments?post=2040"}],"wp:featuredmedia":[{"embeddable":true,"href":"https:\/\/www.cosmepak.com\/vi\/wp-json\/wp\/v2\/media\/3944"}],"wp:attachment":[{"href":"https:\/\/www.cosmepak.com\/vi\/wp-json\/wp\/v2\/media?parent=2040"}],"wp:term":[{"taxonomy":"product_brand","embeddable":true,"href":"https:\/\/www.cosmepak.com\/vi\/wp-json\/wp\/v2\/product_brand?post=2040"},{"taxonomy":"product_cat","embeddable":true,"href":"https:\/\/www.cosmepak.com\/vi\/wp-json\/wp\/v2\/product_cat?post=2040"},{"taxonomy":"product_tag","embeddable":true,"href":"https:\/\/www.cosmepak.com\/vi\/wp-json\/wp\/v2\/product_tag?post=2040"}],"curies":[{"name":"WP","href":"https:\/\/api.w.org\/{rel}","templated":true}]}}