{"id":2073,"date":"2025-09-08T11:07:18","date_gmt":"2025-09-08T03:07:18","guid":{"rendered":"https:\/\/www.cosmepak.com\/?post_type=product&#038;p=2073"},"modified":"2025-09-08T11:07:18","modified_gmt":"2025-09-08T03:07:18","slug":"lipglosstube-4","status":"publish","type":"product","link":"https:\/\/www.cosmepak.com\/vi\/product\/lipglosstube-4\/","title":{"rendered":"M\u00f4i b\u00f3ng \u1ed1ng-phim ho\u1ea1t h\u00ecnh son m\u00f4i \u1ed1ng \/ Jaunce # 2"},"content":{"rendered":"<table style=\"border-collapse: collapse; width: 100%; height: 216px;\">\n<tbody>\n<tr style=\"height: 24px;\">\n<td style=\"width: 24.7995%; height: 24px;\">Th\u01b0\u01a1ng hi\u1ec7u<\/td>\n<td style=\"width: 75.2005%; height: 24px;\">\u00a0Jaunce<\/td>\n<\/tr>\n<tr style=\"height: 24px;\">\n<td style=\"width: 24.7995%; height: 24px;\">Dung t\u00edch<\/td>\n<td style=\"width: 75.2005%; height: 24px;\">3.5g<\/td>\n<\/tr>\n<tr style=\"height: 24px;\">\n<td style=\"width: 24.7995%; height: 24px;\">H\u00ecnh d\u1ea1ng<\/td>\n<td style=\"width: 75.2005%; height: 24px;\">Tr\u00f2n<\/td>\n<\/tr>\n<tr style=\"height: 24px;\">\n<td style=\"width: 24.7995%; height: 24px;\">K\u00edch c\u1ee1<\/td>\n<td style=\"width: 75.2005%; height: 24px;\">26*79mm<\/td>\n<\/tr>\n<tr style=\"height: 24px;\">\n<td style=\"width: 24.7995%; height: 24px;\">Ph\u00f9 h\u1ee3p<\/td>\n<td style=\"width: 75.2005%; height: 24px;\">\u00a0N\u1eafp<\/td>\n<\/tr>\n<tr style=\"height: 24px;\">\n<td style=\"width: 24.7995%; height: 24px;\">Ng\u01b0\u1eddi m\u1eabu<\/td>\n<td style=\"width: 75.2005%; height: 24px;\">JH-JZ-3321#<\/td>\n<\/tr>\n<tr style=\"height: 24px;\">\n<td style=\"width: 24.7995%; height: 24px;\">S\u1ea3n ph\u1ea9m OEM \/ ODM<\/td>\n<td style=\"width: 75.2005%; height: 24px;\">Ch\u1ea5p nh\u1eadn<\/td>\n<\/tr>\n<tr style=\"height: 24px;\">\n<td style=\"width: 24.7995%; height: 24px;\">M\u00e0u s\u1eafc<\/td>\n<td style=\"width: 75.2005%; height: 24px;\">T\u00f9y ch\u1ec9nh<\/td>\n<\/tr>\n<tr style=\"height: 24px;\">\n<td style=\"width: 24.7995%; height: 24px;\">MOQ<\/td>\n<td style=\"width: 75.2005%; height: 24px;\">10000pcs<\/td>\n<\/tr>\n<\/tbody>\n<\/table>\n<p><img fetchpriority=\"high\" decoding=\"async\" class=\"alignnone size-full wp-image-1444\" src=\"https:\/\/www.cosmepak.com\/wp-content\/uploads\/2025\/03\/photobank-1-2.png\" alt=\"\" width=\"678\" height=\"377\" srcset=\"https:\/\/www.cosmepak.com\/wp-content\/uploads\/2025\/03\/photobank-1-2.png 678w, https:\/\/www.cosmepak.com\/wp-content\/uploads\/2025\/03\/photobank-1-2-300x167.png 300w, https:\/\/www.cosmepak.com\/wp-content\/uploads\/2025\/03\/photobank-1-2-600x334.png 600w\" sizes=\"(max-width: 678px) 100vw, 678px\" \/><img decoding=\"async\" class=\"alignnone size-full wp-image-1445\" src=\"https:\/\/www.cosmepak.com\/wp-content\/uploads\/2025\/03\/photobank-2-2.png\" alt=\"\" width=\"660\" height=\"497\" srcset=\"https:\/\/www.cosmepak.com\/wp-content\/uploads\/2025\/03\/photobank-2-2.png 660w, https:\/\/www.cosmepak.com\/wp-content\/uploads\/2025\/03\/photobank-2-2-300x226.png 300w, https:\/\/www.cosmepak.com\/wp-content\/uploads\/2025\/03\/photobank-2-2-600x452.png 600w\" sizes=\"(max-width: 660px) 100vw, 660px\" \/><\/p>\n<p>&nbsp;<\/p>\n<p>&nbsp;<\/p>\n<p>&nbsp;<\/p>\n<p>&nbsp;<\/p>\n<p><img decoding=\"async\" class=\"alignnone wp-image-1343 size-full\" src=\"https:\/\/www.cosmepak.com\/wp-content\/uploads\/2024\/12\/\u5fae\u4fe1\u56fe\u7247_20250213141726.jpg\" alt=\"\" width=\"1920\" height=\"919\" srcset=\"https:\/\/www.cosmepak.com\/wp-content\/uploads\/2024\/12\/\u5fae\u4fe1\u56fe\u7247_20250213141726.jpg 1920w, https:\/\/www.cosmepak.com\/wp-content\/uploads\/2024\/12\/\u5fae\u4fe1\u56fe\u7247_20250213141726-300x144.jpg 300w, https:\/\/www.cosmepak.com\/wp-content\/uploads\/2024\/12\/\u5fae\u4fe1\u56fe\u7247_20250213141726-1024x490.jpg 1024w, https:\/\/www.cosmepak.com\/wp-content\/uploads\/2024\/12\/\u5fae\u4fe1\u56fe\u7247_20250213141726-768x368.jpg 768w, https:\/\/www.cosmepak.com\/wp-content\/uploads\/2024\/12\/\u5fae\u4fe1\u56fe\u7247_20250213141726-1536x735.jpg 1536w, https:\/\/www.cosmepak.com\/wp-content\/uploads\/2024\/12\/\u5fae\u4fe1\u56fe\u7247_20250213141726-600x287.jpg 600w\" sizes=\"(max-width: 1920px) 100vw, 1920px\" \/><\/p>\n<h2 id=\"cute-onion-head-doll-multi-color-childrens-lip-balm-tube---color-changing-lip-balm-shell\" class=\"ai-center-markdown-h2\" data-spm-anchor-id=\"a2700.29482153.0.i4.554071d2cgx89y\">D\u1ec5 th\u01b0\u01a1ng b\u00fap b\u00ea \u0111\u1ea7u h\u00e0nh t\u00e2y \u0111a m\u00e0u tr\u1ebb em&#8217; s m\u00f4i Balm \u1ed1ng &#8211; Thay \u0111\u1ed5i m\u00e0u s\u1eafc Lip Balm Shell<\/h2>\n<h3 id=\"introduction\" class=\"ai-center-markdown-h3\">Gi\u1edbi thi\u1ec7u<\/h3>\n<p class=\"ai-center-markdown-p\">Trong th\u1ebf gi\u1edbi tr\u1ebb em&#8217; m\u1ef9 ph\u1ea9m, s\u1ef1 s\u00e1ng t\u1ea1o v\u00e0 ni\u1ec1m vui l\u00e0 \u0111i\u1ec1u c\u1ea7n thi\u1ebft \u0111\u1ec3 thu h\u00fat s\u1ef1 quan t\u00e2m v\u00e0 tr\u00ed t\u01b0\u1edfng t\u01b0\u1ee3ng c\u1ee7a ng\u01b0\u1eddi d\u00f9ng tr\u1ebb. B\u00fap b\u00ea \u0111\u1ea7u h\u00e0nh h\u1ea1t d\u1ec5 th\u01b0\u01a1ng \u0111a m\u00e0u tr\u1ebb em&#8217; Lip Balm Tube l\u00e0 m\u1ed9t v\u00ed d\u1ee5 ho\u00e0n h\u1ea3o v\u1ec1 c\u00e1ch thi\u1ebft k\u1ebf s\u00e1ng t\u1ea1o v\u00e0 ch\u1ee9c n\u0103ng c\u00f3 th\u1ec3 k\u1ebft h\u1ee3p v\u1edbi nhau \u0111\u1ec3 t\u1ea1o ra m\u1ed9t s\u1ea3n ph\u1ea9m th\u00fa v\u1ecb cho tr\u1ebb em. V\u1ecf balsam m\u00f4i thay \u0111\u1ed5i m\u00e0u s\u1eafc n\u00e0y kh\u00f4ng ch\u1ec9 th\u1ef1c t\u1ebf m\u00e0 c\u00f2n r\u1ea5t h\u1ea5p d\u1eabn cho tr\u1ebb em. H\u00e3y kh\u00e1m ph\u00e1 c\u00e1c t\u00ednh n\u0103ng v\u00e0 l\u1ee3i \u00edch c\u1ee7a s\u1ea3n ph\u1ea9m \u0111\u1ed9c \u0111\u00e1o n\u00e0y.<\/p>\n<h3 id=\"features\" class=\"ai-center-markdown-h3\">T\u00ednh n\u0103ng<\/h3>\n<ol class=\"ai-center-markdown-ol\" start=\"1\">\n<li class=\"ai-center-markdown-li\">\n<p class=\"ai-center-markdown-p\"><strong class=\"ai-center-markdown-strong\">Thi\u1ebft k\u1ebf \u0111\u00e1ng y\u00eau<\/strong>: \u1ed1ng balsam m\u00f4i \u0111\u01b0\u1ee3c thi\u1ebft k\u1ebf theo h\u00ecnh d\u1ea1ng m\u1ed9t b\u00fap b\u00ea \u0111\u1ea7u h\u00e0nh t\u00e2y d\u1ec5 th\u01b0\u01a1ng, l\u00e0m cho n\u00f3 h\u1ea5p d\u1eabn tr\u1ef1c quan v\u00e0 th\u00fa v\u1ecb cho tr\u1ebb em s\u1eed d\u1ee5ng. Thi\u1ebft k\u1ebf vui ch\u01a1i khuy\u1ebfn kh\u00edch tr\u1ebb em ch\u0103m s\u00f3c m\u00f4i c\u1ee7a h\u1ecd trong khi t\u1eadn h\u01b0\u1edfng qu\u00e1 tr\u00ecnh.<\/p>\n<\/li>\n<li class=\"ai-center-markdown-li\">\n<p class=\"ai-center-markdown-p\"><strong class=\"ai-center-markdown-strong\">T\u00f9y ch\u1ecdn \u0111a m\u00e0u<\/strong>C\u00f3 s\u1eb5n trong m\u1ed9t lo\u1ea1t c\u00e1c m\u00e0u s\u1eafc s\u00f4i \u0111\u1ed9ng, \u1ed1ng balsam m\u00f4i n\u00e0y ph\u1ee5c v\u1ee5 c\u00e1c s\u1edf th\u00edch kh\u00e1c nhau v\u00e0 cho ph\u00e9p tr\u1ebb em ch\u1ecdn m\u00e0u s\u1eafc y\u00eau th\u00edch c\u1ee7a h\u1ecd. C\u00e1c t\u00f9y ch\u1ecdn \u0111a m\u00e0u c\u0169ng l\u00e0m cho n\u00f3 tr\u1edf th\u00e0nh m\u1ed9t m\u1eb7t h\u00e0ng s\u01b0u t\u1eadp tuy\u1ec7t v\u1eddi.<\/p>\n<\/li>\n<li class=\"ai-center-markdown-li\">\n<p class=\"ai-center-markdown-p\"><strong class=\"ai-center-markdown-strong\">C\u00f4ng ngh\u1ec7 thay \u0111\u1ed5i m\u00e0u s\u1eafc<\/strong>M\u1ed9t trong nh\u1eefng t\u00ednh n\u0103ng n\u1ed5i b\u1eadt c\u1ee7a \u1ed1ng b\u0103n m\u00f4i n\u00e0y l\u00e0 c\u00f4ng ngh\u1ec7 thay \u0111\u1ed5i m\u00e0u s\u1eafc c\u1ee7a n\u00f3. Khi \u00e1p d\u1ee5ng, balsam thay \u0111\u1ed5i m\u00e0u s\u1eafc d\u1ef1a tr\u00ean m\u1ee9c pH c\u1ee7a m\u00f4i, cung c\u1ea5p m\u1ed9t tr\u1ea3i nghi\u1ec7m c\u00e1 nh\u00e2n v\u00e0 ma thu\u1eadt cho ng\u01b0\u1eddi d\u00f9ng.<\/p>\n<\/li>\n<li class=\"ai-center-markdown-li\">\n<p class=\"ai-center-markdown-p\"><strong class=\"ai-center-markdown-strong\">An to\u00e0n v\u00e0 kh\u00f4ng \u0111\u1ed9c h\u1ea1i<\/strong>: V\u1ecf balsam m\u00f4i \u0111\u01b0\u1ee3c l\u00e0m t\u1eeb v\u1eadt li\u1ec7u ch\u1ea5t l\u01b0\u1ee3ng cao, kh\u00f4ng \u0111\u1ed9c h\u1ea1i, \u0111\u1ea3m b\u1ea3o an to\u00e0n cho tr\u1ebb em s\u1eed d\u1ee5ng. Cha m\u1eb9 c\u00f3 th\u1ec3 y\u00ean t\u00e2m r\u1eb1ng con c\u00e1i c\u1ee7a h\u1ecd \u0111ang s\u1eed d\u1ee5ng m\u1ed9t s\u1ea3n ph\u1ea9m \u0111\u00e1p \u1ee9ng c\u00e1c ti\u00eau chu\u1ea9n an to\u00e0n.<\/p>\n<\/li>\n<li class=\"ai-center-markdown-li\">\n<p class=\"ai-center-markdown-p\"><strong class=\"ai-center-markdown-strong\">Compact v\u00e0 di \u0111\u1ed9ng<\/strong>K\u00edch th\u01b0\u1edbc nh\u1ecf c\u1ee7a \u1ed1ng d\u01b0\u1ee1ng m\u00f4i l\u00e0m cho n\u00f3 d\u1ec5 d\u00e0ng \u0111\u1ec3 mang xung quanh, cho d\u00f9 n\u00f3 l\u00e0 trong t\u00fai tr\u01b0\u1eddng h\u1ecdc, t\u00fai ho\u1eb7c v\u00ed. N\u00f3 thu\u1eadn ti\u1ec7n \u0111\u1ec3 s\u1eed d\u1ee5ng tr\u00ean \u0111\u01b0\u1eddng \u0111i, cho ph\u00e9p tr\u1ebb em gi\u1eef cho m\u00f4i c\u1ee7a h\u1ecd \u1ea9m b\u1ea5t c\u1ee9 l\u00fac n\u00e0o, b\u1ea5t c\u1ee9 n\u01a1i n\u00e0o.<\/p>\n<\/li>\n<\/ol>\n<h3 id=\"benefits\" class=\"ai-center-markdown-h3\">L\u1ee3i \u00edch<\/h3>\n<ol class=\"ai-center-markdown-ol\" start=\"1\">\n<li class=\"ai-center-markdown-li\">\n<p class=\"ai-center-markdown-p\"><strong class=\"ai-center-markdown-strong\">Khuy\u1ebfn kh\u00edch ch\u0103m s\u00f3c m\u00f4i<\/strong>: B\u1eb1ng c\u00e1ch l\u00e0m cho ch\u0103m s\u00f3c m\u00f4i vui v\u1ebb v\u00e0 h\u1ea5p d\u1eabn, s\u1ea3n ph\u1ea9m n\u00e0y khuy\u1ebfn kh\u00edch tr\u1ebb em ph\u00e1t tri\u1ec3n th\u00f3i quen t\u1ed1t s\u1edbm. Thi\u1ebft k\u1ebf d\u1ec5 th\u01b0\u01a1ng v\u00e0 t\u00ednh n\u0103ng thay \u0111\u1ed5i m\u00e0u s\u1eafc l\u00e0m cho vi\u1ec7c \u00e1p d\u1ee5ng balsam m\u00f4i tr\u1edf th\u00e0nh m\u1ed9t ho\u1ea1t \u0111\u1ed9ng th\u00fa v\u1ecb.<\/p>\n<\/li>\n<li class=\"ai-center-markdown-li\">\n<p class=\"ai-center-markdown-p\"><strong class=\"ai-center-markdown-strong\">T\u0103ng c\u01b0\u1eddng s\u1ef1 s\u00e1ng t\u1ea1o v\u00e0 tr\u00ed t\u01b0\u1edfng t\u01b0\u1ee3ng<\/strong>Thi\u1ebft k\u1ebf vui ch\u01a1i c\u1ee7a b\u00fap b\u00ea \u0111\u1ea7u h\u00e0nh t\u00e2y truy\u1ec1n c\u1ea3m h\u1ee9ng cho s\u1ef1 s\u00e1ng t\u1ea1o v\u00e0 tr\u00ed t\u01b0\u1edfng t\u01b0\u1ee3ng \u1edf tr\u1ebb em. N\u00f3 kh\u00f4ng ch\u1ec9 l\u00e0 m\u1ed9t balsam m\u00f4i; \u0110\u00f3 l\u00e0 m\u1ed9t m\u00f3n \u0111\u1ed3 ch\u01a1i g\u00e2y ni\u1ec1m vui v\u00e0 t\u00f2 m\u00f2.<\/p>\n<\/li>\n<li class=\"ai-center-markdown-li\">\n<p class=\"ai-center-markdown-p\"><strong class=\"ai-center-markdown-strong\">Tr\u1ea3i nghi\u1ec7m c\u00e1 nh\u00e2n<\/strong>Kh\u00eda c\u1ea1nh thay \u0111\u1ed5i m\u00e0u s\u1eafc c\u1ee7a balsam m\u00f4i cung c\u1ea5p m\u1ed9t tr\u1ea3i nghi\u1ec7m \u0111\u1ed9c \u0111\u00e1o v\u00e0 c\u00e1 nh\u00e2n h\u00f3a cho m\u1ed7i ng\u01b0\u1eddi d\u00f9ng. Tr\u1ebb em s\u1ebd th\u00edch nh\u00ecn th\u1ea5y ma thu\u1eadt c\u1ee7a s\u1ef1 thay \u0111\u1ed5i m\u00e0u s\u1eafc v\u00e0 c\u1ea3m th\u1ea5y \u0111\u1eb7c bi\u1ec7t v\u1edbi m\u00e0u m\u00f4i t\u00f9y ch\u1ec9nh c\u1ee7a h\u1ecd.<\/p>\n<\/li>\n<li class=\"ai-center-markdown-li\">\n<p class=\"ai-center-markdown-p\"><strong class=\"ai-center-markdown-strong\">\u00dd t\u01b0\u1edfng qu\u00e0 t\u1eb7ng tuy\u1ec7t v\u1eddi<\/strong>: \u1ed1ng balsam m\u00f4i n\u00e0y l\u00e0m cho m\u1ed9t m\u00f3n qu\u00e0 tuy\u1ec7t v\u1eddi cho sinh nh\u1eadt, ng\u00e0y l\u1ec5, ho\u1eb7c b\u1ea5t k\u1ef3 d\u1ecbp \u0111\u1eb7c bi\u1ec7t n\u00e0o. Thi\u1ebft k\u1ebf h\u1ea5p d\u1eabn v\u00e0 ch\u1ee9c n\u0103ng c\u1ee7a n\u00f3 l\u00e0m cho n\u00f3 m\u1ed9t hit trong s\u1ed1 tr\u1ebb em.<\/p>\n<\/li>\n<\/ol>\n<h3 id=\"conclusion\" class=\"ai-center-markdown-h3\">K\u1ebft lu\u1eadn<\/h3>\n<p class=\"ai-center-markdown-p\">B\u00fap b\u00ea \u0111\u1ea7u h\u00e0nh h\u1ea1t d\u1ec5 th\u01b0\u01a1ng \u0111a m\u00e0u tr\u1ebb em&#8217; Lip Balm Tube l\u00e0 m\u1ed9t s\u1ea3n ph\u1ea9m tuy\u1ec7t v\u1eddi k\u1ebft h\u1ee3p ni\u1ec1m vui, ch\u1ee9c n\u0103ng v\u00e0 an to\u00e0n. Thi\u1ebft k\u1ebf \u0111\u00e1ng y\u00eau c\u1ee7a n\u00f3, c\u00f4ng ngh\u1ec7 thay \u0111\u1ed5i m\u00e0u s\u1eafc v\u00e0 c\u00e1c l\u1ef1a ch\u1ecdn \u0111a m\u00e0u s\u1eafc l\u00e0m cho n\u00f3 l\u00e0 m\u1ed9t must-have cho tr\u1ebb em. B\u1eb1ng c\u00e1ch khuy\u1ebfn kh\u00edch th\u00f3i quen ch\u0103m s\u00f3c m\u00f4i t\u1ed1t v\u00e0 k\u00edch th\u00edch s\u1ef1 s\u00e1ng t\u1ea1o, \u1ed1ng b\u0103n m\u00f4i n\u00e0y kh\u00f4ng ch\u1ec9 l\u00e0 m\u1ed9t s\u1ea3n ph\u1ea9m m\u1ef9 ph\u1ea9m; \u0110\u00f3 l\u00e0 m\u1ed9t ngu\u1ed3n ni\u1ec1m vui v\u00e0 s\u1ef1 k\u1ef3 di\u1ec7u cho tr\u1ebb em.<\/p>\n<p><img loading=\"lazy\" decoding=\"async\" class=\"alignnone size-full wp-image-1347\" src=\"https:\/\/www.cosmepak.com\/wp-content\/uploads\/2024\/12\/\u9996\u987519202_03.jpg\" alt=\"\" width=\"1920\" height=\"885\" srcset=\"https:\/\/www.cosmepak.com\/wp-content\/uploads\/2024\/12\/\u9996\u987519202_03.jpg 1920w, https:\/\/www.cosmepak.com\/wp-content\/uploads\/2024\/12\/\u9996\u987519202_03-300x138.jpg 300w, https:\/\/www.cosmepak.com\/wp-content\/uploads\/2024\/12\/\u9996\u987519202_03-1024x472.jpg 1024w, https:\/\/www.cosmepak.com\/wp-content\/uploads\/2024\/12\/\u9996\u987519202_03-768x354.jpg 768w, https:\/\/www.cosmepak.com\/wp-content\/uploads\/2024\/12\/\u9996\u987519202_03-1536x708.jpg 1536w, https:\/\/www.cosmepak.com\/wp-content\/uploads\/2024\/12\/\u9996\u987519202_03-600x277.jpg 600w\" sizes=\"(max-width: 1920px) 100vw, 1920px\" \/> <img loading=\"lazy\" decoding=\"async\" class=\"alignnone size-full wp-image-1348\" src=\"https:\/\/www.cosmepak.com\/wp-content\/uploads\/2024\/12\/\u9996\u987519202_04.jpg\" alt=\"\" width=\"1920\" height=\"694\" srcset=\"https:\/\/www.cosmepak.com\/wp-content\/uploads\/2024\/12\/\u9996\u987519202_04.jpg 1920w, https:\/\/www.cosmepak.com\/wp-content\/uploads\/2024\/12\/\u9996\u987519202_04-300x108.jpg 300w, https:\/\/www.cosmepak.com\/wp-content\/uploads\/2024\/12\/\u9996\u987519202_04-1024x370.jpg 1024w, https:\/\/www.cosmepak.com\/wp-content\/uploads\/2024\/12\/\u9996\u987519202_04-768x278.jpg 768w, https:\/\/www.cosmepak.com\/wp-content\/uploads\/2024\/12\/\u9996\u987519202_04-1536x555.jpg 1536w, https:\/\/www.cosmepak.com\/wp-content\/uploads\/2024\/12\/\u9996\u987519202_04-600x217.jpg 600w\" sizes=\"(max-width: 1920px) 100vw, 1920px\" \/><\/p>\n<p><img loading=\"lazy\" decoding=\"async\" class=\"alignnone size-full wp-image-1350\" src=\"https:\/\/www.cosmepak.com\/wp-content\/uploads\/2024\/12\/\u9996\u987519202_05-1.jpg\" alt=\"\" width=\"1920\" height=\"970\" srcset=\"https:\/\/www.cosmepak.com\/wp-content\/uploads\/2024\/12\/\u9996\u987519202_05-1.jpg 1920w, https:\/\/www.cosmepak.com\/wp-content\/uploads\/2024\/12\/\u9996\u987519202_05-1-300x152.jpg 300w, https:\/\/www.cosmepak.com\/wp-content\/uploads\/2024\/12\/\u9996\u987519202_05-1-1024x517.jpg 1024w, https:\/\/www.cosmepak.com\/wp-content\/uploads\/2024\/12\/\u9996\u987519202_05-1-768x388.jpg 768w, https:\/\/www.cosmepak.com\/wp-content\/uploads\/2024\/12\/\u9996\u987519202_05-1-1536x776.jpg 1536w, https:\/\/www.cosmepak.com\/wp-content\/uploads\/2024\/12\/\u9996\u987519202_05-1-600x303.jpg 600w\" sizes=\"(max-width: 1920px) 100vw, 1920px\" \/><\/p>\n<p><img loading=\"lazy\" decoding=\"async\" class=\"alignnone wp-image-1351\" src=\"https:\/\/www.cosmepak.com\/wp-content\/uploads\/2024\/12\/\u7269\u6d41\u8fd0\u8f93\u753b\u9762-2.jpg\" alt=\"\" width=\"1424\" height=\"1068\" srcset=\"https:\/\/www.cosmepak.com\/wp-content\/uploads\/2024\/12\/\u7269\u6d41\u8fd0\u8f93\u753b\u9762-2.jpg 800w, https:\/\/www.cosmepak.com\/wp-content\/uploads\/2024\/12\/\u7269\u6d41\u8fd0\u8f93\u753b\u9762-2-300x225.jpg 300w, https:\/\/www.cosmepak.com\/wp-content\/uploads\/2024\/12\/\u7269\u6d41\u8fd0\u8f93\u753b\u9762-2-768x576.jpg 768w, https:\/\/www.cosmepak.com\/wp-content\/uploads\/2024\/12\/\u7269\u6d41\u8fd0\u8f93\u753b\u9762-2-600x450.jpg 600w\" sizes=\"(max-width: 1424px) 100vw, 1424px\" \/><\/p>\n<table style=\"border-collapse: collapse; width: 100%; height: 144px;\">\n<tbody>\n<tr style=\"height: 24px;\">\n<td style=\"width: 33.3333%; text-align: center; height: 24px;\"><span style=\"font-size: 14pt;\"><strong>Th\u1ec3 hi\u1ec7n<\/strong><\/span><\/td>\n<td style=\"width: 33.3333%; text-align: center; height: 24px;\"><span style=\"font-size: 14pt;\"><strong>V\u1eadn chuy\u1ec3n h\u00e0ng kh\u00f4ng<\/strong><\/span><\/td>\n<td style=\"width: 33.3333%; text-align: center; height: 24px;\"><span style=\"font-size: 14pt;\"><strong>V\u1eadn chuy\u1ec3n bi\u1ec3n<\/strong><\/span><\/td>\n<\/tr>\n<tr style=\"height: 24px;\">\n<td style=\"width: 33.3333%; text-align: center; height: 24px;\">Ch\u00e2u \u00c2u 4-6 ng\u00e0y<\/td>\n<td style=\"width: 33.3333%; text-align: center; height: 24px;\">Ch\u00e2u \u00c2u 4-6 ng\u00e0y<\/td>\n<td style=\"width: 33.3333%; text-align: center; height: 24px;\">Ch\u00e2u \u00c2u 25-35 ng\u00e0y<\/td>\n<\/tr>\n<tr style=\"height: 24px;\">\n<td style=\"width: 33.3333%; text-align: center; height: 24px;\">Morth M\u1ef9 4-6 ng\u00e0y<\/td>\n<td style=\"width: 33.3333%; text-align: center; height: 24px;\">Morth M\u1ef9 4-6 ng\u00e0y<\/td>\n<td style=\"width: 33.3333%; text-align: center; height: 24px;\">Morth M\u1ef9 25-35 ng\u00e0y<\/td>\n<\/tr>\n<tr style=\"height: 24px;\">\n<td style=\"width: 33.3333%; text-align: center; height: 24px;\">\u0110\u00f4ng Nam \u00c1 3-5 ng\u00e0y<\/td>\n<td style=\"width: 33.3333%; text-align: center; height: 24px;\">\u0110\u00f4ng Nam \u00c1 3-5 ng\u00e0y<\/td>\n<td style=\"width: 33.3333%; text-align: center; height: 24px;\">\u0110\u00f4ng Nam \u00c1 25-35 ng\u00e0y<\/td>\n<\/tr>\n<tr style=\"height: 24px;\">\n<td style=\"width: 33.3333%; text-align: center; height: 24px;\">Trung \u0110\u00f4ng 4-6 ng\u00e0y<\/td>\n<td style=\"width: 33.3333%; text-align: center; height: 24px;\">Trung \u0110\u00f4ng 4-6 ng\u00e0y<\/td>\n<td style=\"width: 33.3333%; text-align: center; height: 24px;\">Trung \u0110\u00f4ng 25-35 ng\u00e0y<\/td>\n<\/tr>\n<tr style=\"height: 24px;\">\n<td style=\"width: 33.3333%; text-align: center; height: 24px;\">Nam Phi 5-8 ng\u00e0y<\/td>\n<td style=\"width: 33.3333%; text-align: center; height: 24px;\">Nam Phi 5-8 ng\u00e0y<\/td>\n<td style=\"width: 33.3333%; text-align: center; height: 24px;\">Nam Phi 25-35 ng\u00e0y<\/td>\n<\/tr>\n<\/tbody>\n<\/table>\n<p><span style=\"font-size: 14pt;\"><strong>C\u00e2u h\u1ecfi th\u01b0\u1eddng g\u1eb7p:\u00a0<\/strong><\/span><\/p>\n<h3 id=\"why-should-you-buy-from-us-instead-of-other-suppliers\" class=\"ai-center-markdown-h3\">T\u1ea1i sao b\u1ea1n n\u00ean mua t\u1eeb ch\u00fang t\u00f4i thay v\u00ec c\u00e1c nh\u00e0 cung c\u1ea5p kh\u00e1c?<\/h3>\n<ol class=\"ai-center-markdown-ol\" start=\"1\">\n<li class=\"ai-center-markdown-li\"><strong class=\"ai-center-markdown-strong\">Thi\u1ebft k\u1ebf t\u00f9y ch\u1ec9nh trong 3 ph\u00fat<\/strong>Ch\u00fang t\u00f4i cung c\u1ea5p d\u1ecbch v\u1ee5 thi\u1ebft k\u1ebf nhanh ch\u00f3ng ph\u00f9 h\u1ee3p v\u1edbi nhu c\u1ea7u c\u1ee7a b\u1ea1n.<\/li>\n<li class=\"ai-center-markdown-li\"><strong class=\"ai-center-markdown-strong\">D\u1ecbch v\u1ee5 tr\u1ef1c tuy\u1ebfn 24\/7<\/strong>\u0110\u1ed9i ng\u0169 c\u1ee7a ch\u00fang t\u00f4i s\u1eb5n s\u00e0ng 24 gi\u1edd \u0111\u1ec3 h\u1ed7 tr\u1ee3 b\u1ea1n.<\/li>\n<li class=\"ai-center-markdown-li\"><strong class=\"ai-center-markdown-strong\">Giao h\u00e0ng m\u1eabu nhanh<\/strong>: M\u1eabu c\u1ed5 phi\u1ebfu c\u00f3 s\u1eb5n trong 7 ng\u00e0y, v\u00e0 m\u1eabu in t\u00f9y ch\u1ec9nh trong 15 ng\u00e0y.<\/li>\n<li class=\"ai-center-markdown-li\"><strong class=\"ai-center-markdown-strong\">Th\u1eddi gian d\u1eabn nhanh<\/strong>S\u1ea3n xu\u1ea5t hi\u1ec7u qu\u1ea3 v\u1edbi th\u1eddi gian d\u1eabn ch\u1ec9 35 ng\u00e0y.<\/li>\n<li class=\"ai-center-markdown-li\"><strong class=\"ai-center-markdown-strong\">Nh\u00e0 s\u1ea3n xu\u1ea5t c\u00f3 kinh nghi\u1ec7m<\/strong>H\u01a1n 10 n\u0103m chuy\u00ean m\u00f4n trong \u0111\u00f3ng g\u00f3i m\u1ef9 ph\u1ea9m.<\/li>\n<li class=\"ai-center-markdown-li\"><strong class=\"ai-center-markdown-strong\">B\u00e1n h\u00e0ng tr\u1ef1c ti\u1ebfp nh\u00e0 m\u00e1y<\/strong>: Cung c\u1ea5p gi\u00e1 v\u00e0 d\u1ecbch v\u1ee5 t\u1ed1t nh\u1ea5t tr\u1ef1c ti\u1ebfp t\u1eeb nh\u00e0 m\u00e1y c\u1ee7a ch\u00fang t\u00f4i.<\/li>\n<li class=\"ai-center-markdown-li\"><strong class=\"ai-center-markdown-strong\">Gi\u1ea3i ph\u00e1p One-Stop<\/strong>: Gi\u1ea3i ph\u00e1p to\u00e0n di\u1ec7n cho t\u1ea5t c\u1ea3 nhu c\u1ea7u \u0111\u00f3ng g\u00f3i m\u1ef9 ph\u1ea9m c\u1ee7a b\u1ea1n.<\/li>\n<\/ol>\n<h3 id=\"who-are-we\" class=\"ai-center-markdown-h3\">Ch\u00fang t\u00f4i l\u00e0 ai?<\/h3>\n<p class=\"ai-center-markdown-p\">Ch\u00fang t\u00f4i l\u00e0 m\u1ed9t c\u00f4ng ty c\u00f3 tr\u1ee5 s\u1edf t\u1ea1i Trung Qu\u1ed1c \u0111\u01b0\u1ee3c th\u00e0nh l\u1eadp v\u00e0o n\u0103m 2014. C\u00e1c th\u1ecb tr\u01b0\u1eddng ch\u00ednh c\u1ee7a ch\u00fang t\u00f4i bao g\u1ed3m:<\/p>\n<ul class=\"ai-center-markdown-ul\">\n<li class=\"ai-center-markdown-li\">Th\u1ecb tr\u01b0\u1eddng n\u1ed9i \u0111\u1ecba: 70.00%<\/li>\n<li class=\"ai-center-markdown-li\">Ch\u00e2u \u0110\u1ea1i D\u01b0\u01a1ng: 8.00%<\/li>\n<li class=\"ai-center-markdown-li\">Trung \u0110\u00f4ng: 7.00%<\/li>\n<li class=\"ai-center-markdown-li\">\u0110\u00f4ng \u00c1: 2.00%<\/li>\n<li class=\"ai-center-markdown-li\">B\u1eafc M\u1ef9: 2.00%<\/li>\n<li class=\"ai-center-markdown-li\">T\u00e2y \u00c2u: 2.00%<\/li>\n<li class=\"ai-center-markdown-li\">\u0110\u00f4ng Nam \u00c1: 2.00%<\/li>\n<li class=\"ai-center-markdown-li\">Nam \u00c1: 1.00%<\/li>\n<li class=\"ai-center-markdown-li\">Nam M\u1ef9: 1,00%<\/li>\n<li class=\"ai-center-markdown-li\">Ch\u00e2u \u00c2u: 1,00%<\/li>\n<li class=\"ai-center-markdown-li\">Trung M\u1ef9: 1.00%<\/li>\n<li class=\"ai-center-markdown-li\">B\u1eafc \u00c2u: 1,00%<\/li>\n<li class=\"ai-center-markdown-li\">Ch\u00e2u Phi: 1.00%<\/li>\n<li class=\"ai-center-markdown-li\">\u0110\u00f4ng \u00c2u: 1.00%<\/li>\n<\/ul>\n<h3 id=\"how-can-we-guarantee-quality\" class=\"ai-center-markdown-h3\">L\u00e0m th\u1ebf n\u00e0o \u0111\u1ec3 \u0111\u1ea3m b\u1ea3o ch\u1ea5t l\u01b0\u1ee3ng?<\/h3>\n<ul class=\"ai-center-markdown-ul\">\n<li class=\"ai-center-markdown-li\"><strong class=\"ai-center-markdown-strong\">M\u1eabu tr\u01b0\u1edbc s\u1ea3n xu\u1ea5t<\/strong>: Ch\u00fang t\u00f4i lu\u00f4n cung c\u1ea5p m\u1ed9t m\u1eabu tr\u01b0\u1edbc khi s\u1ea3n xu\u1ea5t h\u00e0ng lo\u1ea1t.<\/li>\n<li class=\"ai-center-markdown-li\"><strong class=\"ai-center-markdown-strong\">Ki\u1ec3m tra cu\u1ed1i c\u00f9ng<\/strong>M\u1ed7i l\u00f4 h\u00e0ng tr\u1ea3i qua ki\u1ec3m tra cu\u1ed1i c\u00f9ng k\u1ef9 l\u01b0\u1ee1ng.<\/li>\n<\/ul>\n<h3 id=\"what-can-you-buy-from-us\" class=\"ai-center-markdown-h3\">B\u1ea1n c\u00f3 th\u1ec3 mua g\u00ec t\u1eeb ch\u00fang t\u00f4i?<\/h3>\n<ul class=\"ai-center-markdown-ul\">\n<li class=\"ai-center-markdown-li\">Chai th\u1ee7y tinh<\/li>\n<li class=\"ai-center-markdown-li\">Chai nh\u1ef1a \/ l\u1ecd \/ \u1ed1ng<\/li>\n<li class=\"ai-center-markdown-li\">Chai nh\u00f4m \/ l\u1ecd \/ \u1ed1ng<\/li>\n<li class=\"ai-center-markdown-li\">C\u00e1c v\u1eadt li\u1ec7u \u0111\u00f3ng g\u00f3i m\u1ef9 ph\u1ea9m kh\u00e1c<\/li>\n<\/ul>\n<h3 id=\"what-services-can-we-provide\" class=\"ai-center-markdown-h3\">Ch\u00fang t\u00f4i c\u00f3 th\u1ec3 cung c\u1ea5p d\u1ecbch v\u1ee5 g\u00ec?<\/h3>\n<ul class=\"ai-center-markdown-ul\">\n<li class=\"ai-center-markdown-li\"><strong class=\"ai-center-markdown-strong\">\u0110i\u1ec1u kho\u1ea3n giao h\u00e0ng \u0111\u01b0\u1ee3c ch\u1ea5p nh\u1eadn<\/strong>S\u1ea3n ph\u1ea9m: FOB, CFR, CIF<\/li>\n<li class=\"ai-center-markdown-li\"><strong class=\"ai-center-markdown-strong\">Ti\u1ec1n t\u1ec7 thanh to\u00e1n \u0111\u01b0\u1ee3c ch\u1ea5p nh\u1eadn<\/strong>\u0110\u1ed3ng USD, EUR, HKD, CNY<\/li>\n<li class=\"ai-center-markdown-li\"><strong class=\"ai-center-markdown-strong\">Lo\u1ea1i thanh to\u00e1n \u0111\u01b0\u1ee3c ch\u1ea5p nh\u1eadn<\/strong>S\u1ed1 l\u01b0\u1ee3ng: T \/ T, L \/ C, D \/ P, D \/ A<\/li>\n<\/ul>","protected":false},"excerpt":{"rendered":"<p>V\u1eadt li\u1ec7u: ABS<\/p>\n<p>Capacity: 3.5g<\/p>\n<p>K\u00edch th\u01b0\u1edbc: 79*26mm<\/p>\n<p>M\u00e0u s\u1eafc: Ch\u1ea5p nh\u1eadn t\u00f9y ch\u1ec9nh (b\u1ea5t k\u1ef3 m\u00e0u pantone n\u00e0o c\u00f3 s\u1eb5n)<\/p>\n<p>Ho\u00e0n thi\u1ec7n b\u1ec1 m\u1eb7t: in m\u00e0n h\u00ecnh, d\u1eadp n\u00f3ng, ho\u00e0n thi\u1ec7n m\u1edd, v.v.<\/p>\n<p>MOQ: 10000pcs<\/p>\n<p>M\u1eabu: c\u00f3 s\u1eb5n m\u1eabu mi\u1ec5n ph\u00ed<\/p>\n<p>&nbsp;<\/p>\n<p>&nbsp;<\/p>","protected":false},"featured_media":1446,"comment_status":"closed","ping_status":"closed","template":"","meta":{"_acf_changed":false},"product_brand":[],"product_cat":[36],"product_tag":[39],"class_list":{"0":"post-2073","1":"product","2":"type-product","3":"status-publish","4":"has-post-thumbnail","6":"product_cat-makeup","7":"product_tag-makeup","9":"first","10":"instock","11":"shipping-taxable","12":"product-type-simple"},"acf":[],"_links":{"self":[{"href":"https:\/\/www.cosmepak.com\/vi\/wp-json\/wp\/v2\/product\/2073","targetHints":{"allow":["GET"]}}],"collection":[{"href":"https:\/\/www.cosmepak.com\/vi\/wp-json\/wp\/v2\/product"}],"about":[{"href":"https:\/\/www.cosmepak.com\/vi\/wp-json\/wp\/v2\/types\/product"}],"replies":[{"embeddable":true,"href":"https:\/\/www.cosmepak.com\/vi\/wp-json\/wp\/v2\/comments?post=2073"}],"wp:featuredmedia":[{"embeddable":true,"href":"https:\/\/www.cosmepak.com\/vi\/wp-json\/wp\/v2\/media\/1446"}],"wp:attachment":[{"href":"https:\/\/www.cosmepak.com\/vi\/wp-json\/wp\/v2\/media?parent=2073"}],"wp:term":[{"taxonomy":"product_brand","embeddable":true,"href":"https:\/\/www.cosmepak.com\/vi\/wp-json\/wp\/v2\/product_brand?post=2073"},{"taxonomy":"product_cat","embeddable":true,"href":"https:\/\/www.cosmepak.com\/vi\/wp-json\/wp\/v2\/product_cat?post=2073"},{"taxonomy":"product_tag","embeddable":true,"href":"https:\/\/www.cosmepak.com\/vi\/wp-json\/wp\/v2\/product_tag?post=2073"}],"curies":[{"name":"WP","href":"https:\/\/api.w.org\/{rel}","templated":true}]}}