{"id":2088,"date":"2025-06-06T17:30:22","date_gmt":"2025-06-06T09:30:22","guid":{"rendered":"https:\/\/www.cosmepak.com\/?post_type=product&#038;p=2088"},"modified":"2025-12-30T14:50:22","modified_gmt":"2025-12-30T06:50:22","slug":"30ml-40ml-100ml-120ml-day-vuong-bottomed-san-pham-cham-soc-da-chai-thuy-tinh-trong-kho","status":"publish","type":"product","link":"https:\/\/www.cosmepak.com\/vi\/product\/30ml-40ml-100ml-120ml-square-thick-bottomed-skin-care-product-glass-bottles-in-stock\/","title":{"rendered":"30ml 40ml 100ml 120ml S\u1ea3n ph\u1ea9m ch\u0103m s\u00f3c da d\u00e0y \u0111\u00e1y Chai th\u1ee7y tinh trong kho \/ Jaunce"},"content":{"rendered":"<table style=\"border-collapse: collapse; width: 100%; height: 216px;\">\n<tbody>\n<tr style=\"height: 24px;\">\n<td style=\"width: 40.6929%; height: 216px;\" rowspan=\"9\"><img fetchpriority=\"high\" decoding=\"async\" class=\"alignnone size-full wp-image-2568\" src=\"https:\/\/www.cosmepak.com\/wp-content\/uploads\/2025\/06\/\u4e3b\u56fe-7.jpg\" alt=\"chai kem\" width=\"1000\" height=\"1000\" srcset=\"https:\/\/www.cosmepak.com\/wp-content\/uploads\/2025\/06\/\u4e3b\u56fe-7.jpg 1000w, https:\/\/www.cosmepak.com\/wp-content\/uploads\/2025\/06\/\u4e3b\u56fe-7-300x300.jpg 300w, https:\/\/www.cosmepak.com\/wp-content\/uploads\/2025\/06\/\u4e3b\u56fe-7-150x150.jpg 150w, https:\/\/www.cosmepak.com\/wp-content\/uploads\/2025\/06\/\u4e3b\u56fe-7-768x768.jpg 768w, https:\/\/www.cosmepak.com\/wp-content\/uploads\/2025\/06\/\u4e3b\u56fe-7-12x12.jpg 12w, https:\/\/www.cosmepak.com\/wp-content\/uploads\/2025\/06\/\u4e3b\u56fe-7-600x600.jpg 600w, https:\/\/www.cosmepak.com\/wp-content\/uploads\/2025\/06\/\u4e3b\u56fe-7-100x100.jpg 100w\" sizes=\"(max-width: 1000px) 100vw, 1000px\" \/><\/td>\n<td style=\"width: 23.5109%; height: 24px; text-align: center;\">Th\u01b0\u01a1ng hi\u1ec7u<\/td>\n<td style=\"width: 35.7961%; height: 24px; text-align: center;\">\u00a0Jaunce<\/td>\n<\/tr>\n<tr style=\"height: 24px;\">\n<td style=\"width: 23.5109%; height: 24px; text-align: center;\">Dung t\u00edch<\/td>\n<td style=\"width: 35.7961%; height: 24px; text-align: center;\">30ml \/ 40ml \/ 100ml \/ 120ml \/ 30g \/ 50g<\/td>\n<\/tr>\n<tr style=\"height: 24px;\">\n<td style=\"width: 23.5109%; height: 24px; text-align: center;\">H\u00ecnh d\u1ea1ng<\/td>\n<td style=\"width: 35.7961%; height: 24px; text-align: center;\">Qu\u1ea3ng tr\u01b0\u1eddng<\/td>\n<\/tr>\n<tr style=\"height: 24px;\">\n<td style=\"width: 23.5109%; height: 24px; text-align: center;\">V\u1eadt li\u1ec7u<\/td>\n<td style=\"width: 35.7961%; height: 24px; text-align: center;\">Th\u1ee7y tinh<\/td>\n<\/tr>\n<tr style=\"height: 24px;\">\n<td style=\"width: 23.5109%; height: 24px; text-align: center;\">Ng\u01b0\u1eddi m\u1eabu<\/td>\n<td style=\"width: 35.7961%; height: 24px; text-align: center;\">S\u1ea3n ph\u1ea9m JH-YJY230<\/td>\n<\/tr>\n<tr style=\"height: 24px;\">\n<td style=\"width: 23.5109%; height: 24px; text-align: center;\">S\u1ea3n ph\u1ea9m OEM \/ ODM<\/td>\n<td style=\"width: 35.7961%; height: 24px; text-align: center;\">Ch\u1ea5p nh\u1eadn<\/td>\n<\/tr>\n<tr style=\"height: 24px;\">\n<td style=\"width: 23.5109%; height: 24px; text-align: center;\">M\u00e0u s\u1eafc<\/td>\n<td style=\"width: 35.7961%; height: 24px; text-align: center;\">B\u1ea5t k\u1ef3 m\u00e0u parton n\u00e0o t\u00f9y ch\u1ec9nh<\/td>\n<\/tr>\n<tr style=\"height: 24px;\">\n<td style=\"width: 23.5109%; height: 24px; text-align: center;\">C\u00e1ch s\u1eed d\u1ee5ng<\/td>\n<td style=\"width: 35.7961%; height: 24px; text-align: center;\">Lotion \/ Foundation \/ kem v.v.<\/td>\n<\/tr>\n<tr style=\"height: 24px;\">\n<td style=\"width: 23.5109%; height: 24px; text-align: center;\">MOQ<\/td>\n<td style=\"width: 35.7961%; height: 24px; text-align: center;\">3000pcs trong su\u1ed1t, t\u00f9y ch\u1ec9nh 10000pcs<\/td>\n<\/tr>\n<\/tbody>\n<\/table>\n<table style=\"border-collapse: collapse; width: 100%; height: 168px;\">\n<tbody>\n<tr style=\"height: 24px;\">\n<td style=\"width: 11.8491%; text-align: center; height: 24px;\"><strong>M\u1ee5c<\/strong><\/td>\n<td style=\"width: 13.1117%; text-align: center; height: 24px;\"><strong>Dung t\u00edch<\/strong><\/td>\n<td style=\"width: 14.6772%; text-align: center; height: 24px;\"><strong>\u0110\u01b0\u1eddng k\u00ednh<\/strong><\/td>\n<td style=\"width: 12.8016%; text-align: center; height: 24px;\"><strong>Chi\u1ec1u cao vai<\/strong><\/td>\n<td style=\"width: 12.6561%; text-align: center; height: 24px;\"><strong>T\u1ed5ng chi\u1ec1u cao<\/strong><\/td>\n<\/tr>\n<tr style=\"height: 24px;\">\n<td style=\"width: 11.8491%; text-align: center; height: 24px;\">S\u1ea3n ph\u1ea9m JH-YJY230-SH1003<\/td>\n<td style=\"width: 13.1117%; text-align: center; height: 24px;\">20g<\/td>\n<td style=\"width: 14.6772%; text-align: center; height: 24px;\">51mm<\/td>\n<td style=\"width: 12.8016%; text-align: center; height: 24px;\">15 mm<\/td>\n<td style=\"width: 12.6561%; text-align: center; height: 24px;\">39mm<\/td>\n<\/tr>\n<tr style=\"height: 24px;\">\n<td style=\"width: 11.8491%; text-align: center; height: 24px;\">S\u1ea3n ph\u1ea9m JH-YJY230-SH1002<\/td>\n<td style=\"width: 13.1117%; text-align: center; height: 24px;\">50g<\/td>\n<td style=\"width: 14.6772%; text-align: center; height: 24px;\">68mm<\/td>\n<td style=\"width: 12.8016%; text-align: center; height: 24px;\">20 mm<\/td>\n<td style=\"width: 12.6561%; text-align: center; height: 24px;\">47mm<\/td>\n<\/tr>\n<tr style=\"height: 24px;\">\n<td style=\"width: 11.8491%; text-align: center; height: 24px;\">JH-YJY230-SH2019<\/td>\n<td style=\"width: 13.1117%; text-align: center; height: 24px;\">30ml<\/td>\n<td style=\"width: 14.6772%; text-align: center; height: 24px;\">35mm<\/td>\n<td style=\"width: 12.8016%; text-align: center; height: 24px;\">55mm<\/td>\n<td style=\"width: 12.6561%; text-align: center; height: 24px;\">109mm<\/td>\n<\/tr>\n<tr style=\"height: 24px;\">\n<td style=\"width: 11.8491%; text-align: center; height: 24px;\">JH-YJY230-SH2018<\/td>\n<td style=\"width: 13.1117%; text-align: center; height: 24px;\">40ml<\/td>\n<td style=\"width: 14.6772%; text-align: center; height: 24px;\">35mm<\/td>\n<td style=\"width: 12.8016%; text-align: center; height: 24px;\">65mm<\/td>\n<td style=\"width: 12.6561%; text-align: center; height: 24px;\">122mm<\/td>\n<\/tr>\n<tr style=\"height: 24px;\">\n<td style=\"width: 11.8491%; text-align: center; height: 24px;\">JH-YJY230-SH2017<\/td>\n<td style=\"width: 13.1117%; text-align: center; height: 24px;\">100ml<\/td>\n<td style=\"width: 14.6772%; text-align: center; height: 24px;\">40mm<\/td>\n<td style=\"width: 12.8016%; text-align: center; height: 24px;\">110mm<\/td>\n<td style=\"width: 12.6561%; text-align: center; height: 24px;\">170mm<\/td>\n<\/tr>\n<tr style=\"height: 24px;\">\n<td style=\"width: 11.8491%; text-align: center; height: 24px;\">JH-YJY230-SH2016<\/td>\n<td style=\"width: 13.1117%; text-align: center; height: 24px;\">120ml<\/td>\n<td style=\"width: 14.6772%; text-align: center; height: 24px;\">40mm<\/td>\n<td style=\"width: 12.8016%; text-align: center; height: 24px;\">130mm<\/td>\n<td style=\"width: 12.6561%; text-align: center; height: 24px;\">191mm<\/td>\n<\/tr>\n<\/tbody>\n<\/table>\n<p>B\u1ed9 chai th\u1ee7y tinh ch\u0103m s\u00f3c da d\u00e0y vu\u00f4ng n\u00e0y. B\u1ed9 \u0111a n\u0103ng n\u00e0y bao g\u1ed3m c\u00e1c k\u00edch th\u01b0\u1edbc kh\u00e1c nhau c\u1ee7a chai tr\u1ed1ng ph\u00f9 h\u1ee3p cho kem, kem v\u00e0 huy\u1ebft thanh. \u0110\u01b0\u1ee3c ch\u1ebf t\u1ea1o t\u1eeb k\u00ednh ch\u1ea5t l\u01b0\u1ee3ng cao, c\u00e1c chai n\u00e0y \u0111\u1ea3m b\u1ea3o c\u00e1c s\u1ea3n ph\u1ea9m ch\u0103m s\u00f3c da c\u1ee7a b\u1ea1n \u0111\u01b0\u1ee3c l\u01b0u tr\u1eef an to\u00e0n v\u00e0 thanh l\u1ecbch.<\/p>\n<p style=\"text-align: left;\">Thi\u1ebft k\u1ebf \u0111\u00e1y d\u00e0y vu\u00f4ng cho m\u1ed9t c\u00e1i nh\u00ecn hi\u1ec7n \u0111\u1ea1i v\u00e0 b\u1ec1n v\u1eefng, v\u00e0 nhi\u1ec1u th\u00f4ng s\u1ed1 k\u1ef9 thu\u1eadt \u0111\u1ec3 \u0111\u00e1p \u1ee9ng nhu c\u1ea7u ch\u0103m s\u00f3c da kh\u00e1c nhau. ch\u00fang t\u00f4i c\u0169ng h\u1ed7 tr\u1ee3 th\u1ee7 c\u00f4ng t\u00f9y ch\u1ec9nh v\u00e0 t\u00f9y ch\u1ec9nh m\u1eabu.<\/p>\n<p style=\"text-align: left;\">T\u0103ng c\u01b0\u1eddng d\u00f2ng ch\u0103m s\u00f3c da c\u1ee7a b\u1ea1n v\u1edbi c\u00e1c chai th\u1ee7y tinh phong c\u00e1ch v\u00e0 b\u1ec1n n\u00e0y. Ho\u00e0n h\u1ea3o cho c\u1ea3 s\u1eed d\u1ee5ng c\u00e1 nh\u00e2n v\u00e0 \u0111\u00f3ng g\u00f3i chuy\u00ean nghi\u1ec7p.<\/p>\n<p style=\"text-align: center;\"><img decoding=\"async\" class=\"alignnone size-full wp-image-2572\" src=\"https:\/\/www.cosmepak.com\/wp-content\/uploads\/2025\/06\/\u8be6\u60c5-3.jpg\" alt=\"\" width=\"1000\" height=\"1000\" srcset=\"https:\/\/www.cosmepak.com\/wp-content\/uploads\/2025\/06\/\u8be6\u60c5-3.jpg 1000w, https:\/\/www.cosmepak.com\/wp-content\/uploads\/2025\/06\/\u8be6\u60c5-3-300x300.jpg 300w, https:\/\/www.cosmepak.com\/wp-content\/uploads\/2025\/06\/\u8be6\u60c5-3-150x150.jpg 150w, https:\/\/www.cosmepak.com\/wp-content\/uploads\/2025\/06\/\u8be6\u60c5-3-768x768.jpg 768w, https:\/\/www.cosmepak.com\/wp-content\/uploads\/2025\/06\/\u8be6\u60c5-3-12x12.jpg 12w, https:\/\/www.cosmepak.com\/wp-content\/uploads\/2025\/06\/\u8be6\u60c5-3-600x600.jpg 600w, https:\/\/www.cosmepak.com\/wp-content\/uploads\/2025\/06\/\u8be6\u60c5-3-100x100.jpg 100w\" sizes=\"(max-width: 1000px) 100vw, 1000px\" \/><\/p>\n<p>\u0110\u1ed1i v\u1edbi chai th\u1ee7y tinh s\u1ea3n ph\u1ea9m ch\u0103m s\u00f3c da d\u00e0y vu\u00f4ng n\u00e0y, ch\u00fang t\u00f4i cung c\u1ea5p d\u1ecbch v\u1ee5 t\u00f9y ch\u1ec9nh chuy\u00ean nghi\u1ec7p cho chai \u0111\u00f3ng g\u00f3i m\u1ef9 ph\u1ea9m \u0111\u1ec3 \u0111\u00e1p \u1ee9ng nhu c\u1ea7u c\u1ee7a c\u00e1c s\u1ea3n ph\u1ea9m m\u1ef9 ph\u1ea9m kh\u00e1c nhau. Ch\u00fang t\u00f4i c\u00f3 th\u1ec3 t\u00f9y ch\u1ec9nh t\u1eebng b\u01b0\u1edbc theo nhu c\u1ea7u kh\u00e1c nhau c\u1ee7a kh\u00e1ch h\u00e0ng c\u1ee7a ch\u00fang t\u00f4i, t\u1eeb s\u1ed1 l\u01b0\u1ee3ng \u0111\u1eb7t h\u00e0ng t\u1ed1i thi\u1ec3u \u0111\u1ebfn thi\u1ebft k\u1ebf ngo\u1ea1i h\u00ecnh v\u00e0 in nh\u00e3n hi\u1ec7u.<\/p>\n<p>Ch\u00fang t\u00f4i c\u00f3 in m\u00e0n h\u00ecnh, \u0111\u00f3ng b\u0103ng, nh\u00e3n d\u00e1n. phun m\u1eabu \u0111\u00e1, phun n\u1ee9t b\u0103ng, in 3D, in chuy\u1ec3n n\u01b0\u1edbc, m\u00e0u trong su\u1ed1t, m\u00e0u r\u1eafn, phun gradient, m\u1ea1, m\u1ea1 \u0111i\u1ec7n iridescent, \u0111\u1ed3ng v\u00e0 d\u1eadp n\u00f3ng vv<\/p>\n<p>Ch\u00fang t\u00f4i chuy\u00ean \u0111\u00f3ng g\u00f3i v\u00e0 v\u1eadn chuy\u1ec3n bao b\u00ec th\u1ee7y tinh v\u00e0 nh\u1ef1a. Ch\u00fang t\u00f4i \u0111\u00e3 \u00e1p d\u1ee5ng c\u00e1c k\u1ef9 thu\u1eadt ti\u00ean ti\u1ebfn \u0111\u1ec3 \u0111\u1ea3m b\u1ea3o r\u1eb1ng bao b\u00ec c\u1ee7a ch\u00fang t\u00f4i an to\u00e0n v\u00e0 s\u1ea3n ph\u1ea9m \u0111\u01b0\u1ee3c giao kh\u00f4ng b\u1ecb h\u01b0 h\u1ea1i. Ch\u00fang t\u00f4i \u0111\u1ea3m b\u1ea3o r\u1eb1ng n\u1ebfu b\u1ea5t k\u1ef3 thi\u1ec7t h\u1ea1i n\u00e0o x\u1ea3y ra trong qu\u00e1 tr\u00ecnh v\u1eadn chuy\u1ec3n, ch\u00fang t\u00f4i s\u1ebd b\u00f9 \u0111\u1eafp cho b\u1ea5t k\u1ef3 thi\u1ec7t h\u1ea1i n\u00e0o ph\u00e1t sinh. V\u1edbi nhi\u1ec1u n\u0103m kinh nghi\u1ec7m trong ng\u00e0nh c\u00f4ng nghi\u1ec7p, ch\u00fang t\u00f4i \u0111\u00e3 \u0111\u1ea1t \u0111\u01b0\u1ee3c danh ti\u1ebfng cung c\u1ea5p d\u1ecbch v\u1ee5 \u0111\u00f3ng g\u00f3i v\u00e0 v\u1eadn chuy\u1ec3n tuy\u1ec7t v\u1eddi cho kh\u00e1ch h\u00e0ng c\u1ee7a ch\u00fang t\u00f4i. Tin t\u01b0\u1edfng ch\u00fang t\u00f4i \u0111\u1ec3 x\u1eed l\u00fd nhu c\u1ea7u \u0111\u00f3ng g\u00f3i v\u00e0 v\u1eadn chuy\u1ec3n c\u1ee7a b\u1ea1n v\u00e0 cung c\u1ea5p s\u1ea3n ph\u1ea9m c\u1ee7a b\u1ea1n m\u1ed9t c\u00e1ch an to\u00e0n v\u00e0 nguy\u00ean v\u1eb9n.<\/p>\n<p><img decoding=\"async\" class=\"size-full wp-image-2569 aligncenter\" src=\"https:\/\/www.cosmepak.com\/wp-content\/uploads\/2025\/06\/\u8be6\u60c5-4.jpg\" alt=\"\" width=\"1000\" height=\"1489\" srcset=\"https:\/\/www.cosmepak.com\/wp-content\/uploads\/2025\/06\/\u8be6\u60c5-4.jpg 1000w, https:\/\/www.cosmepak.com\/wp-content\/uploads\/2025\/06\/\u8be6\u60c5-4-201x300.jpg 201w, https:\/\/www.cosmepak.com\/wp-content\/uploads\/2025\/06\/\u8be6\u60c5-4-688x1024.jpg 688w, https:\/\/www.cosmepak.com\/wp-content\/uploads\/2025\/06\/\u8be6\u60c5-4-768x1144.jpg 768w, https:\/\/www.cosmepak.com\/wp-content\/uploads\/2025\/06\/\u8be6\u60c5-4-8x12.jpg 8w, https:\/\/www.cosmepak.com\/wp-content\/uploads\/2025\/06\/\u8be6\u60c5-4-600x893.jpg 600w\" sizes=\"(max-width: 1000px) 100vw, 1000px\" \/><\/p>\n<p><img loading=\"lazy\" decoding=\"async\" class=\"size-full wp-image-2570 aligncenter\" src=\"https:\/\/www.cosmepak.com\/wp-content\/uploads\/2025\/06\/\u8be6\u60c5-5.jpg\" alt=\"\" width=\"1000\" height=\"943\" srcset=\"https:\/\/www.cosmepak.com\/wp-content\/uploads\/2025\/06\/\u8be6\u60c5-5.jpg 1000w, https:\/\/www.cosmepak.com\/wp-content\/uploads\/2025\/06\/\u8be6\u60c5-5-300x283.jpg 300w, https:\/\/www.cosmepak.com\/wp-content\/uploads\/2025\/06\/\u8be6\u60c5-5-768x724.jpg 768w, https:\/\/www.cosmepak.com\/wp-content\/uploads\/2025\/06\/\u8be6\u60c5-5-13x12.jpg 13w, https:\/\/www.cosmepak.com\/wp-content\/uploads\/2025\/06\/\u8be6\u60c5-5-600x566.jpg 600w\" sizes=\"(max-width: 1000px) 100vw, 1000px\" \/><\/p>\n<p><img loading=\"lazy\" decoding=\"async\" class=\"size-full wp-image-2571 aligncenter\" src=\"https:\/\/www.cosmepak.com\/wp-content\/uploads\/2025\/06\/\u8be6\u60c5-6.jpg\" alt=\"\" width=\"1000\" height=\"981\" srcset=\"https:\/\/www.cosmepak.com\/wp-content\/uploads\/2025\/06\/\u8be6\u60c5-6.jpg 1000w, https:\/\/www.cosmepak.com\/wp-content\/uploads\/2025\/06\/\u8be6\u60c5-6-300x294.jpg 300w, https:\/\/www.cosmepak.com\/wp-content\/uploads\/2025\/06\/\u8be6\u60c5-6-768x753.jpg 768w, https:\/\/www.cosmepak.com\/wp-content\/uploads\/2025\/06\/\u8be6\u60c5-6-12x12.jpg 12w, https:\/\/www.cosmepak.com\/wp-content\/uploads\/2025\/06\/\u8be6\u60c5-6-600x589.jpg 600w\" sizes=\"(max-width: 1000px) 100vw, 1000px\" \/><\/p>\n<table style=\"border-collapse: collapse; width: 100%;\">\n<tbody>\n<tr>\n<td style=\"width: 50%;\"><img loading=\"lazy\" decoding=\"async\" class=\"alignnone size-full wp-image-3841\" src=\"https:\/\/www.cosmepak.com\/wp-content\/uploads\/2025\/06\/9-1.jpg\" alt=\"\" width=\"1000\" height=\"1000\" srcset=\"https:\/\/www.cosmepak.com\/wp-content\/uploads\/2025\/06\/9-1.jpg 1000w, https:\/\/www.cosmepak.com\/wp-content\/uploads\/2025\/06\/9-1-300x300.jpg 300w, https:\/\/www.cosmepak.com\/wp-content\/uploads\/2025\/06\/9-1-150x150.jpg 150w, https:\/\/www.cosmepak.com\/wp-content\/uploads\/2025\/06\/9-1-768x768.jpg 768w, https:\/\/www.cosmepak.com\/wp-content\/uploads\/2025\/06\/9-1-12x12.jpg 12w, https:\/\/www.cosmepak.com\/wp-content\/uploads\/2025\/06\/9-1-600x600.jpg 600w, https:\/\/www.cosmepak.com\/wp-content\/uploads\/2025\/06\/9-1-100x100.jpg 100w\" sizes=\"(max-width: 1000px) 100vw, 1000px\" \/><\/td>\n<td style=\"width: 50%;\"><img loading=\"lazy\" decoding=\"async\" class=\"alignnone size-full wp-image-3842\" src=\"https:\/\/www.cosmepak.com\/wp-content\/uploads\/2025\/06\/10-1.jpg\" alt=\"\" width=\"1000\" height=\"1000\" srcset=\"https:\/\/www.cosmepak.com\/wp-content\/uploads\/2025\/06\/10-1.jpg 1000w, https:\/\/www.cosmepak.com\/wp-content\/uploads\/2025\/06\/10-1-300x300.jpg 300w, https:\/\/www.cosmepak.com\/wp-content\/uploads\/2025\/06\/10-1-150x150.jpg 150w, https:\/\/www.cosmepak.com\/wp-content\/uploads\/2025\/06\/10-1-768x768.jpg 768w, https:\/\/www.cosmepak.com\/wp-content\/uploads\/2025\/06\/10-1-12x12.jpg 12w, https:\/\/www.cosmepak.com\/wp-content\/uploads\/2025\/06\/10-1-600x600.jpg 600w, https:\/\/www.cosmepak.com\/wp-content\/uploads\/2025\/06\/10-1-100x100.jpg 100w\" sizes=\"(max-width: 1000px) 100vw, 1000px\" \/><\/td>\n<\/tr>\n<\/tbody>\n<\/table>\n<table style=\"border-collapse: collapse; width: 100%;\">\n<tbody>\n<tr>\n<td style=\"width: 50%;\"><img loading=\"lazy\" decoding=\"async\" class=\"alignnone size-full wp-image-3843\" src=\"https:\/\/www.cosmepak.com\/wp-content\/uploads\/2025\/06\/7-1.jpg\" alt=\"\" width=\"1000\" height=\"1000\" srcset=\"https:\/\/www.cosmepak.com\/wp-content\/uploads\/2025\/06\/7-1.jpg 1000w, https:\/\/www.cosmepak.com\/wp-content\/uploads\/2025\/06\/7-1-300x300.jpg 300w, https:\/\/www.cosmepak.com\/wp-content\/uploads\/2025\/06\/7-1-150x150.jpg 150w, https:\/\/www.cosmepak.com\/wp-content\/uploads\/2025\/06\/7-1-768x768.jpg 768w, https:\/\/www.cosmepak.com\/wp-content\/uploads\/2025\/06\/7-1-12x12.jpg 12w, https:\/\/www.cosmepak.com\/wp-content\/uploads\/2025\/06\/7-1-600x600.jpg 600w, https:\/\/www.cosmepak.com\/wp-content\/uploads\/2025\/06\/7-1-100x100.jpg 100w\" sizes=\"(max-width: 1000px) 100vw, 1000px\" \/><\/td>\n<td style=\"width: 50%;\"><img loading=\"lazy\" decoding=\"async\" class=\"alignnone size-full wp-image-3844\" src=\"https:\/\/www.cosmepak.com\/wp-content\/uploads\/2025\/06\/8-1.jpg\" alt=\"\" width=\"1000\" height=\"1000\" srcset=\"https:\/\/www.cosmepak.com\/wp-content\/uploads\/2025\/06\/8-1.jpg 1000w, https:\/\/www.cosmepak.com\/wp-content\/uploads\/2025\/06\/8-1-300x300.jpg 300w, https:\/\/www.cosmepak.com\/wp-content\/uploads\/2025\/06\/8-1-150x150.jpg 150w, https:\/\/www.cosmepak.com\/wp-content\/uploads\/2025\/06\/8-1-768x768.jpg 768w, https:\/\/www.cosmepak.com\/wp-content\/uploads\/2025\/06\/8-1-12x12.jpg 12w, https:\/\/www.cosmepak.com\/wp-content\/uploads\/2025\/06\/8-1-600x600.jpg 600w, https:\/\/www.cosmepak.com\/wp-content\/uploads\/2025\/06\/8-1-100x100.jpg 100w\" sizes=\"(max-width: 1000px) 100vw, 1000px\" \/><\/td>\n<\/tr>\n<\/tbody>\n<\/table>\n<p>&nbsp;<\/p>\n<p><strong>\u00a0<\/strong><\/p>\n<p>&nbsp;<\/p>","protected":false},"excerpt":{"rendered":"<p>V\u1eadt li\u1ec7u: th\u1ee7y tinh<\/p>\n<p>H\u00ecnh d\u1ea1ng: Vu\u00f4ng<\/p>\n<p>N\u1eafp: N\u1eafp v\u00edt \/ N\u1eafp b\u01a1m \/ Dropper \u0111\u1ec3 ch\u1ecdn.<\/p>\n<p>C\u00f4ng su\u1ea5t: 30ml \/ 40ml \/ 100ml \/ 120ml \/ 30g \/ 50g<\/p>\n<p>M\u00e0u s\u1eafc: Ch\u1ea5p nh\u1eadn t\u00f9y ch\u1ec9nh (b\u1ea5t k\u1ef3 m\u00e0u pantone n\u00e0o c\u00f3 s\u1eb5n)<\/p>\n<p>Ho\u00e0n thi\u1ec7n b\u1ec1 m\u1eb7t: in m\u00e0n h\u00ecnh, d\u1eadp n\u00f3ng, gradient phun, k\u1ebft th\u00fac m\u1edd, v.v.<\/p>\n<p>MOQ: 3000pcs \/ t\u00f9y ch\u1ec9nh qty 10000pcs<\/p>\n<p>M\u1eabu: c\u00f3 s\u1eb5n m\u1eabu mi\u1ec5n ph\u00ed<\/p>\n<p>OEM \/ ODM: Ch\u1ea5p nh\u1eadn \u0111\u01b0\u1ee3c<\/p>\n<p>&nbsp;<\/p>\n<p>&nbsp;<\/p>","protected":false},"featured_media":2573,"comment_status":"closed","ping_status":"closed","template":"","meta":{"_acf_changed":false},"product_brand":[],"product_cat":[19,46],"product_tag":[43],"class_list":{"0":"post-2088","1":"product","2":"type-product","3":"status-publish","4":"has-post-thumbnail","6":"product_cat-skincare-glass-bottle","7":"product_cat-skincare-product-set-package","8":"product_tag-cosmetic-package-bottles","10":"first","11":"instock","12":"shipping-taxable","13":"product-type-simple"},"acf":[],"_links":{"self":[{"href":"https:\/\/www.cosmepak.com\/vi\/wp-json\/wp\/v2\/product\/2088","targetHints":{"allow":["GET"]}}],"collection":[{"href":"https:\/\/www.cosmepak.com\/vi\/wp-json\/wp\/v2\/product"}],"about":[{"href":"https:\/\/www.cosmepak.com\/vi\/wp-json\/wp\/v2\/types\/product"}],"replies":[{"embeddable":true,"href":"https:\/\/www.cosmepak.com\/vi\/wp-json\/wp\/v2\/comments?post=2088"}],"wp:featuredmedia":[{"embeddable":true,"href":"https:\/\/www.cosmepak.com\/vi\/wp-json\/wp\/v2\/media\/2573"}],"wp:attachment":[{"href":"https:\/\/www.cosmepak.com\/vi\/wp-json\/wp\/v2\/media?parent=2088"}],"wp:term":[{"taxonomy":"product_brand","embeddable":true,"href":"https:\/\/www.cosmepak.com\/vi\/wp-json\/wp\/v2\/product_brand?post=2088"},{"taxonomy":"product_cat","embeddable":true,"href":"https:\/\/www.cosmepak.com\/vi\/wp-json\/wp\/v2\/product_cat?post=2088"},{"taxonomy":"product_tag","embeddable":true,"href":"https:\/\/www.cosmepak.com\/vi\/wp-json\/wp\/v2\/product_tag?post=2088"}],"curies":[{"name":"WP","href":"https:\/\/api.w.org\/{rel}","templated":true}]}}