{"id":2567,"date":"2025-07-03T13:53:39","date_gmt":"2025-07-03T05:53:39","guid":{"rendered":"https:\/\/www.cosmepak.com\/?post_type=product&#038;p=2567"},"modified":"2025-12-30T15:48:27","modified_gmt":"2025-12-30T07:48:27","slug":"chai-thuy-tinh-rhomboid-va-binh","status":"publish","type":"product","link":"https:\/\/www.cosmepak.com\/vi\/product\/rhomboid-glass-bottle-and-jar\/","title":{"rendered":"Chai th\u1ee7y tinh Rhomboid v\u00e0 Jar"},"content":{"rendered":"<table style=\"border-collapse: collapse; width: 100%; height: 216px;\">\n<tbody>\n<tr style=\"height: 24px;\">\n<td style=\"width: 40.6929%; height: 216px;\" rowspan=\"9\"><img fetchpriority=\"high\" decoding=\"async\" class=\"alignnone size-full wp-image-2090\" src=\"https:\/\/www.cosmepak.com\/wp-content\/uploads\/2025\/06\/132.jpg\" alt=\"\" width=\"800\" height=\"800\" srcset=\"https:\/\/www.cosmepak.com\/wp-content\/uploads\/2025\/06\/132.jpg 800w, https:\/\/www.cosmepak.com\/wp-content\/uploads\/2025\/06\/132-300x300.jpg 300w, https:\/\/www.cosmepak.com\/wp-content\/uploads\/2025\/06\/132-150x150.jpg 150w, https:\/\/www.cosmepak.com\/wp-content\/uploads\/2025\/06\/132-768x768.jpg 768w, https:\/\/www.cosmepak.com\/wp-content\/uploads\/2025\/06\/132-12x12.jpg 12w, https:\/\/www.cosmepak.com\/wp-content\/uploads\/2025\/06\/132-600x600.jpg 600w, https:\/\/www.cosmepak.com\/wp-content\/uploads\/2025\/06\/132-100x100.jpg 100w\" sizes=\"(max-width: 800px) 100vw, 800px\" \/><\/td>\n<td style=\"width: 23.5109%; height: 24px; text-align: center;\">Th\u01b0\u01a1ng hi\u1ec7u<\/td>\n<td style=\"width: 35.7961%; height: 24px; text-align: center;\">\u00a0Jaunce<\/td>\n<\/tr>\n<tr style=\"height: 24px;\">\n<td style=\"width: 23.5109%; height: 24px; text-align: center;\">Dung t\u00edch<\/td>\n<td style=\"width: 35.7961%; height: 24px; text-align: center;\">30ml \/ 50ml \/ 100ml \/ 120ml \/ 30g \/ 50g<\/td>\n<\/tr>\n<tr style=\"height: 24px;\">\n<td style=\"width: 23.5109%; height: 24px; text-align: center;\">H\u00ecnh d\u1ea1ng<\/td>\n<td style=\"width: 35.7961%; height: 24px; text-align: center;\">Tr\u00f2n<\/td>\n<\/tr>\n<tr style=\"height: 24px;\">\n<td style=\"width: 23.5109%; height: 24px; text-align: center;\">V\u1eadt li\u1ec7u<\/td>\n<td style=\"width: 35.7961%; height: 24px; text-align: center;\">Th\u1ee7y tinh<\/td>\n<\/tr>\n<tr style=\"height: 24px;\">\n<td style=\"width: 23.5109%; height: 24px; text-align: center;\">Ng\u01b0\u1eddi m\u1eabu<\/td>\n<td style=\"width: 35.7961%; height: 24px; text-align: center;\">JH-YM-LX<\/td>\n<\/tr>\n<tr style=\"height: 24px;\">\n<td style=\"width: 23.5109%; height: 24px; text-align: center;\">S\u1ea3n ph\u1ea9m OEM \/ ODM<\/td>\n<td style=\"width: 35.7961%; height: 24px; text-align: center;\">Ch\u1ea5p nh\u1eadn<\/td>\n<\/tr>\n<tr style=\"height: 24px;\">\n<td style=\"width: 23.5109%; height: 24px; text-align: center;\">M\u00e0u s\u1eafc<\/td>\n<td style=\"width: 35.7961%; height: 24px; text-align: center;\">B\u1ea5t k\u1ef3 m\u00e0u parton n\u00e0o t\u00f9y ch\u1ec9nh<\/td>\n<\/tr>\n<tr style=\"height: 24px;\">\n<td style=\"width: 23.5109%; height: 24px; text-align: center;\">C\u00e1ch s\u1eed d\u1ee5ng<\/td>\n<td style=\"width: 35.7961%; height: 24px; text-align: center;\">Lotion \/ Foundation \/ kem v.v.<\/td>\n<\/tr>\n<tr style=\"height: 24px;\">\n<td style=\"width: 23.5109%; height: 24px; text-align: center;\">MOQ<\/td>\n<td style=\"width: 35.7961%; height: 24px; text-align: center;\">10000<\/td>\n<\/tr>\n<\/tbody>\n<\/table>\n<table style=\"border-collapse: collapse; width: 100%; height: 168px;\">\n<tbody>\n<tr style=\"height: 24px;\">\n<td style=\"width: 12.7434%; text-align: center; height: 24px;\"><strong>Dung t\u00edch<\/strong><\/td>\n<td style=\"width: 12.5142%; text-align: center; height: 24px;\"><strong>T\u1ed5ng chi\u1ec1u cao<\/strong><\/td>\n<td style=\"width: 12.5002%; text-align: center; height: 24px;\"><strong>\u0110\u01b0\u1eddng k\u00ednh d\u01b0\u1edbi c\u00f9ng<\/strong><\/td>\n<\/tr>\n<tr style=\"height: 24px;\">\n<td style=\"width: 12.7434%; text-align: center; height: 24px;\">30ml<\/td>\n<td style=\"width: 12.5142%; text-align: center; height: 24px;\">110mm<\/td>\n<td style=\"width: 12.5002%; text-align: center; height: 24px;\">29mm<\/td>\n<\/tr>\n<tr style=\"height: 24px;\">\n<td style=\"width: 12.7434%; text-align: center; height: 24px;\">50ml<\/td>\n<td style=\"width: 12.5142%; text-align: center; height: 24px;\">140mm<\/td>\n<td style=\"width: 12.5002%; text-align: center; height: 24px;\">29mm<\/td>\n<\/tr>\n<tr style=\"height: 24px;\">\n<td style=\"width: 12.7434%; text-align: center; height: 24px;\">100ml<\/td>\n<td style=\"width: 12.5142%; text-align: center; height: 24px;\">162mm<\/td>\n<td style=\"width: 12.5002%; text-align: center; height: 24px;\">33mm<\/td>\n<\/tr>\n<tr style=\"height: 24px;\">\n<td style=\"width: 12.7434%; text-align: center; height: 24px;\">120ml<\/td>\n<td style=\"width: 12.5142%; text-align: center; height: 24px;\">170mm<\/td>\n<td style=\"width: 12.5002%; text-align: center; height: 24px;\">35mm<\/td>\n<\/tr>\n<tr style=\"height: 24px;\">\n<td style=\"width: 12.7434%; text-align: center; height: 24px;\">30g<\/td>\n<td style=\"width: 12.5142%; text-align: center; height: 24px;\">43mm<\/td>\n<td style=\"width: 12.5002%; text-align: center; height: 24px;\">50mm<\/td>\n<\/tr>\n<tr style=\"height: 24px;\">\n<td style=\"width: 12.7434%; text-align: center; height: 24px;\">50g<\/td>\n<td style=\"width: 12.5142%; text-align: center; height: 24px;\">75 mm<\/td>\n<td style=\"width: 12.5002%; text-align: center; height: 24px;\">50mm<\/td>\n<\/tr>\n<\/tbody>\n<\/table>\n<p>Chai h\u00ecnh t\u00e1m gi\u00e1c h\u00ecnh kim c\u01b0\u01a1ng n\u00e0y c\u00f3 c\u00e1c c\u1ea1nh s\u1eafc n\u00e9t, ri\u00eang bi\u1ec7t cung c\u1ea5p m\u1ed9t h\u00ecnh b\u00f3ng thanh l\u1ecbch, b\u1eaft m\u1eaft, n\u1ed5i b\u1eadt so v\u1edbi c\u00e1c thi\u1ebft k\u1ebf tr\u00f2n th\u00f4ng th\u01b0\u1eddng.<\/p>\n<p>N\u00f3 \u0111\u01b0\u1ee3c trang b\u1ecb thi\u1ebft k\u1ebf c\u1ed5 quay v\u00e0 n\u1eafp ren polypropylene ch\u1ea5t l\u01b0\u1ee3ng cao, \u0111\u1ea3m b\u1ea3o m\u1edf d\u1ec5 d\u00e0ng v\u00e0 thu\u1eadn ti\u1ec7n, ni\u00eam phong ch\u1eb7t ch\u1ebd v\u00e0 kh\u00f4ng r\u00f2 r\u1ec9. C\u00e1c s\u1ee3i b\u00ean trong r\u00f5 r\u00e0ng l\u00e0m cho n\u00f3 d\u1ec5 d\u00e0ng quay, \u0111\u1ed3ng th\u1eddi ng\u0103n ch\u1eb7n s\u1ef1 tr\u00e0n ng\u1eabu nhi\u00ean v\u00e0 \u0111\u1ea3m b\u1ea3o an to\u00e0n v\u00e0 t\u00ednh to\u00e0n v\u1eb9n c\u1ee7a s\u1ea3n ph\u1ea9m c\u1ee7a b\u1ea1n.<\/p>\n<p>C\u01a1 s\u1edf c\u00f3 c\u1ea5u tr\u00fac d\u00e0y v\u00e0 \u0111\u1ed3ng \u0111\u1ec1u t\u0103ng c\u01b0\u1eddng \u0111\u1ed9 b\u1ec1n v\u00e0 ch\u1ed1ng m\u00e0i m\u00f2n, v\u00e0 c\u00f3 kh\u1ea3 n\u0103ng ch\u1ecbu t\u1ea3i m\u1ea1nh m\u1ebd \u0111\u1ec3 ng\u0103n ch\u1eb7n bi\u1ebfn d\u1ea1ng. V\u1eadt li\u1ec7u \u0111\u1ed3ng nh\u1ea5t c\u1ee7a n\u00f3 c\u00f3 th\u1ec3 t\u1ea1o ra m\u1ed9t hi\u1ec7u \u1ee9ng th\u1ecb gi\u00e1c tinh t\u1ebf khi ti\u1ebfp x\u00fac v\u1edbi \u00e1nh s\u00e1ng.<\/p>\n<p>Chai n\u00e0y \u0111\u01b0\u1ee3c thi\u1ebft k\u1ebf v\u1edbi m\u1ed9t gradient c\u1ee7a m\u00e0u \u0111en v\u00e0 \u0111\u1ecf, t\u1ecfa ra m\u1ed9t b\u1ea7u kh\u00f4ng kh\u00ed tinh t\u1ebf nh\u01b0ng sang tr\u1ecdng. \u0110\u00f3 l\u00e0 m\u1ed9t l\u1ef1a ch\u1ecdn bao b\u00ec l\u00fd t\u01b0\u1edfng cho c\u00e1c th\u01b0\u01a1ng hi\u1ec7u ch\u0103m s\u00f3c da v\u00e0 m\u1ef9 ph\u1ea9m cao c\u1ea5p.<\/p>\n<p>Chai lotion n\u00e0y bao g\u1ed3m chai, m\u00f9a xu\u00e2n b\u00ean ngo\u00e0i, b\u01a1m CD v\u00e0 n\u1eafp ph\u1ee7 PP v\u00e0 Jar bao g\u1ed3m chai, \u0111\u0129a v\u00e0 n\u1eafp v\u00edt.<\/p>\n<table style=\"border-collapse: collapse; width: 100%;\">\n<tbody>\n<tr>\n<td style=\"width: 25%;\"><img decoding=\"async\" class=\"alignnone size-full wp-image-3845\" src=\"https:\/\/www.cosmepak.com\/wp-content\/uploads\/2025\/07\/\u8be6\u60c5-181.jpg\" alt=\"\" width=\"1000\" height=\"1000\" srcset=\"https:\/\/www.cosmepak.com\/wp-content\/uploads\/2025\/07\/\u8be6\u60c5-181.jpg 1000w, https:\/\/www.cosmepak.com\/wp-content\/uploads\/2025\/07\/\u8be6\u60c5-181-300x300.jpg 300w, https:\/\/www.cosmepak.com\/wp-content\/uploads\/2025\/07\/\u8be6\u60c5-181-150x150.jpg 150w, https:\/\/www.cosmepak.com\/wp-content\/uploads\/2025\/07\/\u8be6\u60c5-181-768x768.jpg 768w, https:\/\/www.cosmepak.com\/wp-content\/uploads\/2025\/07\/\u8be6\u60c5-181-12x12.jpg 12w, https:\/\/www.cosmepak.com\/wp-content\/uploads\/2025\/07\/\u8be6\u60c5-181-600x600.jpg 600w, https:\/\/www.cosmepak.com\/wp-content\/uploads\/2025\/07\/\u8be6\u60c5-181-100x100.jpg 100w\" sizes=\"(max-width: 1000px) 100vw, 1000px\" \/><\/td>\n<td style=\"width: 25%;\"><img decoding=\"async\" class=\"alignnone size-full wp-image-3846\" src=\"https:\/\/www.cosmepak.com\/wp-content\/uploads\/2025\/07\/\u4e3b\u56fe-51.jpg\" alt=\"\" width=\"1000\" height=\"1000\" srcset=\"https:\/\/www.cosmepak.com\/wp-content\/uploads\/2025\/07\/\u4e3b\u56fe-51.jpg 1000w, https:\/\/www.cosmepak.com\/wp-content\/uploads\/2025\/07\/\u4e3b\u56fe-51-300x300.jpg 300w, https:\/\/www.cosmepak.com\/wp-content\/uploads\/2025\/07\/\u4e3b\u56fe-51-150x150.jpg 150w, https:\/\/www.cosmepak.com\/wp-content\/uploads\/2025\/07\/\u4e3b\u56fe-51-768x768.jpg 768w, https:\/\/www.cosmepak.com\/wp-content\/uploads\/2025\/07\/\u4e3b\u56fe-51-12x12.jpg 12w, https:\/\/www.cosmepak.com\/wp-content\/uploads\/2025\/07\/\u4e3b\u56fe-51-600x600.jpg 600w, https:\/\/www.cosmepak.com\/wp-content\/uploads\/2025\/07\/\u4e3b\u56fe-51-100x100.jpg 100w\" sizes=\"(max-width: 1000px) 100vw, 1000px\" \/><\/td>\n<td style=\"width: 25%;\"><img loading=\"lazy\" decoding=\"async\" class=\"alignnone size-full wp-image-3847\" src=\"https:\/\/www.cosmepak.com\/wp-content\/uploads\/2025\/07\/\u8be6\u60c5-191.jpg\" alt=\"\" width=\"1000\" height=\"1000\" srcset=\"https:\/\/www.cosmepak.com\/wp-content\/uploads\/2025\/07\/\u8be6\u60c5-191.jpg 1000w, https:\/\/www.cosmepak.com\/wp-content\/uploads\/2025\/07\/\u8be6\u60c5-191-300x300.jpg 300w, https:\/\/www.cosmepak.com\/wp-content\/uploads\/2025\/07\/\u8be6\u60c5-191-150x150.jpg 150w, https:\/\/www.cosmepak.com\/wp-content\/uploads\/2025\/07\/\u8be6\u60c5-191-768x768.jpg 768w, https:\/\/www.cosmepak.com\/wp-content\/uploads\/2025\/07\/\u8be6\u60c5-191-12x12.jpg 12w, https:\/\/www.cosmepak.com\/wp-content\/uploads\/2025\/07\/\u8be6\u60c5-191-600x600.jpg 600w, https:\/\/www.cosmepak.com\/wp-content\/uploads\/2025\/07\/\u8be6\u60c5-191-100x100.jpg 100w\" sizes=\"(max-width: 1000px) 100vw, 1000px\" \/><\/td>\n<td style=\"width: 25%;\"><img loading=\"lazy\" decoding=\"async\" class=\"alignnone size-full wp-image-3848\" src=\"https:\/\/www.cosmepak.com\/wp-content\/uploads\/2025\/07\/\u4e3b\u56fe-41.jpg\" alt=\"\" width=\"1000\" height=\"1000\" srcset=\"https:\/\/www.cosmepak.com\/wp-content\/uploads\/2025\/07\/\u4e3b\u56fe-41.jpg 1000w, https:\/\/www.cosmepak.com\/wp-content\/uploads\/2025\/07\/\u4e3b\u56fe-41-300x300.jpg 300w, https:\/\/www.cosmepak.com\/wp-content\/uploads\/2025\/07\/\u4e3b\u56fe-41-150x150.jpg 150w, https:\/\/www.cosmepak.com\/wp-content\/uploads\/2025\/07\/\u4e3b\u56fe-41-768x768.jpg 768w, https:\/\/www.cosmepak.com\/wp-content\/uploads\/2025\/07\/\u4e3b\u56fe-41-12x12.jpg 12w, https:\/\/www.cosmepak.com\/wp-content\/uploads\/2025\/07\/\u4e3b\u56fe-41-600x600.jpg 600w, https:\/\/www.cosmepak.com\/wp-content\/uploads\/2025\/07\/\u4e3b\u56fe-41-100x100.jpg 100w\" sizes=\"(max-width: 1000px) 100vw, 1000px\" \/><\/td>\n<\/tr>\n<\/tbody>\n<\/table>\n<table style=\"border-collapse: collapse; width: 100%;\">\n<tbody>\n<tr>\n<td style=\"width: 50%;\"><img loading=\"lazy\" decoding=\"async\" class=\"alignnone size-full wp-image-3849\" src=\"https:\/\/www.cosmepak.com\/wp-content\/uploads\/2025\/07\/\u4e3b\u56fe-31.jpg\" alt=\"\" width=\"1000\" height=\"1000\" srcset=\"https:\/\/www.cosmepak.com\/wp-content\/uploads\/2025\/07\/\u4e3b\u56fe-31.jpg 1000w, https:\/\/www.cosmepak.com\/wp-content\/uploads\/2025\/07\/\u4e3b\u56fe-31-300x300.jpg 300w, https:\/\/www.cosmepak.com\/wp-content\/uploads\/2025\/07\/\u4e3b\u56fe-31-150x150.jpg 150w, https:\/\/www.cosmepak.com\/wp-content\/uploads\/2025\/07\/\u4e3b\u56fe-31-768x768.jpg 768w, https:\/\/www.cosmepak.com\/wp-content\/uploads\/2025\/07\/\u4e3b\u56fe-31-12x12.jpg 12w, https:\/\/www.cosmepak.com\/wp-content\/uploads\/2025\/07\/\u4e3b\u56fe-31-600x600.jpg 600w, https:\/\/www.cosmepak.com\/wp-content\/uploads\/2025\/07\/\u4e3b\u56fe-31-100x100.jpg 100w\" sizes=\"(max-width: 1000px) 100vw, 1000px\" \/><\/td>\n<td style=\"width: 50%;\"><img loading=\"lazy\" decoding=\"async\" class=\"alignnone size-full wp-image-3850\" src=\"https:\/\/www.cosmepak.com\/wp-content\/uploads\/2025\/07\/\u8be6\u60c5-161.jpg\" alt=\"\" width=\"1000\" height=\"1000\" srcset=\"https:\/\/www.cosmepak.com\/wp-content\/uploads\/2025\/07\/\u8be6\u60c5-161.jpg 1000w, https:\/\/www.cosmepak.com\/wp-content\/uploads\/2025\/07\/\u8be6\u60c5-161-300x300.jpg 300w, https:\/\/www.cosmepak.com\/wp-content\/uploads\/2025\/07\/\u8be6\u60c5-161-150x150.jpg 150w, https:\/\/www.cosmepak.com\/wp-content\/uploads\/2025\/07\/\u8be6\u60c5-161-768x768.jpg 768w, https:\/\/www.cosmepak.com\/wp-content\/uploads\/2025\/07\/\u8be6\u60c5-161-12x12.jpg 12w, https:\/\/www.cosmepak.com\/wp-content\/uploads\/2025\/07\/\u8be6\u60c5-161-600x600.jpg 600w, https:\/\/www.cosmepak.com\/wp-content\/uploads\/2025\/07\/\u8be6\u60c5-161-100x100.jpg 100w\" sizes=\"(max-width: 1000px) 100vw, 1000px\" \/><\/td>\n<\/tr>\n<\/tbody>\n<\/table>\n<table style=\"border-collapse: collapse; width: 100%;\">\n<tbody>\n<tr>\n<td style=\"width: 33.3333%;\"><img loading=\"lazy\" decoding=\"async\" class=\"alignnone size-full wp-image-3852\" src=\"https:\/\/www.cosmepak.com\/wp-content\/uploads\/2025\/07\/\u8be6\u60c5-101.jpg\" alt=\"\" width=\"1000\" height=\"1000\" srcset=\"https:\/\/www.cosmepak.com\/wp-content\/uploads\/2025\/07\/\u8be6\u60c5-101.jpg 1000w, https:\/\/www.cosmepak.com\/wp-content\/uploads\/2025\/07\/\u8be6\u60c5-101-300x300.jpg 300w, https:\/\/www.cosmepak.com\/wp-content\/uploads\/2025\/07\/\u8be6\u60c5-101-150x150.jpg 150w, https:\/\/www.cosmepak.com\/wp-content\/uploads\/2025\/07\/\u8be6\u60c5-101-768x768.jpg 768w, https:\/\/www.cosmepak.com\/wp-content\/uploads\/2025\/07\/\u8be6\u60c5-101-12x12.jpg 12w, https:\/\/www.cosmepak.com\/wp-content\/uploads\/2025\/07\/\u8be6\u60c5-101-600x600.jpg 600w, https:\/\/www.cosmepak.com\/wp-content\/uploads\/2025\/07\/\u8be6\u60c5-101-100x100.jpg 100w\" sizes=\"(max-width: 1000px) 100vw, 1000px\" \/><\/td>\n<td style=\"width: 33.3333%;\"><img loading=\"lazy\" decoding=\"async\" class=\"alignnone size-full wp-image-3851\" src=\"https:\/\/www.cosmepak.com\/wp-content\/uploads\/2025\/07\/\u8be6\u60c5-91.jpg\" alt=\"\" width=\"1000\" height=\"1000\" srcset=\"https:\/\/www.cosmepak.com\/wp-content\/uploads\/2025\/07\/\u8be6\u60c5-91.jpg 1000w, https:\/\/www.cosmepak.com\/wp-content\/uploads\/2025\/07\/\u8be6\u60c5-91-300x300.jpg 300w, https:\/\/www.cosmepak.com\/wp-content\/uploads\/2025\/07\/\u8be6\u60c5-91-150x150.jpg 150w, https:\/\/www.cosmepak.com\/wp-content\/uploads\/2025\/07\/\u8be6\u60c5-91-768x768.jpg 768w, https:\/\/www.cosmepak.com\/wp-content\/uploads\/2025\/07\/\u8be6\u60c5-91-12x12.jpg 12w, https:\/\/www.cosmepak.com\/wp-content\/uploads\/2025\/07\/\u8be6\u60c5-91-600x600.jpg 600w, https:\/\/www.cosmepak.com\/wp-content\/uploads\/2025\/07\/\u8be6\u60c5-91-100x100.jpg 100w\" sizes=\"(max-width: 1000px) 100vw, 1000px\" \/><\/td>\n<td style=\"width: 33.3333%;\"><img loading=\"lazy\" decoding=\"async\" class=\"alignnone size-full wp-image-3853\" src=\"https:\/\/www.cosmepak.com\/wp-content\/uploads\/2025\/07\/\u4e3b\u56fe-21.jpg\" alt=\"\" width=\"1000\" height=\"1000\" srcset=\"https:\/\/www.cosmepak.com\/wp-content\/uploads\/2025\/07\/\u4e3b\u56fe-21.jpg 1000w, https:\/\/www.cosmepak.com\/wp-content\/uploads\/2025\/07\/\u4e3b\u56fe-21-300x300.jpg 300w, https:\/\/www.cosmepak.com\/wp-content\/uploads\/2025\/07\/\u4e3b\u56fe-21-150x150.jpg 150w, https:\/\/www.cosmepak.com\/wp-content\/uploads\/2025\/07\/\u4e3b\u56fe-21-768x768.jpg 768w, https:\/\/www.cosmepak.com\/wp-content\/uploads\/2025\/07\/\u4e3b\u56fe-21-12x12.jpg 12w, https:\/\/www.cosmepak.com\/wp-content\/uploads\/2025\/07\/\u4e3b\u56fe-21-600x600.jpg 600w, https:\/\/www.cosmepak.com\/wp-content\/uploads\/2025\/07\/\u4e3b\u56fe-21-100x100.jpg 100w\" sizes=\"(max-width: 1000px) 100vw, 1000px\" \/><\/td>\n<\/tr>\n<\/tbody>\n<\/table>\n<p>&nbsp;<\/p>","protected":false},"excerpt":{"rendered":"<p>V\u1eadt li\u1ec7u: th\u1ee7y tinh<\/p>\n<p>C\u00f4ng su\u1ea5t: 30\/50\/100 \/ 120ml 30g \/ 50g<\/p>\n<p>M\u00e0u s\u1eafc: Ch\u1ea5p nh\u1eadn t\u00f9y ch\u1ec9nh (b\u1ea5t k\u1ef3 m\u00e0u pantone n\u00e0o c\u00f3 s\u1eb5n)<\/p>\n<p>Ho\u00e0n thi\u1ec7n b\u1ec1 m\u1eb7t: in m\u00e0n h\u00ecnh, d\u1eadp n\u00f3ng, gradient phun, k\u1ebft th\u00fac m\u1edd, v.v.<\/p>\n<p>MOQ: 10000<\/p>\n<p>M\u1eabu: c\u00f3 s\u1eb5n m\u1eabu mi\u1ec5n ph\u00ed<\/p>\n<p>&nbsp;<\/p>\n<p>&nbsp;<\/p>","protected":false},"featured_media":2725,"comment_status":"closed","ping_status":"closed","template":"","meta":{"_acf_changed":false},"product_brand":[],"product_cat":[19,46],"product_tag":[],"class_list":{"0":"post-2567","1":"product","2":"type-product","3":"status-publish","4":"has-post-thumbnail","6":"product_cat-skincare-glass-bottle","7":"product_cat-skincare-product-set-package","9":"first","10":"instock","11":"shipping-taxable","12":"product-type-simple"},"acf":[],"_links":{"self":[{"href":"https:\/\/www.cosmepak.com\/vi\/wp-json\/wp\/v2\/product\/2567","targetHints":{"allow":["GET"]}}],"collection":[{"href":"https:\/\/www.cosmepak.com\/vi\/wp-json\/wp\/v2\/product"}],"about":[{"href":"https:\/\/www.cosmepak.com\/vi\/wp-json\/wp\/v2\/types\/product"}],"replies":[{"embeddable":true,"href":"https:\/\/www.cosmepak.com\/vi\/wp-json\/wp\/v2\/comments?post=2567"}],"wp:featuredmedia":[{"embeddable":true,"href":"https:\/\/www.cosmepak.com\/vi\/wp-json\/wp\/v2\/media\/2725"}],"wp:attachment":[{"href":"https:\/\/www.cosmepak.com\/vi\/wp-json\/wp\/v2\/media?parent=2567"}],"wp:term":[{"taxonomy":"product_brand","embeddable":true,"href":"https:\/\/www.cosmepak.com\/vi\/wp-json\/wp\/v2\/product_brand?post=2567"},{"taxonomy":"product_cat","embeddable":true,"href":"https:\/\/www.cosmepak.com\/vi\/wp-json\/wp\/v2\/product_cat?post=2567"},{"taxonomy":"product_tag","embeddable":true,"href":"https:\/\/www.cosmepak.com\/vi\/wp-json\/wp\/v2\/product_tag?post=2567"}],"curies":[{"name":"WP","href":"https:\/\/api.w.org\/{rel}","templated":true}]}}