{"id":2580,"date":"2025-07-01T14:46:56","date_gmt":"2025-07-01T06:46:56","guid":{"rendered":"https:\/\/www.cosmepak.com\/?post_type=product&#038;p=2580"},"modified":"2026-01-04T10:05:26","modified_gmt":"2026-01-04T02:05:26","slug":"30ml-50ml-100ml-120ml-thang-tron-day-day-dong-bang-gradient-chai-20g-30g-50g-kem-lo","status":"publish","type":"product","link":"https:\/\/www.cosmepak.com\/vi\/product\/30ml-50ml-100ml-120ml-straight-round-thick-bottomed-frosted-gradient-bottle-20g-30g-50g-cream-jar\/","title":{"rendered":"30ml 50ml 100ml 120ml th\u1eb3ng tr\u00f2n d\u00e0y-\u0111\u00e1y \u0111\u00f3ng b\u0103ng gradient chai 20g 30g 50g kem Jar"},"content":{"rendered":"<table style=\"border-collapse: collapse; width: 100%; height: 216px;\">\n<tbody>\n<tr style=\"height: 24px;\">\n<td style=\"width: 40.6929%; height: 216px;\" rowspan=\"9\"><img fetchpriority=\"high\" decoding=\"async\" class=\"alignnone size-full wp-image-2582\" src=\"https:\/\/www.cosmepak.com\/wp-content\/uploads\/2025\/07\/\u4e3b\u56fe-8.jpg\" alt=\"\" width=\"1000\" height=\"1000\" srcset=\"https:\/\/www.cosmepak.com\/wp-content\/uploads\/2025\/07\/\u4e3b\u56fe-8.jpg 1000w, https:\/\/www.cosmepak.com\/wp-content\/uploads\/2025\/07\/\u4e3b\u56fe-8-300x300.jpg 300w, https:\/\/www.cosmepak.com\/wp-content\/uploads\/2025\/07\/\u4e3b\u56fe-8-150x150.jpg 150w, https:\/\/www.cosmepak.com\/wp-content\/uploads\/2025\/07\/\u4e3b\u56fe-8-768x768.jpg 768w, https:\/\/www.cosmepak.com\/wp-content\/uploads\/2025\/07\/\u4e3b\u56fe-8-12x12.jpg 12w, https:\/\/www.cosmepak.com\/wp-content\/uploads\/2025\/07\/\u4e3b\u56fe-8-600x600.jpg 600w, https:\/\/www.cosmepak.com\/wp-content\/uploads\/2025\/07\/\u4e3b\u56fe-8-100x100.jpg 100w\" sizes=\"(max-width: 1000px) 100vw, 1000px\" \/><\/td>\n<td style=\"width: 23.5109%; height: 24px; text-align: center;\">Th\u01b0\u01a1ng hi\u1ec7u<\/td>\n<td style=\"width: 35.7961%; height: 24px; text-align: center;\">\u00a0Jaunce<\/td>\n<\/tr>\n<tr style=\"height: 24px;\">\n<td style=\"width: 23.5109%; height: 24px; text-align: center;\">Dung t\u00edch<\/td>\n<td style=\"width: 35.7961%; height: 24px; text-align: center;\">30ml \/ 50ml \/ 100ml \/ 120ml \/ 20g \/ 30g \/ 50g<\/td>\n<\/tr>\n<tr style=\"height: 24px;\">\n<td style=\"width: 23.5109%; height: 24px; text-align: center;\">H\u00ecnh d\u1ea1ng<\/td>\n<td style=\"width: 35.7961%; height: 24px; text-align: center;\">Tr\u00f2n<\/td>\n<\/tr>\n<tr style=\"height: 24px;\">\n<td style=\"width: 23.5109%; height: 24px; text-align: center;\">V\u1eadt li\u1ec7u<\/td>\n<td style=\"width: 35.7961%; height: 24px; text-align: center;\">Th\u1ee7y tinh<\/td>\n<\/tr>\n<tr style=\"height: 24px;\">\n<td style=\"width: 23.5109%; height: 24px; text-align: center;\">Ng\u01b0\u1eddi m\u1eabu<\/td>\n<td style=\"width: 35.7961%; height: 24px; text-align: center;\">S\u1ea3n ph\u1ea9m JH-YJY235B<\/td>\n<\/tr>\n<tr style=\"height: 24px;\">\n<td style=\"width: 23.5109%; height: 24px; text-align: center;\">S\u1ea3n ph\u1ea9m OEM \/ ODM<\/td>\n<td style=\"width: 35.7961%; height: 24px; text-align: center;\">Ch\u1ea5p nh\u1eadn<\/td>\n<\/tr>\n<tr style=\"height: 24px;\">\n<td style=\"width: 23.5109%; height: 24px; text-align: center;\">M\u00e0u s\u1eafc<\/td>\n<td style=\"width: 35.7961%; height: 24px; text-align: center;\">B\u1ea5t k\u1ef3 m\u00e0u parton n\u00e0o t\u00f9y ch\u1ec9nh<\/td>\n<\/tr>\n<tr style=\"height: 24px;\">\n<td style=\"width: 23.5109%; height: 24px; text-align: center;\">C\u00e1ch s\u1eed d\u1ee5ng<\/td>\n<td style=\"width: 35.7961%; height: 24px; text-align: center;\">Lotion \/ Foundation \/ kem v.v.<\/td>\n<\/tr>\n<tr style=\"height: 24px;\">\n<td style=\"width: 23.5109%; height: 24px; text-align: center;\">MOQ<\/td>\n<td style=\"width: 35.7961%; height: 24px; text-align: center;\">3000pcs trong su\u1ed1t, t\u00f9y ch\u1ec9nh 10000pcs<\/td>\n<\/tr>\n<\/tbody>\n<\/table>\n<table style=\"border-collapse: collapse; width: 100%; height: 168px;\">\n<tbody>\n<tr style=\"height: 24px;\">\n<td style=\"width: 11.8491%; text-align: center; height: 24px;\"><strong>M\u1ee5c<\/strong><\/td>\n<td style=\"width: 13.1117%; text-align: center; height: 24px;\"><strong>Dung t\u00edch<\/strong><\/td>\n<td style=\"width: 14.6772%; text-align: center; height: 24px;\"><strong>\u0110\u01b0\u1eddng k\u00ednh<\/strong><\/td>\n<td style=\"width: 12.8016%; text-align: center; height: 24px;\"><strong>Chi\u1ec1u cao vai<\/strong><\/td>\n<td style=\"width: 12.6561%; text-align: center; height: 24px;\"><strong>T\u1ed5ng chi\u1ec1u cao<\/strong><\/td>\n<\/tr>\n<tr style=\"height: 24px;\">\n<td style=\"width: 11.8491%; text-align: center; height: 24px;\">S\u1ea3n ph\u1ea9m JH-YJY235B-FY1011<\/td>\n<td style=\"width: 13.1117%; text-align: center; height: 24px;\">20g<\/td>\n<td style=\"width: 14.6772%; text-align: center; height: 24px;\">50mm<\/td>\n<td style=\"width: 12.8016%; text-align: center; height: 24px;\">29mm<\/td>\n<td style=\"width: 12.6561%; text-align: center; height: 24px;\">50mm<\/td>\n<\/tr>\n<tr style=\"height: 24px;\">\n<td style=\"width: 11.8491%; text-align: center; height: 24px;\">S\u1ea3n ph\u1ea9m JH-YJY235B-FY1012<\/td>\n<td style=\"width: 13.1117%; text-align: center; height: 24px;\">30g<\/td>\n<td style=\"width: 14.6772%; text-align: center; height: 24px;\">50mm<\/td>\n<td style=\"width: 12.8016%; text-align: center; height: 24px;\">41mm<\/td>\n<td style=\"width: 12.6561%; text-align: center; height: 24px;\">62mm<\/td>\n<\/tr>\n<tr style=\"height: 24px;\">\n<td style=\"width: 11.8491%; text-align: center; height: 24px;\">S\u1ea3n ph\u1ea9m JH-YJY235B-FY1013<\/td>\n<td style=\"width: 13.1117%; text-align: center; height: 24px;\">50g<\/td>\n<td style=\"width: 14.6772%; text-align: center; height: 24px;\">50mm<\/td>\n<td style=\"width: 12.8016%; text-align: center; height: 24px;\">58mm<\/td>\n<td style=\"width: 12.6561%; text-align: center; height: 24px;\">79mm<\/td>\n<\/tr>\n<tr style=\"height: 24px;\">\n<td style=\"width: 11.8491%; text-align: center; height: 24px;\">JH-YJY235B-C6324<\/td>\n<td style=\"width: 13.1117%; text-align: center; height: 24px;\">30ml<\/td>\n<td style=\"width: 14.6772%; text-align: center; height: 24px;\">37mm<\/td>\n<td style=\"width: 12.8016%; text-align: center; height: 24px;\">62mm<\/td>\n<td style=\"width: 12.6561%; text-align: center; height: 24px;\">106mm<\/td>\n<\/tr>\n<tr style=\"height: 24px;\">\n<td style=\"width: 11.8491%; text-align: center; height: 24px;\">S\u1ea3n ph\u1ea9m JH-YJY235B-C6326<\/td>\n<td style=\"width: 13.1117%; text-align: center; height: 24px;\">50ml<\/td>\n<td style=\"width: 14.6772%; text-align: center; height: 24px;\">37mm<\/td>\n<td style=\"width: 12.8016%; text-align: center; height: 24px;\">88mm<\/td>\n<td style=\"width: 12.6561%; text-align: center; height: 24px;\">T\u1eeb 132mm<\/td>\n<\/tr>\n<tr>\n<td style=\"width: 11.8491%; text-align: center;\">S\u1ea3n ph\u1ea9m JH-YJY23B-BW8911<\/td>\n<td style=\"width: 13.1117%; text-align: center;\">100ml<\/td>\n<td style=\"width: 14.6772%; text-align: center;\">42mm<\/td>\n<td style=\"width: 12.8016%; text-align: center;\">T\u1eeb 132mm<\/td>\n<td style=\"width: 12.6561%; text-align: center;\">178mm<\/td>\n<\/tr>\n<tr style=\"height: 24px;\">\n<td style=\"width: 11.8491%; text-align: center; height: 24px;\">S\u1ea3n ph\u1ea9m JH-YJY23B-BW8910<\/td>\n<td style=\"width: 13.1117%; text-align: center; height: 24px;\">120ml<\/td>\n<td style=\"width: 14.6772%; text-align: center; height: 24px;\">42mm<\/td>\n<td style=\"width: 12.8016%; text-align: center; height: 24px;\">148mm<\/td>\n<td style=\"width: 12.6561%; text-align: center; height: 24px;\">193mm<\/td>\n<\/tr>\n<\/tbody>\n<\/table>\n<p style=\"text-align: left;\">B\u1ed9 s\u1ea3n ph\u1ea9m ch\u0103m s\u00f3c da serise n\u00e0y \u0111\u01b0\u1ee3c l\u00e0m b\u1eb1ng phong c\u00e1ch Trung Qu\u1ed1c, k\u1ebft th\u00fac gradient m\u1edd, v\u1eadt li\u1ec7u th\u1ee7y tinh b\u1ec1n ch\u1ea5t l\u01b0\u1ee3ng cao. chai c\u00f3 th\u1ec3 k\u00edch th\u01b0\u1edbc cho b\u1ea1n ch\u1ecdn, c\u00f4ng su\u1ea5t t\u1eeb 30ml \u0111\u1ebfn 120ml v\u00e0 c\u00f4ng su\u1ea5t l\u1ecd kem c\u00f3 20g, 30g v\u00e0 50g. s\u1ea3n ph\u1ea9m n\u00e0y \u0111\u01b0\u1ee3c s\u1eed d\u1ee5ng r\u1ed9ng r\u00e3i cho kem sang tr\u1ecdng, kem kem v\u00e0 s\u1ea3n ph\u1ea9m ch\u0103m s\u00f3c da. N\u00f3 ho\u00e0n h\u1ea3o cho c\u00e1c th\u01b0\u01a1ng hi\u1ec7u ch\u0103m s\u00f3c da cao c\u1ea5p t\u00ecm c\u00e1ch \u0111\u00f3ng g\u00f3i s\u1ea3n ph\u1ea9m c\u1ee7a h\u1ecd trong m\u1ed9t th\u00f9ng ch\u1ee9a phong c\u00e1ch v\u00e0 b\u1ec1n ph\u1ea3n \u00e1nh s\u1ef1 sang tr\u1ecdng v\u00e0 ch\u1ea5t l\u01b0\u1ee3ng c\u1ee7a kem v\u00e0 kem kem c\u1ee7a h\u1ecd.<\/p>\n<p>Ph\u1ea7n d\u01b0\u1edbi d\u00e0y \u0111\u1ea3m b\u1ea3o \u0111\u1ed9 b\u1ec1n, trong khi k\u1ebft th\u00fac gradient m\u1edd th\u00eam m\u1ed9t ch\u00fat tinh t\u1ebf. n\u1ebfu b\u1ea1n c\u00f3 b\u1ea5t k\u1ef3 thu\u1ed1c phi\u1ec7n n\u00e0o cho chai v\u00e0 l\u1ecd n\u00e0y, vui l\u00f2ng cho ch\u00fang t\u00f4i th\u1ea5y, ch\u00fang t\u00f4i c\u00f3 th\u1ec3 th\u1ea3o lu\u1eadn v\u00e0 gi\u00fap b\u1ea1n \u0111\u1ea1t \u0111\u01b0\u1ee3c n\u00f3. nh\u01b0 m\u00e0u s\u1eafc, logo, in l\u1ee5a, d\u00e1n nh\u00e3n vv<\/p>\n<p style=\"text-align: left;\">Ch\u00fang t\u00f4i c\u0169ng cung c\u1ea5p m\u1ed9t gi\u1ea3i ph\u00e1p \u0111\u00f3ng g\u00f3i ho\u00e0n ch\u1ec9nh cho c\u00e1c s\u1ea3n ph\u1ea9m cao c\u1ea5p c\u1ee7a b\u1ea1n.<\/p>\n<p style=\"text-align: center;\"><img decoding=\"async\" class=\"alignnone size-full wp-image-2583\" src=\"https:\/\/www.cosmepak.com\/wp-content\/uploads\/2025\/07\/\u8be6\u60c5-6.jpg\" alt=\"\" width=\"1000\" height=\"658\" srcset=\"https:\/\/www.cosmepak.com\/wp-content\/uploads\/2025\/07\/\u8be6\u60c5-6.jpg 1000w, https:\/\/www.cosmepak.com\/wp-content\/uploads\/2025\/07\/\u8be6\u60c5-6-300x197.jpg 300w, https:\/\/www.cosmepak.com\/wp-content\/uploads\/2025\/07\/\u8be6\u60c5-6-768x505.jpg 768w, https:\/\/www.cosmepak.com\/wp-content\/uploads\/2025\/07\/\u8be6\u60c5-6-18x12.jpg 18w, https:\/\/www.cosmepak.com\/wp-content\/uploads\/2025\/07\/\u8be6\u60c5-6-600x395.jpg 600w\" sizes=\"(max-width: 1000px) 100vw, 1000px\" \/><\/p>\n<p><img decoding=\"async\" class=\"size-full wp-image-2584 aligncenter\" src=\"https:\/\/www.cosmepak.com\/wp-content\/uploads\/2025\/07\/\u8be6\u60c5-7.jpg\" alt=\"\" width=\"1000\" height=\"425\" srcset=\"https:\/\/www.cosmepak.com\/wp-content\/uploads\/2025\/07\/\u8be6\u60c5-7.jpg 1000w, https:\/\/www.cosmepak.com\/wp-content\/uploads\/2025\/07\/\u8be6\u60c5-7-300x128.jpg 300w, https:\/\/www.cosmepak.com\/wp-content\/uploads\/2025\/07\/\u8be6\u60c5-7-768x326.jpg 768w, https:\/\/www.cosmepak.com\/wp-content\/uploads\/2025\/07\/\u8be6\u60c5-7-18x8.jpg 18w, https:\/\/www.cosmepak.com\/wp-content\/uploads\/2025\/07\/\u8be6\u60c5-7-600x255.jpg 600w\" sizes=\"(max-width: 1000px) 100vw, 1000px\" \/><\/p>\n<table style=\"border-collapse: collapse; width: 100%;\">\n<tbody>\n<tr>\n<td style=\"width: 50%;\"><img loading=\"lazy\" decoding=\"async\" class=\"alignnone size-full wp-image-3880\" src=\"https:\/\/www.cosmepak.com\/wp-content\/uploads\/2025\/07\/\u4e3b\u56fe-31-1.jpg\" alt=\"\" width=\"1000\" height=\"1000\" srcset=\"https:\/\/www.cosmepak.com\/wp-content\/uploads\/2025\/07\/\u4e3b\u56fe-31-1.jpg 1000w, https:\/\/www.cosmepak.com\/wp-content\/uploads\/2025\/07\/\u4e3b\u56fe-31-1-300x300.jpg 300w, https:\/\/www.cosmepak.com\/wp-content\/uploads\/2025\/07\/\u4e3b\u56fe-31-1-150x150.jpg 150w, https:\/\/www.cosmepak.com\/wp-content\/uploads\/2025\/07\/\u4e3b\u56fe-31-1-768x768.jpg 768w, https:\/\/www.cosmepak.com\/wp-content\/uploads\/2025\/07\/\u4e3b\u56fe-31-1-12x12.jpg 12w, https:\/\/www.cosmepak.com\/wp-content\/uploads\/2025\/07\/\u4e3b\u56fe-31-1-600x600.jpg 600w, https:\/\/www.cosmepak.com\/wp-content\/uploads\/2025\/07\/\u4e3b\u56fe-31-1-100x100.jpg 100w\" sizes=\"(max-width: 1000px) 100vw, 1000px\" \/><\/td>\n<td style=\"width: 50%;\"><img loading=\"lazy\" decoding=\"async\" class=\"alignnone size-full wp-image-3881\" src=\"https:\/\/www.cosmepak.com\/wp-content\/uploads\/2025\/07\/\u4e3b\u56fe-91.jpg\" alt=\"\" width=\"1000\" height=\"1000\" srcset=\"https:\/\/www.cosmepak.com\/wp-content\/uploads\/2025\/07\/\u4e3b\u56fe-91.jpg 1000w, https:\/\/www.cosmepak.com\/wp-content\/uploads\/2025\/07\/\u4e3b\u56fe-91-300x300.jpg 300w, https:\/\/www.cosmepak.com\/wp-content\/uploads\/2025\/07\/\u4e3b\u56fe-91-150x150.jpg 150w, https:\/\/www.cosmepak.com\/wp-content\/uploads\/2025\/07\/\u4e3b\u56fe-91-768x768.jpg 768w, https:\/\/www.cosmepak.com\/wp-content\/uploads\/2025\/07\/\u4e3b\u56fe-91-12x12.jpg 12w, https:\/\/www.cosmepak.com\/wp-content\/uploads\/2025\/07\/\u4e3b\u56fe-91-600x600.jpg 600w, https:\/\/www.cosmepak.com\/wp-content\/uploads\/2025\/07\/\u4e3b\u56fe-91-100x100.jpg 100w\" sizes=\"(max-width: 1000px) 100vw, 1000px\" \/><\/td>\n<\/tr>\n<\/tbody>\n<\/table>\n<table style=\"border-collapse: collapse; width: 100%;\">\n<tbody>\n<tr>\n<td style=\"width: 33.3333%;\"><img loading=\"lazy\" decoding=\"async\" class=\"alignnone size-full wp-image-3882\" src=\"https:\/\/www.cosmepak.com\/wp-content\/uploads\/2025\/07\/\u4e3b\u56fe-51-1.jpg\" alt=\"\" width=\"1000\" height=\"1000\" srcset=\"https:\/\/www.cosmepak.com\/wp-content\/uploads\/2025\/07\/\u4e3b\u56fe-51-1.jpg 1000w, https:\/\/www.cosmepak.com\/wp-content\/uploads\/2025\/07\/\u4e3b\u56fe-51-1-300x300.jpg 300w, https:\/\/www.cosmepak.com\/wp-content\/uploads\/2025\/07\/\u4e3b\u56fe-51-1-150x150.jpg 150w, https:\/\/www.cosmepak.com\/wp-content\/uploads\/2025\/07\/\u4e3b\u56fe-51-1-768x768.jpg 768w, https:\/\/www.cosmepak.com\/wp-content\/uploads\/2025\/07\/\u4e3b\u56fe-51-1-12x12.jpg 12w, https:\/\/www.cosmepak.com\/wp-content\/uploads\/2025\/07\/\u4e3b\u56fe-51-1-600x600.jpg 600w, https:\/\/www.cosmepak.com\/wp-content\/uploads\/2025\/07\/\u4e3b\u56fe-51-1-100x100.jpg 100w\" sizes=\"(max-width: 1000px) 100vw, 1000px\" \/><\/td>\n<td style=\"width: 33.3333%;\"><img loading=\"lazy\" decoding=\"async\" class=\"alignnone size-full wp-image-3883\" src=\"https:\/\/www.cosmepak.com\/wp-content\/uploads\/2025\/07\/\u4e3b\u56fe-61.jpg\" alt=\"\" width=\"1000\" height=\"1000\" srcset=\"https:\/\/www.cosmepak.com\/wp-content\/uploads\/2025\/07\/\u4e3b\u56fe-61.jpg 1000w, https:\/\/www.cosmepak.com\/wp-content\/uploads\/2025\/07\/\u4e3b\u56fe-61-300x300.jpg 300w, https:\/\/www.cosmepak.com\/wp-content\/uploads\/2025\/07\/\u4e3b\u56fe-61-150x150.jpg 150w, https:\/\/www.cosmepak.com\/wp-content\/uploads\/2025\/07\/\u4e3b\u56fe-61-768x768.jpg 768w, https:\/\/www.cosmepak.com\/wp-content\/uploads\/2025\/07\/\u4e3b\u56fe-61-12x12.jpg 12w, https:\/\/www.cosmepak.com\/wp-content\/uploads\/2025\/07\/\u4e3b\u56fe-61-600x600.jpg 600w, https:\/\/www.cosmepak.com\/wp-content\/uploads\/2025\/07\/\u4e3b\u56fe-61-100x100.jpg 100w\" sizes=\"(max-width: 1000px) 100vw, 1000px\" \/><\/td>\n<td style=\"width: 33.3333%;\"><img loading=\"lazy\" decoding=\"async\" class=\"alignnone size-full wp-image-3884\" src=\"https:\/\/www.cosmepak.com\/wp-content\/uploads\/2025\/07\/\u4e3b\u56fe-71.jpg\" alt=\"\" width=\"1000\" height=\"1000\" srcset=\"https:\/\/www.cosmepak.com\/wp-content\/uploads\/2025\/07\/\u4e3b\u56fe-71.jpg 1000w, https:\/\/www.cosmepak.com\/wp-content\/uploads\/2025\/07\/\u4e3b\u56fe-71-300x300.jpg 300w, https:\/\/www.cosmepak.com\/wp-content\/uploads\/2025\/07\/\u4e3b\u56fe-71-150x150.jpg 150w, https:\/\/www.cosmepak.com\/wp-content\/uploads\/2025\/07\/\u4e3b\u56fe-71-768x768.jpg 768w, https:\/\/www.cosmepak.com\/wp-content\/uploads\/2025\/07\/\u4e3b\u56fe-71-12x12.jpg 12w, https:\/\/www.cosmepak.com\/wp-content\/uploads\/2025\/07\/\u4e3b\u56fe-71-600x600.jpg 600w, https:\/\/www.cosmepak.com\/wp-content\/uploads\/2025\/07\/\u4e3b\u56fe-71-100x100.jpg 100w\" sizes=\"(max-width: 1000px) 100vw, 1000px\" \/><\/td>\n<\/tr>\n<\/tbody>\n<\/table>\n<p>&nbsp;<\/p>\n<p class=\"ai-center-markdown-p\" data-spm-anchor-id=\"a2747.product_manager.0.i19.b13471d25n1Drz\">","protected":false},"excerpt":{"rendered":"<p>V\u1eadt li\u1ec7u: th\u1ee7y tinh<\/p>\n<p>H\u00ecnh d\u1ea1ng: V\u00f2ng tr\u00f2n<\/p>\n<p>N\u1eafp: N\u1eafp v\u00edt \/ N\u1eafp b\u01a1m \/ Dropper \u0111\u1ec3 ch\u1ecdn.<\/p>\n<p>C\u00f4ng su\u1ea5t: 30ml \/ 50ml \/ 100ml \/ 120ml \/ 20g \/ 30g \/ 50g<\/p>\n<p>M\u00e0u s\u1eafc: Ch\u1ea5p nh\u1eadn t\u00f9y ch\u1ec9nh (b\u1ea5t k\u1ef3 m\u00e0u pantone n\u00e0o c\u00f3 s\u1eb5n)<\/p>\n<p>Ho\u00e0n thi\u1ec7n b\u1ec1 m\u1eb7t: in m\u00e0n h\u00ecnh, d\u1eadp n\u00f3ng, gradient phun, k\u1ebft th\u00fac m\u1edd, v.v.<\/p>\n<p>MOQ: 3000pcs \/ t\u00f9y ch\u1ec9nh qty 10000pcs<\/p>\n<p>M\u1eabu: c\u00f3 s\u1eb5n m\u1eabu mi\u1ec5n ph\u00ed<\/p>\n<p>OEM \/ ODM: Ch\u1ea5p nh\u1eadn \u0111\u01b0\u1ee3c<\/p>\n<p>&nbsp;<\/p>\n<p>&nbsp;<\/p>","protected":false},"featured_media":2590,"comment_status":"closed","ping_status":"closed","template":"","meta":{"_acf_changed":false},"product_brand":[],"product_cat":[19,46],"product_tag":[43],"class_list":{"0":"post-2580","1":"product","2":"type-product","3":"status-publish","4":"has-post-thumbnail","6":"product_cat-skincare-glass-bottle","7":"product_cat-skincare-product-set-package","8":"product_tag-cosmetic-package-bottles","10":"first","11":"instock","12":"shipping-taxable","13":"product-type-simple"},"acf":[],"_links":{"self":[{"href":"https:\/\/www.cosmepak.com\/vi\/wp-json\/wp\/v2\/product\/2580","targetHints":{"allow":["GET"]}}],"collection":[{"href":"https:\/\/www.cosmepak.com\/vi\/wp-json\/wp\/v2\/product"}],"about":[{"href":"https:\/\/www.cosmepak.com\/vi\/wp-json\/wp\/v2\/types\/product"}],"replies":[{"embeddable":true,"href":"https:\/\/www.cosmepak.com\/vi\/wp-json\/wp\/v2\/comments?post=2580"}],"wp:featuredmedia":[{"embeddable":true,"href":"https:\/\/www.cosmepak.com\/vi\/wp-json\/wp\/v2\/media\/2590"}],"wp:attachment":[{"href":"https:\/\/www.cosmepak.com\/vi\/wp-json\/wp\/v2\/media?parent=2580"}],"wp:term":[{"taxonomy":"product_brand","embeddable":true,"href":"https:\/\/www.cosmepak.com\/vi\/wp-json\/wp\/v2\/product_brand?post=2580"},{"taxonomy":"product_cat","embeddable":true,"href":"https:\/\/www.cosmepak.com\/vi\/wp-json\/wp\/v2\/product_cat?post=2580"},{"taxonomy":"product_tag","embeddable":true,"href":"https:\/\/www.cosmepak.com\/vi\/wp-json\/wp\/v2\/product_tag?post=2580"}],"curies":[{"name":"WP","href":"https:\/\/api.w.org\/{rel}","templated":true}]}}