{"id":2658,"date":"2025-07-17T13:46:59","date_gmt":"2025-07-17T05:46:59","guid":{"rendered":"https:\/\/www.cosmepak.com\/?post_type=product&#038;p=2658"},"modified":"2025-11-05T14:35:36","modified_gmt":"2025-11-05T06:35:36","slug":"hot-selling-150ml-500ml-plastic-bottle-with-pump-jaunce","status":"publish","type":"product","link":"https:\/\/www.cosmepak.com\/vi\/product\/hot-selling-150ml-500ml-plastic-bottle-with-pump-jaunce\/","title":{"rendered":"B\u00e1n n\u00f3ng chai nh\u1ef1a 150ml 500ml v\u1edbi m\u00e1y b\u01a1m \/ Jaunce"},"content":{"rendered":"<table style=\"border-collapse: collapse; width: 100%; height: 168px;\">\n<tbody>\n<tr style=\"height: 24px;\">\n<td style=\"width: 33.3333%; height: 168px;\" rowspan=\"5\"><img fetchpriority=\"high\" decoding=\"async\" class=\"alignnone size-full wp-image-2660\" src=\"https:\/\/www.cosmepak.com\/wp-content\/uploads\/2025\/07\/279.jpg\" alt=\"\" width=\"1920\" height=\"1920\" srcset=\"https:\/\/www.cosmepak.com\/wp-content\/uploads\/2025\/07\/279.jpg 1920w, https:\/\/www.cosmepak.com\/wp-content\/uploads\/2025\/07\/279-300x300.jpg 300w, https:\/\/www.cosmepak.com\/wp-content\/uploads\/2025\/07\/279-1024x1024.jpg 1024w, https:\/\/www.cosmepak.com\/wp-content\/uploads\/2025\/07\/279-150x150.jpg 150w, https:\/\/www.cosmepak.com\/wp-content\/uploads\/2025\/07\/279-768x768.jpg 768w, https:\/\/www.cosmepak.com\/wp-content\/uploads\/2025\/07\/279-1536x1536.jpg 1536w, https:\/\/www.cosmepak.com\/wp-content\/uploads\/2025\/07\/279-12x12.jpg 12w, https:\/\/www.cosmepak.com\/wp-content\/uploads\/2025\/07\/279-600x600.jpg 600w, https:\/\/www.cosmepak.com\/wp-content\/uploads\/2025\/07\/279-100x100.jpg 100w\" sizes=\"(max-width: 1920px) 100vw, 1920px\" \/><\/td>\n<td style=\"width: 33.122%; height: 24px; text-align: center;\">Th\u01b0\u01a1ng hi\u1ec7u<\/td>\n<td style=\"width: 33.5446%; height: 24px; text-align: center;\">Jaunce<\/td>\n<\/tr>\n<tr style=\"height: 24px;\">\n<td style=\"width: 33.122%; height: 24px; text-align: center;\">Ng\u01b0\u1eddi m\u1eabu<\/td>\n<td style=\"width: 33.5446%; height: 24px; text-align: center;\">M\u00e1y bay JH-SK0518<\/td>\n<\/tr>\n<tr style=\"height: 24px;\">\n<td style=\"width: 33.122%; height: 24px; text-align: center;\">Kh\u1ea3 n\u0103ng<\/td>\n<td style=\"width: 33.5446%; height: 24px; text-align: center;\">150ml \/ 500ml<\/td>\n<\/tr>\n<tr style=\"height: 24px;\">\n<td style=\"width: 33.122%; height: 24px; text-align: center;\">M\u00e0u s\u1eafc<\/td>\n<td style=\"width: 33.5446%; height: 24px; text-align: center;\">t\u00f9y ch\u1ec9nh<\/td>\n<\/tr>\n<tr style=\"height: 24px;\">\n<td style=\"width: 33.122%; height: 24px; text-align: center;\">V\u1eadt li\u1ec7u<\/td>\n<td style=\"width: 33.5446%; height: 24px; text-align: center;\">S\u1ea3n ph\u1ea9m HDPE<\/td>\n<\/tr>\n<\/tbody>\n<\/table>\n<p>&nbsp;<\/p>\n<p><img decoding=\"async\" class=\"size-full wp-image-2662 aligncenter\" src=\"https:\/\/www.cosmepak.com\/wp-content\/uploads\/2025\/07\/277.jpg\" alt=\"\" width=\"1920\" height=\"1920\" srcset=\"https:\/\/www.cosmepak.com\/wp-content\/uploads\/2025\/07\/277.jpg 1920w, https:\/\/www.cosmepak.com\/wp-content\/uploads\/2025\/07\/277-300x300.jpg 300w, https:\/\/www.cosmepak.com\/wp-content\/uploads\/2025\/07\/277-1024x1024.jpg 1024w, https:\/\/www.cosmepak.com\/wp-content\/uploads\/2025\/07\/277-150x150.jpg 150w, https:\/\/www.cosmepak.com\/wp-content\/uploads\/2025\/07\/277-768x768.jpg 768w, https:\/\/www.cosmepak.com\/wp-content\/uploads\/2025\/07\/277-1536x1536.jpg 1536w, https:\/\/www.cosmepak.com\/wp-content\/uploads\/2025\/07\/277-12x12.jpg 12w, https:\/\/www.cosmepak.com\/wp-content\/uploads\/2025\/07\/277-600x600.jpg 600w, https:\/\/www.cosmepak.com\/wp-content\/uploads\/2025\/07\/277-100x100.jpg 100w\" sizes=\"(max-width: 1920px) 100vw, 1920px\" \/><\/p>\n<p>https:\/\/www.cosmepak.com\/fr\/produit\/50ml-pp-capuchon-plastique-bouteille-de-cosmetique-jaune-2-3\/<\/p>\n<p>Chai d\u01b0\u1ee1ng \u1ea9m Body Lotion Aromatherapy tr\u1eafng 150ml<\/p>\n<p>T\u00ednh n\u0103ng:<\/p>\n<ul>\n<li>https:\/\/www.cosmepak.com\/fr\/produit\/50ml-pp-capuchon-plastique-bouteille-de-cosmetique-jaune-2-3\/#respond<\/li>\n<li>https:\/\/www.cosmepak.com\/fr\/produit\/50ml-pp-capuchon-plastique-bouteille-de-cosmetique-jaune-2-3\/feed\/<\/li>\n<li>https:\/\/www.cosmepak.com\/fr\/produit\/hot-selling-150ml-500ml-plastic-bottle-with-pump-jaunce\/<\/li>\n<li>https:\/\/www.cosmepak.com\/fr\/produit\/bouteille-de-lotion-en-plastique-de-500ml-jaune\/<\/li>\n<\/ul>\n<p>L\u1ee3i \u00edch:<\/p>\n<ul>\n<li>https:\/\/www.cosmepak.com\/fr\/produit\/bouteille-de-lotion-en-plastique-epaule-ronde-jaune\/<\/li>\n<li>https:\/\/www.cosmepak.com\/fr\/produit\/250ml-450ml-pet-lotion-shampoo-bottle\/<\/li>\n<li>https:\/\/www.cosmepak.com\/vi\/san-pham\/pp-flip-cap-chai-my-pham-nhua-vang\/<\/li>\n<\/ul>\n<p>Chai bao b\u00ec ch\u0103m s\u00f3c t\u00f3c 500ml cho \u0111i\u1ec1u h\u00f2a v\u00e0 d\u1ea7u g\u1ed9i<\/p>\n<p>T\u00ednh n\u0103ng:<\/p>\n<ul>\n<li>https:\/\/www.cosmepak.com\/vi\/san-pham\/chai-nhua-my-pham-100ml-voi-nap-lat-vang\/<\/li>\n<li>https:\/\/www.cosmepak.com\/vi\/san-pham\/chai-nhua-oem-odm-voi-nap-vit-vang\/<\/li>\n<li>https:\/\/www.cosmepak.com\/de\/warum-die-besten-verpackungsfarben-im-hautpflege-branding-erfolg-wichtig-sind\/<\/li>\n<li>B\u00ecnh lu\u1eadn v\u1ec1:<\/li>\n<\/ul>\n<p>L\u1ee3i \u00edch:<\/p>\n<ul>\n<li>https:\/\/www.cosmepak.com\/de\/hallo-welt\/<\/li>\n<li>https:\/\/www.cosmepak.com\/de\/produkt\/350ml-schaumstoff-plastik-kosmetikflasche-gelb\/<\/li>\n<li>https:\/\/www.cosmepak.com\/de\/produkt\/200ml-schaumstoff-plastik-kosmetikflasche-gelb\/<\/li>\n<\/ul>\n<p>K\u1ebft lu\u1eadn<\/p>\n<p>https:\/\/www.cosmepak.com\/de\/produkt\/hot-selling-20g-50g-100g-plastic-jar-cosmetic-cream-jar-jaunce\/<\/p>\n<table style=\"border-collapse: collapse; width: 100%;\">\n<tbody>\n<tr>\n<td style=\"width: 33.3333%;\"><img decoding=\"async\" class=\"alignnone size-full wp-image-3290\" src=\"https:\/\/www.cosmepak.com\/wp-content\/uploads\/2025\/07\/1-1.jpg\" alt=\"\" width=\"1000\" height=\"1000\" srcset=\"https:\/\/www.cosmepak.com\/wp-content\/uploads\/2025\/07\/1-1.jpg 1000w, https:\/\/www.cosmepak.com\/wp-content\/uploads\/2025\/07\/1-1-300x300.jpg 300w, https:\/\/www.cosmepak.com\/wp-content\/uploads\/2025\/07\/1-1-150x150.jpg 150w, https:\/\/www.cosmepak.com\/wp-content\/uploads\/2025\/07\/1-1-768x768.jpg 768w, https:\/\/www.cosmepak.com\/wp-content\/uploads\/2025\/07\/1-1-12x12.jpg 12w, https:\/\/www.cosmepak.com\/wp-content\/uploads\/2025\/07\/1-1-600x600.jpg 600w, https:\/\/www.cosmepak.com\/wp-content\/uploads\/2025\/07\/1-1-100x100.jpg 100w\" sizes=\"(max-width: 1000px) 100vw, 1000px\" \/><\/td>\n<td style=\"width: 33.3333%;\"><img loading=\"lazy\" decoding=\"async\" class=\"alignnone size-full wp-image-3291\" src=\"https:\/\/www.cosmepak.com\/wp-content\/uploads\/2025\/07\/2-1.jpg\" alt=\"\" width=\"1000\" height=\"1000\" srcset=\"https:\/\/www.cosmepak.com\/wp-content\/uploads\/2025\/07\/2-1.jpg 1000w, https:\/\/www.cosmepak.com\/wp-content\/uploads\/2025\/07\/2-1-300x300.jpg 300w, https:\/\/www.cosmepak.com\/wp-content\/uploads\/2025\/07\/2-1-150x150.jpg 150w, https:\/\/www.cosmepak.com\/wp-content\/uploads\/2025\/07\/2-1-768x768.jpg 768w, https:\/\/www.cosmepak.com\/wp-content\/uploads\/2025\/07\/2-1-12x12.jpg 12w, https:\/\/www.cosmepak.com\/wp-content\/uploads\/2025\/07\/2-1-600x600.jpg 600w, https:\/\/www.cosmepak.com\/wp-content\/uploads\/2025\/07\/2-1-100x100.jpg 100w\" sizes=\"(max-width: 1000px) 100vw, 1000px\" \/><\/td>\n<td style=\"width: 33.3333%;\"><img loading=\"lazy\" decoding=\"async\" class=\"alignnone size-full wp-image-3292\" src=\"https:\/\/www.cosmepak.com\/wp-content\/uploads\/2025\/07\/3-1.jpg\" alt=\"\" width=\"1000\" height=\"1000\" srcset=\"https:\/\/www.cosmepak.com\/wp-content\/uploads\/2025\/07\/3-1.jpg 1000w, https:\/\/www.cosmepak.com\/wp-content\/uploads\/2025\/07\/3-1-300x300.jpg 300w, https:\/\/www.cosmepak.com\/wp-content\/uploads\/2025\/07\/3-1-150x150.jpg 150w, https:\/\/www.cosmepak.com\/wp-content\/uploads\/2025\/07\/3-1-768x768.jpg 768w, https:\/\/www.cosmepak.com\/wp-content\/uploads\/2025\/07\/3-1-12x12.jpg 12w, https:\/\/www.cosmepak.com\/wp-content\/uploads\/2025\/07\/3-1-600x600.jpg 600w, https:\/\/www.cosmepak.com\/wp-content\/uploads\/2025\/07\/3-1-100x100.jpg 100w\" sizes=\"(max-width: 1000px) 100vw, 1000px\" \/><\/td>\n<\/tr>\n<\/tbody>\n<\/table>\n<p><img loading=\"lazy\" decoding=\"async\" class=\"alignnone wp-image-3293\" src=\"https:\/\/www.cosmepak.com\/wp-content\/uploads\/2025\/07\/4-1.jpg\" alt=\"\" width=\"1367\" height=\"1367\" srcset=\"https:\/\/www.cosmepak.com\/wp-content\/uploads\/2025\/07\/4-1.jpg 1000w, https:\/\/www.cosmepak.com\/wp-content\/uploads\/2025\/07\/4-1-300x300.jpg 300w, https:\/\/www.cosmepak.com\/wp-content\/uploads\/2025\/07\/4-1-150x150.jpg 150w, https:\/\/www.cosmepak.com\/wp-content\/uploads\/2025\/07\/4-1-768x768.jpg 768w, https:\/\/www.cosmepak.com\/wp-content\/uploads\/2025\/07\/4-1-12x12.jpg 12w, https:\/\/www.cosmepak.com\/wp-content\/uploads\/2025\/07\/4-1-600x600.jpg 600w, https:\/\/www.cosmepak.com\/wp-content\/uploads\/2025\/07\/4-1-100x100.jpg 100w\" sizes=\"(max-width: 1367px) 100vw, 1367px\" \/><\/p>\n<p>&nbsp;<\/p>","protected":false},"excerpt":{"rendered":"<p>Ch\u1ea5t li\u1ec7u chai: HDPE<\/p>\n<p>Ch\u1ea5t li\u1ec7u n\u1eafp: pp<\/p>\n<p>C\u00f4ng su\u1ea5t: 150ml \/ 500ml<\/p>\n<p>M\u0169: B\u01a1m<\/p>\n<p>M\u00e0u s\u1eafc: T\u00f9y ch\u1ec9nh (b\u1ea5t k\u1ef3 m\u00e0u pantone n\u00e0o c\u00f3 s\u1eb5n)<\/p>\n<p>B\u1ec1 m\u1eb7t ho\u00e0n thi\u1ec7n: In m\u00e0n h\u00ecnh, s\u01b0\u01a1ng gi\u00e1, d\u1eadp n\u00f3ng, gradient phun, k\u1ebft th\u00fac m\u1edd, v.v.<\/p>\n<p>MOQ: 5000pcs;<\/p>\n<p>&nbsp;<\/p>","protected":false},"featured_media":2659,"comment_status":"closed","ping_status":"closed","template":"","meta":{"_acf_changed":false},"product_brand":[],"product_cat":[47,18],"product_tag":[41],"class_list":{"0":"post-2658","1":"product","2":"type-product","3":"status-publish","4":"has-post-thumbnail","6":"product_cat-lotion-bottle","7":"product_cat-plastic-bottle","8":"product_tag-plastic-bottle","10":"first","11":"instock","12":"shipping-taxable","13":"product-type-simple"},"acf":[],"_links":{"self":[{"href":"https:\/\/www.cosmepak.com\/vi\/wp-json\/wp\/v2\/product\/2658","targetHints":{"allow":["GET"]}}],"collection":[{"href":"https:\/\/www.cosmepak.com\/vi\/wp-json\/wp\/v2\/product"}],"about":[{"href":"https:\/\/www.cosmepak.com\/vi\/wp-json\/wp\/v2\/types\/product"}],"replies":[{"embeddable":true,"href":"https:\/\/www.cosmepak.com\/vi\/wp-json\/wp\/v2\/comments?post=2658"}],"wp:featuredmedia":[{"embeddable":true,"href":"https:\/\/www.cosmepak.com\/vi\/wp-json\/wp\/v2\/media\/2659"}],"wp:attachment":[{"href":"https:\/\/www.cosmepak.com\/vi\/wp-json\/wp\/v2\/media?parent=2658"}],"wp:term":[{"taxonomy":"product_brand","embeddable":true,"href":"https:\/\/www.cosmepak.com\/vi\/wp-json\/wp\/v2\/product_brand?post=2658"},{"taxonomy":"product_cat","embeddable":true,"href":"https:\/\/www.cosmepak.com\/vi\/wp-json\/wp\/v2\/product_cat?post=2658"},{"taxonomy":"product_tag","embeddable":true,"href":"https:\/\/www.cosmepak.com\/vi\/wp-json\/wp\/v2\/product_tag?post=2658"}],"curies":[{"name":"WP","href":"https:\/\/api.w.org\/{rel}","templated":true}]}}