{"id":2665,"date":"2025-07-18T08:19:49","date_gmt":"2025-07-18T00:19:49","guid":{"rendered":"https:\/\/www.cosmepak.com\/?post_type=product&#038;p=2665"},"modified":"2025-08-07T14:18:40","modified_gmt":"2025-08-07T06:18:40","slug":"50ml-pp-flip-cap-chai-my-pham-nhua-vang-2-2","status":"publish","type":"product","link":"https:\/\/www.cosmepak.com\/vi\/product\/50ml-pp-flip-cap-plastic-cosmetic-bottle-jaunce-2-2-2\/","title":{"rendered":"2025 New Style Press-type Lotion Chai PET v\u1edbi m\u00e1y b\u01a1m \/ Jaunce"},"content":{"rendered":"<table style=\"border-collapse: collapse; width: 100%; height: 168px;\">\n<tbody>\n<tr style=\"height: 24px;\">\n<td style=\"width: 33.3333%; height: 168px;\" rowspan=\"5\"><img fetchpriority=\"high\" decoding=\"async\" class=\"alignnone size-full wp-image-2667\" src=\"https:\/\/www.cosmepak.com\/wp-content\/uploads\/2025\/07\/284.jpg\" alt=\"\" width=\"1920\" height=\"1920\" srcset=\"https:\/\/www.cosmepak.com\/wp-content\/uploads\/2025\/07\/284.jpg 1920w, https:\/\/www.cosmepak.com\/wp-content\/uploads\/2025\/07\/284-300x300.jpg 300w, https:\/\/www.cosmepak.com\/wp-content\/uploads\/2025\/07\/284-1024x1024.jpg 1024w, https:\/\/www.cosmepak.com\/wp-content\/uploads\/2025\/07\/284-150x150.jpg 150w, https:\/\/www.cosmepak.com\/wp-content\/uploads\/2025\/07\/284-768x768.jpg 768w, https:\/\/www.cosmepak.com\/wp-content\/uploads\/2025\/07\/284-1536x1536.jpg 1536w, https:\/\/www.cosmepak.com\/wp-content\/uploads\/2025\/07\/284-12x12.jpg 12w, https:\/\/www.cosmepak.com\/wp-content\/uploads\/2025\/07\/284-600x600.jpg 600w, https:\/\/www.cosmepak.com\/wp-content\/uploads\/2025\/07\/284-100x100.jpg 100w\" sizes=\"(max-width: 1920px) 100vw, 1920px\" \/><\/td>\n<td style=\"width: 33.122%; height: 24px; text-align: center;\">Th\u01b0\u01a1ng hi\u1ec7u<\/td>\n<td style=\"width: 33.5446%; height: 24px; text-align: center;\">Jaunce<\/td>\n<\/tr>\n<tr style=\"height: 24px;\">\n<td style=\"width: 33.122%; height: 24px; text-align: center;\">Ng\u01b0\u1eddi m\u1eabu<\/td>\n<td style=\"width: 33.5446%; height: 24px; text-align: center;\">M\u00e1y bay JH-SK1123<\/td>\n<\/tr>\n<tr style=\"height: 24px;\">\n<td style=\"width: 33.122%; height: 24px; text-align: center;\">Kh\u1ea3 n\u0103ng<\/td>\n<td style=\"width: 33.5446%; height: 24px; text-align: center;\">60 ml \/ 80 ml \/ 100 ml<\/td>\n<\/tr>\n<tr style=\"height: 24px;\">\n<td style=\"width: 33.122%; height: 24px; text-align: center;\">M\u00e0u s\u1eafc<\/td>\n<td style=\"width: 33.5446%; height: 24px; text-align: center;\">t\u00f9y ch\u1ec9nh<\/td>\n<\/tr>\n<tr style=\"height: 24px;\">\n<td style=\"width: 33.122%; height: 24px; text-align: center;\">V\u1eadt li\u1ec7u<\/td>\n<td style=\"width: 33.5446%; height: 24px; text-align: center;\">TH\u00da C\u01afNG<\/td>\n<\/tr>\n<\/tbody>\n<\/table>\n<p>&nbsp;<\/p>\n<p><img decoding=\"async\" class=\"alignnone size-full wp-image-2668\" src=\"https:\/\/www.cosmepak.com\/wp-content\/uploads\/2025\/07\/283.jpg\" alt=\"\" width=\"1920\" height=\"1920\" srcset=\"https:\/\/www.cosmepak.com\/wp-content\/uploads\/2025\/07\/283.jpg 1920w, https:\/\/www.cosmepak.com\/wp-content\/uploads\/2025\/07\/283-300x300.jpg 300w, https:\/\/www.cosmepak.com\/wp-content\/uploads\/2025\/07\/283-1024x1024.jpg 1024w, https:\/\/www.cosmepak.com\/wp-content\/uploads\/2025\/07\/283-150x150.jpg 150w, https:\/\/www.cosmepak.com\/wp-content\/uploads\/2025\/07\/283-768x768.jpg 768w, https:\/\/www.cosmepak.com\/wp-content\/uploads\/2025\/07\/283-1536x1536.jpg 1536w, https:\/\/www.cosmepak.com\/wp-content\/uploads\/2025\/07\/283-12x12.jpg 12w, https:\/\/www.cosmepak.com\/wp-content\/uploads\/2025\/07\/283-600x600.jpg 600w, https:\/\/www.cosmepak.com\/wp-content\/uploads\/2025\/07\/283-100x100.jpg 100w\" sizes=\"(max-width: 1920px) 100vw, 1920px\" \/><\/p>\n<p><img decoding=\"async\" class=\"alignnone size-full wp-image-2669\" src=\"https:\/\/www.cosmepak.com\/wp-content\/uploads\/2025\/07\/285.jpg\" alt=\"\" width=\"1920\" height=\"1920\" srcset=\"https:\/\/www.cosmepak.com\/wp-content\/uploads\/2025\/07\/285.jpg 1920w, https:\/\/www.cosmepak.com\/wp-content\/uploads\/2025\/07\/285-300x300.jpg 300w, https:\/\/www.cosmepak.com\/wp-content\/uploads\/2025\/07\/285-1024x1024.jpg 1024w, https:\/\/www.cosmepak.com\/wp-content\/uploads\/2025\/07\/285-150x150.jpg 150w, https:\/\/www.cosmepak.com\/wp-content\/uploads\/2025\/07\/285-768x768.jpg 768w, https:\/\/www.cosmepak.com\/wp-content\/uploads\/2025\/07\/285-1536x1536.jpg 1536w, https:\/\/www.cosmepak.com\/wp-content\/uploads\/2025\/07\/285-12x12.jpg 12w, https:\/\/www.cosmepak.com\/wp-content\/uploads\/2025\/07\/285-600x600.jpg 600w, https:\/\/www.cosmepak.com\/wp-content\/uploads\/2025\/07\/285-100x100.jpg 100w\" sizes=\"(max-width: 1920px) 100vw, 1920px\" \/><\/p>\n<p><img loading=\"lazy\" decoding=\"async\" class=\"alignnone size-full wp-image-2670\" src=\"https:\/\/www.cosmepak.com\/wp-content\/uploads\/2025\/07\/286.jpg\" alt=\"\" width=\"1920\" height=\"1920\" srcset=\"https:\/\/www.cosmepak.com\/wp-content\/uploads\/2025\/07\/286.jpg 1920w, https:\/\/www.cosmepak.com\/wp-content\/uploads\/2025\/07\/286-300x300.jpg 300w, https:\/\/www.cosmepak.com\/wp-content\/uploads\/2025\/07\/286-1024x1024.jpg 1024w, https:\/\/www.cosmepak.com\/wp-content\/uploads\/2025\/07\/286-150x150.jpg 150w, https:\/\/www.cosmepak.com\/wp-content\/uploads\/2025\/07\/286-768x768.jpg 768w, https:\/\/www.cosmepak.com\/wp-content\/uploads\/2025\/07\/286-1536x1536.jpg 1536w, https:\/\/www.cosmepak.com\/wp-content\/uploads\/2025\/07\/286-12x12.jpg 12w, https:\/\/www.cosmepak.com\/wp-content\/uploads\/2025\/07\/286-600x600.jpg 600w, https:\/\/www.cosmepak.com\/wp-content\/uploads\/2025\/07\/286-100x100.jpg 100w\" sizes=\"(max-width: 1920px) 100vw, 1920px\" \/><\/p>\n<p>Bao b\u00ec m\u1ef9 ph\u1ea9m \u0111a n\u0103ng: Chai lotion tr\u00f2n trong su\u1ed1t<br \/>\nTrong th\u1ebf gi\u1edbi n\u0103ng \u0111\u1ed9ng c\u1ee7a m\u1ef9 ph\u1ea9m, bao b\u00ec \u0111\u00f3ng vai tr\u00f2 quan tr\u1ecdng trong s\u1ef1 h\u1ea5p d\u1eabn v\u00e0 ch\u1ee9c n\u0103ng c\u1ee7a s\u1ea3n ph\u1ea9m. Trong s\u1ed1 c\u00e1c t\u00f9y ch\u1ecdn \u0111\u00f3ng g\u00f3i kh\u00e1c nhau c\u00f3 s\u1eb5n, chai lotion \u0111\u00e1y tr\u00f2n trong su\u1ed1t n\u1ed5i b\u1eadt v\u00ec t\u00ednh linh ho\u1ea1t v\u00e0 h\u1ea5p d\u1eabn th\u1ea9m m\u1ef9 c\u1ee7a ch\u00fang. \u1ede \u0111\u00e2y, ch\u00fang t\u00f4i kh\u00e1m ph\u00e1 c\u00e1c l\u1ee3i \u00edch v\u00e0 \u1ee9ng d\u1ee5ng c\u1ee7a chai lotion \u0111\u00e1y tr\u00f2n trong su\u1ed1t 60ml, 80ml v\u00e0 100ml, l\u00fd t\u01b0\u1edfng cho huy\u1ebft thanh, tinh ch\u1ea5t v\u00e0 lotion.<\/p>\n<p>1. Khuy\u1ebfn ngh\u1ecb th\u1ea9m m\u1ef9<br \/>\nChai lotion \u0111\u00e1y tr\u00f2n trong su\u1ed1t cung c\u1ea5p m\u1ed9t c\u00e1i nh\u00ecn thanh l\u1ecbch v\u00e0 hi\u1ec7n \u0111\u1ea1i l\u00e0m t\u0103ng s\u1ee9c h\u1ea5p d\u1eabn th\u1ecb gi\u00e1c c\u1ee7a b\u1ea5t k\u1ef3 s\u1ea3n ph\u1ea9m m\u1ef9 ph\u1ea9m n\u00e0o. Thi\u1ebft k\u1ebf r\u00f5 r\u00e0ng cho ph\u00e9p ng\u01b0\u1eddi ti\u00eau d\u00f9ng nh\u00ecn th\u1ea5y s\u1ea3n ph\u1ea9m b\u00ean trong, c\u00f3 th\u1ec3 \u0111\u1eb7c bi\u1ec7t h\u1ea5p d\u1eabn cho huy\u1ebft thanh v\u00e0 kem kem m\u00e0u \u0111\u1eb9p. S\u1ef1 minh b\u1ea1ch n\u00e0y c\u0169ng truy\u1ec1n \u0111\u1ea1t c\u1ea3m gi\u00e1c tinh khi\u1ebft v\u00e0 ch\u1ea5t l\u01b0\u1ee3ng, \u0111i\u1ec1u c\u1ea7n thi\u1ebft trong ng\u00e0nh c\u00f4ng nghi\u1ec7p m\u1ef9 ph\u1ea9m.<\/p>\n<p>2. S\u1ef1 linh ho\u1ea1t trong vi\u1ec7c s\u1eed d\u1ee5ng<br \/>\nNh\u1eefng chai n\u00e0y l\u00e0 ho\u00e0n h\u1ea3o cho m\u1ed9t lo\u1ea1t c\u00e1c s\u1ea3n ph\u1ea9m m\u1ef9 ph\u1ea9m, bao g\u1ed3m:<\/p>\n<p>Serum: K\u00edch th\u01b0\u1edbc 60ml l\u00e0 l\u00fd t\u01b0\u1edfng cho serum t\u1eadp trung, cung c\u1ea5p ch\u1ec9 l\u00e0 l\u01b0\u1ee3ng ph\u00f9 h\u1ee3p cho vi\u1ec7c s\u1eed d\u1ee5ng h\u00e0ng ng\u00e0y.<br \/>\nTinh ch\u1ea5t: Chai 80ml l\u00e0 ho\u00e0n h\u1ea3o cho tinh ch\u1ea5t, cung c\u1ea5p m\u1ed9t s\u1ef1 c\u00e2n b\u1eb1ng gi\u1eefa kh\u1ea3 n\u0103ng di \u0111\u1ed9ng v\u00e0 s\u1ed1 l\u01b0\u1ee3ng \u0111\u1ee7.<br \/>\nLotion: K\u00edch th\u01b0\u1edbc 100ml l\u00e0 tuy\u1ec7t v\u1eddi cho lotion, \u0111\u1ea3m b\u1ea3o r\u1eb1ng ng\u01b0\u1eddi d\u00f9ng c\u00f3 \u0111\u1ee7 s\u1ea3n ph\u1ea9m \u0111\u1ec3 s\u1eed d\u1ee5ng l\u00e2u d\u00e0i m\u00e0 kh\u00f4ng c\u1ea7n ph\u1ea3i l\u1ea5p l\u1ea1i th\u01b0\u1eddng xuy\u00ean.<br \/>\n3. Ph\u00e2n ph\u1ed1i thu\u1eadn ti\u1ec7n<br \/>\nThi\u1ebft k\u1ebf \u0111\u00e1y tr\u00f2n c\u1ee7a c\u00e1c chai n\u00e0y kh\u00f4ng ch\u1ec9 th\u1ea9m m\u1ef9 m\u00e0 c\u00f2n th\u1ef1c t\u1ebf. N\u00f3 cho ph\u00e9p d\u1ec5 d\u00e0ng ph\u00e2n ph\u1ed1i s\u1ea3n ph\u1ea9m, \u0111\u1ea3m b\u1ea3o r\u1eb1ng ng\u01b0\u1eddi d\u00f9ng c\u00f3 th\u1ec3 truy c\u1eadp v\u00e0o m\u1ed7i gi\u1ecdt cu\u1ed1i c\u00f9ng. Thi\u1ebft k\u1ebf n\u00e0y gi\u1ea3m thi\u1ec3u ch\u1ea5t th\u1ea3i v\u00e0 t\u1ed1i \u0111a h\u00f3a gi\u00e1 tr\u1ecb c\u1ee7a s\u1ea3n ph\u1ea9m, \u0111\u00f3 l\u00e0 m\u1ed9t l\u1ee3i th\u1ebf \u0111\u00e1ng k\u1ec3 cho c\u1ea3 ng\u01b0\u1eddi ti\u00eau d\u00f9ng v\u00e0 nh\u00e0 s\u1ea3n xu\u1ea5t.<\/p>\n<p>4. B\u1ec1n v\u00e0 ch\u1ea5t l\u01b0\u1ee3ng<br \/>\n\u0110\u01b0\u1ee3c l\u00e0m t\u1eeb v\u1eadt li\u1ec7u ch\u1ea5t l\u01b0\u1ee3ng cao, c\u00e1c chai lotion tr\u00f2n trong su\u1ed1t n\u00e0y b\u1ec1n v\u00e0 ch\u1ed1ng ph\u00e1 v\u1ee1. \u0110i\u1ec1u n\u00e0y \u0111\u1ea3m b\u1ea3o r\u1eb1ng s\u1ea3n ph\u1ea9m v\u1eabn an to\u00e0n v\u00e0 nguy\u00ean v\u1eb9n trong qu\u00e1 tr\u00ecnh v\u1eadn chuy\u1ec3n v\u00e0 s\u1eed d\u1ee5ng h\u00e0ng ng\u00e0y. C\u1ea5u tr\u00fac v\u1eefng ch\u1eafc c\u0169ng t\u0103ng c\u01b0\u1eddng gi\u00e1 tr\u1ecb nh\u1eadn th\u1ee9c t\u1ed5ng th\u1ec3 c\u1ee7a s\u1ea3n ph\u1ea9m.<\/p>\n<p>5. T\u00f9y ch\u1ecdn t\u00f9y ch\u1ec9nh<br \/>\nNh\u1eefng chai n\u00e0y c\u00f3 th\u1ec3 \u0111\u01b0\u1ee3c t\u00f9y ch\u1ec9nh \u0111\u1ec3 \u0111\u00e1p \u1ee9ng nhu c\u1ea7u th\u01b0\u01a1ng hi\u1ec7u c\u1ee5 th\u1ec3. C\u00e1c t\u00f9y ch\u1ecdn in v\u00e0 d\u00e1n nh\u00e3n t\u00f9y ch\u1ec9nh cho ph\u00e9p c\u00e1c th\u01b0\u01a1ng hi\u1ec7u t\u1ea1o ra m\u1ed9t c\u00e1i nh\u00ecn \u0111\u1ed9c \u0111\u00e1o l\u00e0m cho s\u1ea3n ph\u1ea9m c\u1ee7a h\u1ecd kh\u00e1c bi\u1ec7t v\u1edbi s\u1ef1 c\u1ea1nh tranh. Cho d\u00f9 n\u00f3&#8217; s m\u1ed9t logo \u0111\u01a1n gi\u1ea3n ho\u1eb7c thi\u1ebft k\u1ebf ph\u1ee9c t\u1ea1p, t\u00f9y ch\u1ec9nh t\u0103ng c\u01b0\u1eddng s\u1ef1 c\u00f4ng nh\u1eadn th\u01b0\u01a1ng hi\u1ec7u v\u00e0 l\u00f2ng trung th\u00e0nh c\u1ee7a ng\u01b0\u1eddi ti\u00eau d\u00f9ng.<\/p>\n<p>6. L\u1ef1a ch\u1ecdn th\u00e2n thi\u1ec7n v\u1edbi m\u00f4i tr\u01b0\u1eddng<br \/>\nH\u00f4m nay&#8217; th\u1ecb tr\u01b0\u1eddng, b\u1ec1n v\u1eefng l\u00e0 m\u1ed9t m\u1ed1i quan t\u00e2m ch\u00ednh. Chai lotion \u0111\u00e1y tr\u00f2n trong su\u1ed1t c\u00f3 th\u1ec3 \u0111\u01b0\u1ee3c l\u00e0m t\u1eeb v\u1eadt li\u1ec7u t\u00e1i ch\u1ebf, l\u00e0m cho ch\u00fang tr\u1edf th\u00e0nh m\u1ed9t l\u1ef1a ch\u1ecdn th\u00e2n thi\u1ec7n v\u1edbi m\u00f4i tr\u01b0\u1eddng cho c\u00e1c th\u01b0\u01a1ng hi\u1ec7u c\u00f3 \u00fd th\u1ee9c v\u1ec1 m\u00f4i tr\u01b0\u1eddng. \u0110i\u1ec1u n\u00e0y ph\u00f9 h\u1ee3p v\u1edbi nhu c\u1ea7u ti\u00eau d\u00f9ng ng\u00e0y c\u00e0ng t\u0103ng v\u1ec1 c\u00e1c gi\u1ea3i ph\u00e1p \u0111\u00f3ng g\u00f3i b\u1ec1n v\u1eefng.<\/p>\n<p>K\u1ebft lu\u1eadn<br \/>\nChai lotion \u0111\u00e1y tr\u00f2n trong su\u1ed1t trong k\u00edch th\u01b0\u1edbc 60ml, 80ml v\u00e0 100ml cung c\u1ea5p m\u1ed9t gi\u1ea3i ph\u00e1p linh ho\u1ea1t, th\u1ea9m m\u1ef9 v\u00e0 th\u1ef1c t\u1ebf cho \u0111\u00f3ng g\u00f3i huy\u1ebft thanh, tinh ch\u1ea5t v\u00e0 lotion. Thi\u1ebft k\u1ebf r\u00f5 r\u00e0ng, \u0111\u1ed9 b\u1ec1n v\u00e0 t\u00f9y ch\u1ec9nh c\u1ee7a h\u1ecd l\u00e0m cho ch\u00fang tr\u1edf th\u00e0nh m\u1ed9t l\u1ef1a ch\u1ecdn tuy\u1ec7t v\u1eddi cho c\u00e1c th\u01b0\u01a1ng hi\u1ec7u m\u1ef9 ph\u1ea9m t\u00ecm c\u00e1ch t\u0103ng c\u01b0\u1eddng h\u1ea5p d\u1eabn s\u1ea3n ph\u1ea9m c\u1ee7a h\u1ecd v\u00e0 \u0111\u00e1p \u1ee9ng nhu c\u1ea7u c\u1ee7a ng\u01b0\u1eddi ti\u00eau d\u00f9ng.<\/p>\n<p>B\u1eb1ng c\u00e1ch l\u1ef1a ch\u1ecdn nh\u1eefng chai n\u00e0y, c\u00e1c th\u01b0\u01a1ng hi\u1ec7u c\u00f3 th\u1ec3 \u0111\u1ea3m b\u1ea3o r\u1eb1ng s\u1ea3n ph\u1ea9m c\u1ee7a h\u1ecd kh\u00f4ng ch\u1ec9 tr\u00f4ng tuy\u1ec7t v\u1eddi m\u00e0 c\u00f2n cung c\u1ea5p m\u1ed9t m\u1ee9c \u0111\u1ed9 cao c\u1ee7a ch\u1ee9c n\u0103ng v\u00e0 ti\u1ec7n l\u1ee3i cho kh\u00e1ch h\u00e0ng c\u1ee7a h\u1ecd.<\/p>\n<table style=\"border-collapse: collapse; width: 100%;\">\n<tbody>\n<tr>\n<td style=\"width: 40.1818%;\"><\/td>\n<td style=\"width: 59.8182%;\"><\/td>\n<\/tr>\n<\/tbody>\n<\/table>\n<p><img loading=\"lazy\" decoding=\"async\" class=\"alignnone size-full wp-image-1347\" src=\"https:\/\/www.cosmepak.com\/wp-content\/uploads\/2024\/12\/\u9996\u987519202_03.jpg\" alt=\"nh\u00e0 m\u00e1y hi\u1ec3n th\u1ecb\" width=\"1920\" height=\"885\" srcset=\"https:\/\/www.cosmepak.com\/wp-content\/uploads\/2024\/12\/\u9996\u987519202_03.jpg 1920w, https:\/\/www.cosmepak.com\/wp-content\/uploads\/2024\/12\/\u9996\u987519202_03-300x138.jpg 300w, https:\/\/www.cosmepak.com\/wp-content\/uploads\/2024\/12\/\u9996\u987519202_03-1024x472.jpg 1024w, https:\/\/www.cosmepak.com\/wp-content\/uploads\/2024\/12\/\u9996\u987519202_03-768x354.jpg 768w, https:\/\/www.cosmepak.com\/wp-content\/uploads\/2024\/12\/\u9996\u987519202_03-1536x708.jpg 1536w, https:\/\/www.cosmepak.com\/wp-content\/uploads\/2024\/12\/\u9996\u987519202_03-600x277.jpg 600w\" sizes=\"(max-width: 1920px) 100vw, 1920px\" \/><\/p>\n<p><img loading=\"lazy\" decoding=\"async\" class=\"alignnone size-full wp-image-1348\" src=\"https:\/\/www.cosmepak.com\/wp-content\/uploads\/2024\/12\/\u9996\u987519202_04.jpg\" alt=\"\" width=\"1920\" height=\"694\" srcset=\"https:\/\/www.cosmepak.com\/wp-content\/uploads\/2024\/12\/\u9996\u987519202_04.jpg 1920w, https:\/\/www.cosmepak.com\/wp-content\/uploads\/2024\/12\/\u9996\u987519202_04-300x108.jpg 300w, https:\/\/www.cosmepak.com\/wp-content\/uploads\/2024\/12\/\u9996\u987519202_04-1024x370.jpg 1024w, https:\/\/www.cosmepak.com\/wp-content\/uploads\/2024\/12\/\u9996\u987519202_04-768x278.jpg 768w, https:\/\/www.cosmepak.com\/wp-content\/uploads\/2024\/12\/\u9996\u987519202_04-1536x555.jpg 1536w, https:\/\/www.cosmepak.com\/wp-content\/uploads\/2024\/12\/\u9996\u987519202_04-600x217.jpg 600w\" sizes=\"(max-width: 1920px) 100vw, 1920px\" \/><img loading=\"lazy\" decoding=\"async\" class=\"alignnone size-full wp-image-1350\" src=\"https:\/\/www.cosmepak.com\/wp-content\/uploads\/2024\/12\/\u9996\u987519202_05-1.jpg\" alt=\"\" width=\"1920\" height=\"970\" srcset=\"https:\/\/www.cosmepak.com\/wp-content\/uploads\/2024\/12\/\u9996\u987519202_05-1.jpg 1920w, https:\/\/www.cosmepak.com\/wp-content\/uploads\/2024\/12\/\u9996\u987519202_05-1-300x152.jpg 300w, https:\/\/www.cosmepak.com\/wp-content\/uploads\/2024\/12\/\u9996\u987519202_05-1-1024x517.jpg 1024w, https:\/\/www.cosmepak.com\/wp-content\/uploads\/2024\/12\/\u9996\u987519202_05-1-768x388.jpg 768w, https:\/\/www.cosmepak.com\/wp-content\/uploads\/2024\/12\/\u9996\u987519202_05-1-1536x776.jpg 1536w, https:\/\/www.cosmepak.com\/wp-content\/uploads\/2024\/12\/\u9996\u987519202_05-1-600x303.jpg 600w\" sizes=\"(max-width: 1920px) 100vw, 1920px\" \/><img loading=\"lazy\" decoding=\"async\" class=\"alignnone wp-image-1351\" src=\"https:\/\/www.cosmepak.com\/wp-content\/uploads\/2024\/12\/\u7269\u6d41\u8fd0\u8f93\u753b\u9762-2.jpg\" alt=\"\" width=\"1385\" height=\"1039\" srcset=\"https:\/\/www.cosmepak.com\/wp-content\/uploads\/2024\/12\/\u7269\u6d41\u8fd0\u8f93\u753b\u9762-2.jpg 800w, https:\/\/www.cosmepak.com\/wp-content\/uploads\/2024\/12\/\u7269\u6d41\u8fd0\u8f93\u753b\u9762-2-300x225.jpg 300w, https:\/\/www.cosmepak.com\/wp-content\/uploads\/2024\/12\/\u7269\u6d41\u8fd0\u8f93\u753b\u9762-2-768x576.jpg 768w, https:\/\/www.cosmepak.com\/wp-content\/uploads\/2024\/12\/\u7269\u6d41\u8fd0\u8f93\u753b\u9762-2-600x450.jpg 600w\" sizes=\"(max-width: 1385px) 100vw, 1385px\" \/><\/p>\n<table style=\"border-collapse: collapse; width: 100%;\">\n<tbody>\n<tr>\n<td style=\"width: 33.3333%; text-align: center;\"><strong>Th\u1ec3 hi\u1ec7n<\/strong><\/td>\n<td style=\"width: 33.3333%; text-align: center;\"><strong>V\u1eadn chuy\u1ec3n h\u00e0ng kh\u00f4ng<\/strong><\/td>\n<td style=\"width: 33.3333%; text-align: center;\"><strong>V\u1eadn chuy\u1ec3n bi\u1ec3n<\/strong><\/td>\n<\/tr>\n<tr>\n<td style=\"width: 33.3333%; text-align: center;\">Europ 4-6 ng\u00e0y<\/p>\n<p>B\u1eafc M\u1ef9 4-6 ng\u00e0y<\/p>\n<p>\u0110\u00f4ng Nam \u00c1 3-5 ng\u00e0y<\/p>\n<p>Trung \u0110\u00f4ng 4-6 ng\u00e0y<\/p>\n<p>Nam Phi 5-8 ng\u00e0y<\/td>\n<td style=\"width: 33.3333%; text-align: center;\">Europ 4-6 ng\u00e0y<\/p>\n<p>B\u1eafc M\u1ef9 4-6 ng\u00e0y<\/p>\n<p>\u0110\u00f4ng Nam \u00c1 3-5 ng\u00e0y<\/p>\n<p>Trung \u0110\u00f4ng 4-6 ng\u00e0y<\/p>\n<p>Nam Phi 5-8 ng\u00e0y<\/td>\n<td style=\"width: 33.3333%; text-align: center;\">Europ 25-35 ng\u00e0y<\/p>\n<p>B\u1eafc M\u1ef9 25-35 ng\u00e0y<\/p>\n<p>\u0110\u00f4ng Nam \u00c1 25-35 ng\u00e0y<\/p>\n<p>Trung \u0110\u00f4ng 25-35 ng\u00e0y<\/p>\n<p>Nam Phi 25-35 ng\u00e0y<\/td>\n<\/tr>\n<\/tbody>\n<\/table>\n<p><span style=\"font-size: 14pt;\"><strong>C\u00e2u h\u1ecfi th\u01b0\u1eddng g\u1eb7p:<\/strong><\/span><\/p>\n<h3 id=\"why-should-you-buy-from-us-and-not-other-suppliers\" class=\"ai-center-markdown-h3\" data-spm-anchor-id=\"a2747.product_manager.0.i16.7cd971d2ShgrRH\">T\u1ea1i sao b\u1ea1n n\u00ean mua t\u1eeb ch\u00fang t\u00f4i v\u00e0 kh\u00f4ng ph\u1ea3i c\u00e1c nh\u00e0 cung c\u1ea5p kh\u00e1c?<\/h3>\n<ol class=\"ai-center-markdown-ol\" start=\"1\">\n<li class=\"ai-center-markdown-li\"><strong class=\"ai-center-markdown-strong\">Thi\u1ebft k\u1ebf t\u00f9y ch\u1ec9nh trong 3 ph\u00fat<\/strong>Ch\u00fang t\u00f4i cung c\u1ea5p d\u1ecbch v\u1ee5 thi\u1ebft k\u1ebf nhanh ch\u00f3ng ph\u00f9 h\u1ee3p v\u1edbi nhu c\u1ea7u c\u1ee7a b\u1ea1n.<\/li>\n<li class=\"ai-center-markdown-li\"><strong class=\"ai-center-markdown-strong\">D\u1ecbch v\u1ee5 tr\u1ef1c tuy\u1ebfn 24\/7<\/strong>\u0110\u1ed9i ng\u0169 c\u1ee7a ch\u00fang t\u00f4i s\u1eb5n s\u00e0ng 24 gi\u1edd \u0111\u1ec3 h\u1ed7 tr\u1ee3 b\u1ea1n.<\/li>\n<li class=\"ai-center-markdown-li\"><strong class=\"ai-center-markdown-strong\">Nhanh m\u1eabu quay l\u1ea1i<\/strong>: M\u1eabu c\u1ed5 phi\u1ebfu s\u1eb5n s\u00e0ng trong 7 ng\u00e0y, v\u00e0 m\u1eabu in t\u00f9y ch\u1ec9nh trong 15 ng\u00e0y.<\/li>\n<li class=\"ai-center-markdown-li\"><strong class=\"ai-center-markdown-strong\">Th\u1eddi gian d\u1eabn \u0111\u00e1ng tin c\u1eady<\/strong>Ch\u00fang t\u00f4i \u0111\u1ea3m b\u1ea3o th\u1eddi gian d\u1eabn \u0111\u1ea7u 35 ng\u00e0y cho \u0111\u01a1n \u0111\u1eb7t h\u00e0ng c\u1ee7a b\u1ea1n.<\/li>\n<li class=\"ai-center-markdown-li\"><strong class=\"ai-center-markdown-strong\">Chuy\u00ean m\u00f4n c\u00f4ng nghi\u1ec7p<\/strong>: V\u1edbi h\u01a1n 10 n\u0103m kinh nghi\u1ec7m trong bao b\u00ec m\u1ef9 ph\u1ea9m, ch\u00fang t\u00f4i cung c\u1ea5p c\u00e1c gi\u1ea3i ph\u00e1p chuy\u00ean nghi\u1ec7p.<\/li>\n<li class=\"ai-center-markdown-li\"><strong class=\"ai-center-markdown-strong\">B\u00e1n h\u00e0ng tr\u1ef1c ti\u1ebfp nh\u00e0 m\u00e1y<\/strong>: T\u1eadn h\u01b0\u1edfng gi\u00e1 v\u00e0 d\u1ecbch v\u1ee5 t\u1ed1t nh\u1ea5t tr\u1ef1c ti\u1ebfp t\u1eeb nh\u00e0 m\u00e1y c\u1ee7a ch\u00fang t\u00f4i.<\/li>\n<li class=\"ai-center-markdown-li\"><strong class=\"ai-center-markdown-strong\">Gi\u1ea3i ph\u00e1p \u0111\u00f3ng g\u00f3i to\u00e0n di\u1ec7n<\/strong>: Ch\u00fang t\u00f4i cung c\u1ea5p m\u1ed9t gi\u1ea3i ph\u00e1p m\u1ed9t c\u1eeda cho t\u1ea5t c\u1ea3 nhu c\u1ea7u \u0111\u00f3ng g\u00f3i m\u1ef9 ph\u1ea9m c\u1ee7a b\u1ea1n.<\/li>\n<\/ol>\n<h3 id=\"who-are-we\" class=\"ai-center-markdown-h3\">Ch\u00fang t\u00f4i l\u00e0 ai?<\/h3>\n<p class=\"ai-center-markdown-p\">Ch\u00fang t\u00f4i l\u00e0 m\u1ed9t c\u00f4ng ty c\u00f3 tr\u1ee5 s\u1edf t\u1ea1i Zhejiang, Trung Qu\u1ed1c, \u0111\u01b0\u1ee3c th\u00e0nh l\u1eadp v\u00e0o n\u0103m 2014. Th\u1ecb tr\u01b0\u1eddng ch\u00ednh c\u1ee7a ch\u00fang t\u00f4i l\u00e0 th\u1ecb tr\u01b0\u1eddng n\u1ed9i \u0111\u1ecba (70%), v\u1edbi doanh s\u1ed1 b\u00e1n h\u00e0ng b\u1ed5 sung \u1edf Ch\u00e2u \u0110\u1ea1i D\u01b0\u01a1ng (8%), Trung \u0110\u00f4ng (7%), \u0110\u00f4ng \u00c1 (2%), B\u1eafc M\u1ef9 (2%), T\u00e2y \u00c2u (2%), \u0110\u00f4ng Nam \u00c1 (2%), Nam \u00c1 (1%), Nam M\u1ef9 (1%), Nam \u00c2u (1%), Trung M\u1ef9 (1%), B\u1eafc \u00c2u (1%), Phi (1%) v\u00e0 \u0110\u00f4ng \u00c2u (1%).<\/p>\n<h3 id=\"how-can-we-guarantee-quality\" class=\"ai-center-markdown-h3\">L\u00e0m th\u1ebf n\u00e0o \u0111\u1ec3 \u0111\u1ea3m b\u1ea3o ch\u1ea5t l\u01b0\u1ee3ng?<\/h3>\n<ul class=\"ai-center-markdown-ul\">\n<li class=\"ai-center-markdown-li\"><strong class=\"ai-center-markdown-strong\">M\u1eabu tr\u01b0\u1edbc s\u1ea3n xu\u1ea5t<\/strong>: Ch\u00fang t\u00f4i lu\u00f4n cung c\u1ea5p m\u1ed9t m\u1eabu tr\u01b0\u1edbc khi s\u1ea3n xu\u1ea5t h\u00e0ng lo\u1ea1t \u0111\u1ec3 \u0111\u1ea3m b\u1ea3o ch\u1ea5t l\u01b0\u1ee3ng.<\/li>\n<li class=\"ai-center-markdown-li\"><strong class=\"ai-center-markdown-strong\">Ki\u1ec3m tra cu\u1ed1i c\u00f9ng<\/strong>: Ch\u00fang t\u00f4i ti\u1ebfn h\u00e0nh ki\u1ec3m tra cu\u1ed1i c\u00f9ng k\u1ef9 l\u01b0\u1ee1ng tr\u01b0\u1edbc khi v\u1eadn chuy\u1ec3n \u0111\u1ec3 \u0111\u1ea3m b\u1ea3o ti\u00eau chu\u1ea9n s\u1ea3n ph\u1ea9m.<\/li>\n<\/ul>\n<h3 id=\"what-can-you-buy-from-us\" class=\"ai-center-markdown-h3\">B\u1ea1n c\u00f3 th\u1ec3 mua g\u00ec t\u1eeb ch\u00fang t\u00f4i?<\/h3>\n<p class=\"ai-center-markdown-p\">B\u1ea1n c\u00f3 th\u1ec3 mua c\u00e1c v\u1eadt li\u1ec7u \u0111\u00f3ng g\u00f3i m\u1ef9 ph\u1ea9m kh\u00e1c nhau bao g\u1ed3m:<\/p>\n<ul class=\"ai-center-markdown-ul\">\n<li class=\"ai-center-markdown-li\"><strong class=\"ai-center-markdown-strong\">Chai th\u1ee7y tinh<\/strong><\/li>\n<li class=\"ai-center-markdown-li\"><strong class=\"ai-center-markdown-strong\">Chai nh\u1ef1a \/ l\u1ecd \/ \u1ed1ng<\/strong><\/li>\n<li class=\"ai-center-markdown-li\"><strong class=\"ai-center-markdown-strong\">Chai nh\u00f4m \/ l\u1ecd \/ \u1ed1ng<\/strong><\/li>\n<\/ul>\n<h3 id=\"what-services-can-we-provide\" class=\"ai-center-markdown-h3\">Ch\u00fang t\u00f4i c\u00f3 th\u1ec3 cung c\u1ea5p d\u1ecbch v\u1ee5 g\u00ec?<\/h3>\n<ul class=\"ai-center-markdown-ul\">\n<li class=\"ai-center-markdown-li\"><strong class=\"ai-center-markdown-strong\">\u0110i\u1ec1u kho\u1ea3n giao h\u00e0ng \u0111\u01b0\u1ee3c ch\u1ea5p nh\u1eadn<\/strong>S\u1ea3n ph\u1ea9m: FOB, CFR, CIF<\/li>\n<li class=\"ai-center-markdown-li\"><strong class=\"ai-center-markdown-strong\">Ti\u1ec1n t\u1ec7 thanh to\u00e1n \u0111\u01b0\u1ee3c ch\u1ea5p nh\u1eadn<\/strong>\u0110\u1ed3ng USD, EUR, HKD, CNY<\/li>\n<li class=\"ai-center-markdown-li\"><strong class=\"ai-center-markdown-strong\">Lo\u1ea1i thanh to\u00e1n \u0111\u01b0\u1ee3c ch\u1ea5p nh\u1eadn<\/strong>S\u1ed1 l\u01b0\u1ee3ng: T \/ T, L \/ C, D \/ P, D \/ A<\/li>\n<li class=\"ai-center-markdown-li\"><strong class=\"ai-center-markdown-strong\">Ng\u00f4n ng\u1eef n\u00f3i<\/strong>Ti\u1ebfng Anh, Trung Qu\u1ed1c<\/li>\n<\/ul>\n<p class=\"ai-center-markdown-p\">Ch\u00fang t\u00f4i mong mu\u1ed1n ph\u1ee5c v\u1ee5 b\u1ea1n v\u1edbi c\u00e1c gi\u1ea3i ph\u00e1p bao b\u00ec m\u1ef9 ph\u1ea9m to\u00e0n di\u1ec7n, ch\u1ea5t l\u01b0\u1ee3ng cao c\u1ee7a ch\u00fang t\u00f4i!<\/p>\n<p>&nbsp;<\/p>","protected":false},"excerpt":{"rendered":"<p>Ch\u1ea5t li\u1ec7u chai: HDPE<\/p>\n<p>Ch\u1ea5t li\u1ec7u n\u1eafp: pp<\/p>\n<p>C\u00f4ng su\u1ea5t: 30ml \/ 50ml<\/p>\n<p>M\u0169: B\u01a1m<\/p>\n<p>M\u00e0u s\u1eafc: T\u00f9y ch\u1ec9nh (b\u1ea5t k\u1ef3 m\u00e0u pantone n\u00e0o c\u00f3 s\u1eb5n)<\/p>\n<p>B\u1ec1 m\u1eb7t ho\u00e0n thi\u1ec7n: In m\u00e0n h\u00ecnh, s\u01b0\u01a1ng gi\u00e1, d\u1eadp n\u00f3ng, gradient phun, k\u1ebft th\u00fac m\u1edd, v.v.<\/p>\n<p>MOQ: 5000pcs;<\/p>\n<p>&nbsp;<\/p>","protected":false},"featured_media":2666,"comment_status":"open","ping_status":"closed","template":"","meta":{"_acf_changed":false},"product_brand":[],"product_cat":[47,18],"product_tag":[41],"class_list":{"0":"post-2665","1":"product","2":"type-product","3":"status-publish","4":"has-post-thumbnail","6":"product_cat-lotion-bottle","7":"product_cat-plastic-bottle","8":"product_tag-plastic-bottle","10":"first","11":"instock","12":"shipping-taxable","13":"product-type-simple"},"acf":[],"_links":{"self":[{"href":"https:\/\/www.cosmepak.com\/vi\/wp-json\/wp\/v2\/product\/2665","targetHints":{"allow":["GET"]}}],"collection":[{"href":"https:\/\/www.cosmepak.com\/vi\/wp-json\/wp\/v2\/product"}],"about":[{"href":"https:\/\/www.cosmepak.com\/vi\/wp-json\/wp\/v2\/types\/product"}],"replies":[{"embeddable":true,"href":"https:\/\/www.cosmepak.com\/vi\/wp-json\/wp\/v2\/comments?post=2665"}],"wp:featuredmedia":[{"embeddable":true,"href":"https:\/\/www.cosmepak.com\/vi\/wp-json\/wp\/v2\/media\/2666"}],"wp:attachment":[{"href":"https:\/\/www.cosmepak.com\/vi\/wp-json\/wp\/v2\/media?parent=2665"}],"wp:term":[{"taxonomy":"product_brand","embeddable":true,"href":"https:\/\/www.cosmepak.com\/vi\/wp-json\/wp\/v2\/product_brand?post=2665"},{"taxonomy":"product_cat","embeddable":true,"href":"https:\/\/www.cosmepak.com\/vi\/wp-json\/wp\/v2\/product_cat?post=2665"},{"taxonomy":"product_tag","embeddable":true,"href":"https:\/\/www.cosmepak.com\/vi\/wp-json\/wp\/v2\/product_tag?post=2665"}],"curies":[{"name":"WP","href":"https:\/\/api.w.org\/{rel}","templated":true}]}}