{"id":2683,"date":"2025-07-21T11:06:51","date_gmt":"2025-07-21T03:06:51","guid":{"rendered":"https:\/\/www.cosmepak.com\/?post_type=product&#038;p=2683"},"modified":"2025-08-06T08:17:24","modified_gmt":"2025-08-06T00:17:24","slug":"50ml-pp-flip-cap-chai-my-pham-nhua-vang-2-2-3-2","status":"publish","type":"product","link":"https:\/\/www.cosmepak.com\/vi\/product\/50ml-pp-flip-cap-plastic-cosmetic-bottle-jaunce-2-2-3-2\/","title":{"rendered":"Chai nh\u1ef1a th\u00e2n thi\u1ec7n v\u1edbi m\u00f4i tr\u01b0\u1eddng v\u1edbi m\u00e1y b\u01a1m Chai d\u1ea7u g\u1ed9i 300ml \/ Jaunce"},"content":{"rendered":"<table style=\"border-collapse: collapse; width: 100%; height: 168px;\">\n<tbody>\n<tr style=\"height: 24px;\">\n<td style=\"width: 33.3333%; height: 168px;\" rowspan=\"5\"><img fetchpriority=\"high\" decoding=\"async\" class=\"alignnone size-full wp-image-2685\" src=\"https:\/\/www.cosmepak.com\/wp-content\/uploads\/2025\/07\/298.jpg\" alt=\"\" width=\"1920\" height=\"1920\" srcset=\"https:\/\/www.cosmepak.com\/wp-content\/uploads\/2025\/07\/298.jpg 1920w, https:\/\/www.cosmepak.com\/wp-content\/uploads\/2025\/07\/298-300x300.jpg 300w, https:\/\/www.cosmepak.com\/wp-content\/uploads\/2025\/07\/298-1024x1024.jpg 1024w, https:\/\/www.cosmepak.com\/wp-content\/uploads\/2025\/07\/298-150x150.jpg 150w, https:\/\/www.cosmepak.com\/wp-content\/uploads\/2025\/07\/298-768x768.jpg 768w, https:\/\/www.cosmepak.com\/wp-content\/uploads\/2025\/07\/298-1536x1536.jpg 1536w, https:\/\/www.cosmepak.com\/wp-content\/uploads\/2025\/07\/298-12x12.jpg 12w, https:\/\/www.cosmepak.com\/wp-content\/uploads\/2025\/07\/298-600x600.jpg 600w, https:\/\/www.cosmepak.com\/wp-content\/uploads\/2025\/07\/298-100x100.jpg 100w\" sizes=\"(max-width: 1920px) 100vw, 1920px\" \/><\/td>\n<td style=\"width: 33.122%; height: 24px; text-align: center;\">Th\u01b0\u01a1ng hi\u1ec7u<\/td>\n<td style=\"width: 33.5446%; height: 24px; text-align: center;\">Jaunce<\/td>\n<\/tr>\n<tr style=\"height: 24px;\">\n<td style=\"width: 33.122%; height: 24px; text-align: center;\">Ng\u01b0\u1eddi m\u1eabu<\/td>\n<td style=\"width: 33.5446%; height: 24px; text-align: center;\">M\u1eabu s\u1ed1: JH-SK20240322<\/td>\n<\/tr>\n<tr style=\"height: 24px;\">\n<td style=\"width: 33.122%; height: 24px; text-align: center;\">Kh\u1ea3 n\u0103ng<\/td>\n<td style=\"width: 33.5446%; height: 24px; text-align: center;\">300 ml<\/td>\n<\/tr>\n<tr style=\"height: 24px;\">\n<td style=\"width: 33.122%; height: 24px; text-align: center;\">M\u00e0u s\u1eafc<\/td>\n<td style=\"width: 33.5446%; height: 24px; text-align: center;\">t\u00f9y ch\u1ec9nh<\/td>\n<\/tr>\n<tr style=\"height: 24px;\">\n<td style=\"width: 33.122%; height: 24px; text-align: center;\">V\u1eadt li\u1ec7u<\/td>\n<td style=\"width: 33.5446%; height: 24px; text-align: center;\">S\u1ea3n ph\u1ea9m HDPE<\/td>\n<\/tr>\n<\/tbody>\n<\/table>\n<p>&nbsp;<\/p>\n<p><img decoding=\"async\" class=\"alignnone size-full wp-image-2687\" src=\"https:\/\/www.cosmepak.com\/wp-content\/uploads\/2025\/07\/299.jpg\" alt=\"\" width=\"1920\" height=\"1920\" srcset=\"https:\/\/www.cosmepak.com\/wp-content\/uploads\/2025\/07\/299.jpg 1920w, https:\/\/www.cosmepak.com\/wp-content\/uploads\/2025\/07\/299-300x300.jpg 300w, https:\/\/www.cosmepak.com\/wp-content\/uploads\/2025\/07\/299-1024x1024.jpg 1024w, https:\/\/www.cosmepak.com\/wp-content\/uploads\/2025\/07\/299-150x150.jpg 150w, https:\/\/www.cosmepak.com\/wp-content\/uploads\/2025\/07\/299-768x768.jpg 768w, https:\/\/www.cosmepak.com\/wp-content\/uploads\/2025\/07\/299-1536x1536.jpg 1536w, https:\/\/www.cosmepak.com\/wp-content\/uploads\/2025\/07\/299-12x12.jpg 12w, https:\/\/www.cosmepak.com\/wp-content\/uploads\/2025\/07\/299-600x600.jpg 600w, https:\/\/www.cosmepak.com\/wp-content\/uploads\/2025\/07\/299-100x100.jpg 100w\" sizes=\"(max-width: 1920px) 100vw, 1920px\" \/><\/p>\n<p><img decoding=\"async\" class=\"alignnone size-full wp-image-2688\" src=\"https:\/\/www.cosmepak.com\/wp-content\/uploads\/2025\/07\/301.jpg\" alt=\"\" width=\"1920\" height=\"1920\" srcset=\"https:\/\/www.cosmepak.com\/wp-content\/uploads\/2025\/07\/301.jpg 1920w, https:\/\/www.cosmepak.com\/wp-content\/uploads\/2025\/07\/301-300x300.jpg 300w, https:\/\/www.cosmepak.com\/wp-content\/uploads\/2025\/07\/301-1024x1024.jpg 1024w, https:\/\/www.cosmepak.com\/wp-content\/uploads\/2025\/07\/301-150x150.jpg 150w, https:\/\/www.cosmepak.com\/wp-content\/uploads\/2025\/07\/301-768x768.jpg 768w, https:\/\/www.cosmepak.com\/wp-content\/uploads\/2025\/07\/301-1536x1536.jpg 1536w, https:\/\/www.cosmepak.com\/wp-content\/uploads\/2025\/07\/301-12x12.jpg 12w, https:\/\/www.cosmepak.com\/wp-content\/uploads\/2025\/07\/301-600x600.jpg 600w, https:\/\/www.cosmepak.com\/wp-content\/uploads\/2025\/07\/301-100x100.jpg 100w\" sizes=\"(max-width: 1920px) 100vw, 1920px\" \/><\/p>\n<p><img loading=\"lazy\" decoding=\"async\" class=\"alignnone size-full wp-image-2689\" src=\"https:\/\/www.cosmepak.com\/wp-content\/uploads\/2025\/07\/302.jpg\" alt=\"\" width=\"1920\" height=\"1920\" srcset=\"https:\/\/www.cosmepak.com\/wp-content\/uploads\/2025\/07\/302.jpg 1920w, https:\/\/www.cosmepak.com\/wp-content\/uploads\/2025\/07\/302-300x300.jpg 300w, https:\/\/www.cosmepak.com\/wp-content\/uploads\/2025\/07\/302-1024x1024.jpg 1024w, https:\/\/www.cosmepak.com\/wp-content\/uploads\/2025\/07\/302-150x150.jpg 150w, https:\/\/www.cosmepak.com\/wp-content\/uploads\/2025\/07\/302-768x768.jpg 768w, https:\/\/www.cosmepak.com\/wp-content\/uploads\/2025\/07\/302-1536x1536.jpg 1536w, https:\/\/www.cosmepak.com\/wp-content\/uploads\/2025\/07\/302-12x12.jpg 12w, https:\/\/www.cosmepak.com\/wp-content\/uploads\/2025\/07\/302-600x600.jpg 600w, https:\/\/www.cosmepak.com\/wp-content\/uploads\/2025\/07\/302-100x100.jpg 100w\" sizes=\"(max-width: 1920px) 100vw, 1920px\" \/><\/p>\n<p><img loading=\"lazy\" decoding=\"async\" class=\"alignnone size-full wp-image-2690\" src=\"https:\/\/www.cosmepak.com\/wp-content\/uploads\/2025\/07\/303.png\" alt=\"\" width=\"648\" height=\"637\" srcset=\"https:\/\/www.cosmepak.com\/wp-content\/uploads\/2025\/07\/303.png 648w, https:\/\/www.cosmepak.com\/wp-content\/uploads\/2025\/07\/303-300x295.png 300w, https:\/\/www.cosmepak.com\/wp-content\/uploads\/2025\/07\/303-12x12.png 12w, https:\/\/www.cosmepak.com\/wp-content\/uploads\/2025\/07\/303-600x590.png 600w\" sizes=\"(max-width: 648px) 100vw, 648px\" \/><\/p>\n<p>Chai nh\u1ef1a linh ho\u1ea1t cho nhu c\u1ea7u ch\u0103m s\u00f3c h\u00e0ng ng\u00e0y c\u1ee7a b\u1ea1n<br \/>\nH\u00f4m nay&#8217; Th\u1ebf gi\u1edbi nhanh ch\u00f3ng, ti\u1ec7n l\u1ee3i v\u00e0 hi\u1ec7u qu\u1ea3 l\u00e0 \u0111i\u1ec1u t\u1ed1i quan tr\u1ecdng, \u0111\u1eb7c bi\u1ec7t l\u00e0 khi n\u00f3i \u0111\u1ebfn c\u00e1c s\u1ea3n ph\u1ea9m ch\u0103m s\u00f3c c\u00e1 nh\u00e2n. Cho d\u00f9 b\u1ea1n&#8217; re t\u00ecm ki\u1ebfm m\u1ed9t chai d\u1ea7u g\u1ed9i, m\u1ed9t m\u00e1y ph\u00e2n ph\u1ed1i kem kem, ho\u1eb7c m\u1ed9t ch\u1ee9a gel t\u1eafm, ph\u1ea1m vi linh ho\u1ea1t c\u1ee7a ch\u00fang t\u00f4i c\u1ee7a chai nh\u1ef1a \u0111\u01b0\u1ee3c thi\u1ebft k\u1ebf \u0111\u1ec3 \u0111\u00e1p \u1ee9ng t\u1ea5t c\u1ea3 nhu c\u1ea7u c\u1ee7a b\u1ea1n. H\u00e3y&#8217; s kh\u00e1m ph\u00e1 c\u00e1c t\u00ednh n\u0103ng v\u00e0 l\u1ee3i \u00edch c\u1ee7a chai d\u1ea7u g\u1ed9i phun m\u00e0u h\u1ed3ng nh\u1eb9 300ml v\u00e0 chai nh\u1ef1a b\u01a1m 500ml cho kem lotion v\u00e0 r\u1eeda tay.<\/p>\n<p>Chai d\u1ea7u g\u1ed9i \u00e9p m\u00e0u h\u1ed3ng nh\u1eb9 300ml<br \/>\nChai d\u1ea7u g\u1ed9i phun m\u00e0u h\u1ed3ng nh\u1eb9 300ml c\u1ee7a ch\u00fang t\u00f4i l\u00e0 ho\u00e0n h\u1ea3o cho nh\u1eefng ng\u01b0\u1eddi \u0111\u00e1nh gi\u00e1 cao c\u1ea3 ch\u1ee9c n\u0103ng v\u00e0 th\u1ea9m m\u1ef9. M\u00e0u h\u1ed3ng m\u1ec1m m\u1ea1i th\u00eam m\u1ed9t ch\u00fat thanh l\u1ecbch cho ph\u00f2ng t\u1eafm c\u1ee7a b\u1ea1n, l\u00e0m cho th\u00f3i quen ch\u0103m s\u00f3c t\u00f3c h\u00e0ng ng\u00e0y c\u1ee7a b\u1ea1n tr\u1edf th\u00e0nh m\u1ed9t tr\u1ea3i nghi\u1ec7m th\u00fa v\u1ecb.<\/p>\n<p>T\u00ednh n\u0103ng:<\/p>\n<p>C\u00f4ng su\u1ea5t: 300ml, l\u00fd t\u01b0\u1edfng cho vi\u1ec7c s\u1eed d\u1ee5ng th\u01b0\u1eddng xuy\u00ean.<br \/>\nV\u1eadt li\u1ec7u: Nh\u1ef1a ch\u1ea5t l\u01b0\u1ee3ng cao, \u0111\u1ea3m b\u1ea3o \u0111\u1ed9 b\u1ec1n v\u00e0 an to\u00e0n.<br \/>\nThi\u1ebft k\u1ebf: thanh l\u1ecbch v\u00e0 ergonomic, d\u1ec5 x\u1eed l\u00fd v\u00e0 s\u1eed d\u1ee5ng.<br \/>\nM\u00e0u s\u1eafc: M\u00e0u h\u1ed3ng nh\u1ea1t, th\u00eam m\u1ed9t c\u1ea3m \u1ee9ng phong c\u00e1ch v\u00e0o trang tr\u00ed ph\u00f2ng t\u1eafm c\u1ee7a b\u1ea1n.<br \/>\nS\u1eed d\u1ee5ng: Th\u00edch h\u1ee3p cho c\u00e1c lo\u1ea1i d\u1ea7u g\u1ed9i v\u00e0 kem \u0111i\u1ec1u h\u00f2a t\u00f3c kh\u00e1c nhau.<\/p>\n<p>T\u00ednh n\u0103ng:<\/p>\n<p>C\u00f4ng su\u1ea5t: 500ml, cung c\u1ea5p l\u01b0u tr\u1eef phong ph\u00fa cho c\u00e1c s\u1ea3n ph\u1ea9m y\u00eau th\u00edch c\u1ee7a b\u1ea1n.<br \/>\nV\u1eadt li\u1ec7u: Nh\u1ef1a b\u1ec1n v\u1eefng, ch\u1ed1ng ph\u00e1 v\u1ee1 v\u00e0 m\u00f2n.<br \/>\nC\u01a1 ch\u1ebf b\u01a1m: B\u01a1m d\u1ec5 s\u1eed d\u1ee5ng, cho ph\u00e9p ph\u00e2n ph\u1ed1i \u0111\u01b0\u1ee3c ki\u1ec3m so\u00e1t.<br \/>\nS\u1ef1 linh ho\u1ea1t: Th\u00edch h\u1ee3p cho kem kem, r\u1eeda tay v\u00e0 gel t\u1eafm.<br \/>\nThi\u1ebft k\u1ebf: C\u00f3 s\u1eb5n trong nhi\u1ec1u phong c\u00e1ch \u0111\u1ec3 ph\u00f9 h\u1ee3p v\u1edbi s\u1edf th\u00edch c\u1ee7a b\u1ea1n v\u00e0 trang tr\u00ed ph\u00f2ng t\u1eafm.<br \/>\nL\u1ee3i \u00edch c\u1ee7a vi\u1ec7c s\u1eed d\u1ee5ng chai nh\u1ef1a c\u1ee7a ch\u00fang t\u00f4i<br \/>\nB\u1ec1n: \u0110\u01b0\u1ee3c l\u00e0m t\u1eeb nh\u1ef1a ch\u1ea5t l\u01b0\u1ee3ng cao, chai c\u1ee7a ch\u00fang t\u00f4i \u0111\u01b0\u1ee3c thi\u1ebft k\u1ebf \u0111\u1ec3 k\u00e9o d\u00e0i, \u0111\u1ea3m b\u1ea3o r\u1eb1ng s\u1ea3n ph\u1ea9m c\u1ee7a b\u1ea1n \u0111\u01b0\u1ee3c l\u01b0u tr\u1eef an to\u00e0n v\u00e0 an to\u00e0n.<\/p>\n<p>D\u1ec5 s\u1eed d\u1ee5ng: Thi\u1ebft k\u1ebf ergonomic v\u00e0 c\u01a1 ch\u1ebf b\u01a1m l\u00e0m cho vi\u1ec7c ph\u00e2n ph\u1ed1i s\u1ea3n ph\u1ea9m c\u1ee7a b\u1ea1n d\u1ec5 d\u00e0ng, ti\u1ebft ki\u1ec7m th\u1eddi gian v\u00e0 gi\u1ea3m l\u00e3ng ph\u00ed.<\/p>\n<p>H\u1ea5p d\u1eabn th\u1ea9m m\u1ef9: M\u00e0u h\u1ed3ng \u00e1nh s\u00e1ng c\u1ee7a chai d\u1ea7u g\u1ed9i v\u00e0 thi\u1ebft k\u1ebf phong c\u00e1ch c\u1ee7a chai b\u01a1m th\u00eam m\u1ed9t c\u1ea3m gi\u00e1c thanh l\u1ecbch cho ph\u00f2ng t\u1eafm c\u1ee7a b\u1ea1n, n\u00e2ng cao tr\u1ea3i nghi\u1ec7m t\u1ed5ng th\u1ec3 c\u1ee7a b\u1ea1n.<\/p>\n<p>S\u1ef1 linh ho\u1ea1t: Cho d\u00f9 b\u1ea1n c\u1ea7n m\u1ed9t chai cho d\u1ea7u g\u1ed9i, kem kem, r\u1eeda tay ho\u1eb7c gel t\u1eafm, ph\u1ea1m vi chai nh\u1ef1a c\u1ee7a ch\u00fang t\u00f4i \u0111\u00e1p \u1ee9ng t\u1ea5t c\u1ea3 nhu c\u1ea7u c\u1ee7a b\u1ea1n, l\u00e0m cho ch\u00fang tr\u1edf th\u00e0nh m\u1ed9t b\u1ed5 sung linh ho\u1ea1t cho th\u00f3i quen ch\u0103m s\u00f3c c\u00e1 nh\u00e2n c\u1ee7a b\u1ea1n.<\/p>\n<p>K\u1ebft lu\u1eadn<br \/>\n\u0110\u1ea7u t\u01b0 v\u00e0o chai nh\u1ef1a ch\u1ea5t l\u01b0\u1ee3ng cao cho c\u00e1c s\u1ea3n ph\u1ea9m ch\u0103m s\u00f3c c\u00e1 nh\u00e2n c\u1ee7a b\u1ea1n l\u00e0 m\u1ed9t l\u1ef1a ch\u1ecdn th\u00f4ng minh cung c\u1ea5p c\u1ea3 t\u00ednh th\u1ef1c t\u1ebf v\u00e0 h\u1ea5p d\u1eabn th\u1ea9m m\u1ef9. Chai d\u1ea7u g\u1ed9i n\u01b0\u1edbc m\u00e0u h\u1ed3ng nh\u1eb9 300ml v\u00e0 chai nh\u1ef1a b\u01a1m 500ml cho kem lotion v\u00e0 r\u1eeda tay c\u1ee7a ch\u00fang t\u00f4i \u0111\u01b0\u1ee3c thi\u1ebft k\u1ebf \u0111\u1ec3 cung c\u1ea5p cho b\u1ea1n s\u1ef1 ti\u1ec7n l\u1ee3i, b\u1ec1n v\u00e0 phong c\u00e1ch. N\u00e2ng cao th\u00f3i quen ch\u0103m s\u00f3c h\u00e0ng ng\u00e0y c\u1ee7a b\u1ea1n v\u1edbi chai nh\u1ef1a linh ho\u1ea1t c\u1ee7a ch\u00fang t\u00f4i v\u00e0 t\u1eadn h\u01b0\u1edfng nh\u1eefng l\u1ee3i \u00edch m\u00e0 ch\u00fang mang l\u1ea1i cho cu\u1ed9c s\u1ed1ng c\u1ee7a b\u1ea1n.<\/p>\n<table style=\"border-collapse: collapse; width: 100%;\">\n<tbody>\n<tr>\n<td style=\"width: 40.1818%;\"><\/td>\n<td style=\"width: 59.8182%;\"><\/td>\n<\/tr>\n<\/tbody>\n<\/table>\n<p><img loading=\"lazy\" decoding=\"async\" class=\"alignnone size-full wp-image-1347\" src=\"https:\/\/www.cosmepak.com\/wp-content\/uploads\/2024\/12\/\u9996\u987519202_03.jpg\" alt=\"nh\u00e0 m\u00e1y hi\u1ec3n th\u1ecb\" width=\"1920\" height=\"885\" srcset=\"https:\/\/www.cosmepak.com\/wp-content\/uploads\/2024\/12\/\u9996\u987519202_03.jpg 1920w, https:\/\/www.cosmepak.com\/wp-content\/uploads\/2024\/12\/\u9996\u987519202_03-300x138.jpg 300w, https:\/\/www.cosmepak.com\/wp-content\/uploads\/2024\/12\/\u9996\u987519202_03-1024x472.jpg 1024w, https:\/\/www.cosmepak.com\/wp-content\/uploads\/2024\/12\/\u9996\u987519202_03-768x354.jpg 768w, https:\/\/www.cosmepak.com\/wp-content\/uploads\/2024\/12\/\u9996\u987519202_03-1536x708.jpg 1536w, https:\/\/www.cosmepak.com\/wp-content\/uploads\/2024\/12\/\u9996\u987519202_03-600x277.jpg 600w\" sizes=\"(max-width: 1920px) 100vw, 1920px\" \/><\/p>\n<p>Qu\u00e1 tr\u00ecnh s\u1ea3n xu\u1ea5t: Ch\u00fang t\u00f4i s\u1ebd thi\u1ebft l\u1eadp ki\u1ec3m tra ng\u1eabu nhi\u00ean \u1edf m\u1ed7i giai \u0111o\u1ea1n s\u1ea3n xu\u1ea5t, v\u00e0 s\u1ebd c\u00f3 m\u1ed9t qu\u00e1 tr\u00ecnh ki\u1ec3m tra \u0111\u1ea7y \u0111\u1ee7 ho\u00e0n ch\u1ec9nh tr\u01b0\u1edbc khi s\u1ea3n ph\u1ea9m \u0111\u01b0\u1ee3c \u0111\u00f3ng g\u00f3i v\u00e0 \u0111\u1eb7t v\u00e0o kho. T\u1ea5t c\u1ea3 c\u00e1c s\u1ea3n ph\u1ea9m c\u00f3 v\u1ea5n \u0111\u1ec1 ch\u1ea5t l\u01b0\u1ee3ng \u0111\u1ec1u b\u1ecb ph\u00e1 h\u1ee7y \u0111\u1ec3 ng\u0103n ch\u1eb7n c\u00e1c s\u1ea3n ph\u1ea9m b\u1ecb l\u1ed7i b\u01b0\u1edbc v\u00e0o th\u1ecb tr\u01b0\u1eddng<\/p>\n<p><img loading=\"lazy\" decoding=\"async\" class=\"alignnone size-full wp-image-1348\" src=\"https:\/\/www.cosmepak.com\/wp-content\/uploads\/2024\/12\/\u9996\u987519202_04.jpg\" alt=\"\" width=\"1920\" height=\"694\" srcset=\"https:\/\/www.cosmepak.com\/wp-content\/uploads\/2024\/12\/\u9996\u987519202_04.jpg 1920w, https:\/\/www.cosmepak.com\/wp-content\/uploads\/2024\/12\/\u9996\u987519202_04-300x108.jpg 300w, https:\/\/www.cosmepak.com\/wp-content\/uploads\/2024\/12\/\u9996\u987519202_04-1024x370.jpg 1024w, https:\/\/www.cosmepak.com\/wp-content\/uploads\/2024\/12\/\u9996\u987519202_04-768x278.jpg 768w, https:\/\/www.cosmepak.com\/wp-content\/uploads\/2024\/12\/\u9996\u987519202_04-1536x555.jpg 1536w, https:\/\/www.cosmepak.com\/wp-content\/uploads\/2024\/12\/\u9996\u987519202_04-600x217.jpg 600w\" sizes=\"(max-width: 1920px) 100vw, 1920px\" \/><img loading=\"lazy\" decoding=\"async\" class=\"alignnone size-full wp-image-1350\" src=\"https:\/\/www.cosmepak.com\/wp-content\/uploads\/2024\/12\/\u9996\u987519202_05-1.jpg\" alt=\"\" width=\"1920\" height=\"970\" srcset=\"https:\/\/www.cosmepak.com\/wp-content\/uploads\/2024\/12\/\u9996\u987519202_05-1.jpg 1920w, https:\/\/www.cosmepak.com\/wp-content\/uploads\/2024\/12\/\u9996\u987519202_05-1-300x152.jpg 300w, https:\/\/www.cosmepak.com\/wp-content\/uploads\/2024\/12\/\u9996\u987519202_05-1-1024x517.jpg 1024w, https:\/\/www.cosmepak.com\/wp-content\/uploads\/2024\/12\/\u9996\u987519202_05-1-768x388.jpg 768w, https:\/\/www.cosmepak.com\/wp-content\/uploads\/2024\/12\/\u9996\u987519202_05-1-1536x776.jpg 1536w, https:\/\/www.cosmepak.com\/wp-content\/uploads\/2024\/12\/\u9996\u987519202_05-1-600x303.jpg 600w\" sizes=\"(max-width: 1920px) 100vw, 1920px\" \/><img loading=\"lazy\" decoding=\"async\" class=\"alignnone wp-image-1351\" src=\"https:\/\/www.cosmepak.com\/wp-content\/uploads\/2024\/12\/\u7269\u6d41\u8fd0\u8f93\u753b\u9762-2.jpg\" alt=\"\" width=\"1385\" height=\"1039\" srcset=\"https:\/\/www.cosmepak.com\/wp-content\/uploads\/2024\/12\/\u7269\u6d41\u8fd0\u8f93\u753b\u9762-2.jpg 800w, https:\/\/www.cosmepak.com\/wp-content\/uploads\/2024\/12\/\u7269\u6d41\u8fd0\u8f93\u753b\u9762-2-300x225.jpg 300w, https:\/\/www.cosmepak.com\/wp-content\/uploads\/2024\/12\/\u7269\u6d41\u8fd0\u8f93\u753b\u9762-2-768x576.jpg 768w, https:\/\/www.cosmepak.com\/wp-content\/uploads\/2024\/12\/\u7269\u6d41\u8fd0\u8f93\u753b\u9762-2-600x450.jpg 600w\" sizes=\"(max-width: 1385px) 100vw, 1385px\" \/><\/p>\n<table style=\"border-collapse: collapse; width: 100%;\">\n<tbody>\n<tr>\n<td style=\"width: 33.3333%; text-align: center;\"><strong>Th\u1ec3 hi\u1ec7n<\/strong><\/td>\n<td style=\"width: 33.3333%; text-align: center;\"><strong>V\u1eadn chuy\u1ec3n h\u00e0ng kh\u00f4ng<\/strong><\/td>\n<td style=\"width: 33.3333%; text-align: center;\"><strong>V\u1eadn chuy\u1ec3n bi\u1ec3n<\/strong><\/td>\n<\/tr>\n<tr>\n<td style=\"width: 33.3333%; text-align: center;\">Europ 4-6 ng\u00e0y<\/p>\n<p>B\u1eafc M\u1ef9 4-6 ng\u00e0y<\/p>\n<p>\u0110\u00f4ng Nam \u00c1 3-5 ng\u00e0y<\/p>\n<p>Trung \u0110\u00f4ng 4-6 ng\u00e0y<\/p>\n<p>Nam Phi 5-8 ng\u00e0y<\/td>\n<td style=\"width: 33.3333%; text-align: center;\">Europ 4-6 ng\u00e0y<\/p>\n<p>B\u1eafc M\u1ef9 4-6 ng\u00e0y<\/p>\n<p>\u0110\u00f4ng Nam \u00c1 3-5 ng\u00e0y<\/p>\n<p>Trung \u0110\u00f4ng 4-6 ng\u00e0y<\/p>\n<p>Nam Phi 5-8 ng\u00e0y<\/td>\n<td style=\"width: 33.3333%; text-align: center;\">Europ 25-35 ng\u00e0y<\/p>\n<p>B\u1eafc M\u1ef9 25-35 ng\u00e0y<\/p>\n<p>\u0110\u00f4ng Nam \u00c1 25-35 ng\u00e0y<\/p>\n<p>Trung \u0110\u00f4ng 25-35 ng\u00e0y<\/p>\n<p>Nam Phi 25-35 ng\u00e0y<\/td>\n<\/tr>\n<\/tbody>\n<\/table>\n<p><strong>C\u00e2u h\u1ecfi th\u01b0\u1eddng g\u1eb7p:<\/strong><\/p>\n<ol>\n<li>T\u1ea1i sao ch\u1ecdn ch\u00fang t\u00f4i h\u01a1n c\u00e1c nh\u00e0 cung c\u1ea5p kh\u00e1c?<br \/>\nThi\u1ebft k\u1ebf t\u00f9y ch\u1ec9nh: Thi\u1ebft k\u1ebf t\u00f9y ch\u1ec9nh \u0111\u01b0\u1ee3c giao ch\u1ec9 trong 3 ph\u00fat.<br \/>\nD\u1ecbch v\u1ee5 tr\u1ef1c tuy\u1ebfn 24\/7: H\u1ed7 tr\u1ee3 24\/7 c\u00f3 s\u1eb5n.<br \/>\nM\u1eabu nhanh: M\u1eabu c\u1ed5 phi\u1ebfu s\u1eb5n s\u00e0ng trong v\u00f2ng 7 ng\u00e0y; m\u1eabu in t\u00f9y ch\u1ec9nh c\u00f3 s\u1eb5n trong 15 ng\u00e0y.<br \/>\nTh\u1eddi gian d\u1eabn \u0111\u1ea7u nhanh: Th\u1eddi gian d\u1eabn \u0111\u1ea7u s\u1ea3n xu\u1ea5t ch\u1ec9 35 ng\u00e0y.<br \/>\nNh\u00e0 s\u1ea3n xu\u1ea5t c\u00f3 kinh nghi\u1ec7m: H\u01a1n m\u1ed9t th\u1eadp k\u1ef7 kinh nghi\u1ec7m trong bao b\u00ec m\u1ef9 ph\u1ea9m.<br \/>\nGi\u00e1 tr\u1ef1c ti\u1ebfp c\u1ee7a nh\u00e0 m\u00e1y: \u0110\u1ea3m b\u1ea3o gi\u00e1 tr\u1ecb v\u00e0 d\u1ecbch v\u1ee5 t\u1ed1t nh\u1ea5t.<br \/>\nGi\u1ea3i ph\u00e1p to\u00e0n di\u1ec7n: Gi\u1ea3i ph\u00e1p ho\u00e0n ch\u1ec9nh cho t\u1ea5t c\u1ea3 nhu c\u1ea7u \u0111\u00f3ng g\u00f3i m\u1ef9 ph\u1ea9m c\u1ee7a b\u1ea1n.<\/p>\n<p>Ch\u00fang t\u00f4i l\u00e0 ai?<br \/>\nN\u1eb1m \u1edf Zhejiang, Trung Qu\u1ed1c, ch\u00fang t\u00f4i \u0111\u00e3 ho\u1ea1t \u0111\u1ed9ng t\u1eeb n\u0103m 2014. Ph\u00e2n ph\u1ed1i th\u1ecb tr\u01b0\u1eddng c\u1ee7a ch\u00fang t\u00f4i bao g\u1ed3m:<br \/>\nTh\u1ecb tr\u01b0\u1eddng n\u1ed9i \u0111\u1ecba (70%)<br \/>\nCh\u00e2u \u0110\u1ea1i D\u01b0\u01a1ng (8%)<br \/>\nTrung \u0110\u00f4ng (7%)<br \/>\n\u0110\u00f4ng \u00c1 (2%)<br \/>\nB\u1eafc M\u1ef9 (2%)<br \/>\nT\u00e2y \u00c2u (2%)<br \/>\n\u0110\u00f4ng Nam \u00c1 (2%)<br \/>\nNam \u00c1 (1%)<br \/>\nNam M\u1ef9 (1%)<br \/>\nCh\u00e2u \u00c2u (1%)<br \/>\nTrung M\u1ef9 (1%)<br \/>\nB\u1eafc \u00c2u (1%)<br \/>\nCh\u00e2u Phi (1%)<br \/>\n\u0110\u00f4ng \u00c2u (1%)<\/p>\n<p>L\u00e0m th\u1ebf n\u00e0o \u0111\u1ec3 \u0111\u1ea3m b\u1ea3o ch\u1ea5t l\u01b0\u1ee3ng?<br \/>\nCh\u00fang t\u00f4i cung c\u1ea5p m\u1ed9t m\u1eabu tr\u01b0\u1edbc khi s\u1ea3n xu\u1ea5t h\u00e0ng lo\u1ea1t v\u00e0 ti\u1ebfn h\u00e0nh ki\u1ec3m tra cu\u1ed1i c\u00f9ng tr\u01b0\u1edbc khi v\u1eadn chuy\u1ec3n.<\/p>\n<p>S\u1ea3n ph\u1ea9m n\u00e0o b\u1ea1n c\u00f3 th\u1ec3 mua t\u1eeb ch\u00fang t\u00f4i?<br \/>\nCh\u00fang t\u00f4i cung c\u1ea5p m\u1ed9t lo\u1ea1t c\u00e1c v\u1eadt li\u1ec7u \u0111\u00f3ng g\u00f3i m\u1ef9 ph\u1ea9m bao g\u1ed3m:<br \/>\nChai th\u1ee7y tinh<br \/>\nChai nh\u1ef1a \/ l\u1ecd \/ \u1ed1ng<br \/>\nChai nh\u00f4m \/ l\u1ecd \/ \u1ed1ng<br \/>\nCh\u00fang t\u00f4i cung c\u1ea5p d\u1ecbch v\u1ee5 g\u00ec?<br \/>\n\u0110i\u1ec1u kho\u1ea3n giao h\u00e0ng \u0111\u01b0\u1ee3c ch\u1ea5p nh\u1eadn: FOB, CFR, CIF<br \/>\nTi\u1ec1n t\u1ec7 thanh to\u00e1n \u0111\u01b0\u1ee3c ch\u1ea5p nh\u1eadn: USD, EUR, HKD, CNY<br \/>\nPh\u01b0\u01a1ng ph\u00e1p thanh to\u00e1n \u0111\u01b0\u1ee3c ch\u1ea5p nh\u1eadn: T \/ T, L \/ C, D \/ P D \/ A<br \/>\nNg\u00f4n ng\u1eef \u0111\u01b0\u1ee3c n\u00f3i: ti\u1ebfng Anh v\u00e0 ti\u1ebfng Trung Qu\u1ed1c<\/li>\n<\/ol>","protected":false},"excerpt":{"rendered":"<p>https:\/\/www.cosmepak.com\/ja\/product\/\/<\/p>\n<p>Ch\u1ea5t li\u1ec7u n\u1eafp: HDPE<\/p>\n<p>C\u00f4ng su\u1ea5t: 300ML<\/p>\n<p>M\u0169: B\u01a1m<\/p>\n<p>M\u00e0u s\u1eafc: T\u00f9y ch\u1ec9nh (b\u1ea5t k\u1ef3 m\u00e0u pantone n\u00e0o c\u00f3 s\u1eb5n)<\/p>\n<p>B\u1ec1 m\u1eb7t ho\u00e0n thi\u1ec7n: In m\u00e0n h\u00ecnh, s\u01b0\u01a1ng gi\u00e1, d\u1eadp n\u00f3ng, gradient phun, k\u1ebft th\u00fac m\u1edd, v.v.<\/p>\n<p>MOQ: 5000pcs;<\/p>\n<p>&nbsp;<\/p>","protected":false},"featured_media":2684,"comment_status":"open","ping_status":"closed","template":"","meta":{"_acf_changed":false},"product_brand":[],"product_cat":[47,18],"product_tag":[41],"class_list":{"0":"post-2683","1":"product","2":"type-product","3":"status-publish","4":"has-post-thumbnail","6":"product_cat-lotion-bottle","7":"product_cat-plastic-bottle","8":"product_tag-plastic-bottle","10":"first","11":"instock","12":"shipping-taxable","13":"product-type-simple"},"acf":[],"_links":{"self":[{"href":"https:\/\/www.cosmepak.com\/vi\/wp-json\/wp\/v2\/product\/2683","targetHints":{"allow":["GET"]}}],"collection":[{"href":"https:\/\/www.cosmepak.com\/vi\/wp-json\/wp\/v2\/product"}],"about":[{"href":"https:\/\/www.cosmepak.com\/vi\/wp-json\/wp\/v2\/types\/product"}],"replies":[{"embeddable":true,"href":"https:\/\/www.cosmepak.com\/vi\/wp-json\/wp\/v2\/comments?post=2683"}],"wp:featuredmedia":[{"embeddable":true,"href":"https:\/\/www.cosmepak.com\/vi\/wp-json\/wp\/v2\/media\/2684"}],"wp:attachment":[{"href":"https:\/\/www.cosmepak.com\/vi\/wp-json\/wp\/v2\/media?parent=2683"}],"wp:term":[{"taxonomy":"product_brand","embeddable":true,"href":"https:\/\/www.cosmepak.com\/vi\/wp-json\/wp\/v2\/product_brand?post=2683"},{"taxonomy":"product_cat","embeddable":true,"href":"https:\/\/www.cosmepak.com\/vi\/wp-json\/wp\/v2\/product_cat?post=2683"},{"taxonomy":"product_tag","embeddable":true,"href":"https:\/\/www.cosmepak.com\/vi\/wp-json\/wp\/v2\/product_tag?post=2683"}],"curies":[{"name":"WP","href":"https:\/\/api.w.org\/{rel}","templated":true}]}}