{"id":2691,"date":"2025-07-22T09:59:50","date_gmt":"2025-07-22T01:59:50","guid":{"rendered":"https:\/\/www.cosmepak.com\/?post_type=product&#038;p=2691"},"modified":"2025-08-06T08:26:16","modified_gmt":"2025-08-06T00:26:16","slug":"chai-petg-voi-may-bom","status":"publish","type":"product","link":"https:\/\/www.cosmepak.com\/vi\/product\/petg-bottle-with-pump\/","title":{"rendered":"Chai PETG v\u1edbi b\u01a1m lotion \/ Jaunce"},"content":{"rendered":"<table style=\"border-collapse: collapse; width: 100%; height: 168px;\">\n<tbody>\n<tr style=\"height: 24px;\">\n<td style=\"width: 33.3333%; height: 168px;\" rowspan=\"5\"><img fetchpriority=\"high\" decoding=\"async\" class=\"alignnone size-full wp-image-2693\" src=\"https:\/\/www.cosmepak.com\/wp-content\/uploads\/2025\/07\/307.jpg\" alt=\"\" width=\"1200\" height=\"1200\" srcset=\"https:\/\/www.cosmepak.com\/wp-content\/uploads\/2025\/07\/307.jpg 1200w, https:\/\/www.cosmepak.com\/wp-content\/uploads\/2025\/07\/307-300x300.jpg 300w, https:\/\/www.cosmepak.com\/wp-content\/uploads\/2025\/07\/307-1024x1024.jpg 1024w, https:\/\/www.cosmepak.com\/wp-content\/uploads\/2025\/07\/307-150x150.jpg 150w, https:\/\/www.cosmepak.com\/wp-content\/uploads\/2025\/07\/307-768x768.jpg 768w, https:\/\/www.cosmepak.com\/wp-content\/uploads\/2025\/07\/307-12x12.jpg 12w, https:\/\/www.cosmepak.com\/wp-content\/uploads\/2025\/07\/307-600x600.jpg 600w, https:\/\/www.cosmepak.com\/wp-content\/uploads\/2025\/07\/307-100x100.jpg 100w\" sizes=\"(max-width: 1200px) 100vw, 1200px\" \/><\/td>\n<td style=\"width: 33.122%; height: 24px; text-align: center;\">Th\u01b0\u01a1ng hi\u1ec7u<\/td>\n<td style=\"width: 33.5446%; height: 24px; text-align: center;\">Jaunce<\/td>\n<\/tr>\n<tr style=\"height: 24px;\">\n<td style=\"width: 33.122%; height: 24px; text-align: center;\">Ng\u01b0\u1eddi m\u1eabu<\/td>\n<td style=\"width: 33.5446%; height: 24px; text-align: center;\">S\u1ea3n ph\u1ea9m JH-SK24-28<\/td>\n<\/tr>\n<tr style=\"height: 24px;\">\n<td style=\"width: 33.122%; height: 24px; text-align: center;\">Kh\u1ea3 n\u0103ng<\/td>\n<td style=\"width: 33.5446%; height: 24px; text-align: center;\">200ml \/ 400ml<\/td>\n<\/tr>\n<tr style=\"height: 24px;\">\n<td style=\"width: 33.122%; height: 24px; text-align: center;\">M\u00e0u s\u1eafc<\/td>\n<td style=\"width: 33.5446%; height: 24px; text-align: center;\">t\u00f9y ch\u1ec9nh<\/td>\n<\/tr>\n<tr style=\"height: 24px;\">\n<td style=\"width: 33.122%; height: 24px; text-align: center;\">V\u1eadt li\u1ec7u<\/td>\n<td style=\"width: 33.5446%; height: 24px; text-align: center;\">PETG<\/td>\n<\/tr>\n<\/tbody>\n<\/table>\n<p>&nbsp;<\/p>\n<p><img decoding=\"async\" class=\"alignnone size-full wp-image-2694\" src=\"https:\/\/www.cosmepak.com\/wp-content\/uploads\/2025\/07\/304.jpg\" alt=\"\" width=\"1200\" height=\"1200\" srcset=\"https:\/\/www.cosmepak.com\/wp-content\/uploads\/2025\/07\/304.jpg 1200w, https:\/\/www.cosmepak.com\/wp-content\/uploads\/2025\/07\/304-300x300.jpg 300w, https:\/\/www.cosmepak.com\/wp-content\/uploads\/2025\/07\/304-1024x1024.jpg 1024w, https:\/\/www.cosmepak.com\/wp-content\/uploads\/2025\/07\/304-150x150.jpg 150w, https:\/\/www.cosmepak.com\/wp-content\/uploads\/2025\/07\/304-768x768.jpg 768w, https:\/\/www.cosmepak.com\/wp-content\/uploads\/2025\/07\/304-12x12.jpg 12w, https:\/\/www.cosmepak.com\/wp-content\/uploads\/2025\/07\/304-600x600.jpg 600w, https:\/\/www.cosmepak.com\/wp-content\/uploads\/2025\/07\/304-100x100.jpg 100w\" sizes=\"(max-width: 1200px) 100vw, 1200px\" \/><\/p>\n<p><img decoding=\"async\" class=\"alignnone size-full wp-image-2695\" src=\"https:\/\/www.cosmepak.com\/wp-content\/uploads\/2025\/07\/305.jpg\" alt=\"\" width=\"1200\" height=\"1200\" srcset=\"https:\/\/www.cosmepak.com\/wp-content\/uploads\/2025\/07\/305.jpg 1200w, https:\/\/www.cosmepak.com\/wp-content\/uploads\/2025\/07\/305-300x300.jpg 300w, https:\/\/www.cosmepak.com\/wp-content\/uploads\/2025\/07\/305-1024x1024.jpg 1024w, https:\/\/www.cosmepak.com\/wp-content\/uploads\/2025\/07\/305-150x150.jpg 150w, https:\/\/www.cosmepak.com\/wp-content\/uploads\/2025\/07\/305-768x768.jpg 768w, https:\/\/www.cosmepak.com\/wp-content\/uploads\/2025\/07\/305-12x12.jpg 12w, https:\/\/www.cosmepak.com\/wp-content\/uploads\/2025\/07\/305-600x600.jpg 600w, https:\/\/www.cosmepak.com\/wp-content\/uploads\/2025\/07\/305-100x100.jpg 100w\" sizes=\"(max-width: 1200px) 100vw, 1200px\" \/><\/p>\n<p><img loading=\"lazy\" decoding=\"async\" class=\"alignnone size-full wp-image-2696\" src=\"https:\/\/www.cosmepak.com\/wp-content\/uploads\/2025\/07\/306.jpg\" alt=\"\" width=\"1200\" height=\"1200\" srcset=\"https:\/\/www.cosmepak.com\/wp-content\/uploads\/2025\/07\/306.jpg 1200w, https:\/\/www.cosmepak.com\/wp-content\/uploads\/2025\/07\/306-300x300.jpg 300w, https:\/\/www.cosmepak.com\/wp-content\/uploads\/2025\/07\/306-1024x1024.jpg 1024w, https:\/\/www.cosmepak.com\/wp-content\/uploads\/2025\/07\/306-150x150.jpg 150w, https:\/\/www.cosmepak.com\/wp-content\/uploads\/2025\/07\/306-768x768.jpg 768w, https:\/\/www.cosmepak.com\/wp-content\/uploads\/2025\/07\/306-12x12.jpg 12w, https:\/\/www.cosmepak.com\/wp-content\/uploads\/2025\/07\/306-600x600.jpg 600w, https:\/\/www.cosmepak.com\/wp-content\/uploads\/2025\/07\/306-100x100.jpg 100w\" sizes=\"(max-width: 1200px) 100vw, 1200px\" \/><\/p>\n<p>Chai PETG s\u00e1ng t\u1ea1o cho c\u00e1c s\u1ea3n ph\u1ea9m ch\u0103m s\u00f3c c\u00e1 nh\u00e2n<br \/>\nTrong th\u1ebf gi\u1edbi c\u1ea1nh tranh c\u1ee7a c\u00e1c s\u1ea3n ph\u1ea9m ch\u0103m s\u00f3c c\u00e1 nh\u00e2n, bao b\u00ec \u0111\u00f3ng vai tr\u00f2 quan tr\u1ecdng trong vi\u1ec7c thu h\u00fat ng\u01b0\u1eddi ti\u00eau d\u00f9ng v\u00e0 \u0111\u1ea3m b\u1ea3o t\u00ednh to\u00e0n v\u1eb9n c\u1ee7a s\u1ea3n ph\u1ea9m. Ng\u00e0y nay, ch\u00fang t\u00f4i kh\u00e1m ph\u00e1 hai thi\u1ebft k\u1ebf chai PETG s\u00e1ng t\u1ea1o \u0111ang thi\u1ebft l\u1eadp ti\u00eau chu\u1ea9n m\u1edbi trong ng\u00e0nh c\u00f4ng nghi\u1ec7p: chai gel t\u1eafm PETG trong su\u1ed1t 200ml, chai d\u1ea7u g\u1ed9i b\u01a1m 400ml<\/p>\n<p>Chai gel t\u1eafm PETG trong su\u1ed1t 200ml<br \/>\nChai gel t\u1eafm PETG trong su\u1ed1t 200ml \u0111\u01b0\u1ee3c thi\u1ebft k\u1ebf \u0111\u1ec3 cung c\u1ea5p c\u1ea3 h\u1ea5p d\u1eabn th\u1ea9m m\u1ef9 v\u00e0 l\u1ee3i \u00edch ch\u1ee9c n\u0103ng. K\u1ebft th\u00fac m\u1edd cung c\u1ea5p m\u1ed9t c\u00e1i nh\u00ecn tinh vi, l\u00e0m cho n\u00f3 n\u1ed5i b\u1eadt tr\u00ean k\u1ec7. S\u1ef1 minh b\u1ea1ch cho ph\u00e9p ng\u01b0\u1eddi ti\u00eau d\u00f9ng nh\u00ecn th\u1ea5y s\u1ea3n ph\u1ea9m b\u00ean trong, c\u00f3 th\u1ec3 t\u0103ng c\u01b0\u1eddng ni\u1ec1m tin v\u00e0 h\u1ea5p d\u1eabn. V\u1eadt li\u1ec7u PETG \u0111\u01b0\u1ee3c bi\u1ebft \u0111\u1ebfn v\u1edbi \u0111\u1ed9 b\u1ec1n v\u00e0 kh\u1ea3 n\u0103ng ch\u1ed1ng t\u00e1c \u0111\u1ed9ng c\u1ee7a n\u00f3, l\u00e0m cho n\u00f3 l\u00fd t\u01b0\u1edfng cho m\u00f4i tr\u01b0\u1eddng ph\u00f2ng t\u1eafm n\u01a1i chai \u0111\u01b0\u1ee3c x\u1eed l\u00fd th\u01b0\u1eddng xuy\u00ean.<\/p>\n<p>Chai d\u1ea7u b\u01a1m 400ml<br \/>\nTi\u1ebfp theo, ch\u00fang t\u00f4i c\u00f3 chai d\u1ea7u b\u01a1m 400ml. Chai n\u00e0y \u0111\u01b0\u1ee3c trang b\u1ecb m\u1ed9t c\u01a1 ch\u1ebf b\u01a1m thu\u1eadn ti\u1ec7n, l\u00e0m cho n\u00f3 d\u1ec5 d\u00e0ng cho ng\u01b0\u1eddi d\u00f9ng \u0111\u1ec3 ph\u00e2n ph\u1ed1i \u0111\u00fang l\u01b0\u1ee3ng d\u1ea7u g\u1ed9i kh\u00f4ng c\u00f3 b\u1ea5t k\u1ef3 r\u1eafc r\u1ed1i. C\u00f4ng su\u1ea5t 400ml l\u1edbn h\u01a1n \u0111\u1ea3m b\u1ea3o r\u1eb1ng ng\u01b0\u1eddi d\u00f9ng c\u00f3 ngu\u1ed3n cung c\u1ea5p phong ph\u00fa, gi\u1ea3m t\u1ea7n s\u1ed1 mua l\u1ea1i. V\u1eadt li\u1ec7u PETG \u0111\u1ea3m b\u1ea3o r\u1eb1ng chai v\u1eabn v\u1eefng ch\u1eafc v\u00e0 ch\u1ed1ng ph\u00e1 v\u1ee1, ngay c\u1ea3 trong \u0111i\u1ec1u ki\u1ec7n ph\u00f2ng t\u1eafm \u1ea9m \u01b0\u1edbt.<\/p>\n<p>K\u1ebft lu\u1eadn<br \/>\nT\u00f3m l\u1ea1i, hai chai PETG n\u00e0y - chai gel t\u1eafm PETG trong su\u1ed1t 200ml, chai d\u1ea7u b\u01a1m 400ml - l\u00e0 v\u00ed d\u1ee5 v\u1ec1 s\u1ef1 \u0111\u1ed5i m\u1edbi trong bao b\u00ec ch\u0103m s\u00f3c c\u00e1 nh\u00e2n. Thi\u1ebft k\u1ebf \u0111\u1ed9c \u0111\u00e1o v\u00e0 l\u1ee3i \u00edch ch\u1ee9c n\u0103ng c\u1ee7a h\u1ecd \u0111\u01b0\u1ee3c \u0111i\u1ec1u ch\u1ec9nh \u0111\u1ec3 \u0111\u00e1p \u1ee9ng nhu c\u1ea7u v\u00e0 s\u1edf th\u00edch c\u1ee7a ng\u01b0\u1eddi ti\u00eau d\u00f9ng. B\u1eb1ng c\u00e1ch l\u1ef1a ch\u1ecdn v\u1eadt li\u1ec7u PETG, c\u00e1c nh\u00e0 s\u1ea3n xu\u1ea5t \u0111\u1ea3m b\u1ea3o \u0111\u1ed9 b\u1ec1n, h\u1ea5p d\u1eabn th\u1ea9m m\u1ef9 v\u00e0 an to\u00e0n s\u1ea3n ph\u1ea9m, l\u00e0m cho c\u00e1c chai n\u00e0y tr\u1edf th\u00e0nh m\u1ed9t b\u1ed5 sung c\u00f3 gi\u00e1 tr\u1ecb cho b\u1ea5t k\u1ef3 d\u00f2ng s\u1ea3n ph\u1ea9m ch\u0103m s\u00f3c c\u00e1 nh\u00e2n n\u00e0o.<\/p>\n<table style=\"border-collapse: collapse; width: 100%;\">\n<tbody>\n<tr>\n<td style=\"width: 40.1818%;\"><\/td>\n<td style=\"width: 59.8182%;\"><\/td>\n<\/tr>\n<\/tbody>\n<\/table>\n<p><img loading=\"lazy\" decoding=\"async\" class=\"alignnone size-full wp-image-1347\" src=\"https:\/\/www.cosmepak.com\/wp-content\/uploads\/2024\/12\/\u9996\u987519202_03.jpg\" alt=\"nh\u00e0 m\u00e1y hi\u1ec3n th\u1ecb\" width=\"1920\" height=\"885\" srcset=\"https:\/\/www.cosmepak.com\/wp-content\/uploads\/2024\/12\/\u9996\u987519202_03.jpg 1920w, https:\/\/www.cosmepak.com\/wp-content\/uploads\/2024\/12\/\u9996\u987519202_03-300x138.jpg 300w, https:\/\/www.cosmepak.com\/wp-content\/uploads\/2024\/12\/\u9996\u987519202_03-1024x472.jpg 1024w, https:\/\/www.cosmepak.com\/wp-content\/uploads\/2024\/12\/\u9996\u987519202_03-768x354.jpg 768w, https:\/\/www.cosmepak.com\/wp-content\/uploads\/2024\/12\/\u9996\u987519202_03-1536x708.jpg 1536w, https:\/\/www.cosmepak.com\/wp-content\/uploads\/2024\/12\/\u9996\u987519202_03-600x277.jpg 600w\" sizes=\"(max-width: 1920px) 100vw, 1920px\" \/><\/p>\n<p><img loading=\"lazy\" decoding=\"async\" class=\"alignnone size-full wp-image-1348\" src=\"https:\/\/www.cosmepak.com\/wp-content\/uploads\/2024\/12\/\u9996\u987519202_04.jpg\" alt=\"\" width=\"1920\" height=\"694\" srcset=\"https:\/\/www.cosmepak.com\/wp-content\/uploads\/2024\/12\/\u9996\u987519202_04.jpg 1920w, https:\/\/www.cosmepak.com\/wp-content\/uploads\/2024\/12\/\u9996\u987519202_04-300x108.jpg 300w, https:\/\/www.cosmepak.com\/wp-content\/uploads\/2024\/12\/\u9996\u987519202_04-1024x370.jpg 1024w, https:\/\/www.cosmepak.com\/wp-content\/uploads\/2024\/12\/\u9996\u987519202_04-768x278.jpg 768w, https:\/\/www.cosmepak.com\/wp-content\/uploads\/2024\/12\/\u9996\u987519202_04-1536x555.jpg 1536w, https:\/\/www.cosmepak.com\/wp-content\/uploads\/2024\/12\/\u9996\u987519202_04-600x217.jpg 600w\" sizes=\"(max-width: 1920px) 100vw, 1920px\" \/><img loading=\"lazy\" decoding=\"async\" class=\"alignnone size-full wp-image-1350\" src=\"https:\/\/www.cosmepak.com\/wp-content\/uploads\/2024\/12\/\u9996\u987519202_05-1.jpg\" alt=\"\" width=\"1920\" height=\"970\" srcset=\"https:\/\/www.cosmepak.com\/wp-content\/uploads\/2024\/12\/\u9996\u987519202_05-1.jpg 1920w, https:\/\/www.cosmepak.com\/wp-content\/uploads\/2024\/12\/\u9996\u987519202_05-1-300x152.jpg 300w, https:\/\/www.cosmepak.com\/wp-content\/uploads\/2024\/12\/\u9996\u987519202_05-1-1024x517.jpg 1024w, https:\/\/www.cosmepak.com\/wp-content\/uploads\/2024\/12\/\u9996\u987519202_05-1-768x388.jpg 768w, https:\/\/www.cosmepak.com\/wp-content\/uploads\/2024\/12\/\u9996\u987519202_05-1-1536x776.jpg 1536w, https:\/\/www.cosmepak.com\/wp-content\/uploads\/2024\/12\/\u9996\u987519202_05-1-600x303.jpg 600w\" sizes=\"(max-width: 1920px) 100vw, 1920px\" \/><img loading=\"lazy\" decoding=\"async\" class=\"alignnone wp-image-1351\" src=\"https:\/\/www.cosmepak.com\/wp-content\/uploads\/2024\/12\/\u7269\u6d41\u8fd0\u8f93\u753b\u9762-2.jpg\" alt=\"\" width=\"1385\" height=\"1039\" srcset=\"https:\/\/www.cosmepak.com\/wp-content\/uploads\/2024\/12\/\u7269\u6d41\u8fd0\u8f93\u753b\u9762-2.jpg 800w, https:\/\/www.cosmepak.com\/wp-content\/uploads\/2024\/12\/\u7269\u6d41\u8fd0\u8f93\u753b\u9762-2-300x225.jpg 300w, https:\/\/www.cosmepak.com\/wp-content\/uploads\/2024\/12\/\u7269\u6d41\u8fd0\u8f93\u753b\u9762-2-768x576.jpg 768w, https:\/\/www.cosmepak.com\/wp-content\/uploads\/2024\/12\/\u7269\u6d41\u8fd0\u8f93\u753b\u9762-2-600x450.jpg 600w\" sizes=\"(max-width: 1385px) 100vw, 1385px\" \/><\/p>\n<table style=\"border-collapse: collapse; width: 100%;\">\n<tbody>\n<tr>\n<td style=\"width: 33.3333%; text-align: center;\"><strong>Th\u1ec3 hi\u1ec7n<\/strong><\/td>\n<td style=\"width: 33.3333%; text-align: center;\"><strong>V\u1eadn chuy\u1ec3n h\u00e0ng kh\u00f4ng<\/strong><\/td>\n<td style=\"width: 33.3333%; text-align: center;\"><strong>V\u1eadn chuy\u1ec3n bi\u1ec3n<\/strong><\/td>\n<\/tr>\n<tr>\n<td style=\"width: 33.3333%; text-align: center;\">Europ 4-6 ng\u00e0y<\/p>\n<p>B\u1eafc M\u1ef9 4-6 ng\u00e0y<\/p>\n<p>\u0110\u00f4ng Nam \u00c1 3-5 ng\u00e0y<\/p>\n<p>Trung \u0110\u00f4ng 4-6 ng\u00e0y<\/p>\n<p>Nam Phi 5-8 ng\u00e0y<\/td>\n<td style=\"width: 33.3333%; text-align: center;\">Europ 4-6 ng\u00e0y<\/p>\n<p>B\u1eafc M\u1ef9 4-6 ng\u00e0y<\/p>\n<p>\u0110\u00f4ng Nam \u00c1 3-5 ng\u00e0y<\/p>\n<p>Trung \u0110\u00f4ng 4-6 ng\u00e0y<\/p>\n<p>Nam Phi 5-8 ng\u00e0y<\/td>\n<td style=\"width: 33.3333%; text-align: center;\">Europ 25-35 ng\u00e0y<\/p>\n<p>B\u1eafc M\u1ef9 25-35 ng\u00e0y<\/p>\n<p>\u0110\u00f4ng Nam \u00c1 25-35 ng\u00e0y<\/p>\n<p>Trung \u0110\u00f4ng 25-35 ng\u00e0y<\/p>\n<p>Nam Phi 25-35 ng\u00e0y<\/td>\n<\/tr>\n<\/tbody>\n<\/table>\n<p><span style=\"font-size: 14pt;\"><strong>C\u00e2u h\u1ecfi th\u01b0\u1eddng g\u1eb7p:<\/strong><\/span><\/p>\n<h3 id=\"why-choose-us-over-other-suppliers\" class=\"ai-center-markdown-h3\" data-spm-anchor-id=\"a2747.product_manager.0.i9.289071d2HpLvJq\">T\u1ea1i sao ch\u1ecdn ch\u00fang t\u00f4i h\u01a1n c\u00e1c nh\u00e0 cung c\u1ea5p kh\u00e1c?<\/h3>\n<ol class=\"ai-center-markdown-ol\" start=\"1\">\n<li class=\"ai-center-markdown-li\"><strong class=\"ai-center-markdown-strong\">Thi\u1ebft k\u1ebf ph\u00f9 h\u1ee3p<\/strong>: Thi\u1ebft k\u1ebf t\u00f9y ch\u1ec9nh \u0111\u01b0\u1ee3c giao ch\u1ec9 trong 3 ph\u00fat.<\/li>\n<li class=\"ai-center-markdown-li\"><strong class=\"ai-center-markdown-strong\">D\u1ecbch v\u1ee5 tr\u1ef1c tuy\u1ebfn 24\/7<\/strong>H\u1ed7 tr\u1ee3 24 gi\u1edd c\u00f3 s\u1eb5n.<\/li>\n<li class=\"ai-center-markdown-li\"><strong class=\"ai-center-markdown-strong\">M\u1eabu nhanh<\/strong>: M\u1eabu c\u1ed5 phi\u1ebfu s\u1eb5n s\u00e0ng trong v\u00f2ng 7 ng\u00e0y; m\u1eabu in t\u00f9y ch\u1ec9nh c\u00f3 s\u1eb5n trong 15 ng\u00e0y.<\/li>\n<li class=\"ai-center-markdown-li\"><strong class=\"ai-center-markdown-strong\">Th\u1eddi gian d\u1eabn nhanh<\/strong>Th\u1eddi gian s\u1ea3n xu\u1ea5t ch\u1ec9 35 ng\u00e0y.<\/li>\n<li class=\"ai-center-markdown-li\"><strong class=\"ai-center-markdown-strong\">Nh\u00e0 s\u1ea3n xu\u1ea5t c\u00f3 kinh nghi\u1ec7m<\/strong>H\u01a1n m\u1ed9t th\u1eadp k\u1ef7 kinh nghi\u1ec7m trong bao b\u00ec m\u1ef9 ph\u1ea9m.<\/li>\n<li class=\"ai-center-markdown-li\"><strong class=\"ai-center-markdown-strong\">Gi\u00e1 tr\u1ef1c ti\u1ebfp nh\u00e0 m\u00e1y<\/strong>\u0110\u1ea3m b\u1ea3o gi\u00e1 tr\u1ecb v\u00e0 d\u1ecbch v\u1ee5 t\u1ed1t nh\u1ea5t.<\/li>\n<li class=\"ai-center-markdown-li\"><strong class=\"ai-center-markdown-strong\">Gi\u1ea3i ph\u00e1p to\u00e0n di\u1ec7n<\/strong>: Gi\u1ea3i ph\u00e1p ho\u00e0n ch\u1ec9nh cho t\u1ea5t c\u1ea3 nhu c\u1ea7u \u0111\u00f3ng g\u00f3i m\u1ef9 ph\u1ea9m c\u1ee7a b\u1ea1n.<\/li>\n<\/ol>\n<h3 id=\"who-are-we\" class=\"ai-center-markdown-h3\">Ch\u00fang t\u00f4i l\u00e0 ai?<\/h3>\n<p class=\"ai-center-markdown-p\">N\u1eb1m \u1edf Zhejiang, Trung Qu\u1ed1c, ch\u00fang t\u00f4i \u0111\u00e3 ho\u1ea1t \u0111\u1ed9ng t\u1eeb n\u0103m 2014. Ph\u00e2n ph\u1ed1i th\u1ecb tr\u01b0\u1eddng c\u1ee7a ch\u00fang t\u00f4i bao g\u1ed3m:<\/p>\n<ul class=\"ai-center-markdown-ul\">\n<li class=\"ai-center-markdown-li\">Th\u1ecb tr\u01b0\u1eddng n\u1ed9i \u0111\u1ecba (70%)<\/li>\n<li class=\"ai-center-markdown-li\">Ch\u00e2u \u0110\u1ea1i D\u01b0\u01a1ng (8%)<\/li>\n<li class=\"ai-center-markdown-li\">Trung \u0110\u00f4ng (7%)<\/li>\n<li class=\"ai-center-markdown-li\">\u0110\u00f4ng \u00c1 (2%)<\/li>\n<li class=\"ai-center-markdown-li\">B\u1eafc M\u1ef9 (2%)<\/li>\n<li class=\"ai-center-markdown-li\">T\u00e2y \u00c2u (2%)<\/li>\n<li class=\"ai-center-markdown-li\">\u0110\u00f4ng Nam \u00c1 (2%)<\/li>\n<li class=\"ai-center-markdown-li\">Nam \u00c1 (1%)<\/li>\n<li class=\"ai-center-markdown-li\">Nam M\u1ef9 (1%)<\/li>\n<li class=\"ai-center-markdown-li\">Ch\u00e2u \u00c2u (1%)<\/li>\n<li class=\"ai-center-markdown-li\">Trung M\u1ef9 (1%)<\/li>\n<li class=\"ai-center-markdown-li\">B\u1eafc \u00c2u (1%)<\/li>\n<li class=\"ai-center-markdown-li\">Ch\u00e2u Phi (1%)<\/li>\n<li class=\"ai-center-markdown-li\">\u0110\u00f4ng \u00c2u (1%)<\/li>\n<\/ul>\n<h3 id=\"how-do-we-guarantee-quality\" class=\"ai-center-markdown-h3\">L\u00e0m th\u1ebf n\u00e0o \u0111\u1ec3 \u0111\u1ea3m b\u1ea3o ch\u1ea5t l\u01b0\u1ee3ng?<\/h3>\n<p class=\"ai-center-markdown-p\">Ch\u00fang t\u00f4i cung c\u1ea5p m\u1ed9t m\u1eabu tr\u01b0\u1edbc khi s\u1ea3n xu\u1ea5t h\u00e0ng lo\u1ea1t v\u00e0 ti\u1ebfn h\u00e0nh ki\u1ec3m tra cu\u1ed1i c\u00f9ng tr\u01b0\u1edbc khi v\u1eadn chuy\u1ec3n.<\/p>\n<h3 id=\"what-products-can-you-purchase-from-us\" class=\"ai-center-markdown-h3\">S\u1ea3n ph\u1ea9m n\u00e0o b\u1ea1n c\u00f3 th\u1ec3 mua t\u1eeb ch\u00fang t\u00f4i?<\/h3>\n<p class=\"ai-center-markdown-p\">Ch\u00fang t\u00f4i cung c\u1ea5p m\u1ed9t lo\u1ea1t c\u00e1c v\u1eadt li\u1ec7u \u0111\u00f3ng g\u00f3i m\u1ef9 ph\u1ea9m bao g\u1ed3m:<\/p>\n<ul class=\"ai-center-markdown-ul\">\n<li class=\"ai-center-markdown-li\">Chai th\u1ee7y tinh<\/li>\n<li class=\"ai-center-markdown-li\">Chai nh\u1ef1a \/ l\u1ecd \/ \u1ed1ng<\/li>\n<li class=\"ai-center-markdown-li\">Chai nh\u00f4m \/ l\u1ecd \/ \u1ed1ng<\/li>\n<\/ul>\n<h3 id=\"what-services-do-we-provide\" class=\"ai-center-markdown-h3\">Ch\u00fang t\u00f4i cung c\u1ea5p d\u1ecbch v\u1ee5 g\u00ec?<\/h3>\n<ul class=\"ai-center-markdown-ul\">\n<li class=\"ai-center-markdown-li\"><strong class=\"ai-center-markdown-strong\">\u0110i\u1ec1u kho\u1ea3n giao h\u00e0ng \u0111\u01b0\u1ee3c ch\u1ea5p nh\u1eadn<\/strong>S\u1ea3n ph\u1ea9m: FOB, CFR, CIF<\/li>\n<li class=\"ai-center-markdown-li\"><strong class=\"ai-center-markdown-strong\">Ti\u1ec1n t\u1ec7 thanh to\u00e1n \u0111\u01b0\u1ee3c ch\u1ea5p nh\u1eadn<\/strong>\u0110\u1ed3ng USD, EUR, HKD, CNY<\/li>\n<li class=\"ai-center-markdown-li\"><strong class=\"ai-center-markdown-strong\">Ph\u01b0\u01a1ng ph\u00e1p thanh to\u00e1n \u0111\u01b0\u1ee3c ch\u1ea5p nh\u1eadn<\/strong>S\u1ed1 l\u01b0\u1ee3ng: T \/ T, L \/ C, D \/ P D \/ A<\/li>\n<li class=\"ai-center-markdown-li\"><strong class=\"ai-center-markdown-strong\">Ng\u00f4n ng\u1eef n\u00f3i<\/strong>Ti\u1ebfng Anh v\u00e0 Trung Qu\u1ed1c<\/li>\n<\/ul>\n<p>&nbsp;<\/p>","protected":false},"excerpt":{"rendered":"<p>Ch\u1ea5t li\u1ec7u chai: PETG<\/p>\n<p>V\u1eadt li\u1ec7u gi\u1edbi h\u1ea1n: PP<\/p>\n<p>C\u00f4ng su\u1ea5t: 200ML \/ 400ML<\/p>\n<p>M\u0169: B\u01a1m<\/p>\n<p>M\u00e0u s\u1eafc: T\u00f9y ch\u1ec9nh (b\u1ea5t k\u1ef3 m\u00e0u pantone n\u00e0o c\u00f3 s\u1eb5n)<\/p>\n<p>B\u1ec1 m\u1eb7t ho\u00e0n thi\u1ec7n: In m\u00e0n h\u00ecnh, s\u01b0\u01a1ng gi\u00e1, d\u1eadp n\u00f3ng, gradient phun, k\u1ebft th\u00fac m\u1edd, v.v.<\/p>\n<p>MOQ: 5000pcs;<\/p>\n<p>&nbsp;<\/p>","protected":false},"featured_media":2692,"comment_status":"open","ping_status":"closed","template":"","meta":{"_acf_changed":false},"product_brand":[],"product_cat":[47,18],"product_tag":[41],"class_list":{"0":"post-2691","1":"product","2":"type-product","3":"status-publish","4":"has-post-thumbnail","6":"product_cat-lotion-bottle","7":"product_cat-plastic-bottle","8":"product_tag-plastic-bottle","10":"first","11":"instock","12":"shipping-taxable","13":"product-type-simple"},"acf":[],"_links":{"self":[{"href":"https:\/\/www.cosmepak.com\/vi\/wp-json\/wp\/v2\/product\/2691","targetHints":{"allow":["GET"]}}],"collection":[{"href":"https:\/\/www.cosmepak.com\/vi\/wp-json\/wp\/v2\/product"}],"about":[{"href":"https:\/\/www.cosmepak.com\/vi\/wp-json\/wp\/v2\/types\/product"}],"replies":[{"embeddable":true,"href":"https:\/\/www.cosmepak.com\/vi\/wp-json\/wp\/v2\/comments?post=2691"}],"wp:featuredmedia":[{"embeddable":true,"href":"https:\/\/www.cosmepak.com\/vi\/wp-json\/wp\/v2\/media\/2692"}],"wp:attachment":[{"href":"https:\/\/www.cosmepak.com\/vi\/wp-json\/wp\/v2\/media?parent=2691"}],"wp:term":[{"taxonomy":"product_brand","embeddable":true,"href":"https:\/\/www.cosmepak.com\/vi\/wp-json\/wp\/v2\/product_brand?post=2691"},{"taxonomy":"product_cat","embeddable":true,"href":"https:\/\/www.cosmepak.com\/vi\/wp-json\/wp\/v2\/product_cat?post=2691"},{"taxonomy":"product_tag","embeddable":true,"href":"https:\/\/www.cosmepak.com\/vi\/wp-json\/wp\/v2\/product_tag?post=2691"}],"curies":[{"name":"WP","href":"https:\/\/api.w.org\/{rel}","templated":true}]}}