{"id":2958,"date":"2025-09-15T09:40:19","date_gmt":"2025-09-15T01:40:19","guid":{"rendered":"https:\/\/www.cosmepak.com\/?post_type=product&#038;p=2958"},"modified":"2026-01-04T13:32:32","modified_gmt":"2026-01-04T05:32:32","slug":"30ml-irregular-shaped-cute-foundation-liquid-glass-jaunce","status":"publish","type":"product","link":"https:\/\/www.cosmepak.com\/vi\/product\/30ml-irregular-shaped-cute-foundation-liquid-glass-jaunce\/","title":{"rendered":"30ml Th\u1ee7y tinh l\u1ecfng d\u1ec5 th\u01b0\u01a1ng kh\u00f4ng th\u01b0\u1eddng xuy\u00ean \/ Jaunce"},"content":{"rendered":"<table style=\"border-collapse: collapse; width: 100%; height: 216px;\">\n<tbody>\n<tr style=\"height: 24px;\">\n<td style=\"width: 40.6929%; height: 216px;\" rowspan=\"9\"><img fetchpriority=\"high\" decoding=\"async\" class=\"alignnone size-full wp-image-2960\" src=\"https:\/\/www.cosmepak.com\/wp-content\/uploads\/2025\/09\/334.jpg\" alt=\"\" width=\"800\" height=\"800\" srcset=\"https:\/\/www.cosmepak.com\/wp-content\/uploads\/2025\/09\/334.jpg 800w, https:\/\/www.cosmepak.com\/wp-content\/uploads\/2025\/09\/334-300x300.jpg 300w, https:\/\/www.cosmepak.com\/wp-content\/uploads\/2025\/09\/334-150x150.jpg 150w, https:\/\/www.cosmepak.com\/wp-content\/uploads\/2025\/09\/334-768x768.jpg 768w, https:\/\/www.cosmepak.com\/wp-content\/uploads\/2025\/09\/334-12x12.jpg 12w, https:\/\/www.cosmepak.com\/wp-content\/uploads\/2025\/09\/334-600x600.jpg 600w, https:\/\/www.cosmepak.com\/wp-content\/uploads\/2025\/09\/334-100x100.jpg 100w\" sizes=\"(max-width: 800px) 100vw, 800px\" \/><\/td>\n<td style=\"width: 23.5109%; height: 24px; text-align: center;\">Th\u01b0\u01a1ng hi\u1ec7u<\/td>\n<td style=\"width: 35.7961%; height: 24px; text-align: center;\">\u00a0Jaunce<\/td>\n<\/tr>\n<tr style=\"height: 24px;\">\n<td style=\"width: 23.5109%; height: 24px; text-align: center;\">Dung t\u00edch<\/td>\n<td style=\"width: 35.7961%; height: 24px; text-align: center;\">30ml<\/td>\n<\/tr>\n<tr style=\"height: 24px;\">\n<td style=\"width: 23.5109%; height: 24px; text-align: center;\">H\u00ecnh d\u1ea1ng<\/td>\n<td style=\"width: 35.7961%; height: 24px; text-align: center;\">h\u00ecnh d\u1ea1ng b\u1ea5t th\u01b0\u1eddng<\/td>\n<\/tr>\n<tr style=\"height: 24px;\">\n<td style=\"width: 23.5109%; height: 24px; text-align: center;\">V\u1eadt li\u1ec7u<\/td>\n<td style=\"width: 35.7961%; height: 24px; text-align: center;\">Th\u1ee7y tinh<\/td>\n<\/tr>\n<tr style=\"height: 24px;\">\n<td style=\"width: 23.5109%; height: 24px; text-align: center;\">Ng\u01b0\u1eddi m\u1eabu<\/td>\n<td style=\"width: 35.7961%; height: 24px; text-align: center;\">JH-DY005-S315-D-30ML<\/td>\n<\/tr>\n<tr style=\"height: 24px;\">\n<td style=\"width: 23.5109%; height: 24px; text-align: center;\">S\u1ea3n ph\u1ea9m OEM \/ ODM<\/td>\n<td style=\"width: 35.7961%; height: 24px; text-align: center;\">Ch\u1ea5p nh\u1eadn<\/td>\n<\/tr>\n<tr style=\"height: 24px;\">\n<td style=\"width: 23.5109%; height: 24px; text-align: center;\">M\u00e0u s\u1eafc<\/td>\n<td style=\"width: 35.7961%; height: 24px; text-align: center;\">B\u1ea5t k\u1ef3 m\u00e0u s\u1eafc partone t\u00f9y ch\u1ec9nh<\/td>\n<\/tr>\n<tr style=\"height: 24px;\">\n<td style=\"width: 23.5109%; height: 24px; text-align: center;\">C\u00e1ch s\u1eed d\u1ee5ng<\/td>\n<td style=\"width: 35.7961%; height: 24px; text-align: center;\">Lotion \/ Foundation \/ kem v.v.<\/td>\n<\/tr>\n<tr style=\"height: 24px;\">\n<td style=\"width: 23.5109%; height: 24px; text-align: center;\">MOQ<\/td>\n<td style=\"width: 35.7961%; height: 24px; text-align: center;\">10000pcs<\/td>\n<\/tr>\n<\/tbody>\n<\/table>\n<table style=\"border-collapse: collapse; width: 100%; height: 192px;\">\n<tbody>\n<tr style=\"height: 24px;\">\n<td style=\"width: 12.7434%; text-align: center; height: 24px;\"><strong>Dung t\u00edch<\/strong><\/td>\n<td style=\"width: 12.5142%; text-align: center; height: 24px;\"><strong>T\u1ed5ng chi\u1ec1u cao<\/strong><\/td>\n<td style=\"width: 12.5002%; text-align: center; height: 24px;\"><strong>\u0110\u01b0\u1eddng k\u00ednh d\u01b0\u1edbi c\u00f9ng<\/strong><\/td>\n<td style=\"width: 13.1192%; text-align: center; height: 24px;\"><b>Chi\u1ec1u cao vai<\/b><\/td>\n<\/tr>\n<tr style=\"height: 24px;\">\n<td style=\"width: 12.7434%; text-align: center; height: 24px;\">30ml<\/td>\n<td style=\"width: 12.5142%; text-align: center; height: 24px;\">92mm<\/td>\n<td style=\"width: 12.5002%; text-align: center; height: 24px;\">60mm<\/td>\n<td style=\"width: 13.1192%; text-align: center; height: 24px;\">52mm<\/td>\n<\/tr>\n<\/tbody>\n<\/table>\n<p class=\"ai-center-markdown-p\">Chai th\u1ee7y tinh c\u00f3 h\u00ecnh d\u1ea1ng d\u1ec5 th\u01b0\u01a1ng 30ML n\u00e0y, v\u1edbi thi\u1ebft k\u1ebf \u0111\u1ed9c \u0111\u00e1o v\u00e0 \u0111\u00e1ng y\u00eau c\u1ee7a n\u00f3, \u0111\u01b0\u1ee3c thi\u1ebft l\u1eadp \u0111\u1ec3 t\u1ea1o ra t\u00e1c \u0111\u1ed9ng \u0111\u00e1ng k\u1ec3 tr\u00ean th\u1ecb tr\u01b0\u1eddng. Kh\u00f4ng gi\u1ed1ng nh\u01b0 chai n\u1ec1n t\u1ea3ng truy\u1ec1n th\u1ed1ng, chai th\u1ee7y tinh n\u00e0y th\u00eam m\u1ed9t ch\u00fat ma thu\u1eadt v\u00e0 ni\u1ec1m vui cho qu\u00e1 tr\u00ecnh trang \u0111i\u1ec3m c\u1ee7a b\u1ea1n. Chi ti\u1ebft tinh t\u1ebf v\u00e0 thi\u1ebft k\u1ebf \u0111\u1ed9c \u0111\u00e1o c\u1ee7a n\u00f3 l\u00e0m cho n\u00f3 tr\u1edf th\u00e0nh b\u1ed5 sung ho\u00e0n h\u1ea3o cho b\u1ea5t k\u1ef3 b\u1ed9 s\u01b0u t\u1eadp trang \u0111i\u1ec3m n\u00e0o. H\u00ecnh d\u1ea1ng d\u1ec5 th\u01b0\u01a1ng v\u00e0 \u0111\u1ed9c \u0111\u00e1o c\u1ee7a n\u00f3 kh\u00f4ng ch\u1ec9 b\u1eaft m\u1eaft m\u00e0 c\u00f2n tr\u1edf th\u00e0nh tr\u1ecdng t\u00e2m c\u1ee7a cu\u1ed9c tr\u00f2 chuy\u1ec7n gi\u1eefa b\u1ea1n b\u00e8 v\u00e0 nh\u1eefng ng\u01b0\u1eddi \u0111am m\u00ea l\u00e0m \u0111\u1eb9p.<\/p>\n<p class=\"ai-center-markdown-p\">N\u00f3 \u0111\u01b0\u1ee3c l\u00e0m b\u1eb1ng k\u00ednh ch\u1ea5t l\u01b0\u1ee3ng cao, c\u1ef1c k\u1ef3 b\u1ec1n v\u00e0 l\u00e2u d\u00e0i. N\u00f3 c\u00f3 th\u1ec3 ng\u0103n ch\u1eb7n b\u1ea5t k\u1ef3 ph\u1ea3n \u1ee9ng h\u00f3a h\u1ecdc n\u00e0o c\u00f3 th\u1ec3 \u1ea3nh h\u01b0\u1edfng \u0111\u1ebfn t\u00e1c d\u1ee5ng c\u1ee7a ch\u1ea5t l\u1ecfng c\u01a1 b\u1ea3n, \u0111\u1ea3m b\u1ea3o r\u1eb1ng b\u1ea1n c\u00f3 th\u1ec3 \u0111\u1ea1t \u0111\u01b0\u1ee3c k\u1ebft qu\u1ea3 t\u1ed1t nh\u1ea5t m\u1ed7i khi b\u1ea1n s\u1eed d\u1ee5ng n\u00f3. C\u00f4ng su\u1ea5t 30 ml ph\u00f9 h\u1ee3p cho c\u1ea3 s\u1eed d\u1ee5ng c\u00e1 nh\u00e2n v\u00e0 du l\u1ecbch. N\u00f3 l\u00e0 ho\u00e0n h\u1ea3o \u0111\u1ec3 gi\u1eef trong m\u1ed9t t\u00fai trang \u0111i\u1ec3m ho\u1eb7c t\u00fai x\u00e1ch, cho ph\u00e9p b\u1ea1n mang theo n\u1ec1n t\u1ea3ng y\u00eau th\u00edch c\u1ee7a b\u1ea1n v\u1edbi b\u1ea1n b\u1ea5t c\u1ee9 n\u01a1i n\u00e0o b\u1ea1n \u0111i.<\/p>\n<p class=\"ai-center-markdown-p\">Lo\u1ea1i m\u00e1y b\u01a1m c\u00f3 th\u1ec3 \u0111\u1ea1t \u0111\u01b0\u1ee3c phun ch\u00ednh x\u00e1c v\u00e0 c\u00f3 th\u1ec3 ki\u1ec3m so\u00e1t \u0111\u01b0\u1ee3c, gi\u1ea3m thi\u1ec3u ch\u1ea5t th\u1ea3i \u1edf m\u1ee9c \u0111\u1ed9 t\u1ed1i \u0111a v\u00e0 \u0111\u1ea3m b\u1ea3o r\u1eb1ng b\u1ea1n c\u00f3 th\u1ec3 s\u1eed d\u1ee5ng \u0111\u1ea7y \u0111\u1ee7 s\u1ea3n ph\u1ea9m. N\u1eafp b\u1ec1n v\u1eefng c\u00f3 th\u1ec3 ng\u0103n ch\u1eb7n b\u1ea5t k\u1ef3 r\u00f2 r\u1ec9 n\u00e0o.<\/p>\n<p class=\"ai-center-markdown-p\">Chai n\u00e0y kh\u00f4ng ch\u1ec9 gi\u1edbi h\u1ea1n \u1edf n\u1ec1n t\u1ea3ng. Thi\u1ebft k\u1ebf linh ho\u1ea1t c\u1ee7a n\u00f3 l\u00e0m cho n\u00f3 ph\u00f9 h\u1ee3p v\u1edbi c\u00e1c m\u1ef9 ph\u1ea9m l\u1ecfng kh\u00e1c nhau nh\u01b0 huy\u1ebft thanh, kem \u1ea9m v\u00e0 nhi\u1ec1u h\u01a1n n\u1eefa. Cung c\u1ea5p m\u1ed9t lo\u1ea1t c\u00e1c b\u00eca \u0111\u1ec3 l\u1ef1a ch\u1ecdn.<\/p>\n<table style=\"border-collapse: collapse; width: 100%;\">\n<tbody>\n<tr>\n<td style=\"width: 33.3333%;\"><img decoding=\"async\" class=\"alignnone size-full wp-image-3805\" src=\"https:\/\/www.cosmepak.com\/wp-content\/uploads\/2025\/09\/O1CN01T93pzP1DWB2rWoiST_2209417840223-0-cib1.jpg\" alt=\"\" width=\"1000\" height=\"1000\" srcset=\"https:\/\/www.cosmepak.com\/wp-content\/uploads\/2025\/09\/O1CN01T93pzP1DWB2rWoiST_2209417840223-0-cib1.jpg 1000w, https:\/\/www.cosmepak.com\/wp-content\/uploads\/2025\/09\/O1CN01T93pzP1DWB2rWoiST_2209417840223-0-cib1-300x300.jpg 300w, https:\/\/www.cosmepak.com\/wp-content\/uploads\/2025\/09\/O1CN01T93pzP1DWB2rWoiST_2209417840223-0-cib1-150x150.jpg 150w, https:\/\/www.cosmepak.com\/wp-content\/uploads\/2025\/09\/O1CN01T93pzP1DWB2rWoiST_2209417840223-0-cib1-768x768.jpg 768w, https:\/\/www.cosmepak.com\/wp-content\/uploads\/2025\/09\/O1CN01T93pzP1DWB2rWoiST_2209417840223-0-cib1-12x12.jpg 12w, https:\/\/www.cosmepak.com\/wp-content\/uploads\/2025\/09\/O1CN01T93pzP1DWB2rWoiST_2209417840223-0-cib1-600x600.jpg 600w, https:\/\/www.cosmepak.com\/wp-content\/uploads\/2025\/09\/O1CN01T93pzP1DWB2rWoiST_2209417840223-0-cib1-100x100.jpg 100w\" sizes=\"(max-width: 1000px) 100vw, 1000px\" \/><\/td>\n<td style=\"width: 33.3333%;\"><img decoding=\"async\" class=\"alignnone size-full wp-image-3806\" src=\"https:\/\/www.cosmepak.com\/wp-content\/uploads\/2025\/09\/O1CN0143K1np1WXzHnUo6vv_948592799-0-cib1.jpg\" alt=\"\" width=\"1000\" height=\"1000\" srcset=\"https:\/\/www.cosmepak.com\/wp-content\/uploads\/2025\/09\/O1CN0143K1np1WXzHnUo6vv_948592799-0-cib1.jpg 1000w, https:\/\/www.cosmepak.com\/wp-content\/uploads\/2025\/09\/O1CN0143K1np1WXzHnUo6vv_948592799-0-cib1-300x300.jpg 300w, https:\/\/www.cosmepak.com\/wp-content\/uploads\/2025\/09\/O1CN0143K1np1WXzHnUo6vv_948592799-0-cib1-150x150.jpg 150w, https:\/\/www.cosmepak.com\/wp-content\/uploads\/2025\/09\/O1CN0143K1np1WXzHnUo6vv_948592799-0-cib1-768x768.jpg 768w, https:\/\/www.cosmepak.com\/wp-content\/uploads\/2025\/09\/O1CN0143K1np1WXzHnUo6vv_948592799-0-cib1-12x12.jpg 12w, https:\/\/www.cosmepak.com\/wp-content\/uploads\/2025\/09\/O1CN0143K1np1WXzHnUo6vv_948592799-0-cib1-600x600.jpg 600w, https:\/\/www.cosmepak.com\/wp-content\/uploads\/2025\/09\/O1CN0143K1np1WXzHnUo6vv_948592799-0-cib1-100x100.jpg 100w\" sizes=\"(max-width: 1000px) 100vw, 1000px\" \/><\/td>\n<td style=\"width: 33.3333%;\"><img loading=\"lazy\" decoding=\"async\" class=\"alignnone size-full wp-image-3807\" src=\"https:\/\/www.cosmepak.com\/wp-content\/uploads\/2025\/09\/O1CN01Yfnohb1WXzHmNLy3c_948592799-0-cib1.jpg\" alt=\"\" width=\"1000\" height=\"1000\" srcset=\"https:\/\/www.cosmepak.com\/wp-content\/uploads\/2025\/09\/O1CN01Yfnohb1WXzHmNLy3c_948592799-0-cib1.jpg 1000w, https:\/\/www.cosmepak.com\/wp-content\/uploads\/2025\/09\/O1CN01Yfnohb1WXzHmNLy3c_948592799-0-cib1-300x300.jpg 300w, https:\/\/www.cosmepak.com\/wp-content\/uploads\/2025\/09\/O1CN01Yfnohb1WXzHmNLy3c_948592799-0-cib1-150x150.jpg 150w, https:\/\/www.cosmepak.com\/wp-content\/uploads\/2025\/09\/O1CN01Yfnohb1WXzHmNLy3c_948592799-0-cib1-768x768.jpg 768w, https:\/\/www.cosmepak.com\/wp-content\/uploads\/2025\/09\/O1CN01Yfnohb1WXzHmNLy3c_948592799-0-cib1-12x12.jpg 12w, https:\/\/www.cosmepak.com\/wp-content\/uploads\/2025\/09\/O1CN01Yfnohb1WXzHmNLy3c_948592799-0-cib1-600x600.jpg 600w, https:\/\/www.cosmepak.com\/wp-content\/uploads\/2025\/09\/O1CN01Yfnohb1WXzHmNLy3c_948592799-0-cib1-100x100.jpg 100w\" sizes=\"(max-width: 1000px) 100vw, 1000px\" \/><\/td>\n<\/tr>\n<\/tbody>\n<\/table>\n<p>&nbsp;<\/p>\n<p>&nbsp;<\/p>\n<p>&nbsp;<\/p>\n<p>&nbsp;<\/p>","protected":false},"excerpt":{"rendered":"<p>V\u1eadt li\u1ec7u: th\u1ee7y tinh<\/p>\n<p>Dung l\u01b0\u1ee3ng: 30ml<\/p>\n<p>M\u00e0u s\u1eafc: Ch\u1ea5p nh\u1eadn t\u00f9y ch\u1ec9nh (b\u1ea5t k\u1ef3 m\u00e0u pantone n\u00e0o c\u00f3 s\u1eb5n)<\/p>\n<p>Ho\u00e0n thi\u1ec7n b\u1ec1 m\u1eb7t: in m\u00e0n h\u00ecnh, d\u1eadp n\u00f3ng, gradient phun, k\u1ebft th\u00fac m\u1edd, v.v.<\/p>\n<p>MOQ: 1000pcs \/ t\u00f9y ch\u1ec9nh 10000pcs<\/p>\n<p>M\u1eabu: c\u00f3 s\u1eb5n m\u1eabu mi\u1ec5n ph\u00ed<\/p>\n<p>&nbsp;<\/p>\n<p>&nbsp;<\/p>","protected":false},"featured_media":2959,"comment_status":"closed","ping_status":"closed","template":"","meta":{"_acf_changed":false},"product_brand":[],"product_cat":[19],"product_tag":[40],"class_list":{"0":"post-2958","1":"product","2":"type-product","3":"status-publish","4":"has-post-thumbnail","6":"product_cat-skincare-glass-bottle","7":"product_tag-essential-oil-bottle","9":"first","10":"instock","11":"shipping-taxable","12":"product-type-simple"},"acf":[],"_links":{"self":[{"href":"https:\/\/www.cosmepak.com\/vi\/wp-json\/wp\/v2\/product\/2958","targetHints":{"allow":["GET"]}}],"collection":[{"href":"https:\/\/www.cosmepak.com\/vi\/wp-json\/wp\/v2\/product"}],"about":[{"href":"https:\/\/www.cosmepak.com\/vi\/wp-json\/wp\/v2\/types\/product"}],"replies":[{"embeddable":true,"href":"https:\/\/www.cosmepak.com\/vi\/wp-json\/wp\/v2\/comments?post=2958"}],"wp:featuredmedia":[{"embeddable":true,"href":"https:\/\/www.cosmepak.com\/vi\/wp-json\/wp\/v2\/media\/2959"}],"wp:attachment":[{"href":"https:\/\/www.cosmepak.com\/vi\/wp-json\/wp\/v2\/media?parent=2958"}],"wp:term":[{"taxonomy":"product_brand","embeddable":true,"href":"https:\/\/www.cosmepak.com\/vi\/wp-json\/wp\/v2\/product_brand?post=2958"},{"taxonomy":"product_cat","embeddable":true,"href":"https:\/\/www.cosmepak.com\/vi\/wp-json\/wp\/v2\/product_cat?post=2958"},{"taxonomy":"product_tag","embeddable":true,"href":"https:\/\/www.cosmepak.com\/vi\/wp-json\/wp\/v2\/product_tag?post=2958"}],"curies":[{"name":"WP","href":"https:\/\/api.w.org\/{rel}","templated":true}]}}