{"id":2982,"date":"2025-09-18T09:19:16","date_gmt":"2025-09-18T01:19:16","guid":{"rendered":"https:\/\/www.cosmepak.com\/?post_type=product&#038;p=2982"},"modified":"2025-12-30T09:46:56","modified_gmt":"2025-12-30T01:46:56","slug":"30ml-irregular-shaped-glass-bottle-with-pump-and-hemispherical-cap-jaunce","status":"publish","type":"product","link":"https:\/\/www.cosmepak.com\/vi\/product\/30ml-irregular-shaped-glass-bottle-with-pump-and-hemispherical-cap-jaunce\/","title":{"rendered":"Chai th\u1ee7y tinh h\u00ecnh d\u1ea1ng b\u1ea5t th\u01b0\u1eddng 30ml v\u1edbi m\u00e1y b\u01a1m v\u00e0 n\u1eafp b\u00e1n c\u1ea7u \/ Jaunce"},"content":{"rendered":"<table style=\"border-collapse: collapse; width: 100%; height: 216px;\">\n<tbody>\n<tr style=\"height: 24px;\">\n<td style=\"width: 40.6929%; height: 216px;\" rowspan=\"9\"><img fetchpriority=\"high\" decoding=\"async\" class=\"alignnone size-full wp-image-3810\" src=\"https:\/\/www.cosmepak.com\/wp-content\/uploads\/2025\/09\/\u53bb\u9664\u56fe\u7247\u6587\u5b571.png\" alt=\"\" width=\"1000\" height=\"1000\" srcset=\"https:\/\/www.cosmepak.com\/wp-content\/uploads\/2025\/09\/\u53bb\u9664\u56fe\u7247\u6587\u5b571.png 1000w, https:\/\/www.cosmepak.com\/wp-content\/uploads\/2025\/09\/\u53bb\u9664\u56fe\u7247\u6587\u5b571-300x300.png 300w, https:\/\/www.cosmepak.com\/wp-content\/uploads\/2025\/09\/\u53bb\u9664\u56fe\u7247\u6587\u5b571-150x150.png 150w, https:\/\/www.cosmepak.com\/wp-content\/uploads\/2025\/09\/\u53bb\u9664\u56fe\u7247\u6587\u5b571-768x768.png 768w, https:\/\/www.cosmepak.com\/wp-content\/uploads\/2025\/09\/\u53bb\u9664\u56fe\u7247\u6587\u5b571-12x12.png 12w, https:\/\/www.cosmepak.com\/wp-content\/uploads\/2025\/09\/\u53bb\u9664\u56fe\u7247\u6587\u5b571-600x600.png 600w, https:\/\/www.cosmepak.com\/wp-content\/uploads\/2025\/09\/\u53bb\u9664\u56fe\u7247\u6587\u5b571-100x100.png 100w\" sizes=\"(max-width: 1000px) 100vw, 1000px\" \/><\/td>\n<td style=\"width: 23.5109%; height: 24px; text-align: center;\">Th\u01b0\u01a1ng hi\u1ec7u<\/td>\n<td style=\"width: 35.7961%; height: 24px; text-align: center;\">\u00a0Jaunce<\/td>\n<\/tr>\n<tr style=\"height: 24px;\">\n<td style=\"width: 23.5109%; height: 24px; text-align: center;\">Dung t\u00edch<\/td>\n<td style=\"width: 35.7961%; height: 24px; text-align: center;\">30ml<\/td>\n<\/tr>\n<tr style=\"height: 24px;\">\n<td style=\"width: 23.5109%; height: 24px; text-align: center;\">H\u00ecnh d\u1ea1ng<\/td>\n<td style=\"width: 35.7961%; height: 24px; text-align: center;\">Tr\u00f2n<\/td>\n<\/tr>\n<tr style=\"height: 24px;\">\n<td style=\"width: 23.5109%; height: 24px; text-align: center;\">V\u1eadt li\u1ec7u<\/td>\n<td style=\"width: 35.7961%; height: 24px; text-align: center;\">Th\u1ee7y tinh<\/td>\n<\/tr>\n<tr style=\"height: 24px;\">\n<td style=\"width: 23.5109%; height: 24px; text-align: center;\">Ng\u01b0\u1eddi m\u1eabu<\/td>\n<td style=\"width: 35.7961%; height: 24px; text-align: center;\">H\u1ec7 th\u1ed1ng JH-PHF167<\/td>\n<\/tr>\n<tr style=\"height: 24px;\">\n<td style=\"width: 23.5109%; height: 24px; text-align: center;\">S\u1ea3n ph\u1ea9m OEM \/ ODM<\/td>\n<td style=\"width: 35.7961%; height: 24px; text-align: center;\">Ch\u1ea5p nh\u1eadn<\/td>\n<\/tr>\n<tr style=\"height: 24px;\">\n<td style=\"width: 23.5109%; height: 24px; text-align: center;\">M\u00e0u s\u1eafc<\/td>\n<td style=\"width: 35.7961%; height: 24px; text-align: center;\">B\u1ea5t k\u1ef3 m\u00e0u parton n\u00e0o t\u00f9y ch\u1ec9nh<\/td>\n<\/tr>\n<tr style=\"height: 24px;\">\n<td style=\"width: 23.5109%; height: 24px; text-align: center;\">C\u00e1ch s\u1eed d\u1ee5ng<\/td>\n<td style=\"width: 35.7961%; height: 24px; text-align: center;\">Lotion \/ Foundation \/ kem v.v.<\/td>\n<\/tr>\n<tr style=\"height: 24px;\">\n<td style=\"width: 23.5109%; height: 24px; text-align: center;\">MOQ<\/td>\n<td style=\"width: 35.7961%; height: 24px; text-align: center;\">10000pcs<\/td>\n<\/tr>\n<\/tbody>\n<\/table>\n<table style=\"border-collapse: collapse; width: 100%; height: 56px;\">\n<tbody>\n<tr style=\"height: 24px;\">\n<td style=\"width: 12.7434%; text-align: center; height: 35px;\"><strong>Dung t\u00edch<\/strong><\/td>\n<td style=\"width: 12.5142%; text-align: center; height: 35px;\"><strong>T\u1ed5ng chi\u1ec1u cao<\/strong><\/td>\n<td style=\"width: 12.5002%; text-align: center; height: 35px;\"><strong>\u0110\u01b0\u1eddng k\u00ednh d\u01b0\u1edbi c\u00f9ng<\/strong><\/td>\n<td style=\"width: 13.1192%; text-align: center; height: 35px;\"><b>Chi\u1ec1u cao vai<\/b><\/td>\n<\/tr>\n<tr style=\"height: 24px;\">\n<td style=\"width: 12.7434%; text-align: center; height: 21px;\">30ml<\/td>\n<td style=\"width: 12.5142%; text-align: center; height: 21px;\">91mm<\/td>\n<td style=\"width: 12.5002%; text-align: center; height: 21px;\">48mm<\/td>\n<td style=\"width: 13.1192%; text-align: center; height: 21px;\">52mm<\/td>\n<\/tr>\n<\/tbody>\n<\/table>\n<p class=\"ai-center-markdown-p\">Chai ch\u1ea5t l\u1ecfng n\u1ec1n t\u1ea3ng 30ml n\u00e0y c\u00f3 t\u00ednh n\u0103ng vui ch\u01a1i, tr\u00f2n &#8220; b\u00e9 gi\u1ed1ng&#8221; thi\u1ebft k\u1ebf n\u1eafp h\u00ecnh c\u1ea7u. \u0110\u01b0\u1eddng k\u00ednh c\u1ee7a \u0111\u00e1y chai l\u00e0 48 milimet v\u00e0 t\u1ed5ng chi\u1ec1u cao l\u00e0 91 milimet. N\u00f3 duy tr\u00ec k\u00edch th\u01b0\u1edbc nh\u1ecf g\u1ecdn trong khi c\u00f3 m\u1ed9t h\u00ecnh d\u1ea1ng h\u1ea5p d\u1eabn, \u0111\u1ea7y \u0111\u1ee7. C\u00e1c \u0111\u01b0\u1eddng d\u00e2y m\u1ecbn v\u00e0 \u1edf d\u1ea1ng \u0111\u01b0\u1eddng cong.<\/p>\n<p>V\u00f2ng tr\u00f2n, n\u1eafp ngo\u00e0i b\u00f3ng ph\u00f9 h\u1ee3p ho\u00e0n h\u1ea3o v\u1edbi c\u01a1 th\u1ec3 chai cong, cho n\u00f3 m\u1ed9t th\u1ea9m m\u1ef9 d\u1ec5 th\u01b0\u01a1ng, \u00f4m l\u1ea5y (nh\u01b0 m\u1ed9t b\u00fap b\u00ea nh\u1ecf) trong khi duy tr\u00ec thi\u1ebft k\u1ebf ch\u1ee9c n\u0103ng - l\u00fd t\u01b0\u1edfng cho c\u1ea3 vi\u1ec7c s\u1eed d\u1ee5ng h\u00e0ng ng\u00e0y v\u00e0 du l\u1ecbch.<\/p>\n<div class=\"auto-hide-last-sibling-br paragraph-pP9ZLC paragraph-element br-paragraph-space\">chai n\u00e0y cho ph\u00e9p d\u1ec5 d\u00e0ng, l\u1ed9n x\u1ed9n l\u1ed9n l\u1ed9n l\u1ed9n l\u1ed9n l\u1ed9n l\u1ed9n l\u1ed9n l\u1ed9n l\u1ed9n l\u1ed9n l\u1ed9n l\u1ed9n l\u1ed9n l\u1ed9n l\u1ed9n l\u1ed9n l\u1ed9n l\u1ed9n l\u1ed9n l\u1ed9n l\u1ed9n l\u1ed9n l\u1ed9n l\u1ed9n l\u1ed9n l\u1ed9n l\u1ed9n l\u1ed9n l\u1ed9n l\u1ed9n l\u1ed9n l\u1ed9n l\u1ed9n<\/div>\n<div class=\"auto-hide-last-sibling-br paragraph-pP9ZLC paragraph-element br-paragraph-space\">N\u1ebfu b\u1ea1n c\u00f3 y\u00eau c\u1ea7u th\u01b0\u01a1ng hi\u1ec7u c\u1ee7a ri\u00eang b\u1ea1n, ch\u00fang t\u00f4i c\u0169ng c\u00f3 th\u1ec3 t\u00f9y ch\u1ec9nh s\u1ea3n xu\u1ea5t theo th\u00f4ng s\u1ed1 k\u1ef9 thu\u1eadt c\u1ee7a b\u1ea1n. Ch\u00fang t\u00f4i cung c\u1ea5p c\u00e1c d\u1ecbch v\u1ee5 t\u00f9y ch\u1ec9nh nh\u01b0 t\u00f9y ch\u1ec9nh m\u00e0u s\u1eafc, t\u00f9y ch\u1ec9nh hi\u1ec7u \u1ee9ng ngo\u1ea1i h\u00ecnh v\u00e0 th\u1ee7 c\u00f4ng (b\u00f3ng ho\u1eb7c m\u1edd \u0111\u1ec3 ch\u1ecdn), t\u00f9y ch\u1ec9nh logo v\u00e0 t\u00f9y ch\u1ec9nh in nh\u00e3n.<\/div>\n<div><\/div>\n<div class=\"auto-hide-last-sibling-br paragraph-pP9ZLC paragraph-element br-paragraph-space\">Ch\u00fang t\u00f4i cung c\u1ea5p c\u00e1c l\u1ef1a ch\u1ecdn \u0111a n\u0103ng: trong su\u1ed1t b\u00f3ng, trong su\u1ed1t gradient, trong su\u1ed1t m\u1edd ho\u1eb7c m\u00e0u s\u1eafc m\u1edd r\u1eafn.<\/div>\n<div class=\"auto-hide-last-sibling-br paragraph-pP9ZLC paragraph-element br-paragraph-space\">\n<table style=\"border-collapse: collapse; width: 100%;\">\n<tbody>\n<tr>\n<td style=\"width: 50%;\"><img decoding=\"async\" class=\"alignnone size-full wp-image-3812\" src=\"https:\/\/www.cosmepak.com\/wp-content\/uploads\/2025\/09\/O1CN0193d6b52L5B07mq6Da_974269640-0-cib1.jpg\" alt=\"\" width=\"1000\" height=\"1000\" srcset=\"https:\/\/www.cosmepak.com\/wp-content\/uploads\/2025\/09\/O1CN0193d6b52L5B07mq6Da_974269640-0-cib1.jpg 1000w, https:\/\/www.cosmepak.com\/wp-content\/uploads\/2025\/09\/O1CN0193d6b52L5B07mq6Da_974269640-0-cib1-300x300.jpg 300w, https:\/\/www.cosmepak.com\/wp-content\/uploads\/2025\/09\/O1CN0193d6b52L5B07mq6Da_974269640-0-cib1-150x150.jpg 150w, https:\/\/www.cosmepak.com\/wp-content\/uploads\/2025\/09\/O1CN0193d6b52L5B07mq6Da_974269640-0-cib1-768x768.jpg 768w, https:\/\/www.cosmepak.com\/wp-content\/uploads\/2025\/09\/O1CN0193d6b52L5B07mq6Da_974269640-0-cib1-12x12.jpg 12w, https:\/\/www.cosmepak.com\/wp-content\/uploads\/2025\/09\/O1CN0193d6b52L5B07mq6Da_974269640-0-cib1-600x600.jpg 600w, https:\/\/www.cosmepak.com\/wp-content\/uploads\/2025\/09\/O1CN0193d6b52L5B07mq6Da_974269640-0-cib1-100x100.jpg 100w\" sizes=\"(max-width: 1000px) 100vw, 1000px\" \/><\/td>\n<td style=\"width: 50%;\"><img decoding=\"async\" class=\"alignnone size-full wp-image-3811\" src=\"https:\/\/www.cosmepak.com\/wp-content\/uploads\/2025\/09\/O1CN015Wve3p2L5B07J4ls9_974269640-0-cib1.jpg\" alt=\"\" width=\"1000\" height=\"1000\" srcset=\"https:\/\/www.cosmepak.com\/wp-content\/uploads\/2025\/09\/O1CN015Wve3p2L5B07J4ls9_974269640-0-cib1.jpg 1000w, https:\/\/www.cosmepak.com\/wp-content\/uploads\/2025\/09\/O1CN015Wve3p2L5B07J4ls9_974269640-0-cib1-300x300.jpg 300w, https:\/\/www.cosmepak.com\/wp-content\/uploads\/2025\/09\/O1CN015Wve3p2L5B07J4ls9_974269640-0-cib1-150x150.jpg 150w, https:\/\/www.cosmepak.com\/wp-content\/uploads\/2025\/09\/O1CN015Wve3p2L5B07J4ls9_974269640-0-cib1-768x768.jpg 768w, https:\/\/www.cosmepak.com\/wp-content\/uploads\/2025\/09\/O1CN015Wve3p2L5B07J4ls9_974269640-0-cib1-12x12.jpg 12w, https:\/\/www.cosmepak.com\/wp-content\/uploads\/2025\/09\/O1CN015Wve3p2L5B07J4ls9_974269640-0-cib1-600x600.jpg 600w, https:\/\/www.cosmepak.com\/wp-content\/uploads\/2025\/09\/O1CN015Wve3p2L5B07J4ls9_974269640-0-cib1-100x100.jpg 100w\" sizes=\"(max-width: 1000px) 100vw, 1000px\" \/><\/td>\n<\/tr>\n<\/tbody>\n<\/table>\n<\/div>\n<table style=\"border-collapse: collapse; width: 100%;\">\n<tbody>\n<tr>\n<td style=\"width: 33.3333%;\"><img loading=\"lazy\" decoding=\"async\" class=\"alignnone size-full wp-image-3813\" src=\"https:\/\/www.cosmepak.com\/wp-content\/uploads\/2025\/09\/\u53bb\u9664\u56fe\u7247\u6587\u5b57-11.png\" alt=\"\" width=\"1000\" height=\"1000\" srcset=\"https:\/\/www.cosmepak.com\/wp-content\/uploads\/2025\/09\/\u53bb\u9664\u56fe\u7247\u6587\u5b57-11.png 1000w, https:\/\/www.cosmepak.com\/wp-content\/uploads\/2025\/09\/\u53bb\u9664\u56fe\u7247\u6587\u5b57-11-300x300.png 300w, https:\/\/www.cosmepak.com\/wp-content\/uploads\/2025\/09\/\u53bb\u9664\u56fe\u7247\u6587\u5b57-11-150x150.png 150w, https:\/\/www.cosmepak.com\/wp-content\/uploads\/2025\/09\/\u53bb\u9664\u56fe\u7247\u6587\u5b57-11-768x768.png 768w, https:\/\/www.cosmepak.com\/wp-content\/uploads\/2025\/09\/\u53bb\u9664\u56fe\u7247\u6587\u5b57-11-12x12.png 12w, https:\/\/www.cosmepak.com\/wp-content\/uploads\/2025\/09\/\u53bb\u9664\u56fe\u7247\u6587\u5b57-11-600x600.png 600w, https:\/\/www.cosmepak.com\/wp-content\/uploads\/2025\/09\/\u53bb\u9664\u56fe\u7247\u6587\u5b57-11-100x100.png 100w\" sizes=\"(max-width: 1000px) 100vw, 1000px\" \/><\/td>\n<td style=\"width: 33.3333%;\"><img loading=\"lazy\" decoding=\"async\" class=\"alignnone size-full wp-image-3814\" src=\"https:\/\/www.cosmepak.com\/wp-content\/uploads\/2025\/09\/\u53bb\u9664\u56fe\u7247\u6587\u5b57-41.png\" alt=\"\" width=\"1000\" height=\"1000\" srcset=\"https:\/\/www.cosmepak.com\/wp-content\/uploads\/2025\/09\/\u53bb\u9664\u56fe\u7247\u6587\u5b57-41.png 1000w, https:\/\/www.cosmepak.com\/wp-content\/uploads\/2025\/09\/\u53bb\u9664\u56fe\u7247\u6587\u5b57-41-300x300.png 300w, https:\/\/www.cosmepak.com\/wp-content\/uploads\/2025\/09\/\u53bb\u9664\u56fe\u7247\u6587\u5b57-41-150x150.png 150w, https:\/\/www.cosmepak.com\/wp-content\/uploads\/2025\/09\/\u53bb\u9664\u56fe\u7247\u6587\u5b57-41-768x768.png 768w, https:\/\/www.cosmepak.com\/wp-content\/uploads\/2025\/09\/\u53bb\u9664\u56fe\u7247\u6587\u5b57-41-12x12.png 12w, https:\/\/www.cosmepak.com\/wp-content\/uploads\/2025\/09\/\u53bb\u9664\u56fe\u7247\u6587\u5b57-41-600x600.png 600w, https:\/\/www.cosmepak.com\/wp-content\/uploads\/2025\/09\/\u53bb\u9664\u56fe\u7247\u6587\u5b57-41-100x100.png 100w\" sizes=\"(max-width: 1000px) 100vw, 1000px\" \/><\/td>\n<td style=\"width: 33.3333%;\"><img loading=\"lazy\" decoding=\"async\" class=\"alignnone size-full wp-image-3815\" src=\"https:\/\/www.cosmepak.com\/wp-content\/uploads\/2025\/09\/\u53bb\u9664\u56fe\u7247\u6587\u5b57121.png\" alt=\"\" width=\"1000\" height=\"1000\" srcset=\"https:\/\/www.cosmepak.com\/wp-content\/uploads\/2025\/09\/\u53bb\u9664\u56fe\u7247\u6587\u5b57121.png 1000w, https:\/\/www.cosmepak.com\/wp-content\/uploads\/2025\/09\/\u53bb\u9664\u56fe\u7247\u6587\u5b57121-300x300.png 300w, https:\/\/www.cosmepak.com\/wp-content\/uploads\/2025\/09\/\u53bb\u9664\u56fe\u7247\u6587\u5b57121-150x150.png 150w, https:\/\/www.cosmepak.com\/wp-content\/uploads\/2025\/09\/\u53bb\u9664\u56fe\u7247\u6587\u5b57121-768x768.png 768w, https:\/\/www.cosmepak.com\/wp-content\/uploads\/2025\/09\/\u53bb\u9664\u56fe\u7247\u6587\u5b57121-12x12.png 12w, https:\/\/www.cosmepak.com\/wp-content\/uploads\/2025\/09\/\u53bb\u9664\u56fe\u7247\u6587\u5b57121-600x600.png 600w, https:\/\/www.cosmepak.com\/wp-content\/uploads\/2025\/09\/\u53bb\u9664\u56fe\u7247\u6587\u5b57121-100x100.png 100w\" sizes=\"(max-width: 1000px) 100vw, 1000px\" \/><\/td>\n<\/tr>\n<\/tbody>\n<\/table>","protected":false},"excerpt":{"rendered":"<p>V\u1eadt li\u1ec7u: th\u1ee7y tinh<\/p>\n<p>Dung l\u01b0\u1ee3ng: 30ml<\/p>\n<p>M\u00e0u s\u1eafc: Ch\u1ea5p nh\u1eadn t\u00f9y ch\u1ec9nh (b\u1ea5t k\u1ef3 m\u00e0u pantone n\u00e0o c\u00f3 s\u1eb5n)<\/p>\n<p>Ho\u00e0n thi\u1ec7n b\u1ec1 m\u1eb7t: in m\u00e0n h\u00ecnh, d\u1eadp n\u00f3ng, gradient phun, k\u1ebft th\u00fac m\u1edd, v.v.<\/p>\n<p>MOQ: 1000pcs \/ t\u00f9y ch\u1ec9nh 10000pcs<\/p>\n<p>M\u1eabu: c\u00f3 s\u1eb5n m\u1eabu mi\u1ec5n ph\u00ed<\/p>\n<p>&nbsp;<\/p>\n<p>&nbsp;<\/p>","protected":false},"featured_media":3816,"comment_status":"closed","ping_status":"closed","template":"","meta":{"_acf_changed":false},"product_brand":[],"product_cat":[34,45,19],"product_tag":[40],"class_list":{"0":"post-2982","1":"product","2":"type-product","3":"status-publish","4":"has-post-thumbnail","6":"product_cat-foundation-bottle","7":"product_cat-serum-pump-bottle","8":"product_cat-skincare-glass-bottle","9":"product_tag-essential-oil-bottle","11":"first","12":"instock","13":"shipping-taxable","14":"product-type-simple"},"acf":[],"_links":{"self":[{"href":"https:\/\/www.cosmepak.com\/vi\/wp-json\/wp\/v2\/product\/2982","targetHints":{"allow":["GET"]}}],"collection":[{"href":"https:\/\/www.cosmepak.com\/vi\/wp-json\/wp\/v2\/product"}],"about":[{"href":"https:\/\/www.cosmepak.com\/vi\/wp-json\/wp\/v2\/types\/product"}],"replies":[{"embeddable":true,"href":"https:\/\/www.cosmepak.com\/vi\/wp-json\/wp\/v2\/comments?post=2982"}],"wp:featuredmedia":[{"embeddable":true,"href":"https:\/\/www.cosmepak.com\/vi\/wp-json\/wp\/v2\/media\/3816"}],"wp:attachment":[{"href":"https:\/\/www.cosmepak.com\/vi\/wp-json\/wp\/v2\/media?parent=2982"}],"wp:term":[{"taxonomy":"product_brand","embeddable":true,"href":"https:\/\/www.cosmepak.com\/vi\/wp-json\/wp\/v2\/product_brand?post=2982"},{"taxonomy":"product_cat","embeddable":true,"href":"https:\/\/www.cosmepak.com\/vi\/wp-json\/wp\/v2\/product_cat?post=2982"},{"taxonomy":"product_tag","embeddable":true,"href":"https:\/\/www.cosmepak.com\/vi\/wp-json\/wp\/v2\/product_tag?post=2982"}],"curies":[{"name":"WP","href":"https:\/\/api.w.org\/{rel}","templated":true}]}}