{"id":2998,"date":"2025-09-26T15:12:21","date_gmt":"2025-09-26T07:12:21","guid":{"rendered":"https:\/\/www.cosmepak.com\/?post_type=product&#038;p=2998"},"modified":"2025-09-26T15:12:21","modified_gmt":"2025-09-26T07:12:21","slug":"30ml-50ml-100ml-luxury-perfume-glass-bottle-thick-bottom-empty-box-with-pump-sprayer-seal","status":"publish","type":"product","link":"https:\/\/www.cosmepak.com\/vi\/product\/30ml-50ml-100ml-luxury-perfume-glass-bottle-thick-bottom-empty-box-with-pump-sprayer-seal\/","title":{"rendered":"Chai th\u1ee7y tinh n\u01b0\u1edbc hoa sang tr\u1ecdng 30ml 50ml 100ml H\u1ed9p r\u1ed7ng d\u01b0\u1edbi d\u00e0y v\u1edbi con d\u1ea5u m\u00e1y b\u01a1m phun"},"content":{"rendered":"<p><strong>Chai th\u1ee7y tinh n\u01b0\u1edbc hoa sang tr\u1ecdng 30ml 50ml 100ml H\u1ed9p r\u1ed7ng d\u01b0\u1edbi d\u00e0y v\u1edbi con d\u1ea5u m\u00e1y b\u01a1m phun<\/strong><\/p>\n<table style=\"border-collapse: collapse; width: 100%;\">\n<tbody>\n<tr>\n<td style=\"width: 25.1936%;\" rowspan=\"4\"><img fetchpriority=\"high\" decoding=\"async\" class=\"alignnone size-full wp-image-3001\" src=\"https:\/\/www.cosmepak.com\/wp-content\/uploads\/2025\/09\/1.jpg\" alt=\"\" width=\"800\" height=\"800\" srcset=\"https:\/\/www.cosmepak.com\/wp-content\/uploads\/2025\/09\/1.jpg 800w, https:\/\/www.cosmepak.com\/wp-content\/uploads\/2025\/09\/1-300x300.jpg 300w, https:\/\/www.cosmepak.com\/wp-content\/uploads\/2025\/09\/1-150x150.jpg 150w, https:\/\/www.cosmepak.com\/wp-content\/uploads\/2025\/09\/1-768x768.jpg 768w, https:\/\/www.cosmepak.com\/wp-content\/uploads\/2025\/09\/1-12x12.jpg 12w, https:\/\/www.cosmepak.com\/wp-content\/uploads\/2025\/09\/1-600x600.jpg 600w, https:\/\/www.cosmepak.com\/wp-content\/uploads\/2025\/09\/1-100x100.jpg 100w\" sizes=\"(max-width: 800px) 100vw, 800px\" \/><\/td>\n<td style=\"width: 20.1367%; text-align: center;\"><strong>Dung t\u00edch<\/strong><\/td>\n<td style=\"width: 19.7368%; text-align: center;\"><strong>K\u00edch th\u01b0\u1edbc c\u1ed5<\/strong><\/td>\n<td style=\"width: 18.1889%; text-align: center;\"><strong>\u0110\u01b0\u1eddng k\u00ednh<\/strong><\/td>\n<td style=\"width: 16.744%; text-align: center;\"><strong>T\u1ed5ng chi\u1ec1u cao<\/strong><\/td>\n<\/tr>\n<tr>\n<td style=\"width: 20.1367%; text-align: center;\">30ml<\/td>\n<td style=\"width: 19.7368%; text-align: center;\">15 mm<\/td>\n<td style=\"width: 18.1889%; text-align: center;\">44mm<\/td>\n<td style=\"width: 16.744%; text-align: center;\">89 mm<\/td>\n<\/tr>\n<tr>\n<td style=\"width: 20.1367%; text-align: center;\">50ml<\/td>\n<td style=\"width: 19.7368%; text-align: center;\">15 mm<\/td>\n<td style=\"width: 18.1889%; text-align: center;\">51mm<\/td>\n<td style=\"width: 16.744%; text-align: center;\">97mm<\/td>\n<\/tr>\n<tr>\n<td style=\"width: 20.1367%; text-align: center;\">100ml<\/td>\n<td style=\"width: 19.7368%; text-align: center;\">15 mm<\/td>\n<td style=\"width: 18.1889%; text-align: center;\">60mm<\/td>\n<td style=\"width: 16.744%; text-align: center;\">111mm<\/td>\n<\/tr>\n<\/tbody>\n<\/table>\n<p><img decoding=\"async\" class=\"alignnone size-full wp-image-3002\" src=\"https:\/\/www.cosmepak.com\/wp-content\/uploads\/2025\/09\/8.jpg\" alt=\"\" width=\"1000\" height=\"1000\" srcset=\"https:\/\/www.cosmepak.com\/wp-content\/uploads\/2025\/09\/8.jpg 1000w, https:\/\/www.cosmepak.com\/wp-content\/uploads\/2025\/09\/8-300x300.jpg 300w, https:\/\/www.cosmepak.com\/wp-content\/uploads\/2025\/09\/8-150x150.jpg 150w, https:\/\/www.cosmepak.com\/wp-content\/uploads\/2025\/09\/8-768x768.jpg 768w, https:\/\/www.cosmepak.com\/wp-content\/uploads\/2025\/09\/8-12x12.jpg 12w, https:\/\/www.cosmepak.com\/wp-content\/uploads\/2025\/09\/8-600x600.jpg 600w, https:\/\/www.cosmepak.com\/wp-content\/uploads\/2025\/09\/8-100x100.jpg 100w\" sizes=\"(max-width: 1000px) 100vw, 1000px\" \/><\/p>\n<table style=\"border-collapse: collapse; width: 100%;\">\n<tbody>\n<tr>\n<td style=\"width: 50%;\"><img decoding=\"async\" class=\"alignnone size-full wp-image-3000\" src=\"https:\/\/www.cosmepak.com\/wp-content\/uploads\/2025\/09\/7.jpg\" alt=\"\" width=\"1000\" height=\"1000\" srcset=\"https:\/\/www.cosmepak.com\/wp-content\/uploads\/2025\/09\/7.jpg 1000w, https:\/\/www.cosmepak.com\/wp-content\/uploads\/2025\/09\/7-300x300.jpg 300w, https:\/\/www.cosmepak.com\/wp-content\/uploads\/2025\/09\/7-150x150.jpg 150w, https:\/\/www.cosmepak.com\/wp-content\/uploads\/2025\/09\/7-768x768.jpg 768w, https:\/\/www.cosmepak.com\/wp-content\/uploads\/2025\/09\/7-12x12.jpg 12w, https:\/\/www.cosmepak.com\/wp-content\/uploads\/2025\/09\/7-600x600.jpg 600w, https:\/\/www.cosmepak.com\/wp-content\/uploads\/2025\/09\/7-100x100.jpg 100w\" sizes=\"(max-width: 1000px) 100vw, 1000px\" \/><\/td>\n<td style=\"width: 50%;\"><img loading=\"lazy\" decoding=\"async\" class=\"alignnone size-full wp-image-2999\" src=\"https:\/\/www.cosmepak.com\/wp-content\/uploads\/2025\/09\/6.jpg\" alt=\"\" width=\"1000\" height=\"1000\" srcset=\"https:\/\/www.cosmepak.com\/wp-content\/uploads\/2025\/09\/6.jpg 1000w, https:\/\/www.cosmepak.com\/wp-content\/uploads\/2025\/09\/6-300x300.jpg 300w, https:\/\/www.cosmepak.com\/wp-content\/uploads\/2025\/09\/6-150x150.jpg 150w, https:\/\/www.cosmepak.com\/wp-content\/uploads\/2025\/09\/6-768x768.jpg 768w, https:\/\/www.cosmepak.com\/wp-content\/uploads\/2025\/09\/6-12x12.jpg 12w, https:\/\/www.cosmepak.com\/wp-content\/uploads\/2025\/09\/6-600x600.jpg 600w, https:\/\/www.cosmepak.com\/wp-content\/uploads\/2025\/09\/6-100x100.jpg 100w\" sizes=\"(max-width: 1000px) 100vw, 1000px\" \/><\/td>\n<\/tr>\n<\/tbody>\n<\/table>\n<p>1. K\u00edch th\u01b0\u1edbc 30ml \u0111\u1ebfn 100ml c\u00f3 th\u1ec3 t\u00f9y ch\u1ec9nh: Ho\u00e0n h\u1ea3o \u0111\u1ec3 c\u00e1 nh\u00e2n h\u00f3a m\u00f9i h\u01b0\u01a1ng y\u00eau th\u00edch c\u1ee7a b\u1ea1n ho\u1eb7c t\u1ea1o ra c\u00e1c k\u1ebft h\u1ee3p \u0111\u1ed9c \u0111\u00e1o, H\u1ed9p t\u00f9y ch\u1ec9nh 30ml, 50ml v\u00e0 100ml Chai phun n\u01b0\u1edbc hoa sang tr\u1ecdng d\u00e0y c\u00f3 nhi\u1ec1u t\u00f9y ch\u1ecdn kh\u1ed1i l\u01b0\u1ee3ng ph\u00f9 h\u1ee3p v\u1edbi s\u1edf th\u00edch v\u00e0 nhu c\u1ea7u c\u1ee7a b\u1ea1n.<\/p>\n<p>2. C\u01a1 s\u1edf d\u00e0y h\u01a1n \u0111\u1ec3 \u1ed5n \u0111\u1ecbnh: \u0110\u01b0\u1ee3c trang b\u1ecb \u0111\u00e1y d\u00e0y 0,5cm b\u1ec1n v\u1eefng, chai th\u1ee7y tinh n\u00e0y \u0111\u1ea3m b\u1ea3o r\u1eb1ng n\u01b0\u1edbc hoa ho\u1eb7c d\u1ea7u m\u00f9i h\u01b0\u01a1ng qu\u00fd b\u00e1u c\u1ee7a b\u1ea1n v\u1eabn an to\u00e0n t\u1ea1i ch\u1ed7, cung c\u1ea5p th\u00eam an to\u00e0n v\u00e0 \u1ed5n \u0111\u1ecbnh.<\/p>\n<p>3. X\u00e2y d\u1ef1ng th\u1ee7y tinh \u0111\u1ec3 b\u1ea3o t\u1ed3n m\u00f9i h\u01b0\u01a1ng t\u1ed1i \u01b0u: \u0110\u01b0\u1ee3c ch\u1ebf t\u1ea1o t\u1eeb th\u1ee7y tinh ch\u1ea5t l\u01b0\u1ee3ng cao, chai n\u01b0\u1edbc hoa sang tr\u1ecdng n\u00e0y b\u1ea3o v\u1ec7 m\u00f9i h\u01b0\u01a1ng y\u00eau th\u00edch c\u1ee7a b\u1ea1n, ng\u0103n ch\u1eb7n r\u00f2 r\u1ec9 v\u00e0 duy tr\u00ec m\u00f9i h\u01b0\u01a1ng ch\u00e2n th\u1ef1c, x\u00e1c th\u1ef1c c\u1ee7a ch\u00fang.<\/p>\n<p>4. Thi\u1ebft k\u1ebf h\u00ecnh tr\u00f2n thanh l\u1ecbch: H\u00ecnh d\u1ea1ng tr\u00f2n phong c\u00e1ch c\u1ee7a chai th\u1ee7y tinh n\u00e0y th\u00eam m\u1ed9t ch\u00fat tinh t\u1ebf cho b\u1ea5t k\u1ef3 b\u00e0n \u0103n m\u1eb7c ho\u1eb7c b\u00e0n \u0103n m\u1eb7c n\u00e0o, l\u00e0m cho n\u00f3 tr\u1edf th\u00e0nh m\u00f3n qu\u00e0 ho\u00e0n h\u1ea3o cho ch\u00ednh b\u1ea1n ho\u1eb7c ng\u01b0\u1eddi th\u00e2n.<\/p>\n<p>5. S\u1eed d\u1ee5ng linh ho\u1ea1t cho c\u00e1c s\u1ea3n ph\u1ea9m m\u00f9i th\u01a1m kh\u00e1c nhau: L\u00fd t\u01b0\u1edfng cho vi\u1ec7c s\u1eed d\u1ee5ng trong c\u1ea3 thi\u1ebft l\u1eadp c\u00e1 nh\u00e2n v\u00e0 chuy\u00ean nghi\u1ec7p, chai th\u1ee7y tinh n\u00e0y t\u01b0\u01a1ng th\u00edch v\u1edbi c\u00e1c s\u1ea3n ph\u1ea9m m\u1ef9 ph\u1ea9m kh\u00e1c nh\u01b0 tinh d\u1ea7u, m\u00f9i th\u01a1m ph\u00f2ng ho\u1eb7c phun c\u01a1 th\u1ec3, m\u1edf r\u1ed9ng t\u00ednh linh ho\u1ea1t v\u00e0 t\u00ednh th\u1ef1c t\u1ebf c\u1ee7a n\u00f3.<\/p>\n<p>6. B\u1ed9 khu\u1ebfch t\u00e1n c\u00e1t cao c\u1ea5p kh\u00f4ng bao g\u1ed3m: Trong khi chai n\u00e0y kh\u00f4ng&#8217; t bao g\u1ed3m m\u1ed9t b\u1ed9 khu\u1ebfch t\u00e1n s\u01b0\u1edfi, it&#8217; s t\u01b0\u01a1ng th\u00edch v\u1edbi m\u1ed9t, cung c\u1ea5p m\u1ed9t tr\u1ea3i nghi\u1ec7m m\u00f9i h\u01b0\u01a1ng t\u00f9y ch\u1ec9nh c\u00f3 th\u1ec3 \u0111\u01b0\u1ee3c \u0111i\u1ec1u ch\u1ec9nh theo s\u1edf th\u00edch c\u1ee7a b\u1ea1n.<\/p>\n<p>7. th\u00e2n thi\u1ec7n v\u1edbi m\u00f4i tr\u01b0\u1eddng: X\u00e2y d\u1ef1ng th\u1ee7y tinh c\u1ee7a chai n\u00e0y l\u00e0m cho n\u00f3 tr\u1edf th\u00e0nh m\u1ed9t l\u1ef1a ch\u1ecdn th\u00e2n thi\u1ec7n v\u1edbi m\u00f4i tr\u01b0\u1eddng h\u01a1n so v\u1edbi c\u00e1c l\u1ef1a ch\u1ecdn thay th\u1ebf nh\u1ef1a, th\u00fac \u0111\u1ea9y s\u1ef1 b\u1ec1n v\u1eefng v\u00e0 gi\u1ea3m ch\u1ea5t th\u1ea3i.<\/p>\n<p>8. V\u1eadt li\u1ec7u th\u1ee7y tinh b\u1ec1n: V\u1eadt li\u1ec7u c\u01a1 s\u1edf v\u1eefng ch\u1eafc \u0111\u1ea3m b\u1ea3o chai th\u1ee7y tinh c\u00f3 th\u1ec3 ch\u1ecbu \u0111\u01b0\u1ee3c s\u1eed d\u1ee5ng th\u01b0\u1eddng xuy\u00ean, cung c\u1ea5p m\u1ed9t ph\u1ee5 ki\u1ec7n l\u00e2u d\u00e0i cho n\u01b0\u1edbc hoa, tinh d\u1ea7u v\u00e0 c\u00e1c s\u1ea3n ph\u1ea9m m\u00f9i th\u01a1m kh\u00e1c.<\/p>\n<p>9. Nhi\u1ec1u t\u00f9y ch\u1ecdn in b\u1ec1 m\u1eb7t: Ch\u1ecdn t\u1eeb m\u1ed9t lo\u1ea1t c\u00e1c k\u1ef9 thu\u1eadt in b\u1ec1 m\u1eb7t, bao g\u1ed3m \u0111\u00f3ng b\u0103ng, nh\u00e3n, in m\u00e0n h\u00ecnh l\u1ee5a, in truy\u1ec1n nhi\u1ec7t v\u00e0 d\u1eadp n\u00f3ng, \u0111\u1ec3 t\u00f9y ch\u1ec9nh chai c\u1ee7a b\u1ea1n v\u00e0 l\u00e0m cho n\u00f3 th\u1ef1c s\u1ef1 \u0111\u1ed9c \u0111\u00e1o.<\/p>\n<p>10. S\u1ea3n ph\u1ea9m c\u00f3 ngu\u1ed3n g\u1ed1c t\u1eeb Trung Qu\u1ed1c: S\u1ea3n xu\u1ea5t chai th\u1ee7y tinh ch\u1ea5t l\u01b0\u1ee3ng cao t\u1ea1i \u0111\u1ecba ph\u01b0\u01a1ng, s\u1ea3n ph\u1ea9m n\u00e0y \u0111i k\u00e8m v\u1edbi s\u1ef1 \u0111\u1ea3m b\u1ea3o ch\u1ea5t l\u01b0\u1ee3ng v\u00e0 th\u1ee7 c\u00f4ng c\u00f3 ngu\u1ed3n g\u1ed1c t\u1eeb h\u00e0ng th\u1ebf k\u1ef7 chuy\u00ean m\u00f4n.<\/p>\n<p><img loading=\"lazy\" decoding=\"async\" class=\"alignnone size-full wp-image-1347\" src=\"https:\/\/www.cosmepak.com\/wp-content\/uploads\/2024\/12\/\u9996\u987519202_03.jpg\" alt=\"nh\u00e0 m\u00e1y hi\u1ec3n th\u1ecb\" width=\"1920\" height=\"885\" srcset=\"https:\/\/www.cosmepak.com\/wp-content\/uploads\/2024\/12\/\u9996\u987519202_03.jpg 1920w, https:\/\/www.cosmepak.com\/wp-content\/uploads\/2024\/12\/\u9996\u987519202_03-300x138.jpg 300w, https:\/\/www.cosmepak.com\/wp-content\/uploads\/2024\/12\/\u9996\u987519202_03-1024x472.jpg 1024w, https:\/\/www.cosmepak.com\/wp-content\/uploads\/2024\/12\/\u9996\u987519202_03-768x354.jpg 768w, https:\/\/www.cosmepak.com\/wp-content\/uploads\/2024\/12\/\u9996\u987519202_03-1536x708.jpg 1536w, https:\/\/www.cosmepak.com\/wp-content\/uploads\/2024\/12\/\u9996\u987519202_03-600x277.jpg 600w\" sizes=\"(max-width: 1920px) 100vw, 1920px\" \/><\/p>\n<p>C\u00f4ng ty c\u1ee7a ch\u00fang t\u00f4i chuy\u00ean s\u1ea3n xu\u1ea5t bao b\u00ec m\u1ef9 ph\u1ea9m trong h\u01a1n 10 n\u0103m, B\u00e2y gi\u1edd ch\u00fang t\u00f4i c\u00f3 1 nh\u00e0 m\u00e1y cho bao b\u00ec m\u1ef9 ph\u1ea9m th\u1ee7y tinh, c\u00f4ng su\u1ea5t c\u00f3 th\u1ec3 l\u00e0 200.000pcs \/ ng\u00e0y; 1 nh\u00e0 m\u00e1y cho bao b\u00ec m\u1ef9 ph\u1ea9m nh\u1ef1a, c\u00f4ng su\u1ea5t c\u00f3 th\u1ec3 l\u00e0 50.000pcs \/ ng\u00e0y;<br \/>\nCh\u00fang t\u00f4i \u0111\u00e3 v\u01b0\u1ee3t qua ch\u1ee9ng nh\u1eadn ISO9000 \/ 14000, c\u00f3 th\u1ec3 cung c\u1ea5p SGS v\u00e0 MSDS. Ch\u00fang t\u00f4i theo nguy\u00ean t\u1eafc trung th\u1ef1c v\u1edbi m\u1ecdi kh\u00e1ch h\u00e0ng.<br \/>\nCh\u00e0o m\u1eebng b\u1ea1n \u0111\u00e3 h\u1ee3p t\u00e1c!<\/p>\n<p><img loading=\"lazy\" decoding=\"async\" class=\"alignnone size-full wp-image-1348\" src=\"https:\/\/www.cosmepak.com\/wp-content\/uploads\/2024\/12\/\u9996\u987519202_04.jpg\" alt=\"\" width=\"1920\" height=\"694\" srcset=\"https:\/\/www.cosmepak.com\/wp-content\/uploads\/2024\/12\/\u9996\u987519202_04.jpg 1920w, https:\/\/www.cosmepak.com\/wp-content\/uploads\/2024\/12\/\u9996\u987519202_04-300x108.jpg 300w, https:\/\/www.cosmepak.com\/wp-content\/uploads\/2024\/12\/\u9996\u987519202_04-1024x370.jpg 1024w, https:\/\/www.cosmepak.com\/wp-content\/uploads\/2024\/12\/\u9996\u987519202_04-768x278.jpg 768w, https:\/\/www.cosmepak.com\/wp-content\/uploads\/2024\/12\/\u9996\u987519202_04-1536x555.jpg 1536w, https:\/\/www.cosmepak.com\/wp-content\/uploads\/2024\/12\/\u9996\u987519202_04-600x217.jpg 600w\" sizes=\"(max-width: 1920px) 100vw, 1920px\" \/><img loading=\"lazy\" decoding=\"async\" class=\"alignnone size-full wp-image-1350\" src=\"https:\/\/www.cosmepak.com\/wp-content\/uploads\/2024\/12\/\u9996\u987519202_05-1.jpg\" alt=\"\" width=\"1920\" height=\"970\" srcset=\"https:\/\/www.cosmepak.com\/wp-content\/uploads\/2024\/12\/\u9996\u987519202_05-1.jpg 1920w, https:\/\/www.cosmepak.com\/wp-content\/uploads\/2024\/12\/\u9996\u987519202_05-1-300x152.jpg 300w, https:\/\/www.cosmepak.com\/wp-content\/uploads\/2024\/12\/\u9996\u987519202_05-1-1024x517.jpg 1024w, https:\/\/www.cosmepak.com\/wp-content\/uploads\/2024\/12\/\u9996\u987519202_05-1-768x388.jpg 768w, https:\/\/www.cosmepak.com\/wp-content\/uploads\/2024\/12\/\u9996\u987519202_05-1-1536x776.jpg 1536w, https:\/\/www.cosmepak.com\/wp-content\/uploads\/2024\/12\/\u9996\u987519202_05-1-600x303.jpg 600w\" sizes=\"(max-width: 1920px) 100vw, 1920px\" \/><img loading=\"lazy\" decoding=\"async\" class=\"alignnone wp-image-1351\" src=\"https:\/\/www.cosmepak.com\/wp-content\/uploads\/2024\/12\/\u7269\u6d41\u8fd0\u8f93\u753b\u9762-2.jpg\" alt=\"\" width=\"1385\" height=\"1039\" srcset=\"https:\/\/www.cosmepak.com\/wp-content\/uploads\/2024\/12\/\u7269\u6d41\u8fd0\u8f93\u753b\u9762-2.jpg 800w, https:\/\/www.cosmepak.com\/wp-content\/uploads\/2024\/12\/\u7269\u6d41\u8fd0\u8f93\u753b\u9762-2-300x225.jpg 300w, https:\/\/www.cosmepak.com\/wp-content\/uploads\/2024\/12\/\u7269\u6d41\u8fd0\u8f93\u753b\u9762-2-768x576.jpg 768w, https:\/\/www.cosmepak.com\/wp-content\/uploads\/2024\/12\/\u7269\u6d41\u8fd0\u8f93\u753b\u9762-2-600x450.jpg 600w\" sizes=\"(max-width: 1385px) 100vw, 1385px\" \/><\/p>\n<table style=\"border-collapse: collapse; width: 100%;\">\n<tbody>\n<tr>\n<td style=\"width: 33.3333%; text-align: center;\"><strong>Th\u1ec3 hi\u1ec7n<\/strong><\/td>\n<td style=\"width: 33.3333%; text-align: center;\"><strong>V\u1eadn chuy\u1ec3n h\u00e0ng kh\u00f4ng<\/strong><\/td>\n<td style=\"width: 33.3333%; text-align: center;\"><strong>V\u1eadn chuy\u1ec3n bi\u1ec3n<\/strong><\/td>\n<\/tr>\n<tr>\n<td style=\"width: 33.3333%; text-align: center;\">Europ 4-6 ng\u00e0y<\/p>\n<p>B\u1eafc M\u1ef9 4-6 ng\u00e0y<\/p>\n<p>\u0110\u00f4ng Nam \u00c1 3-5 ng\u00e0y<\/p>\n<p>Trung \u0110\u00f4ng 4-6 ng\u00e0y<\/p>\n<p>Nam Phi 5-8 ng\u00e0y<\/td>\n<td style=\"width: 33.3333%; text-align: center;\">Europ 4-6 ng\u00e0y<\/p>\n<p>B\u1eafc M\u1ef9 4-6 ng\u00e0y<\/p>\n<p>\u0110\u00f4ng Nam \u00c1 3-5 ng\u00e0y<\/p>\n<p>Trung \u0110\u00f4ng 4-6 ng\u00e0y<\/p>\n<p>Nam Phi 5-8 ng\u00e0y<\/td>\n<td style=\"width: 33.3333%; text-align: center;\">Europ 25-35 ng\u00e0y<\/p>\n<p>B\u1eafc M\u1ef9 25-35 ng\u00e0y<\/p>\n<p>\u0110\u00f4ng Nam \u00c1 25-35 ng\u00e0y<\/p>\n<p>Trung \u0110\u00f4ng 25-35 ng\u00e0y<\/p>\n<p>Nam Phi 25-35 ng\u00e0y<\/td>\n<\/tr>\n<\/tbody>\n<\/table>\n<h3 id=\"faq\" class=\"ai-center-markdown-h3\" data-spm-anchor-id=\"a2700.29482153.0.i6.84e671d2THUzZL\">C\u00e2u h\u1ecfi th\u01b0\u1eddng g\u1eb7p<\/h3>\n<h4 id=\"1-why-should-you-buy-from-us-instead-of-other-suppliers\" class=\"ai-center-markdown-h4\">1. T\u1ea1i sao b\u1ea1n n\u00ean mua t\u1eeb ch\u00fang t\u00f4i thay v\u00ec c\u00e1c nh\u00e0 cung c\u1ea5p kh\u00e1c?<\/h4>\n<ol class=\"ai-center-markdown-ol\" start=\"1\">\n<li class=\"ai-center-markdown-li\">Thi\u1ebft k\u1ebf t\u00f9y ch\u1ec9nh s\u1eb5n s\u00e0ng ch\u1ec9 trong 3 ph\u00fat.<\/li>\n<li class=\"ai-center-markdown-li\">D\u1ecbch v\u1ee5 kh\u00e1ch h\u00e0ng tr\u1ef1c tuy\u1ebfn 24\/7.<\/li>\n<li class=\"ai-center-markdown-li\">M\u1eabu c\u1ed5 phi\u1ebfu c\u00f3 s\u1eb5n trong 7 ng\u00e0y; m\u1eabu in t\u00f9y ch\u1ec9nh trong 15 ng\u00e0y.<\/li>\n<li class=\"ai-center-markdown-li\">35 ng\u00e0y d\u1eabn th\u1eddi gian s\u1ea3n xu\u1ea5t.<\/li>\n<li class=\"ai-center-markdown-li\">H\u01a1n 10 n\u0103m chuy\u00ean m\u00f4n nh\u01b0 m\u1ed9t nh\u00e0 m\u00e1y \u0111\u00f3ng g\u00f3i m\u1ef9 ph\u1ea9m chuy\u00ean nghi\u1ec7p.<\/li>\n<li class=\"ai-center-markdown-li\">B\u00e1n h\u00e0ng tr\u1ef1c ti\u1ebfp nh\u00e0 m\u00e1y \u0111\u1ea3m b\u1ea3o gi\u00e1 v\u00e0 d\u1ecbch v\u1ee5 t\u1ed1t nh\u1ea5t.<\/li>\n<li class=\"ai-center-markdown-li\">Gi\u1ea3i ph\u00e1p m\u1ed9t c\u1eeda cho t\u1ea5t c\u1ea3 nhu c\u1ea7u \u0111\u00f3ng g\u00f3i m\u1ef9 ph\u1ea9m.<\/li>\n<\/ol>\n<h4 id=\"2-who-are-we\" class=\"ai-center-markdown-h4\">2. Ch\u00fang t\u00f4i l\u00e0 ai?<\/h4>\n<p class=\"ai-center-markdown-p\">Ch\u00fang t\u00f4i l\u00e0 m\u1ed9t c\u00f4ng ty c\u00f3 tr\u1ee5 s\u1edf t\u1ea1i Trung Qu\u1ed1c \u0111\u01b0\u1ee3c th\u00e0nh l\u1eadp v\u00e0o n\u0103m 2014. Ch\u00fang t\u00f4i b\u00e1n ch\u1ee7 y\u1ebfu cho th\u1ecb tr\u01b0\u1eddng n\u1ed9i \u0111\u1ecba (70,00%), v\u1edbi c\u00e1c th\u1ecb tr\u01b0\u1eddng b\u1ed5 sung bao g\u1ed3m Ch\u00e2u \u0110\u1ea1i D\u01b0\u01a1ng (8,00%), Trung \u0110\u00f4ng (7,00%), \u0110\u00f4ng \u00c1 (2,00%), B\u1eafc M\u1ef9 (2,00%), T\u00e2y \u00c2u (2,00%), \u0110\u00f4ng Nam \u00c1 (2,00%), Nam \u00c1 (1,00%), Nam M\u1ef9 (1,00%), Nam \u00c2u (1,00%), Trung M\u1ef9 (1,00%), B\u1eafc \u00c2u (1,00%), Ch\u00e2u Phi (1,00%) v\u00e0 \u0110\u00f4ng \u00c2u (1,00%).<\/p>\n<h4 id=\"3-how-can-we-guarantee-quality\" class=\"ai-center-markdown-h4\">3. L\u00e0m th\u1ebf n\u00e0o ch\u00fang t\u00f4i c\u00f3 th\u1ec3 \u0111\u1ea3m b\u1ea3o ch\u1ea5t l\u01b0\u1ee3ng?<\/h4>\n<ul class=\"ai-center-markdown-ul\">\n<li class=\"ai-center-markdown-li\">Lu\u00f4n cung c\u1ea5p m\u1ed9t m\u1eabu s\u1ea3n xu\u1ea5t tr\u01b0\u1edbc khi s\u1ea3n xu\u1ea5t h\u00e0ng lo\u1ea1t.<\/li>\n<li class=\"ai-center-markdown-li\">Th\u1ef1c hi\u1ec7n ki\u1ec3m tra cu\u1ed1i c\u00f9ng tr\u01b0\u1edbc khi v\u1eadn chuy\u1ec3n.<\/li>\n<\/ul>\n<h4 id=\"4-what-can-you-buy-from-us\" class=\"ai-center-markdown-h4\">4. B\u1ea1n c\u00f3 th\u1ec3 mua g\u00ec t\u1eeb ch\u00fang t\u00f4i?<\/h4>\n<ul class=\"ai-center-markdown-ul\">\n<li class=\"ai-center-markdown-li\">Chai th\u1ee7y tinh<\/li>\n<li class=\"ai-center-markdown-li\">Chai nh\u1ef1a \/ l\u1ecd \/ \u1ed1ng<\/li>\n<li class=\"ai-center-markdown-li\">Chai nh\u00f4m \/ l\u1ecd \/ \u1ed1ng<\/li>\n<li class=\"ai-center-markdown-li\">V\u1eadt li\u1ec7u \u0111\u00f3ng g\u00f3i m\u1ef9 ph\u1ea9m kh\u00e1c nhau<\/li>\n<\/ul>\n<h4 id=\"5-what-services-can-we-provide\" class=\"ai-center-markdown-h4\">5. Ch\u00fang t\u00f4i c\u00f3 th\u1ec3 cung c\u1ea5p d\u1ecbch v\u1ee5 g\u00ec?<\/h4>\n<ul class=\"ai-center-markdown-ul\">\n<li class=\"ai-center-markdown-li\"><strong class=\"ai-center-markdown-strong\">\u0110i\u1ec1u kho\u1ea3n giao h\u00e0ng \u0111\u01b0\u1ee3c ch\u1ea5p nh\u1eadn:<\/strong>\u00a0FOB, CFR, CIF<\/li>\n<li class=\"ai-center-markdown-li\"><strong class=\"ai-center-markdown-strong\">Ti\u1ec1n t\u1ec7 thanh to\u00e1n \u0111\u01b0\u1ee3c ch\u1ea5p nh\u1eadn:<\/strong>\u00a0USD, EUR, HKD, CNY<\/li>\n<li class=\"ai-center-markdown-li\"><strong class=\"ai-center-markdown-strong\">Lo\u1ea1i thanh to\u00e1n \u0111\u01b0\u1ee3c ch\u1ea5p nh\u1eadn:<\/strong>\u00a0T \/ T, L \/ C, D \/ P, D \/ A<\/li>\n<li class=\"ai-center-markdown-li\"><strong class=\"ai-center-markdown-strong\">Ng\u00f4n ng\u1eef n\u00f3i:<\/strong>\u00a0Ti\u1ebfng Anh, Trung Qu\u1ed1c<\/li>\n<\/ul>\n<p>&nbsp;<\/p>","protected":false},"excerpt":{"rendered":"<p>V\u1eadt li\u1ec7u chai: th\u1ee7y tinh<\/p>\n<p>Capacity: 30ml \/ 50ml \/ 100ml<\/p>\n<p>M\u00e0u s\u1eafc: ch\u1ea5p nh\u1eadn t\u00f9y ch\u1ec9nh<\/p>\n<p>K\u1ebft th\u00fac b\u1ec1 m\u1eb7t: In m\u00e0n h\u00ecnh, \u0111\u00f3ng b\u0103ng, d\u1eadp n\u00f3ng, d\u1ed1c phun, k\u1ebft th\u00fac m\u1edd, v.v. \u0111\u1ec3 l\u1ef1a ch\u1ecdn.<\/p>\n<p>MOQ: 5000pcs;<\/p>\n<p>&nbsp;<\/p>","protected":false},"featured_media":3003,"comment_status":"closed","ping_status":"closed","template":"","meta":{"_acf_changed":false},"product_brand":[],"product_cat":[17],"product_tag":[],"class_list":{"0":"post-2998","1":"product","2":"type-product","3":"status-publish","4":"has-post-thumbnail","6":"product_cat-perfume-bottle","8":"first","9":"instock","10":"shipping-taxable","11":"product-type-simple"},"acf":[],"_links":{"self":[{"href":"https:\/\/www.cosmepak.com\/vi\/wp-json\/wp\/v2\/product\/2998","targetHints":{"allow":["GET"]}}],"collection":[{"href":"https:\/\/www.cosmepak.com\/vi\/wp-json\/wp\/v2\/product"}],"about":[{"href":"https:\/\/www.cosmepak.com\/vi\/wp-json\/wp\/v2\/types\/product"}],"replies":[{"embeddable":true,"href":"https:\/\/www.cosmepak.com\/vi\/wp-json\/wp\/v2\/comments?post=2998"}],"wp:featuredmedia":[{"embeddable":true,"href":"https:\/\/www.cosmepak.com\/vi\/wp-json\/wp\/v2\/media\/3003"}],"wp:attachment":[{"href":"https:\/\/www.cosmepak.com\/vi\/wp-json\/wp\/v2\/media?parent=2998"}],"wp:term":[{"taxonomy":"product_brand","embeddable":true,"href":"https:\/\/www.cosmepak.com\/vi\/wp-json\/wp\/v2\/product_brand?post=2998"},{"taxonomy":"product_cat","embeddable":true,"href":"https:\/\/www.cosmepak.com\/vi\/wp-json\/wp\/v2\/product_cat?post=2998"},{"taxonomy":"product_tag","embeddable":true,"href":"https:\/\/www.cosmepak.com\/vi\/wp-json\/wp\/v2\/product_tag?post=2998"}],"curies":[{"name":"WP","href":"https:\/\/api.w.org\/{rel}","templated":true}]}}