{"id":3580,"date":"2025-12-04T16:43:06","date_gmt":"2025-12-04T08:43:06","guid":{"rendered":"https:\/\/www.cosmepak.com\/?post_type=product&#038;p=3580"},"modified":"2026-04-29T13:55:05","modified_gmt":"2026-04-29T05:55:05","slug":"60ml-75ml-90ml-pe-eco-friendly-square-fine-mist-pump-bottle-double-square-full-cover-screw-cap","status":"publish","type":"product","link":"https:\/\/www.cosmepak.com\/vi\/product\/60ml-75ml-90ml-pe-eco-friendly-square-fine-mist-pump-bottle-double-square-full-cover-screw-cap\/","title":{"rendered":"60ml 75ml 90ml PE th\u00e2n thi\u1ec7n v\u1edbi m\u00f4i tr\u01b0\u1eddng vu\u00f4ng m\u1ecbn s\u01b0\u01a1ng m\u00f9 b\u01a1m chai \u0111\u00f4i vu\u00f4ng \u0111\u1ea7y \u0111\u1ee7 n\u1eafp v\u00edt"},"content":{"rendered":"<table style=\"border-collapse: collapse; width: 100%; height: 168px;\">\n<tbody>\n<tr style=\"height: 24px;\">\n<td style=\"width: 33.3333%; height: 168px;\" rowspan=\"5\"><img fetchpriority=\"high\" decoding=\"async\" class=\"alignnone size-full wp-image-3588\" src=\"https:\/\/www.cosmepak.com\/wp-content\/uploads\/2025\/12\/\u4e3b\u56fe-5-1.jpg\" alt=\"\" width=\"800\" height=\"800\" srcset=\"https:\/\/www.cosmepak.com\/wp-content\/uploads\/2025\/12\/\u4e3b\u56fe-5-1.jpg 800w, https:\/\/www.cosmepak.com\/wp-content\/uploads\/2025\/12\/\u4e3b\u56fe-5-1-300x300.jpg 300w, https:\/\/www.cosmepak.com\/wp-content\/uploads\/2025\/12\/\u4e3b\u56fe-5-1-150x150.jpg 150w, https:\/\/www.cosmepak.com\/wp-content\/uploads\/2025\/12\/\u4e3b\u56fe-5-1-768x768.jpg 768w, https:\/\/www.cosmepak.com\/wp-content\/uploads\/2025\/12\/\u4e3b\u56fe-5-1-12x12.jpg 12w, https:\/\/www.cosmepak.com\/wp-content\/uploads\/2025\/12\/\u4e3b\u56fe-5-1-600x600.jpg 600w, https:\/\/www.cosmepak.com\/wp-content\/uploads\/2025\/12\/\u4e3b\u56fe-5-1-100x100.jpg 100w\" sizes=\"(max-width: 800px) 100vw, 800px\" \/><\/td>\n<td style=\"width: 33.122%; height: 24px; text-align: center;\">Th\u01b0\u01a1ng hi\u1ec7u<\/td>\n<td style=\"width: 33.5446%; height: 24px; text-align: center;\">Jaunce<\/td>\n<\/tr>\n<tr style=\"height: 24px;\">\n<td style=\"width: 33.122%; height: 24px; text-align: center;\">Ng\u01b0\u1eddi m\u1eabu<\/td>\n<td style=\"width: 33.5446%; height: 24px; text-align: center;\">S\u1ea3n ph\u1ea9m JH-LW9503<\/td>\n<\/tr>\n<tr style=\"height: 24px;\">\n<td style=\"width: 33.122%; height: 24px; text-align: center;\">Kh\u1ea3 n\u0103ng<\/td>\n<td style=\"width: 33.5446%; height: 24px; text-align: center;\">60ml \/ 75ml \/ 90ml<\/td>\n<\/tr>\n<tr style=\"height: 24px;\">\n<td style=\"width: 33.122%; height: 24px; text-align: center;\">M\u00e0u s\u1eafc<\/td>\n<td style=\"width: 33.5446%; height: 24px; text-align: center;\">t\u00f9y ch\u1ec9nh<\/td>\n<\/tr>\n<tr style=\"height: 24px;\">\n<td style=\"width: 33.122%; height: 24px; text-align: center;\">V\u1eadt li\u1ec7u chai<\/td>\n<td style=\"width: 33.5446%; height: 24px; text-align: center;\">Th\u1ec3 d\u1ee5c<\/td>\n<\/tr>\n<\/tbody>\n<\/table>\n<table style=\"border-collapse: collapse; width: 100%; height: 96px;\">\n<tbody>\n<tr style=\"height: 24px;\">\n<td style=\"width: 16.6667%; text-align: center; height: 24px;\"><strong>Dung t\u00edch<\/strong><\/td>\n<td style=\"width: 16.6667%; text-align: center; height: 24px;\"><strong>T\u1ed5ng chi\u1ec1u cao<\/strong><\/td>\n<td style=\"width: 16.6667%; text-align: center; height: 24px;\"><strong>Chai chi\u1ec1u cao<\/strong><\/td>\n<td style=\"width: 16.6667%; text-align: center; height: 24px;\"><strong>Chi\u1ec1u cao c\u00f3 th\u1ec3 in<\/strong><\/td>\n<td style=\"width: 16.6667%; text-align: center; height: 24px;\"><strong>\u0110\u01b0\u1eddng k\u00ednh d\u01b0\u1edbi c\u00f9ng<\/strong><\/td>\n<td style=\"width: 16.6667%; text-align: center; height: 24px;\"><strong>C\u00e2n n\u1eb7ng<\/strong><\/td>\n<\/tr>\n<tr style=\"height: 24px;\">\n<td style=\"width: 16.6667%; text-align: center; height: 24px;\">60ml<\/td>\n<td style=\"width: 16.6667%; text-align: center; height: 24px;\">117mm<\/td>\n<td style=\"width: 16.6667%; text-align: center; height: 24px;\">90mm<\/td>\n<td style=\"width: 16.6667%; text-align: center; height: 24px;\">56mm<\/td>\n<td style=\"width: 16.6667%; text-align: center; height: 24px;\">31 * 33mm<\/td>\n<td style=\"width: 16.6667%; text-align: center; height: 24px;\">11 g<\/td>\n<\/tr>\n<tr style=\"height: 24px;\">\n<td style=\"width: 16.6667%; text-align: center; height: 24px;\">S\u1ed1 l\u01b0\u1ee3ng: 75ml<\/td>\n<td style=\"width: 16.6667%; text-align: center; height: 24px;\">134mm<\/td>\n<td style=\"width: 16.6667%; text-align: center; height: 24px;\">107mm<\/td>\n<td style=\"width: 16.6667%; text-align: center; height: 24px;\">73mm<\/td>\n<td style=\"width: 16.6667%; text-align: center; height: 24px;\">31 * 33mm<\/td>\n<td style=\"width: 16.6667%; text-align: center; height: 24px;\">12g<\/td>\n<\/tr>\n<tr style=\"height: 24px;\">\n<td style=\"width: 16.6667%; text-align: center; height: 24px;\">90ml<\/td>\n<td style=\"width: 16.6667%; text-align: center; height: 24px;\">150mm<\/td>\n<td style=\"width: 16.6667%; text-align: center; height: 24px;\">126mm<\/td>\n<td style=\"width: 16.6667%; text-align: center; height: 24px;\">90mm<\/td>\n<td style=\"width: 16.6667%; text-align: center; height: 24px;\">31 * 33mm<\/td>\n<td style=\"width: 16.6667%; text-align: center; height: 24px;\">16 g<\/td>\n<\/tr>\n<\/tbody>\n<\/table>\n<p>The JH-LW9503 series designed by Jaunce is a type of spray bottle. The body of this series is made of PE material. As is well known, PE has obvious advantages over PP. It performs exceptionally well in low-temperature conditions, and is excellent in terms of flexibility, extensibility, water resistance and moisture-proofing. It also has low cost and is safe and free from the five hazards. It is widely used in packaging for cosmetics and skincare products. The simple white design has smooth and flowing lines &#8211; its simple appearance makes it highly suitable for use in skincare, facial sprays or cosmetic products, and is in perfect harmony with the modern brand style. This aerosol bottle is available in three capacities: 60 ml, 75 ml and 90 ml. The body is covered with matte and dull surface treatment, giving a smooth and gentle touch. It matches the square PP bottle cap of the same color, and can precisely cover the small white PP spray pump at the top.<\/p>\n<p><strong>K\u00edch th\u01b0\u1edbc (theo c\u00f4ng su\u1ea5t)<\/strong>:<\/p>\n<p>60ML: T\u1ed5ng chi\u1ec1u cao 117MM (chi\u1ec1u cao chai 90MM; di\u1ec7n t\u00edch c\u00f3 th\u1ec3 in 56MM)<\/p>\n<p>75ML: T\u1ed5ng chi\u1ec1u cao 134MM (chi\u1ec1u cao chai 107MM; di\u1ec7n t\u00edch c\u00f3 th\u1ec3 in 73MM)<\/p>\n<p>90ML: T\u1ed5ng chi\u1ec1u cao 152MM (chi\u1ec1u cao chai 126MM; di\u1ec7n t\u00edch c\u00f3 th\u1ec3 in 90MM)<\/p>\n<p>60ml and 75ml small-sized bottles are convenient to carry. They are commonly used for travel packaging, hotel room lines, and as gift boxes. While the 90ml capacity is suitable for daily personal use.<\/p>\n<p><strong>V\u1eadt li\u1ec7u<\/strong>: PE (th\u00e2n chai), PP (b\u01a1m s\u01b0\u01a1ng m\u00f9 &amp; amp; n\u1eafp)<\/p>\n<p>The square PE bottle body is paired with a PP pump head and a square PP outer cover. The overall effect is simple and elegant. The mist pump discharges a fine and uniform liquid without causing any waste.<\/p>\n<p><strong>Tr\u1ecdng l\u01b0\u1ee3ng (ch\u1ec9 c\u00f3 th\u00e2n chai)<\/strong>: 11g (60ML) \/ 12g (75ML) \/ 16g (90ML)<\/p>\n<p>N\u1eafp chai l\u00e0m b\u1eb1ng v\u1eadt li\u1ec7u PP, c\u00f9ng v\u1edbi m\u00e1y b\u01a1m phun v\u00e0 th\u00e2n chai PE, l\u00e0 t\u1ea5t c\u1ea3 c\u00e1c v\u1eadt li\u1ec7u an to\u00e0n cho bao b\u00ec m\u1ef9 ph\u1ea9m. Ch\u00fang ph\u00f9 h\u1ee3p \u0111\u1ec3 l\u01b0u tr\u1eef n\u01b0\u1edbc trang \u0111i\u1ec3m, phun thi\u1ebft l\u1eadp v\u00e0 phun kem d\u01b0\u1ee1ng c\u01a1 th\u1ec3. S\u1ebd kh\u00f4ng c\u00f3 ph\u1ea3n \u1ee9ng v\u1edbi n\u1ed9i dung, v\u00e0 ngay c\u1ea3 da nh\u1ea1y c\u1ea3m c\u0169ng c\u00f3 th\u1ec3 s\u1eed d\u1ee5ng ch\u00fang v\u1edbi s\u1ef1 y\u00ean t\u00e2m.<\/p>\n<p><span data-slate-fragment=\"JTVCJTdCJTIydHlwZSUyMiUzQSUyMnBhcmFncmFwaCUyMiUyQyUyMmNoaWxkcmVuJTIyJTNBJTVCJTdCJTIyaWQlMjIlM0ElMjJLMTVNQm5va3d2JTIyJTJDJTIycGFyYUlkeCUyMiUzQTAlMkMlMjJzcmMlMjIlM0ElMjJXZSUyMHN1cHBvcnQlMjBicmFuZGluZyUyMHZpYSUyMHNpbGslMjBwcmludGluZyUyQyUyMGNvbG9yJTIwbWF0Y2hpbmclMkMlMjBvciUyMGxhYmVsJTIwYXBwbGljYXRpb24lMjAobm90ZSUzQSUyMHRoZSUyMHBoeXNpY2FsJTIwcHJvZHVjdCUyMGNvbWVzJTIwd2l0aG91dCUyMHByZS1wcmludGVkJTIwbG9nb3MlMkZsYWJlbHMlMjAlRTIlODAlOTQlMjBjb250YWN0JTIwY3VzdG9tZXIlMjBzZXJ2aWNlJTIwZm9yJTIwY3VzdG9tJTIwZGVzaWducykuJTIyJTJDJTIyZHN0JTIyJTNBJTIyJUU2JTg4JTkxJUU0JUJCJUFDJUU2JTk0JUFGJUU2JThDJTgxJUU5JTgwJTlBJUU4JUJGJTg3JUU0JUI4JTlEJUU3JUJEJTkxJUU1JThEJUIwJUU1JTg4JUI3JUUzJTgwJTgxJUU5JTg1JThEJUU4JTg5JUIyJUU2JTg4JTk2JUU2JUEwJTg3JUU3JUFEJUJFJUU1JUJBJTk0JUU3JTk0JUE4JUU4JUJGJTlCJUU4JUExJThDJUU1JTkzJTgxJUU3JTg5JThDJUU2JThFJUE4JUU1JUI5JUJGJUVGJUJDJTg4JUU2JUIzJUE4JUU2JTg0JThGJUVGJUJDJTlBJUU1JUFFJTlFJUU3JTg5JUE5JUU0JUJBJUE3JUU1JTkzJTgxJUU2JUIyJUExJUU2JTlDJTg5JUU5JUEyJTg0JUU1JTg1JTg4JUU1JThEJUIwJUU1JTg4JUI3JUU3JTlBJTg0JUU1JUJFJUJEJUU2JUEwJTg3JTJGJUU2JUEwJTg3JUU3JUFEJUJFJUUyJTgwJTk0JUUyJTgwJTk0JUU4JTgxJTk0JUU3JUIzJUJCJUU1JUFFJUEyJUU2JTg4JUI3JUU2JTlDJThEJUU1JThBJUExJUU5JTgzJUE4JUU4JUJGJTlCJUU4JUExJThDJUU1JUFFJTlBJUU1JTg4JUI2JUU4JUFFJUJFJUU4JUFFJUExJUVGJUJDJTg5JUUzJTgwJTgyJTIyJTJDJTIybWV0YWRhdGElMjIlM0ElMjIlMjIlMkMlMjJtYXRjaGVzJTIyJTNBbnVsbCUyQyUyMnRyYW5zbGF0ZWRCeSUyMiUzQW51bGwlMkMlMjJtZXRhRGF0YSUyMiUzQSU1QiU1RCUyQyUyMnRleHQlMjIlM0ElMjJXZSUyMHN1cHBvcnQlMjBicmFuZGluZyUyMHZpYSUyMHNpbGslMjBwcmludGluZyUyQyUyMGNvbG9yJTIwbWF0Y2hpbmclMkMlMjBvciUyMGxhYmVsJTIwYXBwbGljYXRpb24lMjAobm90ZSUzQSUyMHRoZSUyMHBoeXNpY2FsJTIwcHJvZHVjdCUyMGNvbWVzJTIwd2l0aG91dCUyMHByZS1wcmludGVkJTIwbG9nb3MlMkZsYWJlbHMlMjAlRTIlODAlOTQlMjBjb250YWN0JTIwY3VzdG9tZXIlMjBzZXJ2aWNlJTIwZm9yJTIwY3VzdG9tJTIwZGVzaWducykuJTIyJTdEJTVEJTdEJTVE\">Ch\u00fang t\u00f4i h\u1ed7 tr\u1ee3 th\u01b0\u01a1ng hi\u1ec7u th\u00f4ng qua in l\u1ee5a, ph\u00f9 h\u1ee3p m\u00e0u s\u1eafc ho\u1eb7c \u1ee9ng d\u1ee5ng nh\u00e3n (l\u01b0u \u00fd: s\u1ea3n ph\u1ea9m v\u1eadt l\u00fd kh\u00f4ng c\u00f3 logo \/ nh\u00e3n in s\u1eb5n - li\u00ean h\u1ec7 v\u1edbi ch\u00fang t\u00f4i \u0111\u1ec3 thi\u1ebft k\u1ebf t\u00f9y ch\u1ec9nh).<\/span><\/p>\n<p>Cho d\u00f9 n\u00f3&#8217; s ti\u00eam m\u00e0u s\u1eafc ho\u1eb7c m\u1ed9t phong c\u00e1ch v\u1edbi nh\u00e3n v\u0103n b\u1ea3n \u0111\u01a1n gi\u1ea3n, t\u1ea5t c\u1ea3 ch\u00fang mang theo m\u1ed9t kh\u00f4ng kh\u00ed c\u1ef1c k\u1ef3 t\u1ed1i thi\u1ec3u v\u00e0 tinh vi.<\/p>\n<p><img decoding=\"async\" class=\"size-full wp-image-3589 aligncenter\" src=\"https:\/\/www.cosmepak.com\/wp-content\/uploads\/2025\/12\/\u8be6\u60c5-4.jpg\" alt=\"\" width=\"1000\" height=\"1000\" srcset=\"https:\/\/www.cosmepak.com\/wp-content\/uploads\/2025\/12\/\u8be6\u60c5-4.jpg 1000w, https:\/\/www.cosmepak.com\/wp-content\/uploads\/2025\/12\/\u8be6\u60c5-4-300x300.jpg 300w, https:\/\/www.cosmepak.com\/wp-content\/uploads\/2025\/12\/\u8be6\u60c5-4-150x150.jpg 150w, https:\/\/www.cosmepak.com\/wp-content\/uploads\/2025\/12\/\u8be6\u60c5-4-768x768.jpg 768w, https:\/\/www.cosmepak.com\/wp-content\/uploads\/2025\/12\/\u8be6\u60c5-4-12x12.jpg 12w, https:\/\/www.cosmepak.com\/wp-content\/uploads\/2025\/12\/\u8be6\u60c5-4-600x600.jpg 600w, https:\/\/www.cosmepak.com\/wp-content\/uploads\/2025\/12\/\u8be6\u60c5-4-100x100.jpg 100w\" sizes=\"(max-width: 1000px) 100vw, 1000px\" \/><\/p>\n<table style=\"border-collapse: collapse; width: 100%;\">\n<tbody>\n<tr>\n<td style=\"width: 33.3333%;\"><img decoding=\"async\" class=\"alignnone size-full wp-image-3590\" src=\"https:\/\/www.cosmepak.com\/wp-content\/uploads\/2025\/12\/\u8be6\u60c5-6.jpg\" alt=\"\" width=\"1000\" height=\"1000\" srcset=\"https:\/\/www.cosmepak.com\/wp-content\/uploads\/2025\/12\/\u8be6\u60c5-6.jpg 1000w, https:\/\/www.cosmepak.com\/wp-content\/uploads\/2025\/12\/\u8be6\u60c5-6-300x300.jpg 300w, https:\/\/www.cosmepak.com\/wp-content\/uploads\/2025\/12\/\u8be6\u60c5-6-150x150.jpg 150w, https:\/\/www.cosmepak.com\/wp-content\/uploads\/2025\/12\/\u8be6\u60c5-6-768x768.jpg 768w, https:\/\/www.cosmepak.com\/wp-content\/uploads\/2025\/12\/\u8be6\u60c5-6-12x12.jpg 12w, https:\/\/www.cosmepak.com\/wp-content\/uploads\/2025\/12\/\u8be6\u60c5-6-600x600.jpg 600w, https:\/\/www.cosmepak.com\/wp-content\/uploads\/2025\/12\/\u8be6\u60c5-6-100x100.jpg 100w\" sizes=\"(max-width: 1000px) 100vw, 1000px\" \/><\/td>\n<td style=\"width: 33.3333%;\"><img loading=\"lazy\" decoding=\"async\" class=\"alignnone size-full wp-image-3591\" src=\"https:\/\/www.cosmepak.com\/wp-content\/uploads\/2025\/12\/\u8be6\u60c5-7.jpg\" alt=\"\" width=\"1000\" height=\"1000\" srcset=\"https:\/\/www.cosmepak.com\/wp-content\/uploads\/2025\/12\/\u8be6\u60c5-7.jpg 1000w, https:\/\/www.cosmepak.com\/wp-content\/uploads\/2025\/12\/\u8be6\u60c5-7-300x300.jpg 300w, https:\/\/www.cosmepak.com\/wp-content\/uploads\/2025\/12\/\u8be6\u60c5-7-150x150.jpg 150w, https:\/\/www.cosmepak.com\/wp-content\/uploads\/2025\/12\/\u8be6\u60c5-7-768x768.jpg 768w, https:\/\/www.cosmepak.com\/wp-content\/uploads\/2025\/12\/\u8be6\u60c5-7-12x12.jpg 12w, https:\/\/www.cosmepak.com\/wp-content\/uploads\/2025\/12\/\u8be6\u60c5-7-600x600.jpg 600w, https:\/\/www.cosmepak.com\/wp-content\/uploads\/2025\/12\/\u8be6\u60c5-7-100x100.jpg 100w\" sizes=\"(max-width: 1000px) 100vw, 1000px\" \/><\/td>\n<td style=\"width: 33.3333%;\"><img loading=\"lazy\" decoding=\"async\" class=\"alignnone size-full wp-image-3592\" src=\"https:\/\/www.cosmepak.com\/wp-content\/uploads\/2025\/12\/\u4e3b\u56fe-41.jpg\" alt=\"\" width=\"1000\" height=\"1000\" srcset=\"https:\/\/www.cosmepak.com\/wp-content\/uploads\/2025\/12\/\u4e3b\u56fe-41.jpg 1000w, https:\/\/www.cosmepak.com\/wp-content\/uploads\/2025\/12\/\u4e3b\u56fe-41-300x300.jpg 300w, https:\/\/www.cosmepak.com\/wp-content\/uploads\/2025\/12\/\u4e3b\u56fe-41-150x150.jpg 150w, https:\/\/www.cosmepak.com\/wp-content\/uploads\/2025\/12\/\u4e3b\u56fe-41-768x768.jpg 768w, https:\/\/www.cosmepak.com\/wp-content\/uploads\/2025\/12\/\u4e3b\u56fe-41-12x12.jpg 12w, https:\/\/www.cosmepak.com\/wp-content\/uploads\/2025\/12\/\u4e3b\u56fe-41-600x600.jpg 600w, https:\/\/www.cosmepak.com\/wp-content\/uploads\/2025\/12\/\u4e3b\u56fe-41-100x100.jpg 100w\" sizes=\"(max-width: 1000px) 100vw, 1000px\" \/><\/td>\n<\/tr>\n<\/tbody>\n<\/table>\n<table style=\"border-collapse: collapse; width: 100%;\">\n<tbody>\n<tr>\n<td style=\"width: 50%;\"><img loading=\"lazy\" decoding=\"async\" class=\"alignnone size-full wp-image-3593\" src=\"https:\/\/www.cosmepak.com\/wp-content\/uploads\/2025\/12\/11.jpg\" alt=\"\" width=\"1000\" height=\"1000\" srcset=\"https:\/\/www.cosmepak.com\/wp-content\/uploads\/2025\/12\/11.jpg 1000w, https:\/\/www.cosmepak.com\/wp-content\/uploads\/2025\/12\/11-300x300.jpg 300w, https:\/\/www.cosmepak.com\/wp-content\/uploads\/2025\/12\/11-150x150.jpg 150w, https:\/\/www.cosmepak.com\/wp-content\/uploads\/2025\/12\/11-768x768.jpg 768w, https:\/\/www.cosmepak.com\/wp-content\/uploads\/2025\/12\/11-12x12.jpg 12w, https:\/\/www.cosmepak.com\/wp-content\/uploads\/2025\/12\/11-600x600.jpg 600w, https:\/\/www.cosmepak.com\/wp-content\/uploads\/2025\/12\/11-100x100.jpg 100w\" sizes=\"(max-width: 1000px) 100vw, 1000px\" \/><\/td>\n<td style=\"width: 50%;\"><img loading=\"lazy\" decoding=\"async\" class=\"alignnone size-full wp-image-3594\" src=\"https:\/\/www.cosmepak.com\/wp-content\/uploads\/2025\/12\/21.jpg\" alt=\"\" width=\"1000\" height=\"1000\" srcset=\"https:\/\/www.cosmepak.com\/wp-content\/uploads\/2025\/12\/21.jpg 1000w, https:\/\/www.cosmepak.com\/wp-content\/uploads\/2025\/12\/21-300x300.jpg 300w, https:\/\/www.cosmepak.com\/wp-content\/uploads\/2025\/12\/21-150x150.jpg 150w, https:\/\/www.cosmepak.com\/wp-content\/uploads\/2025\/12\/21-768x768.jpg 768w, https:\/\/www.cosmepak.com\/wp-content\/uploads\/2025\/12\/21-12x12.jpg 12w, https:\/\/www.cosmepak.com\/wp-content\/uploads\/2025\/12\/21-600x600.jpg 600w, https:\/\/www.cosmepak.com\/wp-content\/uploads\/2025\/12\/21-100x100.jpg 100w\" sizes=\"(max-width: 1000px) 100vw, 1000px\" \/><\/td>\n<\/tr>\n<\/tbody>\n<\/table>","protected":false},"excerpt":{"rendered":"<p>Ch\u1ea5t li\u1ec7u chai: PETG<\/p>\n<p>V\u1eadt li\u1ec7u gi\u1edbi h\u1ea1n: PP<\/p>\n<p>C\u00f4ng su\u1ea5t: 200ML \/ 400ML<\/p>\n<p>M\u0169: B\u01a1m<\/p>\n<p>M\u00e0u s\u1eafc: T\u00f9y ch\u1ec9nh (b\u1ea5t k\u1ef3 m\u00e0u pantone n\u00e0o c\u00f3 s\u1eb5n)<\/p>\n<p>B\u1ec1 m\u1eb7t ho\u00e0n thi\u1ec7n: In m\u00e0n h\u00ecnh, s\u01b0\u01a1ng gi\u00e1, d\u1eadp n\u00f3ng, gradient phun, k\u1ebft th\u00fac m\u1edd, v.v.<\/p>\n<p>MOQ: 5000pcs;<\/p>\n<p>&nbsp;<\/p>","protected":false},"featured_media":3594,"comment_status":"open","ping_status":"closed","template":"","meta":{"_acf_changed":false},"product_brand":[],"product_cat":[47,18],"product_tag":[41],"class_list":{"0":"post-3580","1":"product","2":"type-product","3":"status-publish","4":"has-post-thumbnail","6":"product_cat-lotion-bottle","7":"product_cat-plastic-bottle","8":"product_tag-plastic-bottle","10":"first","11":"instock","12":"shipping-taxable","13":"product-type-simple"},"acf":[],"_links":{"self":[{"href":"https:\/\/www.cosmepak.com\/vi\/wp-json\/wp\/v2\/product\/3580","targetHints":{"allow":["GET"]}}],"collection":[{"href":"https:\/\/www.cosmepak.com\/vi\/wp-json\/wp\/v2\/product"}],"about":[{"href":"https:\/\/www.cosmepak.com\/vi\/wp-json\/wp\/v2\/types\/product"}],"replies":[{"embeddable":true,"href":"https:\/\/www.cosmepak.com\/vi\/wp-json\/wp\/v2\/comments?post=3580"}],"wp:featuredmedia":[{"embeddable":true,"href":"https:\/\/www.cosmepak.com\/vi\/wp-json\/wp\/v2\/media\/3594"}],"wp:attachment":[{"href":"https:\/\/www.cosmepak.com\/vi\/wp-json\/wp\/v2\/media?parent=3580"}],"wp:term":[{"taxonomy":"product_brand","embeddable":true,"href":"https:\/\/www.cosmepak.com\/vi\/wp-json\/wp\/v2\/product_brand?post=3580"},{"taxonomy":"product_cat","embeddable":true,"href":"https:\/\/www.cosmepak.com\/vi\/wp-json\/wp\/v2\/product_cat?post=3580"},{"taxonomy":"product_tag","embeddable":true,"href":"https:\/\/www.cosmepak.com\/vi\/wp-json\/wp\/v2\/product_tag?post=3580"}],"curies":[{"name":"WP","href":"https:\/\/api.w.org\/{rel}","templated":true}]}}