{"id":3637,"date":"2025-12-05T14:43:03","date_gmt":"2025-12-05T06:43:03","guid":{"rendered":"https:\/\/www.cosmepak.com\/?post_type=product&#038;p=3637"},"modified":"2025-12-05T14:44:23","modified_gmt":"2025-12-05T06:44:23","slug":"petg-spray-bottle-30-100ml-plastic-boston-shape-boston-for-skin-care-packaging-pump-sealing-bottle","status":"publish","type":"product","link":"https:\/\/www.cosmepak.com\/vi\/product\/petg-spray-bottle-30-100ml-plastic-boston-shape-boston-for-skin-care-packaging-pump-sealing-bottle\/","title":{"rendered":"Chai phun PETG 30-100ml Nh\u1ef1a Boston H\u00ecnh d\u1ea1ng Boston cho Ch\u0103m s\u00f3c da Bao b\u00ec B\u01a1m Ni\u00eam phong Chai"},"content":{"rendered":"<table style=\"border-collapse: collapse; width: 100%; height: 168px;\">\n<tbody>\n<tr style=\"height: 24px;\">\n<td style=\"width: 33.3333%; height: 168px;\" rowspan=\"6\"><img fetchpriority=\"high\" decoding=\"async\" class=\"alignnone size-full wp-image-3638\" src=\"https:\/\/www.cosmepak.com\/wp-content\/uploads\/2025\/12\/\u4e3b\u56fe-6-1.jpg\" alt=\"\" width=\"1000\" height=\"1000\" srcset=\"https:\/\/www.cosmepak.com\/wp-content\/uploads\/2025\/12\/\u4e3b\u56fe-6-1.jpg 1000w, https:\/\/www.cosmepak.com\/wp-content\/uploads\/2025\/12\/\u4e3b\u56fe-6-1-300x300.jpg 300w, https:\/\/www.cosmepak.com\/wp-content\/uploads\/2025\/12\/\u4e3b\u56fe-6-1-150x150.jpg 150w, https:\/\/www.cosmepak.com\/wp-content\/uploads\/2025\/12\/\u4e3b\u56fe-6-1-768x768.jpg 768w, https:\/\/www.cosmepak.com\/wp-content\/uploads\/2025\/12\/\u4e3b\u56fe-6-1-12x12.jpg 12w, https:\/\/www.cosmepak.com\/wp-content\/uploads\/2025\/12\/\u4e3b\u56fe-6-1-600x600.jpg 600w, https:\/\/www.cosmepak.com\/wp-content\/uploads\/2025\/12\/\u4e3b\u56fe-6-1-100x100.jpg 100w\" sizes=\"(max-width: 1000px) 100vw, 1000px\" \/><\/td>\n<td style=\"width: 29.2675%; height: 24px; text-align: center;\">Th\u01b0\u01a1ng hi\u1ec7u<\/td>\n<td style=\"width: 37.3991%; height: 24px; text-align: center;\">Jaunce<\/td>\n<\/tr>\n<tr style=\"height: 24px;\">\n<td style=\"width: 29.2675%; height: 24px; text-align: center;\">Ng\u01b0\u1eddi m\u1eabu<\/td>\n<td style=\"width: 37.3991%; height: 24px; text-align: center;\">H\u1ec7 th\u1ed1ng JH-LWMJ04<\/td>\n<\/tr>\n<tr style=\"height: 24px;\">\n<td style=\"width: 29.2675%; height: 24px; text-align: center;\">Kh\u1ea3 n\u0103ng<\/td>\n<td style=\"width: 37.3991%; height: 24px; text-align: center;\">30ML \/ 60ML \/ 80ML \/ 100ML<\/td>\n<\/tr>\n<tr style=\"height: 24px;\">\n<td style=\"width: 29.2675%; height: 24px; text-align: center;\">C\u00e2n n\u1eb7ng<\/td>\n<td style=\"width: 37.3991%; height: 24px; text-align: center;\">30g \/ 32,2g \/ 33,7g \/ 38,2g<\/td>\n<\/tr>\n<tr style=\"height: 24px;\">\n<td style=\"width: 29.2675%; height: 24px; text-align: center;\">M\u00e0u s\u1eafc<\/td>\n<td style=\"width: 37.3991%; height: 24px; text-align: center;\">t\u00f9y ch\u1ec9nh<\/td>\n<\/tr>\n<tr style=\"height: 24px;\">\n<td style=\"width: 29.2675%; height: 24px; text-align: center;\">V\u1eadt li\u1ec7u<\/td>\n<td style=\"width: 37.3991%; height: 24px; text-align: center;\">PETG \/ PP \/ AS<\/td>\n<\/tr>\n<\/tbody>\n<\/table>\n<table style=\"border-collapse: collapse; width: 100.361%; height: 241px;\">\n<tbody>\n<tr style=\"height: 48px;\">\n<td style=\"width: 8.62228%; text-align: center; height: 48px;\">M\u1ee5c<\/td>\n<td style=\"width: 10.3445%; text-align: center; height: 48px;\">Dung t\u00edch<\/td>\n<td style=\"width: 9.19499%; text-align: center; height: 48px;\">T\u1ed5ng chi\u1ec1u cao<\/td>\n<td style=\"width: 9.60329%; text-align: center; height: 48px;\">Chai chi\u1ec1u cao<\/td>\n<td style=\"width: 10.1649%; text-align: center; height: 48px;\">Chi\u1ec1u cao c\u00f3 th\u1ec3 in<\/td>\n<td style=\"width: 9.00467%; text-align: center; height: 48px;\">T\u1ed1i \u0111a DIA<\/td>\n<td style=\"width: 10.9562%; text-align: center; height: 48px;\">C\u00e2n n\u1eb7ng chai \u0111\u01a1n<\/td>\n<td style=\"width: 11.8094%; text-align: center; height: 48px;\">K\u00edch th\u01b0\u1edbc carton<\/td>\n<td style=\"width: 9.01065%; text-align: center; height: 48px;\">G\u00f3i Qty<\/td>\n<td style=\"width: 18.4223%; text-align: center; height: 48px;\">Tr\u1ecdng l\u01b0\u1ee3ng g\u00f3i<\/td>\n<\/tr>\n<tr style=\"height: 24px;\">\n<td style=\"width: 8.62228%; text-align: center; height: 96px;\" rowspan=\"4\">C\u00e1i chai<\/td>\n<td style=\"width: 10.3445%; text-align: center; height: 24px;\">30ml<\/td>\n<td style=\"width: 9.19499%; text-align: center; height: 24px;\">92mm<\/td>\n<td style=\"width: 9.60329%; text-align: center; height: 24px;\">58.5mm<\/td>\n<td style=\"width: 10.1649%; text-align: center; height: 24px;\">32mm<\/td>\n<td style=\"width: 9.00467%; text-align: center; height: 24px;\">39mm<\/td>\n<td style=\"width: 10.9562%; text-align: center; height: 24px;\">30g<\/td>\n<td style=\"width: 11.8094%; text-align: center; height: 24px;\">47*36*39<\/td>\n<td style=\"width: 9.01065%; text-align: center; height: 24px;\">945chi\u1ebfc<\/td>\n<td style=\"width: 18.4223%; text-align: center; height: 24px;\">11kg<\/td>\n<\/tr>\n<tr style=\"height: 24px;\">\n<td style=\"width: 10.3445%; text-align: center; height: 24px;\">60ml<\/td>\n<td style=\"width: 9.19499%; text-align: center; height: 24px;\">117mm<\/td>\n<td style=\"width: 9.60329%; text-align: center; height: 24px;\">83.8mm<\/td>\n<td style=\"width: 10.1649%; text-align: center; height: 24px;\">55mm<\/td>\n<td style=\"width: 9.00467%; text-align: center; height: 24px;\">40.7mm<\/td>\n<td style=\"width: 10.9562%; text-align: center; height: 24px;\">32.2g<\/td>\n<td style=\"width: 11.8094%; text-align: center; height: 24px;\">55*44*40<\/td>\n<td style=\"width: 9.01065%; text-align: center; height: 24px;\">585chi\u1ebfc<\/td>\n<td style=\"width: 18.4223%; text-align: center; height: 24px;\">14.2kgs<\/td>\n<\/tr>\n<tr style=\"height: 24px;\">\n<td style=\"width: 10.3445%; text-align: center; height: 24px;\">80ml<\/td>\n<td style=\"width: 9.19499%; text-align: center; height: 24px;\">125mm<\/td>\n<td style=\"width: 9.60329%; text-align: center; height: 24px;\">91mm<\/td>\n<td style=\"width: 10.1649%; text-align: center; height: 24px;\">63mm<\/td>\n<td style=\"width: 9.00467%; text-align: center; height: 24px;\">43.8mm<\/td>\n<td style=\"width: 10.9562%; text-align: center; height: 24px;\">33.7g<\/td>\n<td style=\"width: 11.8094%; text-align: center; height: 24px;\">46*39*42<\/td>\n<td style=\"width: 9.01065%; text-align: center; height: 24px;\">416chi\u1ebfc<\/td>\n<td style=\"width: 18.4223%; text-align: center; height: 24px;\">11.3kgs<\/td>\n<\/tr>\n<tr style=\"height: 24px;\">\n<td style=\"width: 10.3445%; text-align: center; height: 24px;\">100ml<\/td>\n<td style=\"width: 9.19499%; text-align: center; height: 24px;\">134.7mm<\/td>\n<td style=\"width: 9.60329%; text-align: center; height: 24px;\">101mm<\/td>\n<td style=\"width: 10.1649%; text-align: center; height: 24px;\">72mm<\/td>\n<td style=\"width: 9.00467%; text-align: center; height: 24px;\">46mm<\/td>\n<td style=\"width: 10.9562%; text-align: center; height: 24px;\">38.2g<\/td>\n<td style=\"width: 11.8094%; text-align: center; height: 24px;\">49*41*44<\/td>\n<td style=\"width: 9.01065%; text-align: center; height: 24px;\">368chi\u1ebfc<\/td>\n<td style=\"width: 18.4223%; text-align: center; height: 24px;\">10.6kgs<\/td>\n<\/tr>\n<tr style=\"height: 24px;\">\n<td style=\"width: 8.62228%; text-align: center; height: 97px;\" rowspan=\"4\">B\u01a1m<\/td>\n<td style=\"width: 10.3445%; text-align: center; height: 24px;\">30ml<\/td>\n<td style=\"width: 9.19499%; text-align: center; height: 24px;\">\/<\/td>\n<td style=\"width: 9.60329%; text-align: center; height: 24px;\">\/<\/td>\n<td style=\"width: 10.1649%; text-align: center; height: 24px;\">\/<\/td>\n<td style=\"width: 9.00467%; text-align: center; height: 24px;\">\/<\/td>\n<td style=\"width: 10.9562%; text-align: center; height: 24px;\">\/<\/td>\n<td style=\"width: 11.8094%; text-align: center; height: 24px;\" rowspan=\"4\">56*5*40.5*46<\/td>\n<td style=\"width: 9.01065%; text-align: center; height: 24px;\">2100pcs<\/td>\n<td style=\"width: 18.4223%; text-align: center; height: 24px;\">17.8kgs<\/td>\n<\/tr>\n<tr style=\"height: 24px;\">\n<td style=\"width: 10.3445%; text-align: center; height: 24px;\">60ml<\/td>\n<td style=\"width: 9.19499%; text-align: center; height: 24px;\">\/<\/td>\n<td style=\"width: 9.60329%; text-align: center; height: 24px;\">\/<\/td>\n<td style=\"width: 10.1649%; text-align: center; height: 24px;\">\/<\/td>\n<td style=\"width: 9.00467%; text-align: center; height: 24px;\">\/<\/td>\n<td style=\"width: 10.9562%; text-align: center; height: 24px;\">\/<\/td>\n<td style=\"width: 9.01065%; text-align: center; height: 24px;\">2000 chi\u1ebfc<\/td>\n<td style=\"width: 18.4223%; text-align: center; height: 24px;\">16.2kgs<\/td>\n<\/tr>\n<tr style=\"height: 24px;\">\n<td style=\"width: 10.3445%; text-align: center; height: 24px;\">80ml<\/td>\n<td style=\"width: 9.19499%; text-align: center; height: 24px;\">\/<\/td>\n<td style=\"width: 9.60329%; text-align: center; height: 24px;\">\/<\/td>\n<td style=\"width: 10.1649%; text-align: center; height: 24px;\">\/<\/td>\n<td style=\"width: 9.00467%; text-align: center; height: 24px;\">\/<\/td>\n<td style=\"width: 10.9562%; text-align: center; height: 24px;\">\/<\/td>\n<td style=\"width: 9.01065%; text-align: center; height: 24px;\">1800 chi\u1ebfc<\/td>\n<td style=\"width: 18.4223%; text-align: center; height: 24px;\">15.8kgs<\/td>\n<\/tr>\n<tr style=\"height: 25px;\">\n<td style=\"width: 10.3445%; text-align: center; height: 25px;\">100ml<\/td>\n<td style=\"width: 9.19499%; text-align: center; height: 25px;\">\/<\/td>\n<td style=\"width: 9.60329%; text-align: center; height: 25px;\">\/<\/td>\n<td style=\"width: 10.1649%; text-align: center; height: 25px;\">\/<\/td>\n<td style=\"width: 9.00467%; text-align: center; height: 25px;\">\/<\/td>\n<td style=\"width: 10.9562%; text-align: center; height: 25px;\">\/<\/td>\n<td style=\"width: 9.01065%; text-align: center; height: 25px;\">1650chi\u1ebfc<\/td>\n<td style=\"width: 18.4223%; text-align: center; height: 25px;\">14.5kgs<\/td>\n<\/tr>\n<\/tbody>\n<\/table>\n<p>Chai \u0111\u01b0\u1ee3c l\u00e0m b\u1eb1ng v\u1eadt li\u1ec7u nh\u1ef1a trong su\u1ed1t cao, v\u1edbi k\u1ebft c\u1ea5u m\u1ecbn v\u00e0 tinh t\u1ebf, trong su\u1ed1t cao v\u00e0 c\u00f3 th\u1ec3 hi\u1ec3n th\u1ecb r\u00f5 r\u00e0ng m\u00e0u s\u1eafc c\u1ee7a ch\u1ea5t l\u1ecfng b\u00ean trong. Th\u00e2n chai \u0111\u01b0\u1ee3c l\u00e0m b\u1eb1ng v\u1eadt li\u1ec7u nh\u1ef1a trong su\u1ed1t cao, v\u1edbi k\u1ebft c\u1ea5u m\u1ecbn v\u00e0 tinh t\u1ebf, trong su\u1ed1t cao v\u00e0 c\u00f3 th\u1ec3 hi\u1ec3n th\u1ecb r\u00f5 r\u00e0ng m\u00e0u s\u1eafc c\u1ee7a ch\u1ea5t l\u1ecfng b\u00ean trong. Tr\u1ef1c quan, n\u00f3 nh\u1eb9 v\u00e0 tinh t\u1ebf. Tr\u1ef1c quan, n\u00f3 nh\u1eb9 v\u00e0 tinh t\u1ebf. N\u00f3 \u0111\u01b0\u1ee3c thi\u1ebft k\u1ebf v\u1edbi &#8220; h\u00ecnh d\u1ea1ng cong tr\u00f2n&#8221;  . Ph\u1ea7n gi\u1eefa c\u1ee7a chai r\u1ed9ng h\u01a1n m\u1ed9t ch\u00fat v\u00e0 sau \u0111\u00f3 gi\u1ea3m xu\u1ed1ng \u1edf c\u1ea3 hai \u0111\u1ea7u. C\u00e1c \u0111\u01b0\u1eddng d\u00e2y m\u1ecbn v\u00e0 nh\u1eb9 nh\u00e0ng, lo\u1ea1i b\u1ecf \u0111\u1ed9 c\u1ee9ng c\u1ee7a m\u1ed9t chai h\u00ecnh tr\u1ee5 th\u1eb3ng. S\u1ef1 n\u1eafm gi\u1eef c\u0169ng tho\u1ea3i m\u00e1i h\u01a1n.<\/p>\n<p>Ch\u00fang t\u00f4i cung c\u1ea5p 4 t\u00f9y ch\u1ecdn m\u00e0u t\u01b0\u01a1i &#8211; m\u1ed9t m\u00e0u h\u1ed3ng nh\u1ea1t nh\u1ea1t m\u1ec1m m\u1ea1i v\u00e0 tinh t\u1ebf, m\u1ed9t m\u00e0u xanh b\u1ea1ch h\u00e0 r\u00f5 r\u00e0ng v\u00e0 l\u00e0m d\u1ecbu, m\u1ed9t m\u00e0u s\u1eafc trong su\u1ed1t v\u00e0 tinh khi\u1ebft, v\u00e0 m\u1ed9t m\u00e0u v\u00e0ng chanh t\u01b0\u01a1i s\u00e1ng v\u00e0 s\u00f4i \u0111\u1ed9ng. Nh\u1eefng m\u00e0u s\u1eafc n\u00e0y c\u00f3 \u0111\u1ed9 b\u00e3o h\u00f2a th\u1ea5p v\u00e0 k\u1ebft c\u1ea5u m\u1ec1m m\u1ea1i, l\u00e0m cho ch\u00fang ph\u00f9 h\u1ee3p v\u1edbi c\u00e1c lo\u1ea1i s\u1ea3n ph\u1ea9m l\u00e0m \u0111\u1eb9p v\u00e0 ch\u0103m s\u00f3c h\u00e0ng ng\u00e0y kh\u00e1c nhau. Ngo\u00e0i ra c\u00f2n cung c\u1ea5p d\u1ecbch v\u1ee5 t\u00f9y ch\u1ec9nh m\u00e0u s\u1eafc.<\/p>\n<p>Chai c\u1ee7a ch\u00fang t\u00f4i \u0111\u01b0\u1ee3c k\u1ebft h\u1ee3p v\u1edbi m\u1ed9t \u0111\u1ea7u b\u01a1m b\u1ecdt \u0111\u01a1n gi\u1ea3n m\u00e0u tr\u1eafng (v\u1edbi m\u1ed9t n\u00fat nh\u1ea5n tr\u00ean c\u00f9ng). B\u00ean ngo\u00e0i \u0111\u01b0\u1ee3c bao ph\u1ee7 b\u1eb1ng m\u1ed9t n\u1eafp b\u1ea3o v\u1ec7 h\u00ecnh tr\u1ee5 trong su\u1ed1t c\u00f3 k\u1ebft c\u1ea5u t\u01b0\u01a1ng t\u1ef1 nh\u01b0 th\u00e2n chai, kh\u00f4ng ch\u1ec9 b\u1ea3o v\u1ec7 kh\u1ecfi b\u1ee5i v\u00e0 duy tr\u00ec v\u1ec7 sinh, m\u00e0 c\u00f2n l\u00e0m cho h\u00ecnh d\u1ea1ng t\u1ed5ng th\u1ec3 g\u1ecdn g\u00e0ng v\u00e0 s\u1ea1ch s\u1ebd h\u01a1n.<\/p>\n<p><img decoding=\"async\" class=\"wp-image-3639 aligncenter\" src=\"https:\/\/www.cosmepak.com\/wp-content\/uploads\/2025\/12\/111.jpg\" alt=\"\" width=\"1373\" height=\"1373\" srcset=\"https:\/\/www.cosmepak.com\/wp-content\/uploads\/2025\/12\/111.jpg 1000w, https:\/\/www.cosmepak.com\/wp-content\/uploads\/2025\/12\/111-300x300.jpg 300w, https:\/\/www.cosmepak.com\/wp-content\/uploads\/2025\/12\/111-150x150.jpg 150w, https:\/\/www.cosmepak.com\/wp-content\/uploads\/2025\/12\/111-768x768.jpg 768w, https:\/\/www.cosmepak.com\/wp-content\/uploads\/2025\/12\/111-12x12.jpg 12w, https:\/\/www.cosmepak.com\/wp-content\/uploads\/2025\/12\/111-600x600.jpg 600w, https:\/\/www.cosmepak.com\/wp-content\/uploads\/2025\/12\/111-100x100.jpg 100w\" sizes=\"(max-width: 1373px) 100vw, 1373px\" \/><\/p>\n<table style=\"border-collapse: collapse; width: 100%;\">\n<tbody>\n<tr>\n<td style=\"width: 25%;\"><img decoding=\"async\" class=\"alignnone size-full wp-image-3640\" src=\"https:\/\/www.cosmepak.com\/wp-content\/uploads\/2025\/12\/9.jpg\" alt=\"\" width=\"1000\" height=\"1000\" srcset=\"https:\/\/www.cosmepak.com\/wp-content\/uploads\/2025\/12\/9.jpg 1000w, https:\/\/www.cosmepak.com\/wp-content\/uploads\/2025\/12\/9-300x300.jpg 300w, https:\/\/www.cosmepak.com\/wp-content\/uploads\/2025\/12\/9-150x150.jpg 150w, https:\/\/www.cosmepak.com\/wp-content\/uploads\/2025\/12\/9-768x768.jpg 768w, https:\/\/www.cosmepak.com\/wp-content\/uploads\/2025\/12\/9-12x12.jpg 12w, https:\/\/www.cosmepak.com\/wp-content\/uploads\/2025\/12\/9-600x600.jpg 600w, https:\/\/www.cosmepak.com\/wp-content\/uploads\/2025\/12\/9-100x100.jpg 100w\" sizes=\"(max-width: 1000px) 100vw, 1000px\" \/><\/td>\n<td style=\"width: 25%;\"><img loading=\"lazy\" decoding=\"async\" class=\"alignnone size-full wp-image-3641\" src=\"https:\/\/www.cosmepak.com\/wp-content\/uploads\/2025\/12\/81.jpg\" alt=\"\" width=\"925\" height=\"924\" srcset=\"https:\/\/www.cosmepak.com\/wp-content\/uploads\/2025\/12\/81.jpg 925w, https:\/\/www.cosmepak.com\/wp-content\/uploads\/2025\/12\/81-300x300.jpg 300w, https:\/\/www.cosmepak.com\/wp-content\/uploads\/2025\/12\/81-150x150.jpg 150w, https:\/\/www.cosmepak.com\/wp-content\/uploads\/2025\/12\/81-768x767.jpg 768w, https:\/\/www.cosmepak.com\/wp-content\/uploads\/2025\/12\/81-12x12.jpg 12w, https:\/\/www.cosmepak.com\/wp-content\/uploads\/2025\/12\/81-600x599.jpg 600w, https:\/\/www.cosmepak.com\/wp-content\/uploads\/2025\/12\/81-100x100.jpg 100w\" sizes=\"(max-width: 925px) 100vw, 925px\" \/><\/td>\n<td style=\"width: 25%;\"><img loading=\"lazy\" decoding=\"async\" class=\"alignnone size-full wp-image-3642\" src=\"https:\/\/www.cosmepak.com\/wp-content\/uploads\/2025\/12\/71-1.jpg\" alt=\"\" width=\"1000\" height=\"1000\" srcset=\"https:\/\/www.cosmepak.com\/wp-content\/uploads\/2025\/12\/71-1.jpg 1000w, https:\/\/www.cosmepak.com\/wp-content\/uploads\/2025\/12\/71-1-300x300.jpg 300w, https:\/\/www.cosmepak.com\/wp-content\/uploads\/2025\/12\/71-1-150x150.jpg 150w, https:\/\/www.cosmepak.com\/wp-content\/uploads\/2025\/12\/71-1-768x768.jpg 768w, https:\/\/www.cosmepak.com\/wp-content\/uploads\/2025\/12\/71-1-12x12.jpg 12w, https:\/\/www.cosmepak.com\/wp-content\/uploads\/2025\/12\/71-1-600x600.jpg 600w, https:\/\/www.cosmepak.com\/wp-content\/uploads\/2025\/12\/71-1-100x100.jpg 100w\" sizes=\"(max-width: 1000px) 100vw, 1000px\" \/><\/td>\n<td style=\"width: 25%;\"><img loading=\"lazy\" decoding=\"async\" class=\"alignnone size-full wp-image-3643\" src=\"https:\/\/www.cosmepak.com\/wp-content\/uploads\/2025\/12\/11-3.jpg\" alt=\"\" width=\"1000\" height=\"1000\" srcset=\"https:\/\/www.cosmepak.com\/wp-content\/uploads\/2025\/12\/11-3.jpg 1000w, https:\/\/www.cosmepak.com\/wp-content\/uploads\/2025\/12\/11-3-300x300.jpg 300w, https:\/\/www.cosmepak.com\/wp-content\/uploads\/2025\/12\/11-3-150x150.jpg 150w, https:\/\/www.cosmepak.com\/wp-content\/uploads\/2025\/12\/11-3-768x768.jpg 768w, https:\/\/www.cosmepak.com\/wp-content\/uploads\/2025\/12\/11-3-12x12.jpg 12w, https:\/\/www.cosmepak.com\/wp-content\/uploads\/2025\/12\/11-3-600x600.jpg 600w, https:\/\/www.cosmepak.com\/wp-content\/uploads\/2025\/12\/11-3-100x100.jpg 100w\" sizes=\"(max-width: 1000px) 100vw, 1000px\" \/><\/td>\n<\/tr>\n<\/tbody>\n<\/table>\n<table style=\"border-collapse: collapse; width: 100%;\">\n<tbody>\n<tr>\n<td style=\"width: 33.3333%;\"><img loading=\"lazy\" decoding=\"async\" class=\"alignnone size-full wp-image-3644\" src=\"https:\/\/www.cosmepak.com\/wp-content\/uploads\/2025\/12\/21-2.jpg\" alt=\"\" width=\"1000\" height=\"1000\" srcset=\"https:\/\/www.cosmepak.com\/wp-content\/uploads\/2025\/12\/21-2.jpg 1000w, https:\/\/www.cosmepak.com\/wp-content\/uploads\/2025\/12\/21-2-300x300.jpg 300w, https:\/\/www.cosmepak.com\/wp-content\/uploads\/2025\/12\/21-2-150x150.jpg 150w, https:\/\/www.cosmepak.com\/wp-content\/uploads\/2025\/12\/21-2-768x768.jpg 768w, https:\/\/www.cosmepak.com\/wp-content\/uploads\/2025\/12\/21-2-12x12.jpg 12w, https:\/\/www.cosmepak.com\/wp-content\/uploads\/2025\/12\/21-2-600x600.jpg 600w, https:\/\/www.cosmepak.com\/wp-content\/uploads\/2025\/12\/21-2-100x100.jpg 100w\" sizes=\"(max-width: 1000px) 100vw, 1000px\" \/><\/td>\n<td style=\"width: 33.3333%;\"><img loading=\"lazy\" decoding=\"async\" class=\"alignnone size-full wp-image-3645\" src=\"https:\/\/www.cosmepak.com\/wp-content\/uploads\/2025\/12\/31-2.jpg\" alt=\"\" width=\"1000\" height=\"1000\" srcset=\"https:\/\/www.cosmepak.com\/wp-content\/uploads\/2025\/12\/31-2.jpg 1000w, https:\/\/www.cosmepak.com\/wp-content\/uploads\/2025\/12\/31-2-300x300.jpg 300w, https:\/\/www.cosmepak.com\/wp-content\/uploads\/2025\/12\/31-2-150x150.jpg 150w, https:\/\/www.cosmepak.com\/wp-content\/uploads\/2025\/12\/31-2-768x768.jpg 768w, https:\/\/www.cosmepak.com\/wp-content\/uploads\/2025\/12\/31-2-12x12.jpg 12w, https:\/\/www.cosmepak.com\/wp-content\/uploads\/2025\/12\/31-2-600x600.jpg 600w, https:\/\/www.cosmepak.com\/wp-content\/uploads\/2025\/12\/31-2-100x100.jpg 100w\" sizes=\"(max-width: 1000px) 100vw, 1000px\" \/><\/td>\n<td style=\"width: 33.3333%;\"><img loading=\"lazy\" decoding=\"async\" class=\"alignnone size-full wp-image-3646\" src=\"https:\/\/www.cosmepak.com\/wp-content\/uploads\/2025\/12\/41-1.jpg\" alt=\"\" width=\"1000\" height=\"1000\" srcset=\"https:\/\/www.cosmepak.com\/wp-content\/uploads\/2025\/12\/41-1.jpg 1000w, https:\/\/www.cosmepak.com\/wp-content\/uploads\/2025\/12\/41-1-300x300.jpg 300w, https:\/\/www.cosmepak.com\/wp-content\/uploads\/2025\/12\/41-1-150x150.jpg 150w, https:\/\/www.cosmepak.com\/wp-content\/uploads\/2025\/12\/41-1-768x768.jpg 768w, https:\/\/www.cosmepak.com\/wp-content\/uploads\/2025\/12\/41-1-12x12.jpg 12w, https:\/\/www.cosmepak.com\/wp-content\/uploads\/2025\/12\/41-1-600x600.jpg 600w, https:\/\/www.cosmepak.com\/wp-content\/uploads\/2025\/12\/41-1-100x100.jpg 100w\" sizes=\"(max-width: 1000px) 100vw, 1000px\" \/><\/td>\n<\/tr>\n<\/tbody>\n<\/table>","protected":false},"excerpt":{"rendered":"<p>V\u1eadt li\u1ec7u chai: th\u00fa c\u01b0ng<\/p>\n<p>V\u1eadt li\u1ec7u gi\u1edbi h\u1ea1n: PP<\/p>\n<p>C\u00f4ng su\u1ea5t: 50ml \/ 100ml \/ 150ml \/ 200ml<\/p>\n<p>CAP: B\u01a1m v\u00edt<\/p>\n<p>M\u00e0u s\u1eafc: T\u00f9y ch\u1ec9nh (b\u1ea5t k\u1ef3 m\u00e0u pantone n\u00e0o c\u00f3 s\u1eb5n)<\/p>\n<p>B\u1ec1 m\u1eb7t ho\u00e0n thi\u1ec7n: In m\u00e0n h\u00ecnh, s\u01b0\u01a1ng gi\u00e1, d\u1eadp n\u00f3ng, gradient phun, k\u1ebft th\u00fac m\u1edd, v.v.<\/p>\n<p>MOQ: 5000pcs;<\/p>\n<p>&nbsp;<\/p>","protected":false},"featured_media":3645,"comment_status":"closed","ping_status":"closed","template":"","meta":{"_acf_changed":false},"product_brand":[],"product_cat":[18,48],"product_tag":[41],"class_list":{"0":"post-3637","1":"product","2":"type-product","3":"status-publish","4":"has-post-thumbnail","6":"product_cat-plastic-bottle","7":"product_cat-spray-bottle","8":"product_tag-plastic-bottle","10":"first","11":"instock","12":"shipping-taxable","13":"product-type-simple"},"acf":[],"_links":{"self":[{"href":"https:\/\/www.cosmepak.com\/vi\/wp-json\/wp\/v2\/product\/3637","targetHints":{"allow":["GET"]}}],"collection":[{"href":"https:\/\/www.cosmepak.com\/vi\/wp-json\/wp\/v2\/product"}],"about":[{"href":"https:\/\/www.cosmepak.com\/vi\/wp-json\/wp\/v2\/types\/product"}],"replies":[{"embeddable":true,"href":"https:\/\/www.cosmepak.com\/vi\/wp-json\/wp\/v2\/comments?post=3637"}],"wp:featuredmedia":[{"embeddable":true,"href":"https:\/\/www.cosmepak.com\/vi\/wp-json\/wp\/v2\/media\/3645"}],"wp:attachment":[{"href":"https:\/\/www.cosmepak.com\/vi\/wp-json\/wp\/v2\/media?parent=3637"}],"wp:term":[{"taxonomy":"product_brand","embeddable":true,"href":"https:\/\/www.cosmepak.com\/vi\/wp-json\/wp\/v2\/product_brand?post=3637"},{"taxonomy":"product_cat","embeddable":true,"href":"https:\/\/www.cosmepak.com\/vi\/wp-json\/wp\/v2\/product_cat?post=3637"},{"taxonomy":"product_tag","embeddable":true,"href":"https:\/\/www.cosmepak.com\/vi\/wp-json\/wp\/v2\/product_tag?post=3637"}],"curies":[{"name":"WP","href":"https:\/\/api.w.org\/{rel}","templated":true}]}}