{"id":3662,"date":"2025-12-05T16:26:13","date_gmt":"2025-12-05T08:26:13","guid":{"rendered":"https:\/\/www.cosmepak.com\/?post_type=product&#038;p=3662"},"modified":"2025-12-10T16:49:48","modified_gmt":"2025-12-10T08:49:48","slug":"300ml-500ml-inverted-shoulder-square-bottle-spray-bottle","status":"publish","type":"product","link":"https:\/\/www.cosmepak.com\/vi\/product\/300ml-500ml-inverted-shoulder-square-bottle-spray-bottle\/","title":{"rendered":"300ml 500ml \u0111\u1ea3o ng\u01b0\u1ee3c vai chai vu\u00f4ng chai phun"},"content":{"rendered":"<table style=\"border-collapse: collapse; width: 100%; height: 144px;\">\n<tbody>\n<tr style=\"height: 24px;\">\n<td style=\"width: 33.3333%; height: 144px;\" rowspan=\"6\"><img fetchpriority=\"high\" decoding=\"async\" class=\"alignnone size-full wp-image-3663\" src=\"https:\/\/www.cosmepak.com\/wp-content\/uploads\/2025\/12\/\u4e3b\u56fe-5-2.jpg\" alt=\"\" width=\"800\" height=\"800\" srcset=\"https:\/\/www.cosmepak.com\/wp-content\/uploads\/2025\/12\/\u4e3b\u56fe-5-2.jpg 800w, https:\/\/www.cosmepak.com\/wp-content\/uploads\/2025\/12\/\u4e3b\u56fe-5-2-300x300.jpg 300w, https:\/\/www.cosmepak.com\/wp-content\/uploads\/2025\/12\/\u4e3b\u56fe-5-2-150x150.jpg 150w, https:\/\/www.cosmepak.com\/wp-content\/uploads\/2025\/12\/\u4e3b\u56fe-5-2-768x768.jpg 768w, https:\/\/www.cosmepak.com\/wp-content\/uploads\/2025\/12\/\u4e3b\u56fe-5-2-12x12.jpg 12w, https:\/\/www.cosmepak.com\/wp-content\/uploads\/2025\/12\/\u4e3b\u56fe-5-2-600x600.jpg 600w, https:\/\/www.cosmepak.com\/wp-content\/uploads\/2025\/12\/\u4e3b\u56fe-5-2-100x100.jpg 100w\" sizes=\"(max-width: 800px) 100vw, 800px\" \/><\/td>\n<td style=\"width: 29.2675%; height: 24px; text-align: center;\">Th\u01b0\u01a1ng hi\u1ec7u<\/td>\n<td style=\"width: 37.3991%; height: 24px; text-align: center;\">Jaunce<\/td>\n<\/tr>\n<tr style=\"height: 24px;\">\n<td style=\"width: 29.2675%; height: 24px; text-align: center;\">Ng\u01b0\u1eddi m\u1eabu<\/td>\n<td style=\"width: 37.3991%; height: 24px; text-align: center;\">S\u1ed1 l\u01b0\u1ee3ng JH-LW9521<\/td>\n<\/tr>\n<tr style=\"height: 24px;\">\n<td style=\"width: 29.2675%; height: 24px; text-align: center;\">Kh\u1ea3 n\u0103ng<\/td>\n<td style=\"width: 37.3991%; height: 24px; text-align: center;\">300ml \/ 500ml<\/td>\n<\/tr>\n<tr style=\"height: 24px;\">\n<td style=\"width: 29.2675%; height: 24px; text-align: center;\">K\u00edch th\u01b0\u1edbc c\u1ed5<\/td>\n<td style=\"width: 37.3991%; height: 24px; text-align: center;\">28mm<\/td>\n<\/tr>\n<tr style=\"height: 24px;\">\n<td style=\"width: 29.2675%; height: 24px; text-align: center;\">M\u00e0u s\u1eafc<\/td>\n<td style=\"width: 37.3991%; height: 24px; text-align: center;\">t\u00f9y ch\u1ec9nh<\/td>\n<\/tr>\n<tr style=\"height: 24px;\">\n<td style=\"width: 29.2675%; height: 24px; text-align: center;\">V\u1eadt li\u1ec7u<\/td>\n<td style=\"width: 37.3991%; height: 24px; text-align: center;\">S\u1ea3n ph\u1ea9m PE\/PP<\/td>\n<\/tr>\n<\/tbody>\n<\/table>\n<table style=\"border-collapse: collapse; width: 100%;\">\n<tbody>\n<tr>\n<td style=\"width: 16.6667%; text-align: center;\"><strong>Dung t\u00edch<\/strong><\/td>\n<td style=\"width: 16.6667%; text-align: center;\"><strong>T\u1ed5ng chi\u1ec1u cao<\/strong><\/td>\n<td style=\"width: 16.6667%; text-align: center;\"><strong>Chai chi\u1ec1u cao<\/strong><\/td>\n<td style=\"width: 16.6667%; text-align: center;\"><strong>Chi\u1ec1u cao c\u00f3 th\u1ec3 in<\/strong><\/td>\n<td style=\"width: 16.6667%; text-align: center;\"><strong>D\u01b0\u01a1ng d\u01b0\u1edbi<\/strong><\/td>\n<td style=\"width: 16.6667%; text-align: center;\"><strong>C\u00e2n n\u1eb7ng<\/strong><\/td>\n<\/tr>\n<tr>\n<td style=\"width: 16.6667%; text-align: center;\">300ml<\/td>\n<td style=\"width: 16.6667%; text-align: center;\">205mm<\/td>\n<td style=\"width: 16.6667%; text-align: center;\">160mm<\/td>\n<td style=\"width: 16.6667%; text-align: center;\">70mm<\/td>\n<td style=\"width: 16.6667%; text-align: center;\">62 * 62mm<\/td>\n<td style=\"width: 16.6667%; text-align: center;\">40g<\/td>\n<\/tr>\n<tr>\n<td style=\"width: 16.6667%; text-align: center;\">500ml<\/td>\n<td style=\"width: 16.6667%; text-align: center;\">259mm<\/td>\n<td style=\"width: 16.6667%; text-align: center;\">214mm<\/td>\n<td style=\"width: 16.6667%; text-align: center;\">120mm<\/td>\n<td style=\"width: 16.6667%; text-align: center;\">63 * 63mm<\/td>\n<td style=\"width: 16.6667%; text-align: center;\">56g<\/td>\n<\/tr>\n<\/tbody>\n<\/table>\n<p>Cho d\u00f9 n\u00f3&#8217; s l\u00e0m s\u1ea1ch gia \u0111\u00ecnh, b\u1ea3o tr\u00ec l\u00e0m v\u01b0\u1eddn ho\u1eb7c kh\u1eed tr\u00f9ng c\u1eeda h\u00e0ng, chai phun n\u00e0y l\u00e0 l\u1ef1a ch\u1ecdn t\u1ed1t nh\u1ea5t c\u1ee7a b\u1ea1n.<\/p>\n<p>T\u00f9y ch\u1ecdn c\u00f4ng su\u1ea5t k\u00e9p c\u00f3 s\u1eb5n<br \/>\nM\u00f4 h\u00ecnh di \u0111\u1ed9ng 300ML: Chi\u1ec1u cao t\u1ed5ng th\u1ec3 205MM, nh\u1eb9 v\u00e0 nh\u1ecf g\u1ecdn, th\u00edch h\u1ee3p cho vi\u1ec7c l\u00e0m s\u1ea1ch quy m\u00f4 nh\u1ecf h\u00e0ng ng\u00e0y \/ thu\u1eadn ti\u1ec7n \u0111\u1ec3 mang xung quanh;<br \/>\nM\u00f4 h\u00ecnh c\u00f4ng su\u1ea5t l\u1edbn 500ML: Chi\u1ec1u cao t\u1ed5ng th\u1ec3 259MM, th\u00edch h\u1ee3p cho c\u00e1c k\u1ecbch b\u1ea3n s\u1eed d\u1ee5ng th\u01b0\u1eddng xuy\u00ean nh\u01b0 h\u1ed9 gia \u0111\u00ecnh v\u00e0 c\u1eeda h\u00e0ng.<\/p>\n<p>S\u1ea3n ph\u1ea9m n\u00e0y \u0111\u01b0\u1ee3c l\u00e0m b\u1eb1ng v\u1eadt li\u1ec7u PE PP c\u1ea5p th\u1ef1c ph\u1ea9m, kh\u00f4ng c\u00f3 m\u00f9i, ch\u1ed1ng gi\u1ecdt v\u00e0 m\u00e0i m\u00f2n, v\u00e0 c\u00f3 hi\u1ec7u su\u1ea5t ni\u00eam phong m\u1ea1nh m\u1ebd (\u0111\u01b0\u1ee3c thi\u1ebft k\u1ebf v\u1edbi n\u1eafp v\u00edt). N\u00f3 ng\u0103n ch\u1eb7n r\u00f2 r\u1ec9 ch\u1ea5t l\u1ecfng.<\/p>\n<p>Quay m\u1ed9t nh\u1ea5p chu\u1ed9t \u0111\u1ec3 chuy\u1ec3n \u0111\u1ed5i gi\u1eefa 3 ch\u1ebf \u0111\u1ed9:<br \/>\n&#8220; \u0110\u00f3ng c\u1eeda&#8221; ch\u1ebf \u0111\u1ed9: Ng\u0103n ch\u1eb7n r\u00f2 r\u1ec9 v\u00f4 t\u00ecnh;<br \/>\n&#8220; Th\u1eb3ng&#8221; ch\u1ebf \u0111\u1ed9: D\u00f2ng ch\u1ea3y n\u01b0\u1edbc t\u1eadp trung, th\u00edch h\u1ee3p cho nh\u00e0 m\u00e1y t\u01b0\u1edbi n\u01b0\u1edbc v\u00e0 l\u00e0m s\u1ea1ch c\u00e1c v\u1ebft n\u1ee9t;<br \/>\n&#8220; Nguy\u00ean t\u1eed h\u00f3a&#8221; ch\u1ebf \u0111\u1ed9: Phun m\u1ecbn, th\u00edch h\u1ee3p cho vi\u1ec7c l\u00e0m s\u1ea1ch, kh\u1eed tr\u00f9ng v\u00e0 l\u00e0m \u1ea9m kh\u00f4ng kh\u00ed.<\/p>\n<p>M\u1ed9t lo\u1ea1t c\u00e1c phong c\u00e1ch phun c\u00f3 s\u1eb5n \u0111\u1ec3 l\u1ef1a ch\u1ecdn. h\u1ed7 tr\u1ee3 m\u00e0u t\u00f9y ch\u1ec9nh k\u00edch ho\u1ea1t phun.<\/p>\n<p>C\u1ed5 v\u00edt chai vu\u00f4ng \u0111\u1eb7c bi\u1ec7t n\u00e0y d\u1ec5 d\u00e0ng \u0111\u1ec3 \u0111i\u1ec1n, n\u00f3 c\u00f3 th\u1ec3 s\u1eeda ch\u1eefa v\u1edbi m\u00e1y phun k\u00edch ho\u1ea1t c\u0169ng c\u00f3 th\u1ec3 s\u1eed d\u1ee5ng n\u1eafp v\u00edt \u0111\u1ec3 ni\u00eam phong.<\/p>\n<p>Phun \u0111\u01b0\u1ee3c trang b\u1ecb tay c\u1ea7m \u00e9p ch\u1ed1ng tr\u01b0\u1ee3t, l\u00e0m cho n\u00f3 tho\u1ea3i m\u00e1i \u0111\u1ec3 s\u1eed d\u1ee5ng trong m\u1ed9t th\u1eddi gian d\u00e0i m\u00e0 kh\u00f4ng g\u00e2y m\u1ec7t m\u1ecfi tay; c\u01a1 th\u1ec3 chai c\u00f3 khu v\u1ef1c in d\u1ef1 tr\u1eef, cho ph\u00e9p t\u00f9y ch\u1ec9nh nh\u00e3n v\u00e0 logo.<\/p>\n<p>\u0110\u01b0\u1ee3c ch\u1ebf t\u1ea1o b\u1eb1ng nh\u1ef1a phun tr\u1eafng, bao b\u00ec n\u00e0y t\u1ecfa ra m\u1ed9t th\u1ea9m m\u1ef9 t\u01b0\u01a1i m\u1edbi, s\u1ea1ch s\u1ebd b\u1ed5 sung cho m\u1ed9t lo\u1ea1t c\u00e1c c\u00f4ng th\u1ee9c ch\u0103m s\u00f3c da v\u00e0 m\u1ef9 ph\u1ea9m. \u0110\u01b0\u1ee3c thi\u1ebft k\u1ebf \u0111\u1ec3 t\u1ea1o th\u01b0\u01a1ng hi\u1ec7u linh ho\u1ea1t, n\u00f3 h\u1ed7 tr\u1ee3 c\u1ea3 in m\u00e0n h\u00ecnh l\u1ee5a v\u00e0 \u1ee9ng d\u1ee5ng nh\u00e3n - cho ph\u00e9p logo, danh s\u00e1ch th\u00e0nh ph\u1ea7n v\u00e0 th\u00f4ng tin s\u1ea3n ph\u1ea9m ch\u00ednh c\u1ee7a b\u1ea1n \u0111\u01b0\u1ee3c hi\u1ec3n th\u1ecb v\u1edbi kh\u1ea3 n\u0103ng hi\u1ec3n th\u1ecb r\u00f5 r\u00e0ng. B\u1ec1 m\u1eb7t thanh l\u1ecbch, g\u1ecdn g\u00e0ng \u0111\u1ea3m b\u1ea3o b\u1ea3n s\u1eafc th\u01b0\u01a1ng hi\u1ec7u v\u00e0 chi ti\u1ebft s\u1ea3n ph\u1ea9m n\u1ed5i b\u1eadt, cung c\u1ea5p m\u1ed9t b\u1ea3n tr\u00ecnh b\u00e0y chuy\u00ean nghi\u1ec7p v\u00e0 \u0111\u00e1ng tin c\u1eady vang vang v\u1edbi ng\u01b0\u1eddi ti\u00eau d\u00f9ng.<\/p>\n<p><img decoding=\"async\" class=\"size-full wp-image-3664 aligncenter\" src=\"https:\/\/www.cosmepak.com\/wp-content\/uploads\/2025\/12\/\u8be6\u60c5-3-1.jpg\" alt=\"\" width=\"790\" height=\"790\" srcset=\"https:\/\/www.cosmepak.com\/wp-content\/uploads\/2025\/12\/\u8be6\u60c5-3-1.jpg 790w, https:\/\/www.cosmepak.com\/wp-content\/uploads\/2025\/12\/\u8be6\u60c5-3-1-300x300.jpg 300w, https:\/\/www.cosmepak.com\/wp-content\/uploads\/2025\/12\/\u8be6\u60c5-3-1-150x150.jpg 150w, https:\/\/www.cosmepak.com\/wp-content\/uploads\/2025\/12\/\u8be6\u60c5-3-1-768x768.jpg 768w, https:\/\/www.cosmepak.com\/wp-content\/uploads\/2025\/12\/\u8be6\u60c5-3-1-12x12.jpg 12w, https:\/\/www.cosmepak.com\/wp-content\/uploads\/2025\/12\/\u8be6\u60c5-3-1-600x600.jpg 600w, https:\/\/www.cosmepak.com\/wp-content\/uploads\/2025\/12\/\u8be6\u60c5-3-1-100x100.jpg 100w\" sizes=\"(max-width: 790px) 100vw, 790px\" \/><\/p>\n<table style=\"border-collapse: collapse; width: 100%;\">\n<tbody>\n<tr>\n<td style=\"width: 25%;\"><img decoding=\"async\" class=\"alignnone size-full wp-image-3665\" src=\"https:\/\/www.cosmepak.com\/wp-content\/uploads\/2025\/12\/\u8be6\u60c5-51-1.jpg\" alt=\"\" width=\"1000\" height=\"1000\" srcset=\"https:\/\/www.cosmepak.com\/wp-content\/uploads\/2025\/12\/\u8be6\u60c5-51-1.jpg 1000w, https:\/\/www.cosmepak.com\/wp-content\/uploads\/2025\/12\/\u8be6\u60c5-51-1-300x300.jpg 300w, https:\/\/www.cosmepak.com\/wp-content\/uploads\/2025\/12\/\u8be6\u60c5-51-1-150x150.jpg 150w, https:\/\/www.cosmepak.com\/wp-content\/uploads\/2025\/12\/\u8be6\u60c5-51-1-768x768.jpg 768w, https:\/\/www.cosmepak.com\/wp-content\/uploads\/2025\/12\/\u8be6\u60c5-51-1-12x12.jpg 12w, https:\/\/www.cosmepak.com\/wp-content\/uploads\/2025\/12\/\u8be6\u60c5-51-1-600x600.jpg 600w, https:\/\/www.cosmepak.com\/wp-content\/uploads\/2025\/12\/\u8be6\u60c5-51-1-100x100.jpg 100w\" sizes=\"(max-width: 1000px) 100vw, 1000px\" \/><\/td>\n<td style=\"width: 25%;\"><img loading=\"lazy\" decoding=\"async\" class=\"alignnone size-full wp-image-3666\" src=\"https:\/\/www.cosmepak.com\/wp-content\/uploads\/2025\/12\/\u8be6\u60c5-6-2.jpg\" alt=\"\" width=\"1000\" height=\"1000\" srcset=\"https:\/\/www.cosmepak.com\/wp-content\/uploads\/2025\/12\/\u8be6\u60c5-6-2.jpg 1000w, https:\/\/www.cosmepak.com\/wp-content\/uploads\/2025\/12\/\u8be6\u60c5-6-2-300x300.jpg 300w, https:\/\/www.cosmepak.com\/wp-content\/uploads\/2025\/12\/\u8be6\u60c5-6-2-150x150.jpg 150w, https:\/\/www.cosmepak.com\/wp-content\/uploads\/2025\/12\/\u8be6\u60c5-6-2-768x768.jpg 768w, https:\/\/www.cosmepak.com\/wp-content\/uploads\/2025\/12\/\u8be6\u60c5-6-2-12x12.jpg 12w, https:\/\/www.cosmepak.com\/wp-content\/uploads\/2025\/12\/\u8be6\u60c5-6-2-600x600.jpg 600w, https:\/\/www.cosmepak.com\/wp-content\/uploads\/2025\/12\/\u8be6\u60c5-6-2-100x100.jpg 100w\" sizes=\"(max-width: 1000px) 100vw, 1000px\" \/><\/td>\n<td style=\"width: 25%;\"><img loading=\"lazy\" decoding=\"async\" class=\"alignnone size-full wp-image-3667\" src=\"https:\/\/www.cosmepak.com\/wp-content\/uploads\/2025\/12\/81-1.jpg\" alt=\"\" width=\"1000\" height=\"1000\" srcset=\"https:\/\/www.cosmepak.com\/wp-content\/uploads\/2025\/12\/81-1.jpg 1000w, https:\/\/www.cosmepak.com\/wp-content\/uploads\/2025\/12\/81-1-300x300.jpg 300w, https:\/\/www.cosmepak.com\/wp-content\/uploads\/2025\/12\/81-1-150x150.jpg 150w, https:\/\/www.cosmepak.com\/wp-content\/uploads\/2025\/12\/81-1-768x768.jpg 768w, https:\/\/www.cosmepak.com\/wp-content\/uploads\/2025\/12\/81-1-12x12.jpg 12w, https:\/\/www.cosmepak.com\/wp-content\/uploads\/2025\/12\/81-1-600x600.jpg 600w, https:\/\/www.cosmepak.com\/wp-content\/uploads\/2025\/12\/81-1-100x100.jpg 100w\" sizes=\"(max-width: 1000px) 100vw, 1000px\" \/><\/td>\n<td style=\"width: 25%;\"><img loading=\"lazy\" decoding=\"async\" class=\"alignnone size-full wp-image-3668\" src=\"https:\/\/www.cosmepak.com\/wp-content\/uploads\/2025\/12\/71-2.jpg\" alt=\"\" width=\"1000\" height=\"1000\" srcset=\"https:\/\/www.cosmepak.com\/wp-content\/uploads\/2025\/12\/71-2.jpg 1000w, https:\/\/www.cosmepak.com\/wp-content\/uploads\/2025\/12\/71-2-300x300.jpg 300w, https:\/\/www.cosmepak.com\/wp-content\/uploads\/2025\/12\/71-2-150x150.jpg 150w, https:\/\/www.cosmepak.com\/wp-content\/uploads\/2025\/12\/71-2-768x768.jpg 768w, https:\/\/www.cosmepak.com\/wp-content\/uploads\/2025\/12\/71-2-12x12.jpg 12w, https:\/\/www.cosmepak.com\/wp-content\/uploads\/2025\/12\/71-2-600x600.jpg 600w, https:\/\/www.cosmepak.com\/wp-content\/uploads\/2025\/12\/71-2-100x100.jpg 100w\" sizes=\"(max-width: 1000px) 100vw, 1000px\" \/><\/td>\n<\/tr>\n<\/tbody>\n<\/table>\n<table style=\"border-collapse: collapse; width: 100%;\">\n<tbody>\n<tr>\n<td style=\"width: 33.3333%;\"><img loading=\"lazy\" decoding=\"async\" class=\"alignnone size-full wp-image-3671\" src=\"https:\/\/www.cosmepak.com\/wp-content\/uploads\/2025\/12\/31-3.jpg\" alt=\"\" width=\"1000\" height=\"1000\" srcset=\"https:\/\/www.cosmepak.com\/wp-content\/uploads\/2025\/12\/31-3.jpg 1000w, https:\/\/www.cosmepak.com\/wp-content\/uploads\/2025\/12\/31-3-300x300.jpg 300w, https:\/\/www.cosmepak.com\/wp-content\/uploads\/2025\/12\/31-3-150x150.jpg 150w, https:\/\/www.cosmepak.com\/wp-content\/uploads\/2025\/12\/31-3-768x768.jpg 768w, https:\/\/www.cosmepak.com\/wp-content\/uploads\/2025\/12\/31-3-12x12.jpg 12w, https:\/\/www.cosmepak.com\/wp-content\/uploads\/2025\/12\/31-3-600x600.jpg 600w, https:\/\/www.cosmepak.com\/wp-content\/uploads\/2025\/12\/31-3-100x100.jpg 100w\" sizes=\"(max-width: 1000px) 100vw, 1000px\" \/><\/td>\n<td style=\"width: 33.3333%;\"><img loading=\"lazy\" decoding=\"async\" class=\"alignnone size-full wp-image-3670\" src=\"https:\/\/www.cosmepak.com\/wp-content\/uploads\/2025\/12\/51-2.jpg\" alt=\"\" width=\"1000\" height=\"1000\" srcset=\"https:\/\/www.cosmepak.com\/wp-content\/uploads\/2025\/12\/51-2.jpg 1000w, https:\/\/www.cosmepak.com\/wp-content\/uploads\/2025\/12\/51-2-300x300.jpg 300w, https:\/\/www.cosmepak.com\/wp-content\/uploads\/2025\/12\/51-2-150x150.jpg 150w, https:\/\/www.cosmepak.com\/wp-content\/uploads\/2025\/12\/51-2-768x768.jpg 768w, https:\/\/www.cosmepak.com\/wp-content\/uploads\/2025\/12\/51-2-12x12.jpg 12w, https:\/\/www.cosmepak.com\/wp-content\/uploads\/2025\/12\/51-2-600x600.jpg 600w, https:\/\/www.cosmepak.com\/wp-content\/uploads\/2025\/12\/51-2-100x100.jpg 100w\" sizes=\"(max-width: 1000px) 100vw, 1000px\" \/><\/td>\n<td style=\"width: 33.3333%;\"><img loading=\"lazy\" decoding=\"async\" class=\"alignnone size-full wp-image-3669\" src=\"https:\/\/www.cosmepak.com\/wp-content\/uploads\/2025\/12\/61-3.jpg\" alt=\"\" width=\"1000\" height=\"1000\" srcset=\"https:\/\/www.cosmepak.com\/wp-content\/uploads\/2025\/12\/61-3.jpg 1000w, https:\/\/www.cosmepak.com\/wp-content\/uploads\/2025\/12\/61-3-300x300.jpg 300w, https:\/\/www.cosmepak.com\/wp-content\/uploads\/2025\/12\/61-3-150x150.jpg 150w, https:\/\/www.cosmepak.com\/wp-content\/uploads\/2025\/12\/61-3-768x768.jpg 768w, https:\/\/www.cosmepak.com\/wp-content\/uploads\/2025\/12\/61-3-12x12.jpg 12w, https:\/\/www.cosmepak.com\/wp-content\/uploads\/2025\/12\/61-3-600x600.jpg 600w, https:\/\/www.cosmepak.com\/wp-content\/uploads\/2025\/12\/61-3-100x100.jpg 100w\" sizes=\"(max-width: 1000px) 100vw, 1000px\" \/><\/td>\n<\/tr>\n<\/tbody>\n<\/table>","protected":false},"excerpt":{"rendered":"<p>V\u1eadt li\u1ec7u chai: th\u00fa c\u01b0ng<\/p>\n<p>V\u1eadt li\u1ec7u gi\u1edbi h\u1ea1n: PP<\/p>\n<p>C\u00f4ng su\u1ea5t: 50ml \/ 100ml \/ 150ml \/ 200ml<\/p>\n<p>CAP: B\u01a1m v\u00edt<\/p>\n<p>M\u00e0u s\u1eafc: T\u00f9y ch\u1ec9nh (b\u1ea5t k\u1ef3 m\u00e0u pantone n\u00e0o c\u00f3 s\u1eb5n)<\/p>\n<p>B\u1ec1 m\u1eb7t ho\u00e0n thi\u1ec7n: In m\u00e0n h\u00ecnh, s\u01b0\u01a1ng gi\u00e1, d\u1eadp n\u00f3ng, gradient phun, k\u1ebft th\u00fac m\u1edd, v.v.<\/p>\n<p>MOQ: 5000pcs;<\/p>\n<p>&nbsp;<\/p>","protected":false},"featured_media":3672,"comment_status":"closed","ping_status":"closed","template":"","meta":{"_acf_changed":false},"product_brand":[],"product_cat":[18,48],"product_tag":[41],"class_list":{"0":"post-3662","1":"product","2":"type-product","3":"status-publish","4":"has-post-thumbnail","6":"product_cat-plastic-bottle","7":"product_cat-spray-bottle","8":"product_tag-plastic-bottle","10":"first","11":"instock","12":"shipping-taxable","13":"product-type-simple"},"acf":[],"_links":{"self":[{"href":"https:\/\/www.cosmepak.com\/vi\/wp-json\/wp\/v2\/product\/3662","targetHints":{"allow":["GET"]}}],"collection":[{"href":"https:\/\/www.cosmepak.com\/vi\/wp-json\/wp\/v2\/product"}],"about":[{"href":"https:\/\/www.cosmepak.com\/vi\/wp-json\/wp\/v2\/types\/product"}],"replies":[{"embeddable":true,"href":"https:\/\/www.cosmepak.com\/vi\/wp-json\/wp\/v2\/comments?post=3662"}],"wp:featuredmedia":[{"embeddable":true,"href":"https:\/\/www.cosmepak.com\/vi\/wp-json\/wp\/v2\/media\/3672"}],"wp:attachment":[{"href":"https:\/\/www.cosmepak.com\/vi\/wp-json\/wp\/v2\/media?parent=3662"}],"wp:term":[{"taxonomy":"product_brand","embeddable":true,"href":"https:\/\/www.cosmepak.com\/vi\/wp-json\/wp\/v2\/product_brand?post=3662"},{"taxonomy":"product_cat","embeddable":true,"href":"https:\/\/www.cosmepak.com\/vi\/wp-json\/wp\/v2\/product_cat?post=3662"},{"taxonomy":"product_tag","embeddable":true,"href":"https:\/\/www.cosmepak.com\/vi\/wp-json\/wp\/v2\/product_tag?post=3662"}],"curies":[{"name":"WP","href":"https:\/\/api.w.org\/{rel}","templated":true}]}}