{"id":3692,"date":"2025-12-17T14:22:14","date_gmt":"2025-12-17T06:22:14","guid":{"rendered":"https:\/\/www.cosmepak.com\/?post_type=product&#038;p=3692"},"modified":"2025-12-24T13:50:51","modified_gmt":"2025-12-24T05:50:51","slug":"60g-semi-permeable-rose-gold-cream-jar","status":"publish","type":"product","link":"https:\/\/www.cosmepak.com\/vi\/product\/60g-semi-permeable-rose-gold-cream-jar\/","title":{"rendered":"60g b\u00ecnh kem v\u00e0ng h\u1ed3ng b\u00e1n th\u1ea5m"},"content":{"rendered":"<table style=\"border-collapse: collapse; width: 100%; height: 192px;\">\n<tbody>\n<tr style=\"height: 24px;\">\n<td style=\"width: 40.6929%; height: 192px;\" rowspan=\"8\"><img fetchpriority=\"high\" decoding=\"async\" class=\"alignnone size-full wp-image-3693\" src=\"https:\/\/www.cosmepak.com\/wp-content\/uploads\/2025\/12\/\u4e3b\u56fe-61.jpg\" alt=\"\" width=\"1000\" height=\"1000\" srcset=\"https:\/\/www.cosmepak.com\/wp-content\/uploads\/2025\/12\/\u4e3b\u56fe-61.jpg 1000w, https:\/\/www.cosmepak.com\/wp-content\/uploads\/2025\/12\/\u4e3b\u56fe-61-300x300.jpg 300w, https:\/\/www.cosmepak.com\/wp-content\/uploads\/2025\/12\/\u4e3b\u56fe-61-150x150.jpg 150w, https:\/\/www.cosmepak.com\/wp-content\/uploads\/2025\/12\/\u4e3b\u56fe-61-768x768.jpg 768w, https:\/\/www.cosmepak.com\/wp-content\/uploads\/2025\/12\/\u4e3b\u56fe-61-12x12.jpg 12w, https:\/\/www.cosmepak.com\/wp-content\/uploads\/2025\/12\/\u4e3b\u56fe-61-600x600.jpg 600w, https:\/\/www.cosmepak.com\/wp-content\/uploads\/2025\/12\/\u4e3b\u56fe-61-100x100.jpg 100w\" sizes=\"(max-width: 1000px) 100vw, 1000px\" \/><\/td>\n<td style=\"width: 28.4645%; height: 24px; text-align: center;\">Th\u01b0\u01a1ng hi\u1ec7u<\/td>\n<td style=\"width: 30.8425%; height: 24px; text-align: center;\">\u00a0Jaunce<\/td>\n<\/tr>\n<tr style=\"height: 24px;\">\n<td style=\"width: 28.4645%; height: 24px; text-align: center;\">H\u00ecnh d\u1ea1ng<\/td>\n<td style=\"width: 30.8425%; height: 24px; text-align: center;\">Tr\u00f2n<\/td>\n<\/tr>\n<tr style=\"height: 24px;\">\n<td style=\"width: 28.4645%; height: 24px; text-align: center;\">V\u1eadt li\u1ec7u<\/td>\n<td style=\"width: 30.8425%; height: 24px; text-align: center;\">Th\u1ee7y tinh<\/td>\n<\/tr>\n<tr style=\"height: 24px;\">\n<td style=\"width: 28.4645%; height: 24px; text-align: center;\">Ng\u01b0\u1eddi m\u1eabu<\/td>\n<td style=\"width: 30.8425%; height: 24px; text-align: center;\">H\u1ec7 th\u1ed1ng JH-YM20250710-1<\/td>\n<\/tr>\n<tr style=\"height: 24px;\">\n<td style=\"width: 28.4645%; height: 24px; text-align: center;\">S\u1ea3n ph\u1ea9m OEM \/ ODM<\/td>\n<td style=\"width: 30.8425%; height: 24px; text-align: center;\">Ch\u1ea5p nh\u1eadn<\/td>\n<\/tr>\n<tr style=\"height: 24px;\">\n<td style=\"width: 28.4645%; height: 24px; text-align: center;\">M\u00e0u s\u1eafc<\/td>\n<td style=\"width: 30.8425%; height: 24px; text-align: center;\">M\u00e0u b\u00e1n th\u1ea5m<\/td>\n<\/tr>\n<tr style=\"height: 24px;\">\n<td style=\"width: 28.4645%; height: 24px; text-align: center;\">C\u00e1ch s\u1eed d\u1ee5ng<\/td>\n<td style=\"width: 30.8425%; height: 24px; text-align: center;\">kem<\/td>\n<\/tr>\n<tr style=\"height: 24px;\">\n<td style=\"width: 28.4645%; height: 24px; text-align: center;\">MOQ<\/td>\n<td style=\"width: 30.8425%; height: 24px; text-align: center;\">10000pcs<\/td>\n<\/tr>\n<\/tbody>\n<\/table>\n<table style=\"border-collapse: collapse; width: 100%; height: 109px;\">\n<tbody>\n<tr style=\"height: 24px;\">\n<td style=\"width: 8.61543%; text-align: center; height: 24px;\"><strong>Dung t\u00edch<\/strong><\/td>\n<td style=\"width: 7.97343%; text-align: center; height: 24px;\"><strong>T\u1ed5ng chi\u1ec1u cao<\/strong><\/td>\n<td style=\"width: 8.52052%; text-align: center; height: 24px;\"><strong>\u0110\u01b0\u1eddng k\u00ednh d\u01b0\u1edbi c\u00f9ng<\/strong><\/td>\n<td style=\"width: 8.64621%; text-align: center; height: 24px;\"><strong>Chi\u1ec1u cao c\u00f3 th\u1ec3 in<\/strong><\/td>\n<td style=\"width: 8.16567%; text-align: center; height: 24px;\"><strong>Khu v\u1ef1c<\/strong><\/td>\n<td style=\"width: 8.16567%; text-align: center; height: 24px;\"><b>C\u00e2n n\u1eb7ng<\/b><\/td>\n<\/tr>\n<tr style=\"height: 24px;\">\n<td style=\"width: 8.61543%; text-align: center; height: 41px;\">60g \u0111\u00e1y m\u1ecfng<\/td>\n<td style=\"width: 7.97343%; text-align: center; height: 41px;\">53mm<\/td>\n<td style=\"width: 8.52052%; text-align: center; height: 41px;\">55mm<\/td>\n<td style=\"width: 8.64621%; text-align: center; height: 41px;\">28mm<\/td>\n<td style=\"width: 8.16567%; text-align: center; height: 41px;\">172mm<\/td>\n<td style=\"width: 8.16567%; text-align: center; height: 41px;\">96.9g<\/td>\n<\/tr>\n<tr style=\"height: 44px;\">\n<td style=\"width: 8.61543%; text-align: center; height: 44px;\">60g \u0111\u00e1y d\u00e0y<\/td>\n<td style=\"width: 7.97343%; text-align: center; height: 44px;\">54mm<\/td>\n<td style=\"width: 8.52052%; text-align: center; height: 44px;\">57mm<\/td>\n<td style=\"width: 8.64621%; text-align: center; height: 44px;\">30 mm<\/td>\n<td style=\"width: 8.16567%; text-align: center; height: 44px;\">179mm<\/td>\n<td style=\"width: 8.16567%; text-align: center; height: 44px;\">124.7g<\/td>\n<\/tr>\n<\/tbody>\n<\/table>\n<div><\/div>\n<div class=\"auto-hide-last-sibling-br paragraph-pP9ZLC paragraph-element br-paragraph-space\">L\u1ecd kem th\u1ee7y tinh v\u00e0ng h\u1ed3ng b\u00e1n minh b\u1ea1ch cao c\u1ea5p n\u00e0y, \u0111\u01b0\u1ee3c thi\u1ebft k\u1ebf \u0111\u1eb7c bi\u1ec7t cho c\u00e1c c\u00f4ng th\u1ee9c ch\u0103m s\u00f3c da cao c\u1ea5p (ch\u1eb3ng h\u1ea1n nh\u01b0 kem m\u1eb7t, kem dinh d\u01b0\u1ee1ng v\u00e0 kem c\u01a1 th\u1ec3 sang tr\u1ecdng), k\u1ebft h\u1ee3p m\u1ed9t v\u1ebb ngo\u00e0i thanh l\u1ecbch v\u1edbi ch\u1ee9c n\u0103ng th\u1ef1c t\u1ebf.<\/div>\n<div><\/div>\n<div>N\u00f3 \u0111\u01b0\u1ee3c l\u00e0m b\u1eb1ng k\u00ednh ch\u1ea5t l\u01b0\u1ee3ng cao, l\u1ecd t\u1ef1 h\u00e0o v\u1edbi m\u1ed9t m\u00e0u v\u00e0ng h\u1ed3ng b\u00e1n minh b\u1ea1ch m\u1ec1m m\u1ea1i: k\u1ebft th\u00fac n\u00e0y tinh t\u1ebf th\u1ec3 hi\u1ec7n k\u1ebft c\u1ea5u c\u1ee7a s\u1ea3n ph\u1ea9m c\u1ee7a b\u1ea1n v\u00e0 ph\u00e1t ra m\u1ed9t kh\u00f4ng kh\u00ed \u1ea5m \u00e1p, sang tr\u1ecdng ph\u00f9 h\u1ee3p v\u1edbi th\u01b0\u01a1ng hi\u1ec7u v\u1ebb \u0111\u1eb9p cao c\u1ea5p. Ph\u1ee5 ki\u1ec7n c\u1ee7a n\u00f3 (n\u1eafp v\u00e0ng h\u1ed3ng, c\u00e1c th\u00e0nh ph\u1ea7n b\u00ean trong tr\u1eafng) t\u1ea1o ra m\u1ed9t s\u01a1 \u0111\u1ed3 m\u00e0u s\u1eafc g\u1eafn b\u00f3, tinh vi c\u00f3 c\u1ea3m gi\u00e1c hi\u1ec7n \u0111\u1ea1i v\u00e0 tinh t\u1ebf.<\/div>\n<div><\/div>\n<div class=\"auto-hide-last-sibling-br paragraph-pP9ZLC paragraph-element br-paragraph-space\">M\u1ed7i y\u1ebfu t\u1ed1 c\u1ee7a l\u1ecd \u0111\u01b0\u1ee3c thi\u1ebft k\u1ebf cho phong c\u00e1ch, \u0111\u1ed9 b\u1ec1n v\u00e0 hi\u1ec7u su\u1ea5t:<\/div>\n<ol class=\"auto-hide-last-sibling-br\">\n<li>N\u00e0y v\u00e0ng h\u1ed3ng m\u1ecbn v\u00e0 trong su\u1ed1t l\u1ecd th\u1ee7y tinh&#8217; \u0111\u1ed9 d\u00e0y l\u00e0 \u0111\u00fang &#8211; N\u00f3 b\u1ec1n v\u00e0 b\u1ec1n, c\u00f3 kh\u1ea3 n\u0103ng ch\u1ecbu \u0111\u01b0\u1ee3c c\u00e1c t\u00e1c \u0111\u1ed9ng nh\u1ecf. \u0110\u1ed3ng th\u1eddi, t\u00ednh n\u0103ng minh b\u1ea1ch c\u1ee7a n\u00f3 cho ph\u00e9p kh\u00e1ch h\u00e0ng xem vi\u1ec7c s\u1eed d\u1ee5ng n\u1ed9i dung.<\/li>\n<li>C\u1ed5 v\u00edt \u0111\u1ea3m b\u1ea3o m\u1ed9t con d\u1ea5u k\u00edn kh\u00f4ng kh\u00ed, ch\u1ed1ng r\u00f2 r\u1ec9.<\/li>\n<li>\u0110\u1ea7u th\u1ee7y tinh d\u00e0y th\u00eam s\u1ef1 \u1ed5n \u0111\u1ecbnh l\u00e0m gi\u1ea3m r\u1ee7i ro l\u1eadt trong khi s\u1eed d\u1ee5ng ho\u1eb7c hi\u1ec3n th\u1ecb, v\u00e0 cho m\u01b0\u1ee3n m\u1ed9t c\u1ea3m gi\u00e1c \u0111\u00e1ng k\u1ec3, cao c\u1ea5p khi \u0111\u01b0\u1ee3c gi\u1eef.<\/li>\n<li>M\u0169 v\u00e0ng h\u1ed3ng m\u1edd k\u1ebft h\u1ee3p v\u1edbi \u0111\u0129a ni\u00eam phong b\u00ean trong tr\u1eafng: c\u00e1c \u0111\u0129a t\u1ea1o ra m\u1ed9t r\u00e0o c\u1ea3n b\u1ed5 sung ch\u1ed1ng l\u1ea1i kh\u00f4ng kh\u00ed, b\u1ee5i v\u00e0 \u00f4 nhi\u1ec5m, trong khi thi\u1ebft k\u1ebf thanh l\u1ecbch c\u1ee7a n\u1eafp b\u1ed5 sung cho h\u00ecnh d\u00e1ng thanh l\u1ecbch t\u1ed5ng th\u1ec3 c\u1ee7a l\u1ecd.<\/li>\n<\/ol>\n<div class=\"auto-hide-last-sibling-br paragraph-pP9ZLC paragraph-element br-paragraph-space\">Ch\u00fang t\u00f4i c\u0169ng h\u1ed7 tr\u1ee3 m\u1ed9t lo\u1ea1t c\u00e1c k\u1ef9 thu\u1eadt t\u00f9y ch\u1ec9nh to\u00e0n di\u1ec7n cho l\u1ecd n\u00e0y: In m\u00e0n h\u00ecnh t\u01a1 l\u1ee5a (logo \/ v\u0103n b\u1ea3n r\u00f5 r\u00e0ng, l\u00e2u d\u00e0i), d\u1eadp n\u00f3ng (nh\u1ea5n k\u1ebft c\u1ea5u kim lo\u1ea1i), phun c\u00e1t (hi\u1ec7u \u1ee9ng m\u1edd), m\u1ea1 \u0111i\u1ec7n (k\u1ebft th\u00fac kim lo\u1ea1i t\u0103ng c\u01b0\u1eddng), d\u00e1n nh\u00e3n d\u00ednh (d\u00e1n \u0111\u1ed3 h\u1ecda t\u00f9y ch\u1ec9nh), in 3D (m\u1eabu ph\u1ee9c t\u1ea1p), v\u00e0 k\u1ebft c\u1ea5u n\u1ee9t b\u0103ng (chi ti\u1ebft th\u1ecb gi\u00e1c \u0111\u1ed9c \u0111\u00e1o, k\u1ebft c\u1ea5u).<\/div>\n<p><img decoding=\"async\" class=\"alignnone wp-image-3699\" src=\"https:\/\/www.cosmepak.com\/wp-content\/uploads\/2025\/12\/\u4e3b\u56fe-41-3.jpg\" alt=\"\" width=\"1384\" height=\"1384\" srcset=\"https:\/\/www.cosmepak.com\/wp-content\/uploads\/2025\/12\/\u4e3b\u56fe-41-3.jpg 800w, https:\/\/www.cosmepak.com\/wp-content\/uploads\/2025\/12\/\u4e3b\u56fe-41-3-300x300.jpg 300w, https:\/\/www.cosmepak.com\/wp-content\/uploads\/2025\/12\/\u4e3b\u56fe-41-3-150x150.jpg 150w, https:\/\/www.cosmepak.com\/wp-content\/uploads\/2025\/12\/\u4e3b\u56fe-41-3-768x768.jpg 768w, https:\/\/www.cosmepak.com\/wp-content\/uploads\/2025\/12\/\u4e3b\u56fe-41-3-12x12.jpg 12w, https:\/\/www.cosmepak.com\/wp-content\/uploads\/2025\/12\/\u4e3b\u56fe-41-3-600x600.jpg 600w, https:\/\/www.cosmepak.com\/wp-content\/uploads\/2025\/12\/\u4e3b\u56fe-41-3-100x100.jpg 100w\" sizes=\"(max-width: 1384px) 100vw, 1384px\" \/><\/p>\n<table style=\"border-collapse: collapse; width: 100%;\">\n<tbody>\n<tr>\n<td style=\"width: 50%;\"><img decoding=\"async\" class=\"alignnone size-full wp-image-3695\" src=\"https:\/\/www.cosmepak.com\/wp-content\/uploads\/2025\/12\/\u4e3b\u56fe-91.jpg\" alt=\"\" width=\"1000\" height=\"1000\" srcset=\"https:\/\/www.cosmepak.com\/wp-content\/uploads\/2025\/12\/\u4e3b\u56fe-91.jpg 1000w, https:\/\/www.cosmepak.com\/wp-content\/uploads\/2025\/12\/\u4e3b\u56fe-91-300x300.jpg 300w, https:\/\/www.cosmepak.com\/wp-content\/uploads\/2025\/12\/\u4e3b\u56fe-91-150x150.jpg 150w, https:\/\/www.cosmepak.com\/wp-content\/uploads\/2025\/12\/\u4e3b\u56fe-91-768x768.jpg 768w, https:\/\/www.cosmepak.com\/wp-content\/uploads\/2025\/12\/\u4e3b\u56fe-91-12x12.jpg 12w, https:\/\/www.cosmepak.com\/wp-content\/uploads\/2025\/12\/\u4e3b\u56fe-91-600x600.jpg 600w, https:\/\/www.cosmepak.com\/wp-content\/uploads\/2025\/12\/\u4e3b\u56fe-91-100x100.jpg 100w\" sizes=\"(max-width: 1000px) 100vw, 1000px\" \/><\/td>\n<td style=\"width: 50%;\"><img loading=\"lazy\" decoding=\"async\" class=\"alignnone size-full wp-image-3694\" src=\"https:\/\/www.cosmepak.com\/wp-content\/uploads\/2025\/12\/\u4e3b\u56fe-71.jpg\" alt=\"\" width=\"1000\" height=\"1000\" srcset=\"https:\/\/www.cosmepak.com\/wp-content\/uploads\/2025\/12\/\u4e3b\u56fe-71.jpg 1000w, https:\/\/www.cosmepak.com\/wp-content\/uploads\/2025\/12\/\u4e3b\u56fe-71-300x300.jpg 300w, https:\/\/www.cosmepak.com\/wp-content\/uploads\/2025\/12\/\u4e3b\u56fe-71-150x150.jpg 150w, https:\/\/www.cosmepak.com\/wp-content\/uploads\/2025\/12\/\u4e3b\u56fe-71-768x768.jpg 768w, https:\/\/www.cosmepak.com\/wp-content\/uploads\/2025\/12\/\u4e3b\u56fe-71-12x12.jpg 12w, https:\/\/www.cosmepak.com\/wp-content\/uploads\/2025\/12\/\u4e3b\u56fe-71-600x600.jpg 600w, https:\/\/www.cosmepak.com\/wp-content\/uploads\/2025\/12\/\u4e3b\u56fe-71-100x100.jpg 100w\" sizes=\"(max-width: 1000px) 100vw, 1000px\" \/><\/td>\n<\/tr>\n<\/tbody>\n<\/table>\n<table style=\"border-collapse: collapse; width: 100%; height: 24px;\">\n<tbody>\n<tr style=\"height: 24px;\">\n<td style=\"width: 33.3333%; height: 24px;\"><img loading=\"lazy\" decoding=\"async\" class=\"alignnone size-full wp-image-3696\" src=\"https:\/\/www.cosmepak.com\/wp-content\/uploads\/2025\/12\/21-4.jpg\" alt=\"\" width=\"1000\" height=\"1000\" srcset=\"https:\/\/www.cosmepak.com\/wp-content\/uploads\/2025\/12\/21-4.jpg 1000w, https:\/\/www.cosmepak.com\/wp-content\/uploads\/2025\/12\/21-4-300x300.jpg 300w, https:\/\/www.cosmepak.com\/wp-content\/uploads\/2025\/12\/21-4-150x150.jpg 150w, https:\/\/www.cosmepak.com\/wp-content\/uploads\/2025\/12\/21-4-768x768.jpg 768w, https:\/\/www.cosmepak.com\/wp-content\/uploads\/2025\/12\/21-4-12x12.jpg 12w, https:\/\/www.cosmepak.com\/wp-content\/uploads\/2025\/12\/21-4-600x600.jpg 600w, https:\/\/www.cosmepak.com\/wp-content\/uploads\/2025\/12\/21-4-100x100.jpg 100w\" sizes=\"(max-width: 1000px) 100vw, 1000px\" \/><\/td>\n<td style=\"width: 33.3333%; height: 24px;\"><img loading=\"lazy\" decoding=\"async\" class=\"alignnone size-full wp-image-3697\" src=\"https:\/\/www.cosmepak.com\/wp-content\/uploads\/2025\/12\/31-4.jpg\" alt=\"\" width=\"1000\" height=\"1000\" srcset=\"https:\/\/www.cosmepak.com\/wp-content\/uploads\/2025\/12\/31-4.jpg 1000w, https:\/\/www.cosmepak.com\/wp-content\/uploads\/2025\/12\/31-4-300x300.jpg 300w, https:\/\/www.cosmepak.com\/wp-content\/uploads\/2025\/12\/31-4-150x150.jpg 150w, https:\/\/www.cosmepak.com\/wp-content\/uploads\/2025\/12\/31-4-768x768.jpg 768w, https:\/\/www.cosmepak.com\/wp-content\/uploads\/2025\/12\/31-4-12x12.jpg 12w, https:\/\/www.cosmepak.com\/wp-content\/uploads\/2025\/12\/31-4-600x600.jpg 600w, https:\/\/www.cosmepak.com\/wp-content\/uploads\/2025\/12\/31-4-100x100.jpg 100w\" sizes=\"(max-width: 1000px) 100vw, 1000px\" \/><\/td>\n<td style=\"width: 33.3333%; height: 24px;\"><img loading=\"lazy\" decoding=\"async\" class=\"alignnone size-full wp-image-3698\" src=\"https:\/\/www.cosmepak.com\/wp-content\/uploads\/2025\/12\/51-3.jpg\" alt=\"\" width=\"1000\" height=\"1000\" srcset=\"https:\/\/www.cosmepak.com\/wp-content\/uploads\/2025\/12\/51-3.jpg 1000w, https:\/\/www.cosmepak.com\/wp-content\/uploads\/2025\/12\/51-3-300x300.jpg 300w, https:\/\/www.cosmepak.com\/wp-content\/uploads\/2025\/12\/51-3-150x150.jpg 150w, https:\/\/www.cosmepak.com\/wp-content\/uploads\/2025\/12\/51-3-768x768.jpg 768w, https:\/\/www.cosmepak.com\/wp-content\/uploads\/2025\/12\/51-3-12x12.jpg 12w, https:\/\/www.cosmepak.com\/wp-content\/uploads\/2025\/12\/51-3-600x600.jpg 600w, https:\/\/www.cosmepak.com\/wp-content\/uploads\/2025\/12\/51-3-100x100.jpg 100w\" sizes=\"(max-width: 1000px) 100vw, 1000px\" \/><\/td>\n<\/tr>\n<\/tbody>\n<\/table>","protected":false},"excerpt":{"rendered":"<p>V\u1eadt li\u1ec7u: ABS \/ AS<\/p>\n<p>C\u00f4ng su\u1ea5t: 7ml<\/p>\n<p>M\u00e0u s\u1eafc: Ch\u1ea5p nh\u1eadn t\u00f9y ch\u1ec9nh (b\u1ea5t k\u1ef3 m\u00e0u pantone n\u00e0o c\u00f3 s\u1eb5n)<\/p>\n<p>Ho\u00e0n thi\u1ec7n b\u1ec1 m\u1eb7t: in m\u00e0n h\u00ecnh, d\u1eadp n\u00f3ng, gradient phun, k\u1ebft th\u00fac m\u1edd, v.v.<\/p>\n<p>MOQ: 10000pcs<\/p>\n<p>M\u1eabu: c\u00f3 s\u1eb5n m\u1eabu mi\u1ec5n ph\u00ed<\/p>\n<p>&nbsp;<\/p>\n<p>&nbsp;<\/p>","protected":false},"featured_media":3700,"comment_status":"closed","ping_status":"closed","template":"","meta":{"_acf_changed":false},"product_brand":[],"product_cat":[44],"product_tag":[40],"class_list":{"0":"post-3692","1":"product","2":"type-product","3":"status-publish","4":"has-post-thumbnail","6":"product_cat-cream-jar","7":"product_tag-essential-oil-bottle","9":"first","10":"instock","11":"shipping-taxable","12":"product-type-simple"},"acf":[],"_links":{"self":[{"href":"https:\/\/www.cosmepak.com\/vi\/wp-json\/wp\/v2\/product\/3692","targetHints":{"allow":["GET"]}}],"collection":[{"href":"https:\/\/www.cosmepak.com\/vi\/wp-json\/wp\/v2\/product"}],"about":[{"href":"https:\/\/www.cosmepak.com\/vi\/wp-json\/wp\/v2\/types\/product"}],"replies":[{"embeddable":true,"href":"https:\/\/www.cosmepak.com\/vi\/wp-json\/wp\/v2\/comments?post=3692"}],"wp:featuredmedia":[{"embeddable":true,"href":"https:\/\/www.cosmepak.com\/vi\/wp-json\/wp\/v2\/media\/3700"}],"wp:attachment":[{"href":"https:\/\/www.cosmepak.com\/vi\/wp-json\/wp\/v2\/media?parent=3692"}],"wp:term":[{"taxonomy":"product_brand","embeddable":true,"href":"https:\/\/www.cosmepak.com\/vi\/wp-json\/wp\/v2\/product_brand?post=3692"},{"taxonomy":"product_cat","embeddable":true,"href":"https:\/\/www.cosmepak.com\/vi\/wp-json\/wp\/v2\/product_cat?post=3692"},{"taxonomy":"product_tag","embeddable":true,"href":"https:\/\/www.cosmepak.com\/vi\/wp-json\/wp\/v2\/product_tag?post=3692"}],"curies":[{"name":"WP","href":"https:\/\/api.w.org\/{rel}","templated":true}]}}