{"id":3743,"date":"2025-12-24T16:26:09","date_gmt":"2025-12-24T08:26:09","guid":{"rendered":"https:\/\/www.cosmepak.com\/?post_type=product&#038;p=3743"},"modified":"2025-12-24T16:26:09","modified_gmt":"2025-12-24T08:26:09","slug":"50ml-100ml-120ml-and-200ml-plastic-cream-jar","status":"publish","type":"product","link":"https:\/\/www.cosmepak.com\/vi\/product\/50ml-100ml-120ml-and-200ml-plastic-cream-jar\/","title":{"rendered":"50ml 100ml 120ml v\u00e0 200ml b\u00ecnh kem nh\u1ef1a"},"content":{"rendered":"<table style=\"border-collapse: collapse; width: 100%; height: 120px;\">\n<tbody>\n<tr style=\"height: 24px;\">\n<td style=\"width: 33.3333%; height: 120px;\" rowspan=\"5\"><img fetchpriority=\"high\" decoding=\"async\" class=\"alignnone size-full wp-image-3744\" src=\"https:\/\/www.cosmepak.com\/wp-content\/uploads\/2025\/12\/81-2.jpg\" alt=\"\" width=\"1000\" height=\"1000\" srcset=\"https:\/\/www.cosmepak.com\/wp-content\/uploads\/2025\/12\/81-2.jpg 1000w, https:\/\/www.cosmepak.com\/wp-content\/uploads\/2025\/12\/81-2-300x300.jpg 300w, https:\/\/www.cosmepak.com\/wp-content\/uploads\/2025\/12\/81-2-150x150.jpg 150w, https:\/\/www.cosmepak.com\/wp-content\/uploads\/2025\/12\/81-2-768x768.jpg 768w, https:\/\/www.cosmepak.com\/wp-content\/uploads\/2025\/12\/81-2-12x12.jpg 12w, https:\/\/www.cosmepak.com\/wp-content\/uploads\/2025\/12\/81-2-600x600.jpg 600w, https:\/\/www.cosmepak.com\/wp-content\/uploads\/2025\/12\/81-2-100x100.jpg 100w\" sizes=\"(max-width: 1000px) 100vw, 1000px\" \/><\/td>\n<td style=\"width: 33.122%; height: 24px; text-align: center;\">Th\u01b0\u01a1ng hi\u1ec7u<\/td>\n<td style=\"width: 33.5446%; height: 24px; text-align: center;\">Jaunce<\/td>\n<\/tr>\n<tr style=\"height: 24px;\">\n<td style=\"width: 33.122%; height: 24px; text-align: center;\">Ng\u01b0\u1eddi m\u1eabu<\/td>\n<td style=\"width: 33.5446%; height: 24px; text-align: center;\">S\u1ea3n ph\u1ea9m JH-JY50-200<\/td>\n<\/tr>\n<tr style=\"height: 24px;\">\n<td style=\"width: 33.122%; height: 24px; text-align: center;\">Kh\u1ea3 n\u0103ng<\/td>\n<td style=\"width: 33.5446%; height: 24px; text-align: center;\">50ml \/ 100ml \/ 120ml \/ 200ml<\/td>\n<\/tr>\n<tr style=\"height: 24px;\">\n<td style=\"width: 33.122%; height: 24px; text-align: center;\">M\u00e0u s\u1eafc<\/td>\n<td style=\"width: 33.5446%; height: 24px; text-align: center;\">t\u00f9y ch\u1ec9nh<\/td>\n<\/tr>\n<tr style=\"height: 24px;\">\n<td style=\"width: 33.122%; height: 24px; text-align: center;\">V\u1eadt li\u1ec7u<\/td>\n<td style=\"width: 33.5446%; height: 24px; text-align: center;\">TH\u00da C\u01afNG<\/td>\n<\/tr>\n<\/tbody>\n<\/table>\n<table style=\"border-collapse: collapse; width: 100%; height: 96px;\">\n<tbody>\n<tr style=\"height: 24px;\">\n<td style=\"width: 12.0179%; text-align: center; height: 24px;\"><strong>Dung t\u00edch<\/strong><\/td>\n<td style=\"width: 13.4217%; text-align: center; height: 24px;\"><strong>T\u1ed5ng chi\u1ec1u cao<\/strong><\/td>\n<td style=\"width: 13.6377%; text-align: center; height: 24px;\"><strong>Chi\u1ec1u cao vai<\/strong><\/td>\n<td style=\"width: 15.5817%; text-align: center; height: 24px;\"><strong>K\u00edch th\u01b0\u1edbc c\u1ed5<\/strong><\/td>\n<td style=\"width: 14.7177%; text-align: center; height: 24px;\"><strong>\u0110\u01b0\u1eddng k\u00ednh d\u01b0\u1edbi c\u00f9ng<\/strong><\/td>\n<td style=\"width: 14.2857%; text-align: center; height: 24px;\"><strong>Tr\u1ecdng l\u01b0\u1ee3ng chai<\/strong><\/td>\n<\/tr>\n<tr style=\"height: 24px;\">\n<td style=\"width: 12.0179%; text-align: center; height: 24px;\">50ml<\/td>\n<td style=\"width: 13.4217%; text-align: center; height: 24px;\">42mm<\/td>\n<td style=\"width: 13.6377%; text-align: center; height: 24px;\">28mm<\/td>\n<td style=\"width: 15.5817%; text-align: center; height: 24px;\">47mm<\/td>\n<td style=\"width: 14.7177%; text-align: center; height: 24px;\">56mm<\/td>\n<td style=\"width: 14.2857%; text-align: center; height: 24px;\">10g<\/td>\n<\/tr>\n<tr style=\"height: 24px;\">\n<td style=\"width: 12.0179%; text-align: center; height: 24px;\">100ml<\/td>\n<td style=\"width: 13.4217%; text-align: center; height: 24px;\">54mm<\/td>\n<td style=\"width: 13.6377%; text-align: center; height: 24px;\">39mm<\/td>\n<td style=\"width: 15.5817%; text-align: center; height: 24px;\">56mm<\/td>\n<td style=\"width: 14.7177%; text-align: center; height: 24px;\">68mm<\/td>\n<td style=\"width: 14.2857%; text-align: center; height: 24px;\">18g<\/td>\n<\/tr>\n<tr style=\"height: 24px;\">\n<td style=\"width: 12.0179%; text-align: center; height: 24px;\">120ml<\/td>\n<td style=\"width: 13.4217%; text-align: center; height: 24px;\">50mm<\/td>\n<td style=\"width: 13.6377%; text-align: center; height: 24px;\">44mm<\/td>\n<td style=\"width: 15.5817%; text-align: center; height: 24px;\">56mm<\/td>\n<td style=\"width: 14.7177%; text-align: center; height: 24px;\">68mm<\/td>\n<td style=\"width: 14.2857%; text-align: center; height: 24px;\">18g<\/td>\n<\/tr>\n<tr>\n<td style=\"width: 12.0179%; text-align: center;\">150ml<\/td>\n<td style=\"width: 13.4217%; text-align: center;\">52mm<\/td>\n<td style=\"width: 13.6377%; text-align: center;\">37mm<\/td>\n<td style=\"width: 15.5817%; text-align: center;\">68mm<\/td>\n<td style=\"width: 14.7177%; text-align: center;\">82mm<\/td>\n<td style=\"width: 14.2857%; text-align: center;\">25g<\/td>\n<\/tr>\n<tr>\n<td style=\"width: 12.0179%; text-align: center;\">200ml<\/td>\n<td style=\"width: 13.4217%; text-align: center;\">62mm<\/td>\n<td style=\"width: 13.6377%; text-align: center;\">47mm<\/td>\n<td style=\"width: 15.5817%; text-align: center;\">68mm<\/td>\n<td style=\"width: 14.7177%; text-align: center;\">82mm<\/td>\n<td style=\"width: 14.2857%; text-align: center;\">25g<\/td>\n<\/tr>\n<\/tbody>\n<\/table>\n<p>L\u1ecd n\u00e0y \u0111\u01b0\u1ee3c l\u00e0m b\u1eb1ng nh\u1ef1a PET an to\u00e0n cho m\u1ef9 ph\u1ea9m (tu\u00e2n th\u1ee7 ti\u00eau chu\u1ea9n \u0111\u00f3ng g\u00f3i to\u00e0n c\u1ea7u), v\u00e0 n\u00f3 ph\u00f9 h\u1ee3p cho ch\u0103m s\u00f3c da, ch\u0103m s\u00f3c c\u01a1 th\u1ec3 v\u00e0 h\u00e0ng ti\u00eau th\u1ee5 nh\u1ecf - lo\u1ea1i b\u1ecf r\u1ee7i ro \u00f4 nhi\u1ec5m s\u1ea3n ph\u1ea9m v\u00e0 \u0111\u00e1p \u1ee9ng c\u00e1c y\u00eau c\u1ea7u quy \u0111\u1ecbnh cho b\u00e1n l\u1ebb.<\/p>\n<p>Thi\u1ebft k\u1ebf vai nghi\u00eang cho chai m\u01b0\u1ee3n c\u00e1c d\u00f2ng g\u1ecdn g\u00e0ng, h\u1ee3p l\u00fd, trong khi m\u1edf mi\u1ec7ng r\u1ed9ng c\u1ee7a n\u00f3 t\u1ea1o \u0111i\u1ec1u ki\u1ec7n cho vi\u1ec7c l\u1ea5p \u0111\u1ea7y v\u00e0 ph\u00e2n ph\u1ed1i d\u1ec5 d\u00e0ng. \u0110\u01b0\u1ee3c ch\u1ebf t\u1ea1o b\u1eb1ng m\u00e0u \u00e9p ti\u00eam, chai n\u00e0y cung c\u1ea5p hai t\u00f9y ch\u1ecdn k\u1ebft th\u00fac - b\u00f3ng ho\u1eb7c m\u1edd - v\u00e0 c\u00f3 s\u1eb5n trong c\u00e1c bi\u1ebfn th\u1ec3 r\u1eafn ho\u1eb7c minh b\u1ea1ch \u0111\u1ec3 ph\u00f9 h\u1ee3p v\u1edbi s\u1ea3n ph\u1ea9m c\u1ee7a b\u1ea1n &#8217; \u0111\u1eb7c \u0111i\u1ec3m \u0111\u1ed9c \u0111\u00e1o. \u0110\u1ed1i v\u1edbi m\u1ed9t c\u1ea3m \u1ee9ng c\u00e1 nh\u00e2n, b\u1ea1n c\u00f3 th\u1ec3 ch\u1ecdn m\u1ed9t c\u00e1i nh\u00ecn g\u1eafn k\u1ebft v\u1edbi m\u1ed9t n\u1eafp c\u00f9ng m\u00e0u s\u1eafc v\u00e0 th\u00e2n chai, ho\u1eb7c th\u1ef1c hi\u1ec7n m\u1ed9t tuy\u00ean b\u1ed1 t\u00e1o b\u1ea1o v\u1edbi m\u1ed9t s\u01a1 \u0111\u1ed3 ch\u1eb7n m\u00e0u s\u1eafc \u0111\u1ec3 t\u0103ng c\u01b0\u1eddng s\u1ef1 s\u00f4i \u0111\u1ed9ng th\u1ecb gi\u00e1c.<\/p>\n<p>V\u1ebb ngo\u00e0i \u0111\u01a1n gi\u1ea3n v\u00e0 thanh l\u1ecbch cung c\u1ea5p m\u1ed9t n\u1ec1n t\u1ea3ng hi\u1ec3n th\u1ecb l\u00fd t\u01b0\u1edfng cho nh\u00e3n t\u00f9y ch\u1ec9nh, in logo th\u01b0\u01a1ng hi\u1ec7u ho\u1eb7c ph\u00f9 h\u1ee3p m\u00e0u s\u1eafc (ph\u00f9 h\u1ee3p v\u1edbi phong c\u00e1ch th\u01b0\u01a1ng hi\u1ec7u sang tr\u1ecdng, t\u1ed1i thi\u1ec3u ho\u1eb7c th\u00edch h\u1ee3p).<\/p>\n<p>N\u1eafp v\u00edt v\u1edbi \u0111\u0129a: Ng\u0103n ch\u1eb7n s\u1ef1 tr\u00e0n tr\u00e0n s\u1ea3n ph\u1ea9m trong khi v\u1eadn chuy\u1ec3n, gi\u1ea3m l\u1ee3i nhu\u1eadn v\u00e0 ch\u1ea5t th\u1ea3i.<\/p>\n<p>C\u00f4ng su\u1ea5t kh\u00e1c nhau: n\u00f3 c\u00f3 c\u00f4ng su\u1ea5t 50ml \/ 100ml \/ 120ml \/ 150ml v\u00e0 200ml \u0111\u1ec3 b\u1ea1n ch\u1ecdn. C\u00e1c th\u00f4ng s\u1ed1 k\u1ef9 thu\u1eadt c\u00f4ng su\u1ea5t kh\u00e1c nhau c\u00f3 th\u1ec3 \u0111\u00e1p \u1ee9ng nhu c\u1ea7u c\u1ee7a c\u00e1c s\u1ea3n ph\u1ea9m kh\u00e1c nhau. \u1ede \u0111\u00e2y, lu\u00f4n c\u00f3 kh\u1ea3 n\u0103ng ph\u00f9 h\u1ee3p v\u1edbi b\u1ea1n.<\/p>\n<table style=\"border-collapse: collapse; width: 100%;\">\n<tbody>\n<tr>\n<td style=\"width: 33.3333%;\"><img decoding=\"async\" class=\"alignnone size-full wp-image-3745\" src=\"https:\/\/www.cosmepak.com\/wp-content\/uploads\/2025\/12\/91.jpg\" alt=\"\" width=\"1000\" height=\"1000\" srcset=\"https:\/\/www.cosmepak.com\/wp-content\/uploads\/2025\/12\/91.jpg 1000w, https:\/\/www.cosmepak.com\/wp-content\/uploads\/2025\/12\/91-300x300.jpg 300w, https:\/\/www.cosmepak.com\/wp-content\/uploads\/2025\/12\/91-150x150.jpg 150w, https:\/\/www.cosmepak.com\/wp-content\/uploads\/2025\/12\/91-768x768.jpg 768w, https:\/\/www.cosmepak.com\/wp-content\/uploads\/2025\/12\/91-12x12.jpg 12w, https:\/\/www.cosmepak.com\/wp-content\/uploads\/2025\/12\/91-600x600.jpg 600w, https:\/\/www.cosmepak.com\/wp-content\/uploads\/2025\/12\/91-100x100.jpg 100w\" sizes=\"(max-width: 1000px) 100vw, 1000px\" \/><\/td>\n<td style=\"width: 33.3333%;\"><img decoding=\"async\" class=\"alignnone size-full wp-image-3746\" src=\"https:\/\/www.cosmepak.com\/wp-content\/uploads\/2025\/12\/101.jpg\" alt=\"\" width=\"1000\" height=\"1000\" srcset=\"https:\/\/www.cosmepak.com\/wp-content\/uploads\/2025\/12\/101.jpg 1000w, https:\/\/www.cosmepak.com\/wp-content\/uploads\/2025\/12\/101-300x300.jpg 300w, https:\/\/www.cosmepak.com\/wp-content\/uploads\/2025\/12\/101-150x150.jpg 150w, https:\/\/www.cosmepak.com\/wp-content\/uploads\/2025\/12\/101-768x768.jpg 768w, https:\/\/www.cosmepak.com\/wp-content\/uploads\/2025\/12\/101-12x12.jpg 12w, https:\/\/www.cosmepak.com\/wp-content\/uploads\/2025\/12\/101-600x600.jpg 600w, https:\/\/www.cosmepak.com\/wp-content\/uploads\/2025\/12\/101-100x100.jpg 100w\" sizes=\"(max-width: 1000px) 100vw, 1000px\" \/><\/td>\n<td style=\"width: 33.3333%;\"><img loading=\"lazy\" decoding=\"async\" class=\"alignnone size-full wp-image-3747\" src=\"https:\/\/www.cosmepak.com\/wp-content\/uploads\/2025\/12\/111-2.jpg\" alt=\"\" width=\"1000\" height=\"1000\" srcset=\"https:\/\/www.cosmepak.com\/wp-content\/uploads\/2025\/12\/111-2.jpg 1000w, https:\/\/www.cosmepak.com\/wp-content\/uploads\/2025\/12\/111-2-300x300.jpg 300w, https:\/\/www.cosmepak.com\/wp-content\/uploads\/2025\/12\/111-2-150x150.jpg 150w, https:\/\/www.cosmepak.com\/wp-content\/uploads\/2025\/12\/111-2-768x768.jpg 768w, https:\/\/www.cosmepak.com\/wp-content\/uploads\/2025\/12\/111-2-12x12.jpg 12w, https:\/\/www.cosmepak.com\/wp-content\/uploads\/2025\/12\/111-2-600x600.jpg 600w, https:\/\/www.cosmepak.com\/wp-content\/uploads\/2025\/12\/111-2-100x100.jpg 100w\" sizes=\"(max-width: 1000px) 100vw, 1000px\" \/><\/td>\n<\/tr>\n<\/tbody>\n<\/table>\n<table style=\"border-collapse: collapse; width: 100%;\">\n<tbody>\n<tr>\n<td style=\"width: 50%;\"><img loading=\"lazy\" decoding=\"async\" class=\"alignnone size-full wp-image-3748\" src=\"https:\/\/www.cosmepak.com\/wp-content\/uploads\/2025\/12\/121-1.jpg\" alt=\"\" width=\"1000\" height=\"1000\" srcset=\"https:\/\/www.cosmepak.com\/wp-content\/uploads\/2025\/12\/121-1.jpg 1000w, https:\/\/www.cosmepak.com\/wp-content\/uploads\/2025\/12\/121-1-300x300.jpg 300w, https:\/\/www.cosmepak.com\/wp-content\/uploads\/2025\/12\/121-1-150x150.jpg 150w, https:\/\/www.cosmepak.com\/wp-content\/uploads\/2025\/12\/121-1-768x768.jpg 768w, https:\/\/www.cosmepak.com\/wp-content\/uploads\/2025\/12\/121-1-12x12.jpg 12w, https:\/\/www.cosmepak.com\/wp-content\/uploads\/2025\/12\/121-1-600x600.jpg 600w, https:\/\/www.cosmepak.com\/wp-content\/uploads\/2025\/12\/121-1-100x100.jpg 100w\" sizes=\"(max-width: 1000px) 100vw, 1000px\" \/><\/td>\n<td style=\"width: 50%;\"><img loading=\"lazy\" decoding=\"async\" class=\"alignnone size-full wp-image-3749\" src=\"https:\/\/www.cosmepak.com\/wp-content\/uploads\/2025\/12\/131.jpg\" alt=\"\" width=\"1000\" height=\"1000\" srcset=\"https:\/\/www.cosmepak.com\/wp-content\/uploads\/2025\/12\/131.jpg 1000w, https:\/\/www.cosmepak.com\/wp-content\/uploads\/2025\/12\/131-300x300.jpg 300w, https:\/\/www.cosmepak.com\/wp-content\/uploads\/2025\/12\/131-150x150.jpg 150w, https:\/\/www.cosmepak.com\/wp-content\/uploads\/2025\/12\/131-768x768.jpg 768w, https:\/\/www.cosmepak.com\/wp-content\/uploads\/2025\/12\/131-12x12.jpg 12w, https:\/\/www.cosmepak.com\/wp-content\/uploads\/2025\/12\/131-600x600.jpg 600w, https:\/\/www.cosmepak.com\/wp-content\/uploads\/2025\/12\/131-100x100.jpg 100w\" sizes=\"(max-width: 1000px) 100vw, 1000px\" \/><\/td>\n<\/tr>\n<\/tbody>\n<\/table>\n<table style=\"border-collapse: collapse; width: 100%;\">\n<tbody>\n<tr>\n<td style=\"width: 50%;\"><img loading=\"lazy\" decoding=\"async\" class=\"alignnone size-full wp-image-3750\" src=\"https:\/\/www.cosmepak.com\/wp-content\/uploads\/2025\/12\/21-7.jpg\" alt=\"\" width=\"1000\" height=\"1000\" srcset=\"https:\/\/www.cosmepak.com\/wp-content\/uploads\/2025\/12\/21-7.jpg 1000w, https:\/\/www.cosmepak.com\/wp-content\/uploads\/2025\/12\/21-7-300x300.jpg 300w, https:\/\/www.cosmepak.com\/wp-content\/uploads\/2025\/12\/21-7-150x150.jpg 150w, https:\/\/www.cosmepak.com\/wp-content\/uploads\/2025\/12\/21-7-768x768.jpg 768w, https:\/\/www.cosmepak.com\/wp-content\/uploads\/2025\/12\/21-7-12x12.jpg 12w, https:\/\/www.cosmepak.com\/wp-content\/uploads\/2025\/12\/21-7-600x600.jpg 600w, https:\/\/www.cosmepak.com\/wp-content\/uploads\/2025\/12\/21-7-100x100.jpg 100w\" sizes=\"(max-width: 1000px) 100vw, 1000px\" \/><\/td>\n<td style=\"width: 50%;\"><img loading=\"lazy\" decoding=\"async\" class=\"alignnone size-full wp-image-3751\" src=\"https:\/\/www.cosmepak.com\/wp-content\/uploads\/2025\/12\/41-4.jpg\" alt=\"\" width=\"1000\" height=\"1000\" srcset=\"https:\/\/www.cosmepak.com\/wp-content\/uploads\/2025\/12\/41-4.jpg 1000w, https:\/\/www.cosmepak.com\/wp-content\/uploads\/2025\/12\/41-4-300x300.jpg 300w, https:\/\/www.cosmepak.com\/wp-content\/uploads\/2025\/12\/41-4-150x150.jpg 150w, https:\/\/www.cosmepak.com\/wp-content\/uploads\/2025\/12\/41-4-768x768.jpg 768w, https:\/\/www.cosmepak.com\/wp-content\/uploads\/2025\/12\/41-4-12x12.jpg 12w, https:\/\/www.cosmepak.com\/wp-content\/uploads\/2025\/12\/41-4-600x600.jpg 600w, https:\/\/www.cosmepak.com\/wp-content\/uploads\/2025\/12\/41-4-100x100.jpg 100w\" sizes=\"(max-width: 1000px) 100vw, 1000px\" \/><\/td>\n<\/tr>\n<\/tbody>\n<\/table>","protected":false},"excerpt":{"rendered":"<p>Ch\u1ea5t li\u1ec7u chai: AS<\/p>\n<p>V\u1eadt li\u1ec7u n\u1eafp: ABS<\/p>\n<p>Dung l\u01b0\u1ee3ng: 30ml<\/p>\n<p>N\u1eafp: N\u1eafp v\u00edt<\/p>\n<p>M\u00e0u s\u1eafc: T\u00f9y ch\u1ec9nh (b\u1ea5t k\u1ef3 m\u00e0u pantone n\u00e0o c\u00f3 s\u1eb5n)<\/p>\n<p>B\u1ec1 m\u1eb7t ho\u00e0n thi\u1ec7n: In m\u00e0n h\u00ecnh, s\u01b0\u01a1ng gi\u00e1, d\u1eadp n\u00f3ng, gradient phun, k\u1ebft th\u00fac m\u1edd, v.v.<\/p>\n<p>MOQ: 5000pcs;<\/p>\n<p>&nbsp;<\/p>","protected":false},"featured_media":3752,"comment_status":"closed","ping_status":"closed","template":"","meta":{"_acf_changed":false},"product_brand":[],"product_cat":[52,18],"product_tag":[41],"class_list":{"0":"post-3743","1":"product","2":"type-product","3":"status-publish","4":"has-post-thumbnail","6":"product_cat-cream-jar-plastic-bottle","7":"product_cat-plastic-bottle","8":"product_tag-plastic-bottle","10":"first","11":"instock","12":"shipping-taxable","13":"product-type-simple"},"acf":[],"_links":{"self":[{"href":"https:\/\/www.cosmepak.com\/vi\/wp-json\/wp\/v2\/product\/3743","targetHints":{"allow":["GET"]}}],"collection":[{"href":"https:\/\/www.cosmepak.com\/vi\/wp-json\/wp\/v2\/product"}],"about":[{"href":"https:\/\/www.cosmepak.com\/vi\/wp-json\/wp\/v2\/types\/product"}],"replies":[{"embeddable":true,"href":"https:\/\/www.cosmepak.com\/vi\/wp-json\/wp\/v2\/comments?post=3743"}],"wp:featuredmedia":[{"embeddable":true,"href":"https:\/\/www.cosmepak.com\/vi\/wp-json\/wp\/v2\/media\/3752"}],"wp:attachment":[{"href":"https:\/\/www.cosmepak.com\/vi\/wp-json\/wp\/v2\/media?parent=3743"}],"wp:term":[{"taxonomy":"product_brand","embeddable":true,"href":"https:\/\/www.cosmepak.com\/vi\/wp-json\/wp\/v2\/product_brand?post=3743"},{"taxonomy":"product_cat","embeddable":true,"href":"https:\/\/www.cosmepak.com\/vi\/wp-json\/wp\/v2\/product_cat?post=3743"},{"taxonomy":"product_tag","embeddable":true,"href":"https:\/\/www.cosmepak.com\/vi\/wp-json\/wp\/v2\/product_tag?post=3743"}],"curies":[{"name":"WP","href":"https:\/\/api.w.org\/{rel}","templated":true}]}}