{"id":3757,"date":"2025-12-25T16:45:01","date_gmt":"2025-12-25T08:45:01","guid":{"rendered":"https:\/\/www.cosmepak.com\/?post_type=product&#038;p=3757"},"modified":"2025-12-26T09:08:39","modified_gmt":"2025-12-26T01:08:39","slug":"luxurious-black-and-gold-classic-combination-with-lipstick-tube","status":"publish","type":"product","link":"https:\/\/www.cosmepak.com\/vi\/product\/luxurious-black-and-gold-classic-combination-with-lipstick-tube\/","title":{"rendered":"S\u1ef1 k\u1ebft h\u1ee3p c\u1ed5 \u0111i\u1ec3n m\u00e0u \u0111en v\u00e0 v\u00e0ng sang tr\u1ecdng v\u1edbi \u1ed1ng son m\u00f4i"},"content":{"rendered":"<table style=\"border-collapse: collapse; width: 100%; height: 264px;\">\n<tbody>\n<tr style=\"height: 24px;\">\n<td style=\"width: 49.3342%; height: 24px; text-align: center;\">Th\u01b0\u01a1ng hi\u1ec7u<\/td>\n<td style=\"width: 50.6658%; height: 24px; text-align: center;\">\u00a0Jaunce<\/td>\n<\/tr>\n<tr style=\"height: 24px;\">\n<td style=\"width: 49.3342%; height: 24px; text-align: center;\">Dung t\u00edch<\/td>\n<td style=\"width: 50.6658%; height: 24px; text-align: center;\">3.5g<\/td>\n<\/tr>\n<tr style=\"height: 24px;\">\n<td style=\"width: 49.3342%; height: 24px; text-align: center;\">H\u00ecnh d\u1ea1ng<\/td>\n<td style=\"width: 50.6658%; height: 24px; text-align: center;\">Qu\u1ea3ng tr\u01b0\u1eddng<\/td>\n<\/tr>\n<tr style=\"height: 24px;\">\n<td style=\"width: 49.3342%; height: 24px; text-align: center;\">K\u00edch c\u1ee1<\/td>\n<td style=\"width: 50.6658%; height: 24px; text-align: center;\">73,2 * 23mm<\/td>\n<\/tr>\n<tr style=\"height: 24px;\">\n<td style=\"width: 49.3342%; text-align: center; height: 24px;\">\u0110\u01b0\u1eddng k\u00ednh b\u00ean trong<\/td>\n<td style=\"width: 50.6658%; text-align: center; height: 24px;\">12.1mm<\/td>\n<\/tr>\n<tr style=\"height: 24px;\">\n<td style=\"width: 49.3342%; height: 24px; text-align: center;\">C\u00e2n n\u1eb7ng<\/td>\n<td style=\"width: 50.6658%; height: 24px; text-align: center;\">19 g<\/td>\n<\/tr>\n<tr style=\"height: 24px;\">\n<td style=\"width: 49.3342%; height: 24px; text-align: center;\">Ng\u01b0\u1eddi m\u1eabu<\/td>\n<td style=\"width: 50.6658%; height: 24px; text-align: center;\">JH-JZ-3278#<\/td>\n<\/tr>\n<tr style=\"height: 24px;\">\n<td style=\"width: 49.3342%; height: 24px; text-align: center;\">S\u1ea3n ph\u1ea9m OEM \/ ODM<\/td>\n<td style=\"width: 50.6658%; height: 24px; text-align: center;\">Ch\u1ea5p nh\u1eadn<\/td>\n<\/tr>\n<tr style=\"height: 24px;\">\n<td style=\"width: 49.3342%; height: 24px; text-align: center;\">M\u00e0u s\u1eafc<\/td>\n<td style=\"width: 50.6658%; height: 24px; text-align: center;\">T\u00f9y ch\u1ec9nh<\/td>\n<\/tr>\n<tr style=\"height: 24px;\">\n<td style=\"width: 49.3342%; height: 24px; text-align: center;\">MOQ<\/td>\n<td style=\"width: 50.6658%; height: 24px; text-align: center;\">10000pcs<\/td>\n<\/tr>\n<\/tbody>\n<\/table>\n<p>Khi &#8220; ch\u1ee7 ngh\u0129a c\u1ed5 \u0111i\u1ec3n&#8221; v\u00e0 &#8220; k\u1ebft c\u1ea5u&#8221; va ch\u1ea1m ho\u00e0n h\u1ea3o, \u1ed1ng son m\u00f4i m\u00e0u \u0111en v\u00e0 v\u00e0ng n\u00e0y ch\u1eafc ch\u1eafn s\u1ebd tr\u1edf th\u00e0nh s\u1ef1 l\u1ef1a ch\u1ecdn mong mu\u1ed1n trong s\u1ed1 bao b\u00ec trang \u0111i\u1ec3m.<\/p>\n<p>S\u1ef1 k\u1ebft h\u1ee3p c\u1ee7a m\u00e0u \u0111en v\u00e0 v\u00e0ng l\u00e0 m\u1ed9t c\u00f4ng th\u1ee9c th\u1ea9m m\u1ef9 v\u0129nh c\u1eedu &#8211; c\u01a1 th\u1ec3 \u1ed1ng \u0111en m\u1edd \u0111\u01b0\u1ee3c ki\u1ec1m ch\u1ebf v\u00e0 ch\u00eca kh\u00f3a th\u1ea5p, gi\u1ed1ng nh\u01b0 velvet v\u00e0o ban \u0111\u00eam;<\/p>\n<p>S\u1ef1 t\u01b0\u01a1ng ph\u1ea3n gi\u1eefa m\u00e0u s\u1eafc t\u1ed1i v\u00e0 s\u00e1ng t\u1ea1o ra m\u1ed9t t\u00e1c \u0111\u1ed9ng th\u1ecb gi\u00e1c l\u00e0m cho to\u00e0n b\u1ed9 \u1ed1ng son m\u00f4i d\u01b0\u1eddng nh\u01b0 &#8220; thanh l\u1ecbch khi \u0111\u01b0\u1ee3c gi\u1eef trong tay&#8221;  . N\u00f3 tr\u1edf th\u00e0nh m\u1ed9t s\u1ef1 hi\u1ec7n di\u1ec7n n\u1ed5i b\u1eadt cho d\u00f9 tr\u00ean b\u00e0n trang \u0111i\u1ec3m ho\u1eb7c trong t\u00fai x\u00e1ch.<\/p>\n<p>Th\u00e2n \u1ed1ng \u0111\u01b0\u1ee3c l\u00e0m b\u1eb1ng v\u1eadt li\u1ec7u ABS \/ AS, kh\u00f4ng ch\u1ec9 cung c\u1ea5p c\u1ea3m gi\u00e1c c\u1ea3m \u1ee9ng t\u01b0\u01a1ng \u0111\u01b0\u01a1ng v\u1edbi v\u1eadt li\u1ec7u cao c\u1ea5p, m\u00e0 c\u00f2n c\u1ea3m th\u1ea5y m\u01b0\u1ee3t m\u00e0 \u0111\u1ec3 ch\u1ea1m v\u00e0 kh\u00f4ng \u0111\u1ec3 l\u1ea1i d\u1ea5u v\u00e2n tay.<\/p>\n<p>Cho d\u00f9 n\u00f3&#8217; s m\u00e0u ti\u00eam b\u00f3ng \/ m\u1edd v\u1edbi \u0111\u1ed9 b\u00f3ng m\u1ec1m, ho\u1eb7c m\u00e0u v\u00e0ng ho\u1eb7c b\u1ea1c m\u1ea1 \u0111i\u1ec7n v\u1edbi m\u1ed9t m\u00e0u s\u1eafc m\u00e1t m\u1ebb kim lo\u1ea1i, t\u1ea5t c\u1ea3 ch\u00fang c\u00f3 th\u1ec3 \u0111\u01b0\u1ee3c k\u1ebft h\u1ee3p v\u1edbi c\u00e1c phong c\u00e1ch trang \u0111i\u1ec3m kh\u00e1c nhau, d\u1ec5 d\u00e0ng t\u1ea1o ra m\u1ed9t &#8220; k\u1ebft c\u1ea5u \u0111\u1ed9c \u0111\u00e1o&#8221;.<\/p>\n<p>C\u1ea3m gi\u00e1c m\u01b0\u1ee3t m\u00e0 v\u00e0 gi\u1ea3m d\u1ea7n khi d\u00e1n \u0111\u01b0\u1ee3c \u00e9p \u0111\u00f9n kh\u00f4ng b\u1ecb c\u1ea3n tr\u1edf ho\u1eb7c l\u1ecfng l\u1ecfng. M\u1ed7i s\u1eed d\u1ee5ng cung c\u1ea5p &#8220; tho\u1ea3i m\u00e1i v\u00e0 thu\u1eadn ti\u1ec7n&#8221; kinh nghi\u1ec7m.<\/p>\n<p>T\u1eeb m\u00e0u s\u1eafc ph\u00f9 h\u1ee3p v\u1edbi v\u1eadt li\u1ec7u, t\u1eeb thi\u1ebft k\u1ebf \u0111\u1ebfn c\u1ea3m gi\u00e1c s\u1eed d\u1ee5ng, \u1ed1ng son m\u00f4i n\u00e0y k\u1ebft h\u1ee3p &#8220; thanh l\u1ecbch&#8221; trong t\u1eebng chi ti\u1ebft &#8211; N\u00f3 kh\u00f4ng ch\u1ec9 l\u00e0 m\u1ed9t container cho trang \u0111i\u1ec3m, m\u00e0 c\u00f2n l\u00e0 m\u1ed9t &#8220; ph\u1ee5 ki\u1ec7n \u1ea9n&#8221; \u0110i\u1ec1u n\u00e0y c\u00f3 th\u1ec3 t\u0103ng c\u01b0\u1eddng kh\u00eda c\u1ea1nh nghi l\u1ec5 c\u1ee7a trang \u0111i\u1ec3m.<\/p>\n<table style=\"border-collapse: collapse; width: 100%;\">\n<tbody>\n<tr>\n<td style=\"width: 33.3333%;\"><img fetchpriority=\"high\" decoding=\"async\" class=\"alignnone size-full wp-image-3765\" src=\"https:\/\/www.cosmepak.com\/wp-content\/uploads\/2025\/12\/8739643310_1144619481-1.jpg\" alt=\"\" width=\"1000\" height=\"1000\" srcset=\"https:\/\/www.cosmepak.com\/wp-content\/uploads\/2025\/12\/8739643310_1144619481-1.jpg 1000w, https:\/\/www.cosmepak.com\/wp-content\/uploads\/2025\/12\/8739643310_1144619481-1-300x300.jpg 300w, https:\/\/www.cosmepak.com\/wp-content\/uploads\/2025\/12\/8739643310_1144619481-1-150x150.jpg 150w, https:\/\/www.cosmepak.com\/wp-content\/uploads\/2025\/12\/8739643310_1144619481-1-768x768.jpg 768w, https:\/\/www.cosmepak.com\/wp-content\/uploads\/2025\/12\/8739643310_1144619481-1-12x12.jpg 12w, https:\/\/www.cosmepak.com\/wp-content\/uploads\/2025\/12\/8739643310_1144619481-1-600x600.jpg 600w, https:\/\/www.cosmepak.com\/wp-content\/uploads\/2025\/12\/8739643310_1144619481-1-100x100.jpg 100w\" sizes=\"(max-width: 1000px) 100vw, 1000px\" \/><\/td>\n<td style=\"width: 33.3333%;\"><img decoding=\"async\" class=\"alignnone size-full wp-image-3766\" src=\"https:\/\/www.cosmepak.com\/wp-content\/uploads\/2025\/12\/8755160711_1144619481-1.jpg\" alt=\"\" width=\"1000\" height=\"1000\" srcset=\"https:\/\/www.cosmepak.com\/wp-content\/uploads\/2025\/12\/8755160711_1144619481-1.jpg 1000w, https:\/\/www.cosmepak.com\/wp-content\/uploads\/2025\/12\/8755160711_1144619481-1-300x300.jpg 300w, https:\/\/www.cosmepak.com\/wp-content\/uploads\/2025\/12\/8755160711_1144619481-1-150x150.jpg 150w, https:\/\/www.cosmepak.com\/wp-content\/uploads\/2025\/12\/8755160711_1144619481-1-768x768.jpg 768w, https:\/\/www.cosmepak.com\/wp-content\/uploads\/2025\/12\/8755160711_1144619481-1-12x12.jpg 12w, https:\/\/www.cosmepak.com\/wp-content\/uploads\/2025\/12\/8755160711_1144619481-1-600x600.jpg 600w, https:\/\/www.cosmepak.com\/wp-content\/uploads\/2025\/12\/8755160711_1144619481-1-100x100.jpg 100w\" sizes=\"(max-width: 1000px) 100vw, 1000px\" \/><\/td>\n<td style=\"width: 33.3333%;\"><img decoding=\"async\" class=\"alignnone size-full wp-image-3767\" src=\"https:\/\/www.cosmepak.com\/wp-content\/uploads\/2025\/12\/9560222843_1144619481-1.jpg\" alt=\"\" width=\"1000\" height=\"1000\" srcset=\"https:\/\/www.cosmepak.com\/wp-content\/uploads\/2025\/12\/9560222843_1144619481-1.jpg 1000w, https:\/\/www.cosmepak.com\/wp-content\/uploads\/2025\/12\/9560222843_1144619481-1-300x300.jpg 300w, https:\/\/www.cosmepak.com\/wp-content\/uploads\/2025\/12\/9560222843_1144619481-1-150x150.jpg 150w, https:\/\/www.cosmepak.com\/wp-content\/uploads\/2025\/12\/9560222843_1144619481-1-768x768.jpg 768w, https:\/\/www.cosmepak.com\/wp-content\/uploads\/2025\/12\/9560222843_1144619481-1-12x12.jpg 12w, https:\/\/www.cosmepak.com\/wp-content\/uploads\/2025\/12\/9560222843_1144619481-1-600x600.jpg 600w, https:\/\/www.cosmepak.com\/wp-content\/uploads\/2025\/12\/9560222843_1144619481-1-100x100.jpg 100w\" sizes=\"(max-width: 1000px) 100vw, 1000px\" \/><\/td>\n<\/tr>\n<\/tbody>\n<\/table>\n<table style=\"border-collapse: collapse; width: 100%;\">\n<tbody>\n<tr>\n<td style=\"width: 50%;\"><img loading=\"lazy\" decoding=\"async\" class=\"alignnone size-full wp-image-3761\" src=\"https:\/\/www.cosmepak.com\/wp-content\/uploads\/2025\/12\/8755160711_1144619481.jpg\" alt=\"\" width=\"1000\" height=\"1000\" srcset=\"https:\/\/www.cosmepak.com\/wp-content\/uploads\/2025\/12\/8755160711_1144619481.jpg 1000w, https:\/\/www.cosmepak.com\/wp-content\/uploads\/2025\/12\/8755160711_1144619481-300x300.jpg 300w, https:\/\/www.cosmepak.com\/wp-content\/uploads\/2025\/12\/8755160711_1144619481-150x150.jpg 150w, https:\/\/www.cosmepak.com\/wp-content\/uploads\/2025\/12\/8755160711_1144619481-768x768.jpg 768w, https:\/\/www.cosmepak.com\/wp-content\/uploads\/2025\/12\/8755160711_1144619481-12x12.jpg 12w, https:\/\/www.cosmepak.com\/wp-content\/uploads\/2025\/12\/8755160711_1144619481-600x600.jpg 600w, https:\/\/www.cosmepak.com\/wp-content\/uploads\/2025\/12\/8755160711_1144619481-100x100.jpg 100w\" sizes=\"(max-width: 1000px) 100vw, 1000px\" \/><\/td>\n<td style=\"width: 50%;\"><img loading=\"lazy\" decoding=\"async\" class=\"alignnone size-full wp-image-3770\" src=\"https:\/\/www.cosmepak.com\/wp-content\/uploads\/2025\/12\/\u6839\u636e\u56fe\u7247\u5199\u53e3\u7ea2\u63cf\u8ff01.jpg\" alt=\"\" width=\"1000\" height=\"1000\" srcset=\"https:\/\/www.cosmepak.com\/wp-content\/uploads\/2025\/12\/\u6839\u636e\u56fe\u7247\u5199\u53e3\u7ea2\u63cf\u8ff01.jpg 1000w, https:\/\/www.cosmepak.com\/wp-content\/uploads\/2025\/12\/\u6839\u636e\u56fe\u7247\u5199\u53e3\u7ea2\u63cf\u8ff01-300x300.jpg 300w, https:\/\/www.cosmepak.com\/wp-content\/uploads\/2025\/12\/\u6839\u636e\u56fe\u7247\u5199\u53e3\u7ea2\u63cf\u8ff01-150x150.jpg 150w, https:\/\/www.cosmepak.com\/wp-content\/uploads\/2025\/12\/\u6839\u636e\u56fe\u7247\u5199\u53e3\u7ea2\u63cf\u8ff01-768x768.jpg 768w, https:\/\/www.cosmepak.com\/wp-content\/uploads\/2025\/12\/\u6839\u636e\u56fe\u7247\u5199\u53e3\u7ea2\u63cf\u8ff01-12x12.jpg 12w, https:\/\/www.cosmepak.com\/wp-content\/uploads\/2025\/12\/\u6839\u636e\u56fe\u7247\u5199\u53e3\u7ea2\u63cf\u8ff01-600x600.jpg 600w, https:\/\/www.cosmepak.com\/wp-content\/uploads\/2025\/12\/\u6839\u636e\u56fe\u7247\u5199\u53e3\u7ea2\u63cf\u8ff01-100x100.jpg 100w\" sizes=\"(max-width: 1000px) 100vw, 1000px\" \/><\/td>\n<\/tr>\n<\/tbody>\n<\/table>","protected":false},"excerpt":{"rendered":"<p>V\u1eadt li\u1ec7u: ABS<\/p>\n<p>Capacity: 3.5g<\/p>\n<p>K\u00edch th\u01b0\u1edbc: 67,5*22mm<\/p>\n<p>M\u00e0u s\u1eafc: Ch\u1ea5p nh\u1eadn t\u00f9y ch\u1ec9nh (b\u1ea5t k\u1ef3 m\u00e0u pantone n\u00e0o c\u00f3 s\u1eb5n)<\/p>\n<p>Ho\u00e0n thi\u1ec7n b\u1ec1 m\u1eb7t: in m\u00e0n h\u00ecnh, d\u1eadp n\u00f3ng, ho\u00e0n thi\u1ec7n m\u1edd, v.v.<\/p>\n<p>MOQ: 10000pcs<\/p>\n<p>M\u1eabu: c\u00f3 s\u1eb5n m\u1eabu mi\u1ec5n ph\u00ed<\/p>\n<p>&nbsp;<\/p>\n<p>&nbsp;<\/p>","protected":false},"featured_media":3759,"comment_status":"closed","ping_status":"closed","template":"","meta":{"_acf_changed":false},"product_brand":[],"product_cat":[53,36],"product_tag":[39],"class_list":{"0":"post-3757","1":"product","2":"type-product","3":"status-publish","4":"has-post-thumbnail","6":"product_cat-lipstick-tube","7":"product_cat-makeup","8":"product_tag-makeup","10":"first","11":"instock","12":"shipping-taxable","13":"product-type-simple"},"acf":[],"_links":{"self":[{"href":"https:\/\/www.cosmepak.com\/vi\/wp-json\/wp\/v2\/product\/3757","targetHints":{"allow":["GET"]}}],"collection":[{"href":"https:\/\/www.cosmepak.com\/vi\/wp-json\/wp\/v2\/product"}],"about":[{"href":"https:\/\/www.cosmepak.com\/vi\/wp-json\/wp\/v2\/types\/product"}],"replies":[{"embeddable":true,"href":"https:\/\/www.cosmepak.com\/vi\/wp-json\/wp\/v2\/comments?post=3757"}],"wp:featuredmedia":[{"embeddable":true,"href":"https:\/\/www.cosmepak.com\/vi\/wp-json\/wp\/v2\/media\/3759"}],"wp:attachment":[{"href":"https:\/\/www.cosmepak.com\/vi\/wp-json\/wp\/v2\/media?parent=3757"}],"wp:term":[{"taxonomy":"product_brand","embeddable":true,"href":"https:\/\/www.cosmepak.com\/vi\/wp-json\/wp\/v2\/product_brand?post=3757"},{"taxonomy":"product_cat","embeddable":true,"href":"https:\/\/www.cosmepak.com\/vi\/wp-json\/wp\/v2\/product_cat?post=3757"},{"taxonomy":"product_tag","embeddable":true,"href":"https:\/\/www.cosmepak.com\/vi\/wp-json\/wp\/v2\/product_tag?post=3757"}],"curies":[{"name":"WP","href":"https:\/\/api.w.org\/{rel}","templated":true}]}}